{"id":1556,"date":"2024-02-21T13:41:38","date_gmt":"2024-02-21T18:41:38","guid":{"rendered":"https:\/\/conscience.ca\/about-us\/"},"modified":"2025-05-15T12:15:03","modified_gmt":"2025-05-15T16:15:03","slug":"about-us","status":"publish","type":"page","link":"https:\/\/conscience.ca\/fr\/about-us\/","title":{"rendered":"\u00c0 propos de nous"},"content":{"rendered":"\n<div class=\"wp-block-columns so-text-image-split-container is-layout-flex wp-container-core-columns-is-layout-28f84493 wp-block-columns-is-layout-flex\">\n<div class=\"wp-block-column so-text-image-split-content-wrapper is-layout-flow wp-block-column-is-layout-flow\">\n<h2 class=\"wp-block-heading text-all-caps-sm-16\"><strong>\u00c0 PROPOS DE CONSCIENCE<\/strong><\/h2>\n\n\n\n<h3 class=\"wp-block-heading display-xl-bold-60 has-text-color has-link-color wp-elements-706d06c51ce93c3f231ae6d6f82079f6\" style=\"color:#ff2800\">Nous trouverons de nouveaux moyens de lever les obstacles aux soins.<\/h3>\n\n\n\n<p>Conscience est une organisation \u00e0 but non lucratif dont l\u2019objectif est de favoriser la d\u00e9couverte et le d\u00e9veloppement de m\u00e9dicaments dans des domaines o\u00f9 le partage ouvert et la collaboration sont essentiels pour progresser et o\u00f9 les solutions du march\u00e9 sont limit\u00e9es. Bas\u00e9e au Canada et lanc\u00e9e en partenariat avec le Consortium de G\u00e9nomique Structurelle, l\u2019organisation est soutenue par un investissement de 49 millions de dollars du gouvernement du Canada. Elle est dirig\u00e9e par des universitaires, chercheurs, dirigeants communautaires et de l\u2019industrie de renomm\u00e9e internationale.<\/p>\n\n\n\n<p>Lanc\u00e9 en 2023 pour soutenir la cr\u00e9ation de r\u00e9seaux, les d\u00e9fis et l\u2019investissement direct dans les proc\u00e9d\u00e9s prometteurs de d\u00e9couverte de m\u00e9dicaments en science ouverte, le R\u00e9seau Conscience rassemble les gens et les organisations pour faire de la science un sport d\u2019\u00e9quipe. Notre personnel et notre conseil d\u2019administration combinent une expertise approfondie en mati\u00e8re de d\u00e9veloppement de m\u00e9dicaments et de d\u00e9veloppement en r\u00e9seau pour la collaboration dans des communaut\u00e9s de pratique ouvertes.<\/p>\n\n\n\n<h4 class=\"wp-block-heading has-text-color has-link-color wp-elements-3ccabe564c080186ab15550d7ae05e70\" style=\"color:#ff2800\">Conscience se concentre actuellement sur trois axes de travail:<\/h4>\n\n\n\n<ol class=\"wp-block-list\">\n<li>Le d\u00e9veloppement, l\u2019engagement et le soutien de la communaut\u00e9<\/li>\n\n\n\n<li>Des d\u00e9fis pour la d\u00e9couverte et la comparaison de performance<\/li>\n\n\n\n<li>Investissement dans des projets prometteurs de d\u00e9couverte de m\u00e9dicaments<\/li>\n<\/ol>\n<\/div>\n\n\n\n<div class=\"wp-block-column so-text-image-split-image-wrapper is-layout-flow wp-block-column-is-layout-flow\">\n<figure class=\"wp-block-image size-full is-style-rounded so-post-image-circle\"><img fetchpriority=\"high\" decoding=\"async\" width=\"1000\" height=\"767\" src=\"https:\/\/conscience.ca\/wp-content\/uploads\/2024\/03\/francis-odeyemi-Xq-RY9z8VY4-unsplash_1000.jpg\" alt=\"Woman with laptop\" class=\"wp-image-1683\" style=\"aspect-ratio:1;object-fit:cover\" srcset=\"https:\/\/conscience.ca\/wp-content\/uploads\/2024\/03\/francis-odeyemi-Xq-RY9z8VY4-unsplash_1000.jpg 1000w, https:\/\/conscience.ca\/wp-content\/uploads\/2024\/03\/francis-odeyemi-Xq-RY9z8VY4-unsplash_1000-300x230.jpg 300w, https:\/\/conscience.ca\/wp-content\/uploads\/2024\/03\/francis-odeyemi-Xq-RY9z8VY4-unsplash_1000-768x589.jpg 768w\" sizes=\"(max-width: 1000px) 100vw, 1000px\" \/><\/figure>\n<\/div>\n<\/div>\n\n\n\n<div class=\"wp-block-columns so-text-image-split-container is-layout-flex wp-container-core-columns-is-layout-28f84493 wp-block-columns-is-layout-flex\">\n<div class=\"wp-block-column so-text-image-split-image-wrapper is-layout-flow wp-block-column-is-layout-flow\">\n<figure class=\"wp-block-image size-full so-post-image-circle is-style-rounded\"><img decoding=\"async\" width=\"1000\" height=\"767\" src=\"https:\/\/conscience.ca\/wp-content\/uploads\/2024\/03\/irwan-rbDE93-0hHs-unsplash_1000.jpg\" alt=\"Medical person working on a computer\" class=\"wp-image-1686\" style=\"aspect-ratio:1;object-fit:cover\" srcset=\"https:\/\/conscience.ca\/wp-content\/uploads\/2024\/03\/irwan-rbDE93-0hHs-unsplash_1000.jpg 1000w, https:\/\/conscience.ca\/wp-content\/uploads\/2024\/03\/irwan-rbDE93-0hHs-unsplash_1000-300x230.jpg 300w, https:\/\/conscience.ca\/wp-content\/uploads\/2024\/03\/irwan-rbDE93-0hHs-unsplash_1000-768x589.jpg 768w\" sizes=\"(max-width: 1000px) 100vw, 1000px\" \/><\/figure>\n<\/div>\n\n\n\n<div class=\"wp-block-column so-text-image-split-content-wrapper is-layout-flow wp-block-column-is-layout-flow\">\n<h2 class=\"wp-block-heading text-all-caps-sm-16\"><strong>Notre approche<\/strong><\/h2>\n\n\n\n<h3 class=\"wp-block-heading\">Au lieu d&rsquo;un mod\u00e8le de d\u00e9veloppement de m\u00e9dicaments ax\u00e9 sur la promesse d&rsquo;un profit important, notre travail s\u2019appuie sur ces deux piliers.<\/h3>\n\n\n\n<h4 class=\"wp-block-heading has-text-color has-link-color wp-elements-7a0774d1ee6955015328226d7b450063\" style=\"color:#ff2800\">L&rsquo;intelligence artificielle:<\/h4>\n\n\n\n<p>Pour r\u00e9aliser le potentiel de l&rsquo;IA dans la d\u00e9couverte de m\u00e9dicaments, nous avons besoin d&rsquo;une collaboration entre les entreprises et les chercheurs, afin d&rsquo;apprendre les uns des autres, de comparer les performances, de faire progresser les meilleures pratiques et de construire des outils qui peuvent acc\u00e9l\u00e9rer de mani\u00e8re significative ce processus.<\/p>\n\n\n\n<h4 class=\"wp-block-heading has-text-color has-link-color wp-elements-7c5c0a8533e8084a06af59bf43e9b36d\" style=\"color:#ff2800\">Science ouverte:<\/h4>\n\n\n\n<p>Il s&rsquo;agit d&rsquo;une v\u00e9ritable collaboration. Elle rassemble les entreprises, les chercheurs et les institutions pour \u00e9changer des donn\u00e9es et des d\u00e9couvertes, \u00e9viter les d\u00e9doublements d\u2019efforts et les inefficacit\u00e9s, et r\u00e9duire les co\u00fbts.<\/p>\n<\/div>\n<\/div>\n\n\n\n<div class=\"wp-block-columns so-text-image-split-container is-layout-flex wp-container-core-columns-is-layout-28f84493 wp-block-columns-is-layout-flex\">\n<div class=\"wp-block-column so-text-image-split-content-wrapper is-layout-flow wp-block-column-is-layout-flow\">\n<h3 class=\"wp-block-heading text-all-caps-sm-16\"><strong><strong>Partager nos d\u00e9couvertes avec le monde<\/strong><\/strong>.<\/h3>\n\n\n\n<p>Nous ferons progresser des cibles de m\u00e9dicaments prometteuses vers leurs traitements viables, en continuant \u00e0 nous appuyer sur la collaboration pour tester et perfectionner les m\u00e9dicaments candidats. Nous \u00e9tendrons une approche scientifique ouverte aussi loin que possible dans le processus de d\u00e9veloppement des m\u00e9dicaments, en minimisant les fa\u00e7ons dont les brevets et l&rsquo;exclusivit\u00e9 peuvent entraver l&rsquo;innovation.<\/p>\n\n\n\n<p>De plus, nous d\u00e9veloppons de nouvelles m\u00e9thodes de mise sur le march\u00e9 des m\u00e9dicaments, en utilisant les restrictions r\u00e9glementaires des gouvernements au lieu des brevets &#8211; en travaillant en dehors des mod\u00e8les traditionnels de propri\u00e9t\u00e9 intellectuelle &#8211; afin de rendre les m\u00e9dicaments plus disponibles et abordables.<\/p>\n\n\n\n<p>Nous cr\u00e9ons des incitations pour attirer l&rsquo;attention et les investissements dans des domaines n\u00e9glig\u00e9s comme les maladies neurod\u00e9g\u00e9n\u00e9ratives, la pr\u00e9paration aux pand\u00e9mies, les maladies infantiles rares et les bact\u00e9ries r\u00e9sistantes aux antibiotiques &#8211; des domaines o\u00f9 les solutions du march\u00e9 sont limit\u00e9es. Le r\u00e9sultat final sera une innovation plus importante et rapide dans la d\u00e9couverte de m\u00e9dicaments par l&rsquo;IA, de nouveaux m\u00e9dicaments, ainsi qu\u2019un acc\u00e8s plus \u00e9quitable \u00e0 ces m\u00e9dicaments pour toutes et tous, au Canada et dans le monde entier.<\/p>\n<\/div>\n\n\n\n<div class=\"wp-block-column so-text-image-split-image-wrapper is-layout-flow wp-block-column-is-layout-flow\">\n<figure class=\"wp-block-image size-full is-style-rounded so-post-image-circle\"><img decoding=\"async\" width=\"976\" height=\"976\" src=\"https:\/\/conscience.ca\/wp-content\/uploads\/2024\/03\/cdc-3iskZeXoI_A-unsplash.jpg\" alt=\"Scientist working in a lab\" class=\"wp-image-1689\" style=\"aspect-ratio:1;object-fit:cover\" srcset=\"https:\/\/conscience.ca\/wp-content\/uploads\/2024\/03\/cdc-3iskZeXoI_A-unsplash.jpg 976w, https:\/\/conscience.ca\/wp-content\/uploads\/2024\/03\/cdc-3iskZeXoI_A-unsplash-300x300.jpg 300w, https:\/\/conscience.ca\/wp-content\/uploads\/2024\/03\/cdc-3iskZeXoI_A-unsplash-150x150.jpg 150w, https:\/\/conscience.ca\/wp-content\/uploads\/2024\/03\/cdc-3iskZeXoI_A-unsplash-768x768.jpg 768w\" sizes=\"(max-width: 976px) 100vw, 976px\" \/><\/figure>\n<\/div>\n<\/div>\n\n\n\n<div class=\"wp-block-columns so-text-image-split-container is-layout-flex wp-container-core-columns-is-layout-28f84493 wp-block-columns-is-layout-flex\">\n<div class=\"wp-block-column so-text-image-split-image-wrapper is-layout-flow wp-block-column-is-layout-flow\">\n<figure class=\"wp-block-image size-full is-style-rounded so-post-image-circle\"><img loading=\"lazy\" decoding=\"async\" width=\"1280\" height=\"853\" src=\"https:\/\/conscience.ca\/wp-content\/uploads\/2024\/03\/5605176.jpg\" alt=\"A colourful photo of the tops of trees\" class=\"wp-image-1642\" style=\"aspect-ratio:1;object-fit:cover\" srcset=\"https:\/\/conscience.ca\/wp-content\/uploads\/2024\/03\/5605176.jpg 1280w, https:\/\/conscience.ca\/wp-content\/uploads\/2024\/03\/5605176-300x200.jpg 300w, https:\/\/conscience.ca\/wp-content\/uploads\/2024\/03\/5605176-1024x682.jpg 1024w, https:\/\/conscience.ca\/wp-content\/uploads\/2024\/03\/5605176-768x512.jpg 768w\" sizes=\"(max-width: 1280px) 100vw, 1280px\" \/><\/figure>\n<\/div>\n\n\n\n<div class=\"wp-block-column so-text-image-split-content-wrapper is-layout-flow wp-block-column-is-layout-flow\">\n<h2 class=\"wp-block-heading text-all-caps-sm-16\"><strong>Valeurs<\/strong><\/h2>\n\n\n\n<h3 class=\"wp-block-heading\">Nous faisons des perc\u00e9es m\u00e9dicales un sport d&rsquo;\u00e9quipe.<\/h3>\n\n\n\n<h4 class=\"wp-block-heading has-text-color has-link-color wp-elements-c783bdd4741529ae78e603fb8d2073e7\" style=\"color:#ff2800\"><strong>L&rsquo;\u00e9galit\u00e9 d&rsquo;acc\u00e8s<\/strong>: \u200b<\/h4>\n\n\n\n<p>Nous pensons que l&rsquo;acc\u00e8s aux m\u00e9dicaments est un droit humain, ind\u00e9pendamment de la situation financi\u00e8re ou de l&rsquo;endroit o\u00f9 l&rsquo;on se trouve. C&rsquo;est pourquoi nous transformons les march\u00e9s et explorons de nouveaux mod\u00e8les afin que le co\u00fbt ne soit plus un facteur d\u00e9terminant dans l&rsquo;invention et la production d&rsquo;un traitement susceptible de sauver des vies.<\/p>\n\n\n\n<h4 class=\"wp-block-heading has-text-color has-link-color wp-elements-5585df20302d3d7d2cc3a1e2df6b12e2\" style=\"color:#ff2800\"><strong>Collaboration<\/strong>:<\/h4>\n\n\n\n<p>Les perc\u00e9es ne sont pas le fruit d&rsquo;un travail en vase clos. Conscience croit que la science est plus efficace et accessible lorsque les scientifiques travaillent ensemble et d\u00e9veloppent des actifs, des donn\u00e9es et des connaissances ouverts \u00e0 tous.<\/p>\n\n\n\n<h4 class=\"wp-block-heading has-text-color has-link-color wp-elements-1e6cf4357fc678ceccc728d0bddab865\" style=\"color:#ff2800\"><strong>Empathie<\/strong>:<\/h4>\n\n\n\n<p>Il peut \u00eatre facile d&rsquo;oublier l&rsquo;humanit\u00e9 des gens lorsqu&rsquo;on ne les voit qu&rsquo;\u00e0 travers un microscope. Nous nous concentrons sur les personnes qui d\u00e9pendent de ces d\u00e9couvertes qui sauvent des vies.<\/p>\n\n\n\n<h4 class=\"wp-block-heading has-text-color has-link-color wp-elements-4d9e725f0f6fe51997f98ccb17c04241\" style=\"color:#ff2800\"><strong>Nouvelles approches<\/strong>:<\/h4>\n\n\n\n<p>Nous croyons en l&rsquo;adoption de nouvelles m\u00e9thodes pour r\u00e9soudre les vieux probl\u00e8mes de cr\u00e9ation de m\u00e9dicaments et de d\u00e9faillances du march\u00e9. Nous travaillons ensemble pour g\u00e9n\u00e9rer les bonnes donn\u00e9es afin d&rsquo;utiliser l&rsquo;IA pour le bien public.<\/p>\n\n\n\n<h4 class=\"wp-block-heading has-text-color has-link-color wp-elements-321b9487e19aa0715d63169a748dda56\" style=\"color:#ff2800\"><strong>Curiosit\u00e9<\/strong>:<\/h4>\n\n\n\n<p>Les grandes d\u00e9couvertes et les nouvelles id\u00e9es peuvent venir de n&rsquo;importe o\u00f9. Nous ne nous attendons pas \u00e0 ce que les gens soient des experts ou des \u00e9vang\u00e9listes de la science ouverte pour commencer \u00e0 s&rsquo;engager avec nous, et nous recherchons des partenaires et des collaborateurs o\u00f9 qu&rsquo;ils soient &#8211; \u00e0 travers diverses g\u00e9ographies, origines et industries.<\/p>\n\n\n\n<div class=\"wp-block-buttons is-layout-flex wp-block-buttons-is-layout-flex\">\n<div class=\"wp-block-button\"><a class=\"wp-block-button__link wp-element-button\" href=\"https:\/\/conscience.ca\/fr\/about-us\/\">Comment nous travaillons<\/a><\/div>\n<\/div>\n<\/div>\n<\/div>\n","protected":false},"excerpt":{"rendered":"<p>\u00c0 PROPOS DE CONSCIENCE Nous trouverons de nouveaux moyens de lever les obstacles aux soins. Conscience est une organisation \u00e0 but non lucratif dont l\u2019objectif est de favoriser la d\u00e9couverte et le d\u00e9veloppement de m\u00e9dicaments dans des domaines o\u00f9 le partage ouvert et la collaboration sont essentiels pour progresser et o\u00f9 les solutions du march\u00e9 [&hellip;]<\/p>\n","protected":false},"author":3,"featured_media":0,"parent":0,"menu_order":0,"comment_status":"closed","ping_status":"closed","template":"","meta":{"_acf_changed":false,"footnotes":""},"class_list":["post-1556","page","type-page","status-publish","hentry"],"acf":[],"yoast_head":"<!-- This site is optimized with the Yoast SEO plugin v27.3 - https:\/\/yoast.com\/product\/yoast-seo-wordpress\/ -->\n<title>\u00c0 propos de nous - Conscience<\/title>\n<meta name=\"robots\" content=\"index, follow, max-snippet:-1, max-image-preview:large, max-video-preview:-1\" \/>\n<link rel=\"canonical\" href=\"https:\/\/conscience.ca\/fr\/about-us\/\" \/>\n<meta property=\"og:locale\" content=\"fr_FR\" \/>\n<meta property=\"og:type\" content=\"article\" \/>\n<meta property=\"og:title\" content=\"\u00c0 propos de nous - Conscience\" \/>\n<meta property=\"og:description\" content=\"\u00c0 PROPOS DE CONSCIENCE Nous trouverons de nouveaux moyens de lever les obstacles aux soins. Conscience est une organisation \u00e0 but non lucratif dont l\u2019objectif est de favoriser la d\u00e9couverte et le d\u00e9veloppement de m\u00e9dicaments dans des domaines o\u00f9 le partage ouvert et la collaboration sont essentiels pour progresser et o\u00f9 les solutions du march\u00e9 [&hellip;]\" \/>\n<meta property=\"og:url\" content=\"https:\/\/conscience.ca\/fr\/about-us\/\" \/>\n<meta property=\"og:site_name\" content=\"Conscience\" \/>\n<meta property=\"article:modified_time\" content=\"2025-05-15T16:15:03+00:00\" \/>\n<meta property=\"og:image\" content=\"https:\/\/conscience.ca\/wp-content\/uploads\/2024\/03\/francis-odeyemi-Xq-RY9z8VY4-unsplash_1000.jpg\" \/>\n\t<meta property=\"og:image:width\" content=\"1000\" \/>\n\t<meta property=\"og:image:height\" content=\"767\" \/>\n\t<meta property=\"og:image:type\" content=\"image\/jpeg\" \/>\n<meta name=\"twitter:card\" content=\"summary_large_image\" \/>\n<meta name=\"twitter:label1\" content=\"Dur\u00e9e de lecture estim\u00e9e\" \/>\n\t<meta name=\"twitter:data1\" content=\"5 minutes\" \/>\n<script type=\"application\/ld+json\" class=\"yoast-schema-graph\">{\"@context\":\"https:\\\/\\\/schema.org\",\"@graph\":[{\"@type\":\"WebPage\",\"@id\":\"https:\\\/\\\/conscience.ca\\\/fr\\\/about-us\\\/\",\"url\":\"https:\\\/\\\/conscience.ca\\\/fr\\\/about-us\\\/\",\"name\":\"\u00c0 propos de nous - Conscience\",\"isPartOf\":{\"@id\":\"https:\\\/\\\/conscience.dev.affinitybridge.com\\\/#website\"},\"primaryImageOfPage\":{\"@id\":\"https:\\\/\\\/conscience.ca\\\/fr\\\/about-us\\\/#primaryimage\"},\"image\":{\"@id\":\"https:\\\/\\\/conscience.ca\\\/fr\\\/about-us\\\/#primaryimage\"},\"thumbnailUrl\":\"https:\\\/\\\/conscience.ca\\\/wp-content\\\/uploads\\\/2024\\\/03\\\/francis-odeyemi-Xq-RY9z8VY4-unsplash_1000.jpg\",\"datePublished\":\"2024-02-21T18:41:38+00:00\",\"dateModified\":\"2025-05-15T16:15:03+00:00\",\"breadcrumb\":{\"@id\":\"https:\\\/\\\/conscience.ca\\\/fr\\\/about-us\\\/#breadcrumb\"},\"inLanguage\":\"fr-FR\",\"potentialAction\":[{\"@type\":\"ReadAction\",\"target\":[\"https:\\\/\\\/conscience.ca\\\/fr\\\/about-us\\\/\"]}]},{\"@type\":\"ImageObject\",\"inLanguage\":\"fr-FR\",\"@id\":\"https:\\\/\\\/conscience.ca\\\/fr\\\/about-us\\\/#primaryimage\",\"url\":\"https:\\\/\\\/conscience.ca\\\/wp-content\\\/uploads\\\/2024\\\/03\\\/francis-odeyemi-Xq-RY9z8VY4-unsplash_1000.jpg\",\"contentUrl\":\"https:\\\/\\\/conscience.ca\\\/wp-content\\\/uploads\\\/2024\\\/03\\\/francis-odeyemi-Xq-RY9z8VY4-unsplash_1000.jpg\"},{\"@type\":\"BreadcrumbList\",\"@id\":\"https:\\\/\\\/conscience.ca\\\/fr\\\/about-us\\\/#breadcrumb\",\"itemListElement\":[{\"@type\":\"ListItem\",\"position\":1,\"name\":\"Home\",\"item\":\"https:\\\/\\\/conscience.ca\\\/fr\\\/accueil\\\/\"},{\"@type\":\"ListItem\",\"position\":2,\"name\":\"\u00c0 propos de nous\"}]},{\"@type\":\"WebSite\",\"@id\":\"https:\\\/\\\/conscience.dev.affinitybridge.com\\\/#website\",\"url\":\"https:\\\/\\\/conscience.dev.affinitybridge.com\\\/\",\"name\":\"Conscience\",\"description\":\"\",\"publisher\":{\"@id\":\"https:\\\/\\\/conscience.dev.affinitybridge.com\\\/#organization\"},\"potentialAction\":[{\"@type\":\"SearchAction\",\"target\":{\"@type\":\"EntryPoint\",\"urlTemplate\":\"https:\\\/\\\/conscience.dev.affinitybridge.com\\\/?s={search_term_string}\"},\"query-input\":{\"@type\":\"PropertyValueSpecification\",\"valueRequired\":true,\"valueName\":\"search_term_string\"}}],\"inLanguage\":\"fr-FR\"},{\"@type\":\"Organization\",\"@id\":\"https:\\\/\\\/conscience.dev.affinitybridge.com\\\/#organization\",\"name\":\"Conscience\",\"url\":\"https:\\\/\\\/conscience.dev.affinitybridge.com\\\/\",\"logo\":{\"@type\":\"ImageObject\",\"inLanguage\":\"fr-FR\",\"@id\":\"https:\\\/\\\/conscience.dev.affinitybridge.com\\\/#\\\/schema\\\/logo\\\/image\\\/\",\"url\":\"https:\\\/\\\/conscience.ca\\\/wp-content\\\/uploads\\\/2024\\\/02\\\/header-logo.svg\",\"contentUrl\":\"https:\\\/\\\/conscience.ca\\\/wp-content\\\/uploads\\\/2024\\\/02\\\/header-logo.svg\",\"caption\":\"Conscience\"},\"image\":{\"@id\":\"https:\\\/\\\/conscience.dev.affinitybridge.com\\\/#\\\/schema\\\/logo\\\/image\\\/\"}}]}<\/script>\n<!-- \/ Yoast SEO plugin. -->","yoast_head_json":{"title":"\u00c0 propos de nous - Conscience","robots":{"index":"index","follow":"follow","max-snippet":"max-snippet:-1","max-image-preview":"max-image-preview:large","max-video-preview":"max-video-preview:-1"},"canonical":"https:\/\/conscience.ca\/fr\/about-us\/","og_locale":"fr_FR","og_type":"article","og_title":"\u00c0 propos de nous - Conscience","og_description":"\u00c0 PROPOS DE CONSCIENCE Nous trouverons de nouveaux moyens de lever les obstacles aux soins. Conscience est une organisation \u00e0 but non lucratif dont l\u2019objectif est de favoriser la d\u00e9couverte et le d\u00e9veloppement de m\u00e9dicaments dans des domaines o\u00f9 le partage ouvert et la collaboration sont essentiels pour progresser et o\u00f9 les solutions du march\u00e9 [&hellip;]","og_url":"https:\/\/conscience.ca\/fr\/about-us\/","og_site_name":"Conscience","article_modified_time":"2025-05-15T16:15:03+00:00","og_image":[{"width":1000,"height":767,"url":"https:\/\/conscience.ca\/wp-content\/uploads\/2024\/03\/francis-odeyemi-Xq-RY9z8VY4-unsplash_1000.jpg","type":"image\/jpeg"}],"twitter_card":"summary_large_image","twitter_misc":{"Dur\u00e9e de lecture estim\u00e9e":"5 minutes"},"schema":{"@context":"https:\/\/schema.org","@graph":[{"@type":"WebPage","@id":"https:\/\/conscience.ca\/fr\/about-us\/","url":"https:\/\/conscience.ca\/fr\/about-us\/","name":"\u00c0 propos de nous - Conscience","isPartOf":{"@id":"https:\/\/conscience.dev.affinitybridge.com\/#website"},"primaryImageOfPage":{"@id":"https:\/\/conscience.ca\/fr\/about-us\/#primaryimage"},"image":{"@id":"https:\/\/conscience.ca\/fr\/about-us\/#primaryimage"},"thumbnailUrl":"https:\/\/conscience.ca\/wp-content\/uploads\/2024\/03\/francis-odeyemi-Xq-RY9z8VY4-unsplash_1000.jpg","datePublished":"2024-02-21T18:41:38+00:00","dateModified":"2025-05-15T16:15:03+00:00","breadcrumb":{"@id":"https:\/\/conscience.ca\/fr\/about-us\/#breadcrumb"},"inLanguage":"fr-FR","potentialAction":[{"@type":"ReadAction","target":["https:\/\/conscience.ca\/fr\/about-us\/"]}]},{"@type":"ImageObject","inLanguage":"fr-FR","@id":"https:\/\/conscience.ca\/fr\/about-us\/#primaryimage","url":"https:\/\/conscience.ca\/wp-content\/uploads\/2024\/03\/francis-odeyemi-Xq-RY9z8VY4-unsplash_1000.jpg","contentUrl":"https:\/\/conscience.ca\/wp-content\/uploads\/2024\/03\/francis-odeyemi-Xq-RY9z8VY4-unsplash_1000.jpg"},{"@type":"BreadcrumbList","@id":"https:\/\/conscience.ca\/fr\/about-us\/#breadcrumb","itemListElement":[{"@type":"ListItem","position":1,"name":"Home","item":"https:\/\/conscience.ca\/fr\/accueil\/"},{"@type":"ListItem","position":2,"name":"\u00c0 propos de nous"}]},{"@type":"WebSite","@id":"https:\/\/conscience.dev.affinitybridge.com\/#website","url":"https:\/\/conscience.dev.affinitybridge.com\/","name":"Conscience","description":"","publisher":{"@id":"https:\/\/conscience.dev.affinitybridge.com\/#organization"},"potentialAction":[{"@type":"SearchAction","target":{"@type":"EntryPoint","urlTemplate":"https:\/\/conscience.dev.affinitybridge.com\/?s={search_term_string}"},"query-input":{"@type":"PropertyValueSpecification","valueRequired":true,"valueName":"search_term_string"}}],"inLanguage":"fr-FR"},{"@type":"Organization","@id":"https:\/\/conscience.dev.affinitybridge.com\/#organization","name":"Conscience","url":"https:\/\/conscience.dev.affinitybridge.com\/","logo":{"@type":"ImageObject","inLanguage":"fr-FR","@id":"https:\/\/conscience.dev.affinitybridge.com\/#\/schema\/logo\/image\/","url":"https:\/\/conscience.ca\/wp-content\/uploads\/2024\/02\/header-logo.svg","contentUrl":"https:\/\/conscience.ca\/wp-content\/uploads\/2024\/02\/header-logo.svg","caption":"Conscience"},"image":{"@id":"https:\/\/conscience.dev.affinitybridge.com\/#\/schema\/logo\/image\/"}}]}},"jetpack_sharing_enabled":true,"_links":{"self":[{"href":"https:\/\/conscience.ca\/fr\/wp-json\/wp\/v2\/pages\/1556","targetHints":{"allow":["GET"]}}],"collection":[{"href":"https:\/\/conscience.ca\/fr\/wp-json\/wp\/v2\/pages"}],"about":[{"href":"https:\/\/conscience.ca\/fr\/wp-json\/wp\/v2\/types\/page"}],"author":[{"embeddable":true,"href":"https:\/\/conscience.ca\/fr\/wp-json\/wp\/v2\/users\/3"}],"replies":[{"embeddable":true,"href":"https:\/\/conscience.ca\/fr\/wp-json\/wp\/v2\/comments?post=1556"}],"version-history":[{"count":6,"href":"https:\/\/conscience.ca\/fr\/wp-json\/wp\/v2\/pages\/1556\/revisions"}],"predecessor-version":[{"id":4268,"href":"https:\/\/conscience.ca\/fr\/wp-json\/wp\/v2\/pages\/1556\/revisions\/4268"}],"wp:attachment":[{"href":"https:\/\/conscience.ca\/fr\/wp-json\/wp\/v2\/media?parent=1556"}],"curies":[{"name":"wp","href":"https:\/\/api.w.org\/{rel}","templated":true}]}}