{"id":1581,"date":"2024-02-21T13:43:19","date_gmt":"2024-02-21T18:43:19","guid":{"rendered":"https:\/\/conscience.ca\/collaborate\/"},"modified":"2024-08-29T16:57:59","modified_gmt":"2024-08-29T20:57:59","slug":"collaborate","status":"publish","type":"page","link":"https:\/\/conscience.ca\/fr\/collaborate\/","title":{"rendered":"Collaborer avec nous"},"content":{"rendered":"\n<div class=\"wp-block-columns so-text-image-split-container is-layout-flex wp-container-core-columns-is-layout-28f84493 wp-block-columns-is-layout-flex\">\n<div class=\"wp-block-column so-text-image-split-content-wrapper is-layout-flow wp-block-column-is-layout-flow\">\n<h1 class=\"wp-block-heading text-all-caps-sm-16\">Aliment\u00e9 par la collaboration<\/h1>\n\n\n\n<h3 class=\"wp-block-heading\">Chez Conscience, nous aidons \u00e0 d\u00e9couvrir de nouveaux m\u00e9dicaments en science ouverte et collaborative, nous \u00e9valuons l&rsquo;intelligence artificielle pour la d\u00e9couverte computationnelle de m\u00e9dicaments et nous cr\u00e9ons une communaut\u00e9 pour r\u00e9inventer la mani\u00e8re dont les m\u00e9dicaments sont d\u00e9couverts. Peu importe qui vous \u00eates, il y a des fa\u00e7ons de travailler ensemble.<\/h3>\n\n\n\n<div style=\"height:31px\" aria-hidden=\"true\" class=\"wp-block-spacer\"><\/div>\n\n\n\n<h2 class=\"wp-block-heading\">Apprendre et participer<\/h2>\n\n\n\n<ul class=\"wp-block-list\">\n<li><a href=\"#footer-join-our-network\">Inscrivez-vous<\/a> \u00e0 notre infolettre et suivez-nous sur les m\u00e9dias sociaux pour recevoir des mises \u00e0 jour sur la d\u00e9couverte computationnelle de m\u00e9dicaments et la d\u00e9veloppement en science ouverte de m\u00e9dicaments, et pour conna\u00eetre les avis des membres de notre r\u00e9seau.<\/li>\n<\/ul>\n\n\n\n<p><\/p>\n\n\n\n<ul class=\"wp-block-list\">\n<li>Si vous \u00eates int\u00e9ress\u00e9 par l&rsquo;IA et la d\u00e9couverte computationnelle de m\u00e9dicaments :\n<ul class=\"wp-block-list\">\n<li>D\u00e9couvrez nos <a href=\"https:\/\/conscience.ca\/fr\/cache-challenge\/\">d\u00e9fis CACHE<\/a> et comment y participer.<\/li>\n<\/ul>\n<\/li>\n\n\n\n<li>Si vous \u00eates int\u00e9ress\u00e9 par la d\u00e9couverte et le d\u00e9veloppement de m\u00e9dicaments par le biais de la science ouverte :\n<ul class=\"wp-block-list\">\n<li>Renseignez-vous sur notre <a href=\"https:\/\/conscience.ca\/fr\/developper-des-medicaments-en-science-ouverte-dmso\/\">programme DMSO<\/a> et sur la mani\u00e8re de poser votre candidature.<\/li>\n<\/ul>\n<\/li>\n<\/ul>\n\n\n\n<p><\/p>\n\n\n\n<ul class=\"wp-block-list\">\n<li>Trouver des <a href=\"https:\/\/conscience.ca\/fr\/ressources\/\">ressources<\/a> telles que des pr\u00e9sentations, des vid\u00e9os, des guides et des dossiers politiques.<\/li>\n<\/ul>\n\n\n\n<p><\/p>\n\n\n\n<ul class=\"wp-block-list\">\n<li><a href=\"https:\/\/conscience.ca\/fr\/collaborate\/joindre-notre-reseau\/\">Devenir membre<\/a> de la communaut\u00e9 de Conscience.<\/li>\n<\/ul>\n<\/div>\n\n\n\n<div class=\"wp-block-column so-text-image-split-image-wrapper is-layout-flow wp-block-column-is-layout-flow\">\n<figure class=\"wp-block-image size-full is-style-rounded so-post-image-circle\"><img fetchpriority=\"high\" decoding=\"async\" width=\"2560\" height=\"1707\" src=\"https:\/\/conscience.ca\/wp-content\/uploads\/2024\/08\/pexels-fauxels-3184418-scaled.jpg\" alt=\"\" class=\"wp-image-2717\" style=\"aspect-ratio:1;object-fit:cover\" srcset=\"https:\/\/conscience.ca\/wp-content\/uploads\/2024\/08\/pexels-fauxels-3184418-scaled.jpg 2560w, https:\/\/conscience.ca\/wp-content\/uploads\/2024\/08\/pexels-fauxels-3184418-300x200.jpg 300w, https:\/\/conscience.ca\/wp-content\/uploads\/2024\/08\/pexels-fauxels-3184418-1024x683.jpg 1024w, https:\/\/conscience.ca\/wp-content\/uploads\/2024\/08\/pexels-fauxels-3184418-768x512.jpg 768w, https:\/\/conscience.ca\/wp-content\/uploads\/2024\/08\/pexels-fauxels-3184418-1536x1024.jpg 1536w, https:\/\/conscience.ca\/wp-content\/uploads\/2024\/08\/pexels-fauxels-3184418-2048x1365.jpg 2048w\" sizes=\"(max-width: 2560px) 100vw, 2560px\" \/><\/figure>\n<\/div>\n<\/div>\n\n\n\n<h2 class=\"wp-block-heading\">Soutenir notre mission<\/h2>\n\n\n\n<p>Vous pouvez soutenir notre travail en :<\/p>\n\n\n\n<ul class=\"wp-block-list\">\n<li>Parrainer un <a href=\"https:\/\/conscience.ca\/fr\/cache-challenge\/\">d\u00e9fi CACHE<\/a><\/li>\n\n\n\n<li>Joindre le <a href=\"https:\/\/conscience.ca\/fr\/cache-challenge\/#comite-directeur\">comit\u00e9 directeur de CACHE<\/a><\/li>\n\n\n\n<li>Devenir co-bailleur de fonds pour notre <a href=\"https:\/\/conscience.ca\/fr\/developper-des-medicaments-en-science-ouverte-dmso\/\">programme DMSO<\/a><\/li>\n\n\n\n<li>Devenir un <a href=\"https:\/\/conscience.ca\/fr\/collaborate\/joindre-notre-reseau\/\">membre institutionnel<\/a> de la communaut\u00e9 de conscience<\/li>\n<\/ul>\n\n\n\n<div style=\"height:49px\" aria-hidden=\"true\" class=\"wp-block-spacer\"><\/div>\n\n\n\n<h2 class=\"wp-block-heading\">Contact<\/h2>\n\n\n\n<p>Pour en savoir plus, contactez-nous \u00e0 <a href=\"mailto:info@conscience.ca\">info@conscience.ca<\/a> ou remplissez notre formulaire de contact en cliquant sur le bouton ci-dessous.<\/p>\n\n\n\n<div class=\"wp-block-buttons is-layout-flex wp-block-buttons-is-layout-flex\">\n<div class=\"wp-block-button\"><a class=\"wp-block-button__link wp-element-button\" href=\"https:\/\/conscience.ca\/fr\/about-us\/contact-us\/\">Contactez-nous<\/a><\/div>\n<\/div>\n","protected":false},"excerpt":{"rendered":"<p>Aliment\u00e9 par la collaboration Chez Conscience, nous aidons \u00e0 d\u00e9couvrir de nouveaux m\u00e9dicaments en science ouverte et collaborative, nous \u00e9valuons l&rsquo;intelligence artificielle pour la d\u00e9couverte computationnelle de m\u00e9dicaments et nous cr\u00e9ons une communaut\u00e9 pour r\u00e9inventer la mani\u00e8re dont les m\u00e9dicaments sont d\u00e9couverts. Peu importe qui vous \u00eates, il y a des fa\u00e7ons de travailler ensemble. [&hellip;]<\/p>\n","protected":false},"author":3,"featured_media":0,"parent":0,"menu_order":0,"comment_status":"closed","ping_status":"closed","template":"","meta":{"_acf_changed":false,"footnotes":""},"class_list":["post-1581","page","type-page","status-publish","hentry"],"acf":[],"yoast_head":"<!-- This site is optimized with the Yoast SEO plugin v27.3 - https:\/\/yoast.com\/product\/yoast-seo-wordpress\/ -->\n<title>Collaborer avec nous - Conscience<\/title>\n<meta name=\"robots\" content=\"index, follow, max-snippet:-1, max-image-preview:large, max-video-preview:-1\" \/>\n<link rel=\"canonical\" href=\"https:\/\/conscience.ca\/fr\/collaborate\/\" \/>\n<meta property=\"og:locale\" content=\"fr_FR\" \/>\n<meta property=\"og:type\" content=\"article\" \/>\n<meta property=\"og:title\" content=\"Collaborer avec nous - Conscience\" \/>\n<meta property=\"og:description\" content=\"Aliment\u00e9 par la collaboration Chez Conscience, nous aidons \u00e0 d\u00e9couvrir de nouveaux m\u00e9dicaments en science ouverte et collaborative, nous \u00e9valuons l&rsquo;intelligence artificielle pour la d\u00e9couverte computationnelle de m\u00e9dicaments et nous cr\u00e9ons une communaut\u00e9 pour r\u00e9inventer la mani\u00e8re dont les m\u00e9dicaments sont d\u00e9couverts. Peu importe qui vous \u00eates, il y a des fa\u00e7ons de travailler ensemble. [&hellip;]\" \/>\n<meta property=\"og:url\" content=\"https:\/\/conscience.ca\/fr\/collaborate\/\" \/>\n<meta property=\"og:site_name\" content=\"Conscience\" \/>\n<meta property=\"article:modified_time\" content=\"2024-08-29T20:57:59+00:00\" \/>\n<meta property=\"og:image\" content=\"https:\/\/conscience.ca\/wp-content\/uploads\/2024\/03\/Conscience-1200x627-LinkedIn.png\" \/>\n\t<meta property=\"og:image:width\" content=\"1200\" \/>\n\t<meta property=\"og:image:height\" content=\"627\" \/>\n\t<meta property=\"og:image:type\" content=\"image\/png\" \/>\n<meta name=\"twitter:card\" content=\"summary_large_image\" \/>\n<meta name=\"twitter:label1\" content=\"Dur\u00e9e de lecture estim\u00e9e\" \/>\n\t<meta name=\"twitter:data1\" content=\"2 minutes\" \/>\n<script type=\"application\/ld+json\" class=\"yoast-schema-graph\">{\"@context\":\"https:\\\/\\\/schema.org\",\"@graph\":[{\"@type\":\"WebPage\",\"@id\":\"https:\\\/\\\/conscience.ca\\\/fr\\\/collaborate\\\/\",\"url\":\"https:\\\/\\\/conscience.ca\\\/fr\\\/collaborate\\\/\",\"name\":\"Collaborer avec nous - Conscience\",\"isPartOf\":{\"@id\":\"https:\\\/\\\/conscience.dev.affinitybridge.com\\\/#website\"},\"primaryImageOfPage\":{\"@id\":\"https:\\\/\\\/conscience.ca\\\/fr\\\/collaborate\\\/#primaryimage\"},\"image\":{\"@id\":\"https:\\\/\\\/conscience.ca\\\/fr\\\/collaborate\\\/#primaryimage\"},\"thumbnailUrl\":\"https:\\\/\\\/conscience.ca\\\/wp-content\\\/uploads\\\/2024\\\/08\\\/pexels-fauxels-3184418-scaled.jpg\",\"datePublished\":\"2024-02-21T18:43:19+00:00\",\"dateModified\":\"2024-08-29T20:57:59+00:00\",\"breadcrumb\":{\"@id\":\"https:\\\/\\\/conscience.ca\\\/fr\\\/collaborate\\\/#breadcrumb\"},\"inLanguage\":\"fr-FR\",\"potentialAction\":[{\"@type\":\"ReadAction\",\"target\":[\"https:\\\/\\\/conscience.ca\\\/fr\\\/collaborate\\\/\"]}]},{\"@type\":\"ImageObject\",\"inLanguage\":\"fr-FR\",\"@id\":\"https:\\\/\\\/conscience.ca\\\/fr\\\/collaborate\\\/#primaryimage\",\"url\":\"https:\\\/\\\/conscience.ca\\\/wp-content\\\/uploads\\\/2024\\\/08\\\/pexels-fauxels-3184418-scaled.jpg\",\"contentUrl\":\"https:\\\/\\\/conscience.ca\\\/wp-content\\\/uploads\\\/2024\\\/08\\\/pexels-fauxels-3184418-scaled.jpg\"},{\"@type\":\"BreadcrumbList\",\"@id\":\"https:\\\/\\\/conscience.ca\\\/fr\\\/collaborate\\\/#breadcrumb\",\"itemListElement\":[{\"@type\":\"ListItem\",\"position\":1,\"name\":\"Home\",\"item\":\"https:\\\/\\\/conscience.ca\\\/fr\\\/accueil\\\/\"},{\"@type\":\"ListItem\",\"position\":2,\"name\":\"Collaborer avec nous\"}]},{\"@type\":\"WebSite\",\"@id\":\"https:\\\/\\\/conscience.dev.affinitybridge.com\\\/#website\",\"url\":\"https:\\\/\\\/conscience.dev.affinitybridge.com\\\/\",\"name\":\"Conscience\",\"description\":\"\",\"publisher\":{\"@id\":\"https:\\\/\\\/conscience.dev.affinitybridge.com\\\/#organization\"},\"potentialAction\":[{\"@type\":\"SearchAction\",\"target\":{\"@type\":\"EntryPoint\",\"urlTemplate\":\"https:\\\/\\\/conscience.dev.affinitybridge.com\\\/?s={search_term_string}\"},\"query-input\":{\"@type\":\"PropertyValueSpecification\",\"valueRequired\":true,\"valueName\":\"search_term_string\"}}],\"inLanguage\":\"fr-FR\"},{\"@type\":\"Organization\",\"@id\":\"https:\\\/\\\/conscience.dev.affinitybridge.com\\\/#organization\",\"name\":\"Conscience\",\"url\":\"https:\\\/\\\/conscience.dev.affinitybridge.com\\\/\",\"logo\":{\"@type\":\"ImageObject\",\"inLanguage\":\"fr-FR\",\"@id\":\"https:\\\/\\\/conscience.dev.affinitybridge.com\\\/#\\\/schema\\\/logo\\\/image\\\/\",\"url\":\"https:\\\/\\\/conscience.ca\\\/wp-content\\\/uploads\\\/2024\\\/02\\\/header-logo.svg\",\"contentUrl\":\"https:\\\/\\\/conscience.ca\\\/wp-content\\\/uploads\\\/2024\\\/02\\\/header-logo.svg\",\"caption\":\"Conscience\"},\"image\":{\"@id\":\"https:\\\/\\\/conscience.dev.affinitybridge.com\\\/#\\\/schema\\\/logo\\\/image\\\/\"}}]}<\/script>\n<!-- \/ Yoast SEO plugin. -->","yoast_head_json":{"title":"Collaborer avec nous - Conscience","robots":{"index":"index","follow":"follow","max-snippet":"max-snippet:-1","max-image-preview":"max-image-preview:large","max-video-preview":"max-video-preview:-1"},"canonical":"https:\/\/conscience.ca\/fr\/collaborate\/","og_locale":"fr_FR","og_type":"article","og_title":"Collaborer avec nous - Conscience","og_description":"Aliment\u00e9 par la collaboration Chez Conscience, nous aidons \u00e0 d\u00e9couvrir de nouveaux m\u00e9dicaments en science ouverte et collaborative, nous \u00e9valuons l&rsquo;intelligence artificielle pour la d\u00e9couverte computationnelle de m\u00e9dicaments et nous cr\u00e9ons une communaut\u00e9 pour r\u00e9inventer la mani\u00e8re dont les m\u00e9dicaments sont d\u00e9couverts. Peu importe qui vous \u00eates, il y a des fa\u00e7ons de travailler ensemble. [&hellip;]","og_url":"https:\/\/conscience.ca\/fr\/collaborate\/","og_site_name":"Conscience","article_modified_time":"2024-08-29T20:57:59+00:00","og_image":[{"width":1200,"height":627,"url":"https:\/\/conscience.ca\/wp-content\/uploads\/2024\/03\/Conscience-1200x627-LinkedIn.png","type":"image\/png"}],"twitter_card":"summary_large_image","twitter_misc":{"Dur\u00e9e de lecture estim\u00e9e":"2 minutes"},"schema":{"@context":"https:\/\/schema.org","@graph":[{"@type":"WebPage","@id":"https:\/\/conscience.ca\/fr\/collaborate\/","url":"https:\/\/conscience.ca\/fr\/collaborate\/","name":"Collaborer avec nous - Conscience","isPartOf":{"@id":"https:\/\/conscience.dev.affinitybridge.com\/#website"},"primaryImageOfPage":{"@id":"https:\/\/conscience.ca\/fr\/collaborate\/#primaryimage"},"image":{"@id":"https:\/\/conscience.ca\/fr\/collaborate\/#primaryimage"},"thumbnailUrl":"https:\/\/conscience.ca\/wp-content\/uploads\/2024\/08\/pexels-fauxels-3184418-scaled.jpg","datePublished":"2024-02-21T18:43:19+00:00","dateModified":"2024-08-29T20:57:59+00:00","breadcrumb":{"@id":"https:\/\/conscience.ca\/fr\/collaborate\/#breadcrumb"},"inLanguage":"fr-FR","potentialAction":[{"@type":"ReadAction","target":["https:\/\/conscience.ca\/fr\/collaborate\/"]}]},{"@type":"ImageObject","inLanguage":"fr-FR","@id":"https:\/\/conscience.ca\/fr\/collaborate\/#primaryimage","url":"https:\/\/conscience.ca\/wp-content\/uploads\/2024\/08\/pexels-fauxels-3184418-scaled.jpg","contentUrl":"https:\/\/conscience.ca\/wp-content\/uploads\/2024\/08\/pexels-fauxels-3184418-scaled.jpg"},{"@type":"BreadcrumbList","@id":"https:\/\/conscience.ca\/fr\/collaborate\/#breadcrumb","itemListElement":[{"@type":"ListItem","position":1,"name":"Home","item":"https:\/\/conscience.ca\/fr\/accueil\/"},{"@type":"ListItem","position":2,"name":"Collaborer avec nous"}]},{"@type":"WebSite","@id":"https:\/\/conscience.dev.affinitybridge.com\/#website","url":"https:\/\/conscience.dev.affinitybridge.com\/","name":"Conscience","description":"","publisher":{"@id":"https:\/\/conscience.dev.affinitybridge.com\/#organization"},"potentialAction":[{"@type":"SearchAction","target":{"@type":"EntryPoint","urlTemplate":"https:\/\/conscience.dev.affinitybridge.com\/?s={search_term_string}"},"query-input":{"@type":"PropertyValueSpecification","valueRequired":true,"valueName":"search_term_string"}}],"inLanguage":"fr-FR"},{"@type":"Organization","@id":"https:\/\/conscience.dev.affinitybridge.com\/#organization","name":"Conscience","url":"https:\/\/conscience.dev.affinitybridge.com\/","logo":{"@type":"ImageObject","inLanguage":"fr-FR","@id":"https:\/\/conscience.dev.affinitybridge.com\/#\/schema\/logo\/image\/","url":"https:\/\/conscience.ca\/wp-content\/uploads\/2024\/02\/header-logo.svg","contentUrl":"https:\/\/conscience.ca\/wp-content\/uploads\/2024\/02\/header-logo.svg","caption":"Conscience"},"image":{"@id":"https:\/\/conscience.dev.affinitybridge.com\/#\/schema\/logo\/image\/"}}]}},"jetpack_sharing_enabled":true,"_links":{"self":[{"href":"https:\/\/conscience.ca\/fr\/wp-json\/wp\/v2\/pages\/1581","targetHints":{"allow":["GET"]}}],"collection":[{"href":"https:\/\/conscience.ca\/fr\/wp-json\/wp\/v2\/pages"}],"about":[{"href":"https:\/\/conscience.ca\/fr\/wp-json\/wp\/v2\/types\/page"}],"author":[{"embeddable":true,"href":"https:\/\/conscience.ca\/fr\/wp-json\/wp\/v2\/users\/3"}],"replies":[{"embeddable":true,"href":"https:\/\/conscience.ca\/fr\/wp-json\/wp\/v2\/comments?post=1581"}],"version-history":[{"count":12,"href":"https:\/\/conscience.ca\/fr\/wp-json\/wp\/v2\/pages\/1581\/revisions"}],"predecessor-version":[{"id":2720,"href":"https:\/\/conscience.ca\/fr\/wp-json\/wp\/v2\/pages\/1581\/revisions\/2720"}],"wp:attachment":[{"href":"https:\/\/conscience.ca\/fr\/wp-json\/wp\/v2\/media?parent=1581"}],"curies":[{"name":"wp","href":"https:\/\/api.w.org\/{rel}","templated":true}]}}