{"id":1655,"date":"2024-02-21T13:43:36","date_gmt":"2024-02-21T18:43:36","guid":{"rendered":"https:\/\/conscience.ca\/cache-challenge\/cache-challenge-symposium\/"},"modified":"2024-08-20T13:44:43","modified_gmt":"2024-08-20T17:44:43","slug":"cache-challenge-symposium","status":"publish","type":"page","link":"https:\/\/conscience.ca\/fr\/cache-challenge-symposium\/","title":{"rendered":"Symposium CACHE Challenge"},"content":{"rendered":"\n<div class=\"wp-block-columns so-text-image-split-container is-layout-flex wp-container-core-columns-is-layout-28f84493 wp-block-columns-is-layout-flex\">\n<div class=\"wp-block-column so-text-image-split-content-wrapper is-layout-flow wp-block-column-is-layout-flow\">\n<h2 class=\"wp-block-heading text-all-caps-sm-16\">Symposium CACHE Challenge &#8211; 6 et 7 mars 2024<\/h2>\n\n\n\n<h3 class=\"wp-block-heading display-xl-bold-60\">Faire des perc\u00e9es m\u00e9dicales un sport d&rsquo;\u00e9quipe<\/h3>\n\n\n\n<h3 class=\"wp-block-heading\" id=\"sp-ywu65n\"><strong>1er symposium annuel sur le d\u00e9fi de la CACHE <\/strong><strong>6 et 7 mars 2024 &#8211; <\/strong><strong>Toronto, Canada<\/strong><\/h3>\n\n\n\n<p>Organis\u00e9 par Conscience, en partenariat avec le Consortium de g\u00e9nomique structurelle.<\/p>\n\n\n\n<p>Nous organiserons le premier symposium CACHE (annuel) les 6 et 7 mars 2024 \u00e0 Toronto. Le premier d\u00e9fi CACHE (Critical Assessment of Computational Hit-Finding Experiment) conclura pr\u00e8s de deux ans de travail avec 23 organisations participantes au d\u00e9but de l&rsquo;ann\u00e9e 2024. Les premiers ensembles de donn\u00e9es d&rsquo;analyse comparative ayant \u00e9t\u00e9 publi\u00e9s au d\u00e9but de janvier 2024, nous organisons notre premier symposium annuel afin de r\u00e9unir des chercheurs de premier plan, des partenaires, des repr\u00e9sentants de l&rsquo;industrie, des m\u00e9dias et d&rsquo;autres personnes pour discuter de ce que nous avons appris et pour collaborer \u00e0 la suite des \u00e9v\u00e9nements.<\/p>\n\n\n\n<h4 class=\"wp-block-heading\">D\u00e9tails de l&rsquo;\u00e9v\u00e9nement<\/h4>\n\n\n\n<p>L&rsquo;\u00e9v\u00e9nement se d\u00e9roulera sur deux demi-journ\u00e9es \u00e0 l&rsquo;h\u00f4tel Chelsea de Toronto. <a href=\"https:\/\/www.ibbr.umd.edu\/profiles\/john-moult\" target=\"_blank\" rel=\"noreferrer noopener\">John Moult<\/a> pionnier et leader dans ce domaine. Nous sommes reconnaissants \u00e0 Enamine, notre sponsor principal. <a href=\"https:\/\/www.eventbrite.ca\/e\/cache-challenge-symposium-tickets-769869529487?aff=oddtdtcreator\" target=\"_blank\" rel=\"noreferrer noopener\">N&rsquo;h\u00e9sitez pas \u00e0 vous joindre \u00e0 nous.<\/a><\/p>\n\n\n\n<p>Si vous souhaitez s\u00e9journer \u00e0 l&rsquo;h\u00f4tel Chelsea, Conscience a n\u00e9goci\u00e9 un tarif pr\u00e9f\u00e9rentiel pour les participants. La disponibilit\u00e9 des chambres au tarif r\u00e9duit est limit\u00e9e et les chambres doivent \u00eatre r\u00e9serv\u00e9es avant le 4 f\u00e9vrier.<\/p>\n\n\n\n<p><a href=\"https:\/\/be.synxis.com\/?adult=1&amp;arrive=2024-03-05&amp;chain=10316&amp;child=0&amp;clearcache=all&amp;config=initialConfig&amp;currency=CAD&amp;depart=2024-03-07&amp;group=CAC030524&amp;hotel=59052&amp;level=hotel&amp;locale=en-US&amp;notrack=true&amp;rooms=1&amp;theme=initialTheme\" target=\"_blank\" rel=\"noreferrer noopener\">Cliquez ici<\/a> pour r\u00e9server au tarif r\u00e9duit.<\/p>\n\n\n\n<div class=\"wp-block-buttons is-layout-flex wp-block-buttons-is-layout-flex\">\n<div class=\"wp-block-button\"><a class=\"wp-block-button__link wp-element-button\" href=\"https:\/\/www.eventbrite.ca\/e\/cache-challenge-symposium-tickets-769869529487?aff=oddtdtcreator\" target=\"_blank\" rel=\"noreferrer noopener\">Inscrivez-vous maintenant<\/a><\/div>\n<\/div>\n<\/div>\n\n\n\n<div class=\"wp-block-column so-text-image-split-image-wrapper is-layout-flow wp-block-column-is-layout-flow\">\n<figure class=\"wp-block-image size-full is-style-rounded so-post-image-circle\"><img fetchpriority=\"high\" decoding=\"async\" width=\"683\" height=\"1024\" src=\"https:\/\/conscience.ca\/wp-content\/uploads\/2024\/03\/80abdbdc-c783-47fa-b984-15366913f5ef.jpg\" alt=\"\" class=\"wp-image-1644\" style=\"aspect-ratio:1;object-fit:cover\" srcset=\"https:\/\/conscience.ca\/wp-content\/uploads\/2024\/03\/80abdbdc-c783-47fa-b984-15366913f5ef.jpg 683w, https:\/\/conscience.ca\/wp-content\/uploads\/2024\/03\/80abdbdc-c783-47fa-b984-15366913f5ef-200x300.jpg 200w\" sizes=\"(max-width: 683px) 100vw, 683px\" \/><\/figure>\n<\/div>\n<\/div>\n\n\n\n<div style=\"height:80px\" aria-hidden=\"true\" class=\"wp-block-spacer\"><\/div>\n\n\n\n<h4 class=\"wp-block-heading\">Program<\/h4>\n\n\n\n<h2 class=\"wp-block-heading alignwide table-heading\">Premier jour : 6 mars<\/h2>\n\n\n\n<figure class=\"wp-block-table alignwide so-post-content-table is-style-regular\"><table class=\"has-white-background-color has-background\"><tbody><tr><td>L&rsquo;heure<\/td><td>Pr\u00e9sentateur<\/td><td>D\u00e9tails<\/td><\/tr><tr><td>13 h<\/td><td>Ryan Merkley\u2028<br>Conscience<\/td><td>Discours de bienvenue : Une vision pour la d\u00e9couverte collaborative de m\u00e9dicaments<\/td><\/tr><tr><td>13h15<\/td><td>John Moult<br>Universit\u00e9 du Maryland<\/td><td>Discours-programme : Le\u00e7ons sur l&rsquo;avancement de la science par le biais d&rsquo;exp\u00e9riences d&rsquo;\u00e9valuation critique : CASP, CAGI et l&rsquo;avenir<\/td><\/tr><tr><td>14h15 <\/td><td>Michael Gilson<br>UCSD<\/td><td>Les d\u00e9fis SAMPL et D3R de pr\u00e9diction \u00e0 l&rsquo;aveugle<\/td><\/tr><tr><td>14h45<\/td><td>Judith Guenther<br>Bayer<br><br>Uta Lessel<br>Boehringer Ingelheim<\/td><td>CACHE : le point de vue des membres de l&rsquo;industrie<\/td><\/tr><tr><td>15h15<\/td><td>Pause<\/td><td><\/td><\/tr><tr><td>15h30<\/td><td>Suzanne Ackloo<br>Consortium de g\u00e9nomique structurelle<br>Universit\u00e9 de Toronto<\/td><td>La plateforme exp\u00e9rimentale du SGC<\/td><\/tr><tr><td>16h<\/td><td>Christoph Gorgulla<br>H\u00f4pital de recherche pour enfants St.<\/td><td>L&rsquo;application d&rsquo;\u00e9crans virtuels ultralarges via VirtualFlow dans le cadre du premier d\u00e9fi CACHE<\/td><\/tr><tr><td>16h30<\/td><td>Olexandr Isayev<br>Universit\u00e9 Carnegie Mellon<\/td><td>Criblage in silico d&rsquo;inhibiteurs du domaine WDR de LRRK2 \u00e0 l&rsquo;aide de simulations d&rsquo;amarrage et d&rsquo;\u00e9nergie libre.<\/td><\/tr><tr><td>17h \u00e0 19h<\/td><td>Vin et fromage<br>Session de posters<\/td><td><\/td><\/tr><\/tbody><\/table><\/figure>\n\n\n\n<h2 class=\"wp-block-heading alignwide table-heading\">Deuxi\u00e8me jour : 7 mars<\/h2>\n\n\n\n<figure class=\"wp-block-table alignwide so-post-content-table is-style-regular\"><table class=\"has-white-background-color has-background\"><tbody><tr><td>L&rsquo;heure<\/td><td>Pr\u00e9sentateur<\/td><td>D\u00e9tails<\/td><\/tr><tr><td>8h25<\/td><td>L&rsquo;honorable Pam Damoff,<br>secr\u00e9taire parlementaire de la Ministre des Affaires \u00e9trang\u00e8res,<br>au nom de l&rsquo;honorable Fran\u00e7ois-Philippe Champagne, Ministre de l&rsquo;Innovation, des Sciences et de l&rsquo;Industrie<\/td><td>Allocution de bienvenue<\/td><\/tr><tr><td>8h30<\/td><td>Francois Berenger<br>Laboratoire de Kam Zhang, Riken, Japon<\/td><td>Contr\u00f4le virtuel : Ce qu&rsquo;il ne faut pas faire<\/td><\/tr><tr><td>9h<\/td><td>Pavel Polishchuk<br>Universit\u00e9 Palacky, R\u00e9publique tch\u00e8que<\/td><td>Recherche de mol\u00e9cules \u00e0 succ\u00e8s dans des bases de donn\u00e9es chimiques ultra-larges guid\u00e9e par la conception de novo<\/td><\/tr><tr><td>9h30<\/td><td>Dmitri Kireev<br>Universit\u00e9 du Missouri<\/td><td>D\u00e9couverte de r\u00e9sultats bas\u00e9e sur les interactions<\/td><\/tr><tr><td>10h<\/td><td>Pause<\/td><td><\/td><\/tr><tr><td>10h15<\/td><td>Christina Schindler<br>&amp; Lukas Friedrich<br>Merck KGaA<\/td><td><span style=\"font-weight: 400;\">L&rsquo;amarrage \u00e0 grande \u00e9chelle et la mod\u00e9lisation g\u00e9n\u00e9rative dans le cadre du d\u00e9fi CACHE #1<\/span><\/td><\/tr><tr><td>10h45<\/td><td>David Koes &amp; Ian Dunn<br>Universit\u00e9 de Pittsburgh<\/td><td>L&rsquo;amarrage (avec GNINA) est tout ce dont vous avez besoin<\/td><\/tr><tr><td>11h15<\/td><td>Didier Rognan &amp; Merveille Eguida,<br>Universit\u00e9 Strasbourg \/ Amgen<\/td><td>Une perspective de comparaison des sites de liaison pour guider la conception mol\u00e9culaire dans le premier d\u00e9fi CACHE<\/td><\/tr><tr><td>11h45<\/td><td>Alexander Hillisch, UCB<\/td><td>Remarques finales<\/td><\/tr><\/tbody><\/table><\/figure>\n\n\n\n<div class=\"wp-block-group so-container-1100 is-layout-constrained wp-block-group-is-layout-constrained\">\n<div style=\"height:80px\" aria-hidden=\"true\" class=\"wp-block-spacer\"><\/div>\n\n\n\n<h4 class=\"wp-block-heading\" id=\"sp-ov5ro1\"><strong><strong>Inscription<\/strong><\/strong><\/h4>\n\n\n\n<p>Pour vous inscrire, veuillez compl\u00e9ter le <a href=\"https:\/\/www.eventbrite.ca\/e\/cache-challenge-symposium-tickets-769869529487?aff=oddtdtcreator\" target=\"_blank\" rel=\"noreferrer noopener\">formulaire d&rsquo;inscription<\/a>.<\/p>\n\n\n\n<p>Cet \u00e9v\u00e9nement a une tarification \u00e9chelonn\u00e9e afin de garantir l&rsquo;accessibilit\u00e9 et de couvrir les co\u00fbts.&nbsp;<\/p>\n\n\n\n<ul class=\"wp-block-list\">\n<li>Gratuit &#8211; Orateurs, pr\u00e9sentateurs des sessions de posters<\/li>\n\n\n\n<li>20 $ &#8211; Universit\u00e9s, organisations \u00e0 but non lucratif et secteur public<\/li>\n\n\n\n<li>50 $ &#8211; Organisations commerciales\/\u00e0 but lucratif<\/li>\n<\/ul>\n\n\n\n<p>Des am\u00e9nagements peuvent \u00eatre r\u00e9alis\u00e9s sur demande.<\/p>\n\n\n\n<p>Si vous souhaitez soumettre un poster pour la session de posters du 6 mars, veuillez vous <a href=\"https:\/\/forms.gle\/pm2eareKYMzEBuxX6\" target=\"_blank\" rel=\"noreferrer noopener\">inscrire ici<\/a>.<\/p>\n\n\n\n<p>L&rsquo;inscription comprend le d\u00e9jeuner (12h) et la r\u00e9ception vin et fromage le 6, ainsi que le petit-d\u00e9jeuner (8h) le 7.<\/p>\n\n\n\n<h4 class=\"wp-block-heading\">Conscience<\/h4>\n\n\n\n<p>Conscience est une organisation canadienne \u00e0 but non lucratif bas\u00e9e \u00e0 Toronto, lanc\u00e9e avec le soutien du Consortium de g\u00e9nomique structurelle et une subvention de 49 millions de dollars du gouvernement canadien. Nous nous concentrons sur les domaines o\u00f9 le march\u00e9 est d\u00e9faillant, c&rsquo;est-\u00e0-dire l\u00e0 o\u00f9 les mod\u00e8les traditionnels ont laiss\u00e9 les gens \u00e0 la tra\u00eene, avec peu d&rsquo;options et pas assez de soutien, comme les maladies rares, la r\u00e9sistance aux antimicrobiens et la pr\u00e9paration aux pand\u00e9mies.<\/p>\n\n\n\n<p>La conscience est ax\u00e9e sur deux choses :<\/p>\n\n\n\n<ul class=\"wp-block-list\">\n<li>Une approche globale de la science ouverte qui permettra de d\u00e9velopper de nouveaux m\u00e9dicaments pour les communaut\u00e9s qui, autrement, seraient laiss\u00e9es pour compte,<\/li>\n\n\n\n<li>Faire progresser l&rsquo;infrastructure pour faire de l&rsquo;IA un outil viable pour la d\u00e9couverte de m\u00e9dicaments, en utilisant un mod\u00e8le comp\u00e9titif qui permettra de comparer les pr\u00e9dictions en laboratoire et de partager les donn\u00e9es ouvertement.<\/li>\n<\/ul>\n\n\n\n<p>Ensemble, nous pensons que ces deux \u00e9l\u00e9ments peuvent rendre les m\u00e9dicaments plus accessibles et plus abordables.<\/p>\n\n\n\n<p>Nous cr\u00e9ons des incitations pour attirer l&rsquo;attention et les investissements dans des domaines n\u00e9glig\u00e9s qui passent souvent inaper\u00e7us en raison des d\u00e9faillances du march\u00e9. Le r\u00e9sultat final sera une innovation plus importante et plus rapide dans la d\u00e9couverte de m\u00e9dicaments par l&rsquo;IA, de nouveaux m\u00e9dicaments et un acc\u00e8s plus \u00e9quitable aux m\u00e9dicaments pour tout le monde, au Canada et dans le monde entier.<\/p>\n\n\n\n<h4 class=\"wp-block-heading\"><a href=\"https:\/\/cache-challenge.org\/\" target=\"_blank\" rel=\"noreferrer noopener\">CACHE<\/a><\/h4>\n\n\n\n<p>L&rsquo;objectif de CACHE est d&rsquo;ouvrir la voie \u00e0 une perc\u00e9e technologique dans le domaine de la conception de m\u00e9dicaments par ordinateur en fournissant un retour d&rsquo;information exp\u00e9rimental impartial et de haute qualit\u00e9 sur des conceptions qui n&rsquo;auraient pas \u00e9t\u00e9 test\u00e9es auparavant, de la part d&rsquo;experts en intelligence artificielle et de chimistes computationnels du monde entier.&nbsp;<\/p>\n\n\n\n<p>Tous les quatre mois, CACHE lance un nouveau d\u00e9fi technique de conception de m\u00e9dicaments afin d&rsquo;\u00e9valuer les m\u00e9thodes informatiques. Les participants utilisent leur m\u00e9thode de calcul pour pr\u00e9dire des mol\u00e9cules qui sont test\u00e9es exp\u00e9rimentalement par CACHE. Chaque d\u00e9fi comporte deux cycles de pr\u00e9dictions afin de donner aux participants la possibilit\u00e9 d&rsquo;incorporer les enseignements du premier cycle dans leurs conceptions. \u00c0 la fin de chaque d\u00e9fi, CACHE rend publiques toutes les donn\u00e9es, y compris les structures chimiques.<\/p>\n\n\n\n<p><a href=\"https:\/\/www.thesgc.org\/\" target=\"_blank\" rel=\"noreferrer noopener\">Le consortium de g\u00e9nomique structurelle<\/a><\/p>\n\n\n\n<p><a href=\"https:\/\/www.thesgc.org\/\" target=\"_blank\" rel=\"noreferrer noopener\">Le Consortium de g\u00e9nomique structurelle<\/a> est un partenariat public-priv\u00e9 mondial qui vise \u00e0 acc\u00e9l\u00e9rer la d\u00e9couverte de m\u00e9dicaments en encourageant la collaboration entre un vaste r\u00e9seau de scientifiques du monde universitaire et de l&rsquo;industrie et en mettant tous les r\u00e9sultats de la recherche \u00e0 la disposition de la communaut\u00e9 scientifique. Les sites de recherche du SGC sont actuellement situ\u00e9s \u00e0 l&rsquo;universit\u00e9 Goethe de Francfort, \u00e0 l&rsquo;institut Karolinska, \u00e0 l&rsquo;universit\u00e9 McGill, \u00e0 l&rsquo;University College de Londres, \u00e0 l&rsquo;universit\u00e9 de Caroline du Nord \u00e0 Chapel Hill et \u00e0 l&rsquo;universit\u00e9 de Toronto. Le SGC est fier d&rsquo;accueillir le volet exp\u00e9rimental des d\u00e9fis CACHE \u00e0 l&rsquo;Universit\u00e9 de Toronto.<\/p>\n<\/div>\n","protected":false},"excerpt":{"rendered":"<p>Symposium CACHE Challenge &#8211; 6 et 7 mars 2024 Faire des perc\u00e9es m\u00e9dicales un sport d&rsquo;\u00e9quipe 1er symposium annuel sur le d\u00e9fi de la CACHE 6 et 7 mars 2024 &#8211; Toronto, Canada Organis\u00e9 par Conscience, en partenariat avec le Consortium de g\u00e9nomique structurelle. Nous organiserons le premier symposium CACHE (annuel) les 6 et 7 [&hellip;]<\/p>\n","protected":false},"author":3,"featured_media":0,"parent":0,"menu_order":0,"comment_status":"closed","ping_status":"closed","template":"","meta":{"_acf_changed":false,"footnotes":""},"class_list":["post-1655","page","type-page","status-publish","hentry"],"acf":[],"yoast_head":"<!-- This site is optimized with the Yoast SEO plugin v27.3 - https:\/\/yoast.com\/product\/yoast-seo-wordpress\/ -->\n<title>Symposium CACHE Challenge - Conscience<\/title>\n<meta name=\"robots\" content=\"index, follow, max-snippet:-1, max-image-preview:large, max-video-preview:-1\" \/>\n<link rel=\"canonical\" href=\"https:\/\/conscience.ca\/fr\/cache-challenge-symposium\/\" \/>\n<meta property=\"og:locale\" content=\"fr_FR\" \/>\n<meta property=\"og:type\" content=\"article\" \/>\n<meta property=\"og:title\" content=\"Symposium CACHE Challenge - Conscience\" \/>\n<meta property=\"og:description\" content=\"Symposium CACHE Challenge &#8211; 6 et 7 mars 2024 Faire des perc\u00e9es m\u00e9dicales un sport d&rsquo;\u00e9quipe 1er symposium annuel sur le d\u00e9fi de la CACHE 6 et 7 mars 2024 &#8211; Toronto, Canada Organis\u00e9 par Conscience, en partenariat avec le Consortium de g\u00e9nomique structurelle. Nous organiserons le premier symposium CACHE (annuel) les 6 et 7 [&hellip;]\" \/>\n<meta property=\"og:url\" content=\"https:\/\/conscience.ca\/fr\/cache-challenge-symposium\/\" \/>\n<meta property=\"og:site_name\" content=\"Conscience\" \/>\n<meta property=\"article:modified_time\" content=\"2024-08-20T17:44:43+00:00\" \/>\n<meta property=\"og:image\" content=\"https:\/\/conscience.ca\/wp-content\/uploads\/2024\/03\/80abdbdc-c783-47fa-b984-15366913f5ef.jpg\" \/>\n<meta name=\"twitter:card\" content=\"summary_large_image\" \/>\n<meta name=\"twitter:label1\" content=\"Dur\u00e9e de lecture estim\u00e9e\" \/>\n\t<meta name=\"twitter:data1\" content=\"5 minutes\" \/>\n<script type=\"application\/ld+json\" class=\"yoast-schema-graph\">{\"@context\":\"https:\\\/\\\/schema.org\",\"@graph\":[{\"@type\":\"WebPage\",\"@id\":\"https:\\\/\\\/conscience.ca\\\/fr\\\/cache-challenge-symposium\\\/\",\"url\":\"https:\\\/\\\/conscience.ca\\\/fr\\\/cache-challenge-symposium\\\/\",\"name\":\"Symposium CACHE Challenge - Conscience\",\"isPartOf\":{\"@id\":\"https:\\\/\\\/conscience.dev.affinitybridge.com\\\/#website\"},\"primaryImageOfPage\":{\"@id\":\"https:\\\/\\\/conscience.ca\\\/fr\\\/cache-challenge-symposium\\\/#primaryimage\"},\"image\":{\"@id\":\"https:\\\/\\\/conscience.ca\\\/fr\\\/cache-challenge-symposium\\\/#primaryimage\"},\"thumbnailUrl\":\"https:\\\/\\\/conscience.ca\\\/wp-content\\\/uploads\\\/2024\\\/03\\\/80abdbdc-c783-47fa-b984-15366913f5ef.jpg\",\"datePublished\":\"2024-02-21T18:43:36+00:00\",\"dateModified\":\"2024-08-20T17:44:43+00:00\",\"breadcrumb\":{\"@id\":\"https:\\\/\\\/conscience.ca\\\/fr\\\/cache-challenge-symposium\\\/#breadcrumb\"},\"inLanguage\":\"fr-FR\",\"potentialAction\":[{\"@type\":\"ReadAction\",\"target\":[\"https:\\\/\\\/conscience.ca\\\/fr\\\/cache-challenge-symposium\\\/\"]}]},{\"@type\":\"ImageObject\",\"inLanguage\":\"fr-FR\",\"@id\":\"https:\\\/\\\/conscience.ca\\\/fr\\\/cache-challenge-symposium\\\/#primaryimage\",\"url\":\"https:\\\/\\\/conscience.ca\\\/wp-content\\\/uploads\\\/2024\\\/03\\\/80abdbdc-c783-47fa-b984-15366913f5ef.jpg\",\"contentUrl\":\"https:\\\/\\\/conscience.ca\\\/wp-content\\\/uploads\\\/2024\\\/03\\\/80abdbdc-c783-47fa-b984-15366913f5ef.jpg\"},{\"@type\":\"BreadcrumbList\",\"@id\":\"https:\\\/\\\/conscience.ca\\\/fr\\\/cache-challenge-symposium\\\/#breadcrumb\",\"itemListElement\":[{\"@type\":\"ListItem\",\"position\":1,\"name\":\"Home\",\"item\":\"https:\\\/\\\/conscience.ca\\\/fr\\\/\"},{\"@type\":\"ListItem\",\"position\":2,\"name\":\"Symposium CACHE Challenge\"}]},{\"@type\":\"WebSite\",\"@id\":\"https:\\\/\\\/conscience.dev.affinitybridge.com\\\/#website\",\"url\":\"https:\\\/\\\/conscience.dev.affinitybridge.com\\\/\",\"name\":\"Conscience\",\"description\":\"\",\"publisher\":{\"@id\":\"https:\\\/\\\/conscience.dev.affinitybridge.com\\\/#organization\"},\"potentialAction\":[{\"@type\":\"SearchAction\",\"target\":{\"@type\":\"EntryPoint\",\"urlTemplate\":\"https:\\\/\\\/conscience.dev.affinitybridge.com\\\/?s={search_term_string}\"},\"query-input\":{\"@type\":\"PropertyValueSpecification\",\"valueRequired\":true,\"valueName\":\"search_term_string\"}}],\"inLanguage\":\"fr-FR\"},{\"@type\":\"Organization\",\"@id\":\"https:\\\/\\\/conscience.dev.affinitybridge.com\\\/#organization\",\"name\":\"Conscience\",\"url\":\"https:\\\/\\\/conscience.dev.affinitybridge.com\\\/\",\"logo\":{\"@type\":\"ImageObject\",\"inLanguage\":\"fr-FR\",\"@id\":\"https:\\\/\\\/conscience.dev.affinitybridge.com\\\/#\\\/schema\\\/logo\\\/image\\\/\",\"url\":\"https:\\\/\\\/conscience.ca\\\/wp-content\\\/uploads\\\/2024\\\/02\\\/header-logo.svg\",\"contentUrl\":\"https:\\\/\\\/conscience.ca\\\/wp-content\\\/uploads\\\/2024\\\/02\\\/header-logo.svg\",\"caption\":\"Conscience\"},\"image\":{\"@id\":\"https:\\\/\\\/conscience.dev.affinitybridge.com\\\/#\\\/schema\\\/logo\\\/image\\\/\"}}]}<\/script>\n<!-- \/ Yoast SEO plugin. -->","yoast_head_json":{"title":"Symposium CACHE Challenge - Conscience","robots":{"index":"index","follow":"follow","max-snippet":"max-snippet:-1","max-image-preview":"max-image-preview:large","max-video-preview":"max-video-preview:-1"},"canonical":"https:\/\/conscience.ca\/fr\/cache-challenge-symposium\/","og_locale":"fr_FR","og_type":"article","og_title":"Symposium CACHE Challenge - Conscience","og_description":"Symposium CACHE Challenge &#8211; 6 et 7 mars 2024 Faire des perc\u00e9es m\u00e9dicales un sport d&rsquo;\u00e9quipe 1er symposium annuel sur le d\u00e9fi de la CACHE 6 et 7 mars 2024 &#8211; Toronto, Canada Organis\u00e9 par Conscience, en partenariat avec le Consortium de g\u00e9nomique structurelle. Nous organiserons le premier symposium CACHE (annuel) les 6 et 7 [&hellip;]","og_url":"https:\/\/conscience.ca\/fr\/cache-challenge-symposium\/","og_site_name":"Conscience","article_modified_time":"2024-08-20T17:44:43+00:00","og_image":[{"url":"https:\/\/conscience.ca\/wp-content\/uploads\/2024\/03\/80abdbdc-c783-47fa-b984-15366913f5ef.jpg","type":"","width":"","height":""}],"twitter_card":"summary_large_image","twitter_misc":{"Dur\u00e9e de lecture estim\u00e9e":"5 minutes"},"schema":{"@context":"https:\/\/schema.org","@graph":[{"@type":"WebPage","@id":"https:\/\/conscience.ca\/fr\/cache-challenge-symposium\/","url":"https:\/\/conscience.ca\/fr\/cache-challenge-symposium\/","name":"Symposium CACHE Challenge - Conscience","isPartOf":{"@id":"https:\/\/conscience.dev.affinitybridge.com\/#website"},"primaryImageOfPage":{"@id":"https:\/\/conscience.ca\/fr\/cache-challenge-symposium\/#primaryimage"},"image":{"@id":"https:\/\/conscience.ca\/fr\/cache-challenge-symposium\/#primaryimage"},"thumbnailUrl":"https:\/\/conscience.ca\/wp-content\/uploads\/2024\/03\/80abdbdc-c783-47fa-b984-15366913f5ef.jpg","datePublished":"2024-02-21T18:43:36+00:00","dateModified":"2024-08-20T17:44:43+00:00","breadcrumb":{"@id":"https:\/\/conscience.ca\/fr\/cache-challenge-symposium\/#breadcrumb"},"inLanguage":"fr-FR","potentialAction":[{"@type":"ReadAction","target":["https:\/\/conscience.ca\/fr\/cache-challenge-symposium\/"]}]},{"@type":"ImageObject","inLanguage":"fr-FR","@id":"https:\/\/conscience.ca\/fr\/cache-challenge-symposium\/#primaryimage","url":"https:\/\/conscience.ca\/wp-content\/uploads\/2024\/03\/80abdbdc-c783-47fa-b984-15366913f5ef.jpg","contentUrl":"https:\/\/conscience.ca\/wp-content\/uploads\/2024\/03\/80abdbdc-c783-47fa-b984-15366913f5ef.jpg"},{"@type":"BreadcrumbList","@id":"https:\/\/conscience.ca\/fr\/cache-challenge-symposium\/#breadcrumb","itemListElement":[{"@type":"ListItem","position":1,"name":"Home","item":"https:\/\/conscience.ca\/fr\/"},{"@type":"ListItem","position":2,"name":"Symposium CACHE Challenge"}]},{"@type":"WebSite","@id":"https:\/\/conscience.dev.affinitybridge.com\/#website","url":"https:\/\/conscience.dev.affinitybridge.com\/","name":"Conscience","description":"","publisher":{"@id":"https:\/\/conscience.dev.affinitybridge.com\/#organization"},"potentialAction":[{"@type":"SearchAction","target":{"@type":"EntryPoint","urlTemplate":"https:\/\/conscience.dev.affinitybridge.com\/?s={search_term_string}"},"query-input":{"@type":"PropertyValueSpecification","valueRequired":true,"valueName":"search_term_string"}}],"inLanguage":"fr-FR"},{"@type":"Organization","@id":"https:\/\/conscience.dev.affinitybridge.com\/#organization","name":"Conscience","url":"https:\/\/conscience.dev.affinitybridge.com\/","logo":{"@type":"ImageObject","inLanguage":"fr-FR","@id":"https:\/\/conscience.dev.affinitybridge.com\/#\/schema\/logo\/image\/","url":"https:\/\/conscience.ca\/wp-content\/uploads\/2024\/02\/header-logo.svg","contentUrl":"https:\/\/conscience.ca\/wp-content\/uploads\/2024\/02\/header-logo.svg","caption":"Conscience"},"image":{"@id":"https:\/\/conscience.dev.affinitybridge.com\/#\/schema\/logo\/image\/"}}]}},"jetpack_sharing_enabled":true,"_links":{"self":[{"href":"https:\/\/conscience.ca\/fr\/wp-json\/wp\/v2\/pages\/1655","targetHints":{"allow":["GET"]}}],"collection":[{"href":"https:\/\/conscience.ca\/fr\/wp-json\/wp\/v2\/pages"}],"about":[{"href":"https:\/\/conscience.ca\/fr\/wp-json\/wp\/v2\/types\/page"}],"author":[{"embeddable":true,"href":"https:\/\/conscience.ca\/fr\/wp-json\/wp\/v2\/users\/3"}],"replies":[{"embeddable":true,"href":"https:\/\/conscience.ca\/fr\/wp-json\/wp\/v2\/comments?post=1655"}],"version-history":[{"count":9,"href":"https:\/\/conscience.ca\/fr\/wp-json\/wp\/v2\/pages\/1655\/revisions"}],"predecessor-version":[{"id":2465,"href":"https:\/\/conscience.ca\/fr\/wp-json\/wp\/v2\/pages\/1655\/revisions\/2465"}],"wp:attachment":[{"href":"https:\/\/conscience.ca\/fr\/wp-json\/wp\/v2\/media?parent=1655"}],"curies":[{"name":"wp","href":"https:\/\/api.w.org\/{rel}","templated":true}]}}