{"id":1854,"date":"2024-02-20T02:39:30","date_gmt":"2024-02-20T07:39:30","guid":{"rendered":"https:\/\/conscience.ca\/?page_id=1854"},"modified":"2025-02-14T15:48:00","modified_gmt":"2025-02-14T20:48:00","slug":"privacy-policy","status":"publish","type":"page","link":"https:\/\/conscience.ca\/fr\/privacy-policy\/","title":{"rendered":"Politique de confidentialit\u00e9 du site web"},"content":{"rendered":"\n<h2 class=\"wp-block-heading\"><strong>Qui nous sommes<\/strong><\/h2>\n\n\n\n<p>L\u2019adresse de notre site Web est : https:\/\/conscience.ca.<\/p>\n\n\n\n<h2 class=\"wp-block-heading\"><strong>Commentaires<\/strong><\/h2>\n\n\n\n<p>Lorsque les visiteurs laissent des commentaires sur notre site, nous recueillons les renseignements du formulaire de commentaires, ainsi que l\u2019adresse IP et l\u2019identifiant de l\u2019agent utilisateur du navigateur pour faciliter la d\u00e9tection des pourriels.<\/p>\n\n\n\n<p>Une cha\u00eene anonymis\u00e9e, cr\u00e9\u00e9e \u00e0 partir de votre courriel (\u00e9galement appel\u00e9e hachage), peut \u00eatre fournie au service Gravatar afin de v\u00e9rifier si vous l\u2019utilisez. La politique de confidentialit\u00e9 du service Gravatar est accessible ici : https:\/\/automattic.com\/privacy\/. Apr\u00e8s approbation de votre commentaire, votre photo de profil est visible par le public en m\u00eame temps que votre commentaire.<\/p>\n\n\n\n<h2 class=\"wp-block-heading\"><strong>M\u00e9dias<\/strong><\/h2>\n\n\n\n<p>Si vous t\u00e9l\u00e9chargez des images sur notre site Web, veillez \u00e0 ne pas inclure d\u2019images contenant des donn\u00e9es de g\u00e9olocalisation (GPS EXIF). En effet, les visiteurs du site peuvent facilement t\u00e9l\u00e9charger et extraire ces donn\u00e9es des images h\u00e9berg\u00e9es sur notre plateforme.<\/p>\n\n\n\n<h2 class=\"wp-block-heading\"><strong>T\u00e9moins<\/strong><\/h2>\n\n\n\n<p>Si vous laissez un commentaire sur notre site, vous pouvez choisir d\u2019enregistrer votre nom, votre courriel et l\u2019adresse de votre site Web dans des t\u00e9moins. Cette fonctionnalit\u00e9 s\u2019av\u00e8re pratique, puisqu\u2019elle vous dispense d\u2019avoir \u00e0 saisir \u00e0 nouveau vos coordonn\u00e9es chaque fois que vous r\u00e9digez un nouveau commentaire. Ces t\u00e9moins durent un an.<\/p>\n\n\n\n<p>Lorsque vous visitez notre page de connexion, nous d\u00e9finissons un t\u00e9moin temporaire pour v\u00e9rifier si votre navigateur accepte les t\u00e9moins. Ce t\u00e9moin ne contient aucune donn\u00e9e personnelle. Il est automatiquement supprim\u00e9 lorsque vous fermez votre navigateur.<\/p>\n\n\n\n<p>Lors de votre connexion, nous installons plusieurs t\u00e9moins pour m\u00e9moriser vos informations de connexion et vos pr\u00e9f\u00e9rences d\u2019affichage. Les t\u00e9moins de connexion sont conserv\u00e9s deux jours et ceux des pr\u00e9f\u00e9rences d\u2019affichage pendant un an. Si vous cochez \u00ab\u2009Se souvenir de moi\u2009\u00bb, votre connexion reste active pendant deux semaines. Toutefois, si vous vous d\u00e9connectez de votre compte, les t\u00e9moins de connexion sont automatiquement supprim\u00e9s.<\/p>\n\n\n\n<p>Chaque fois que vous modifiez ou publiez un commentaire, un t\u00e9moin suppl\u00e9mentaire est enregistr\u00e9 dans votre navigateur. Ce t\u00e9moin ne contient aucune donn\u00e9e personnelle; il n\u2019indique que l\u2019identifiant du commentaire que vous venez de modifier. Il expire apr\u00e8s un jour.<\/p>\n\n\n\n<h2 class=\"wp-block-heading\"><strong>Contenu int\u00e9gr\u00e9 qui provient d\u2019autres sites Web<\/strong><\/h2>\n\n\n\n<p>Ce site Web peut int\u00e9grer du contenu provenant d\u2019autres sites (tels que des vid\u00e9os, des images, des articles, etc.). Le contenu int\u00e9gr\u00e9 fonctionne de la m\u00eame mani\u00e8re que si le visiteur avait visit\u00e9 l\u2019autre site Web.<\/p>\n\n\n\n<p>Ces sites Web peuvent recueillir des renseignements vous concernant, d\u00e9poser des t\u00e9moins, int\u00e9grer un suivi suppl\u00e9mentaire pour des tiers et surveiller votre interaction avec ce contenu int\u00e9gr\u00e9, y compris le suivi de votre interaction avec ce contenu int\u00e9gr\u00e9 si vous disposez d\u2019un compte et que vous \u00eates connect\u00e9 \u00e0 ce site Web.<br><br><strong>Avec qui partageons-nous vos donn\u00e9es<\/strong><\/p>\n\n\n\n<p>Lorsque vous demandez une r\u00e9initialisation de mot de passe, votre adresse IP est incluse dans le courriel de r\u00e9initialisation.<\/p>\n\n\n\n<h2 class=\"wp-block-heading\"><strong>Pendant combien de temps conservons-nous vos donn\u00e9es<\/strong><\/h2>\n\n\n\n<p>En laissant un commentaire, vous consentez \u00e0 ce que celui-ci et ses m\u00e9tadonn\u00e9es soient conserv\u00e9s ind\u00e9finiment. Cela nous permet de reconna\u00eetre et d\u2019approuver automatiquement tous les commentaires suivants au lieu de les conserver dans une file d\u2019attente de mod\u00e9ration.<\/p>\n\n\n\n<p>Pour les visiteurs qui s\u2019inscrivent sur notre site Web, nous stockons \u00e9galement les renseignements personnels fournis dans leur profil utilisateur. Toutes les utilisatrices et tous les utilisateurs peuvent consulter, modifier ou supprimer leurs renseignements personnels \u00e0 tout moment (\u00e0 l\u2019exception de leur nom d\u2019utilisatrice ou d\u2019utilisateur qu\u2019ils ne peuvent modifier). Les administrateurs du site Web peuvent \u00e9galement consulter et modifier ces donn\u00e9es.<\/p>\n\n\n\n<h2 class=\"wp-block-heading\"><strong>Quels sont vos droits en ce qui concerne vos donn\u00e9es<\/strong><\/h2>\n\n\n\n<p>Si vous avez un compte sur ce site ou si vous avez laiss\u00e9 des commentaires, vous pouvez demander \u00e0 recevoir un fichier contenant toutes vos donn\u00e9es personnelles, y compris celles que vous nous avez fournies. Vous pouvez exiger la suppression compl\u00e8te des donn\u00e9es personnelles que nous d\u00e9tenons \u00e0 votre sujet. Cela n\u2019inclut pas les donn\u00e9es que nous sommes oblig\u00e9s de conserver \u00e0 des fins administratives, l\u00e9gales ou de s\u00e9curit\u00e9.<\/p>\n\n\n\n<h2 class=\"wp-block-heading\"><strong>O\u00f9 sont envoy\u00e9es vos donn\u00e9es<\/strong><\/h2>\n\n\n\n<p>Les commentaires des visiteurs peuvent \u00eatre examin\u00e9s par un service automatis\u00e9 sp\u00e9cialis\u00e9 dans la d\u00e9tection de pourriels.<\/p>\n","protected":false},"excerpt":{"rendered":"<p>Qui nous sommes L\u2019adresse de notre site Web est : https:\/\/conscience.ca. Commentaires Lorsque les visiteurs laissent des commentaires sur notre site, nous recueillons les renseignements du formulaire de commentaires, ainsi que l\u2019adresse IP et l\u2019identifiant de l\u2019agent utilisateur du navigateur pour faciliter la d\u00e9tection des pourriels. Une cha\u00eene anonymis\u00e9e, cr\u00e9\u00e9e \u00e0 partir de votre courriel [&hellip;]<\/p>\n","protected":false},"author":3,"featured_media":0,"parent":0,"menu_order":0,"comment_status":"closed","ping_status":"closed","template":"","meta":{"_acf_changed":false,"footnotes":""},"class_list":["post-1854","page","type-page","status-publish","hentry"],"acf":[],"yoast_head":"<!-- This site is optimized with the Yoast SEO plugin v27.3 - https:\/\/yoast.com\/product\/yoast-seo-wordpress\/ -->\n<title>Politique de confidentialit\u00e9 du site web - Conscience<\/title>\n<meta name=\"robots\" content=\"index, follow, max-snippet:-1, max-image-preview:large, max-video-preview:-1\" \/>\n<link rel=\"canonical\" href=\"https:\/\/conscience.ca\/fr\/privacy-policy\/\" \/>\n<meta property=\"og:locale\" content=\"fr_FR\" \/>\n<meta property=\"og:type\" content=\"article\" \/>\n<meta property=\"og:title\" content=\"Politique de confidentialit\u00e9 du site web - Conscience\" \/>\n<meta property=\"og:description\" content=\"Qui nous sommes L\u2019adresse de notre site Web est : https:\/\/conscience.ca. Commentaires Lorsque les visiteurs laissent des commentaires sur notre site, nous recueillons les renseignements du formulaire de commentaires, ainsi que l\u2019adresse IP et l\u2019identifiant de l\u2019agent utilisateur du navigateur pour faciliter la d\u00e9tection des pourriels. Une cha\u00eene anonymis\u00e9e, cr\u00e9\u00e9e \u00e0 partir de votre courriel [&hellip;]\" \/>\n<meta property=\"og:url\" content=\"https:\/\/conscience.ca\/fr\/privacy-policy\/\" \/>\n<meta property=\"og:site_name\" content=\"Conscience\" \/>\n<meta property=\"article:modified_time\" content=\"2025-02-14T20:48:00+00:00\" \/>\n<meta property=\"og:image\" content=\"https:\/\/conscience.ca\/wp-content\/uploads\/2024\/03\/Conscience-1200x627-LinkedIn.png\" \/>\n\t<meta property=\"og:image:width\" content=\"1200\" \/>\n\t<meta property=\"og:image:height\" content=\"627\" \/>\n\t<meta property=\"og:image:type\" content=\"image\/png\" \/>\n<meta name=\"twitter:card\" content=\"summary_large_image\" \/>\n<meta name=\"twitter:label1\" content=\"Dur\u00e9e de lecture estim\u00e9e\" \/>\n\t<meta name=\"twitter:data1\" content=\"3 minutes\" \/>\n<script type=\"application\/ld+json\" class=\"yoast-schema-graph\">{\"@context\":\"https:\\\/\\\/schema.org\",\"@graph\":[{\"@type\":\"WebPage\",\"@id\":\"https:\\\/\\\/conscience.ca\\\/fr\\\/privacy-policy\\\/\",\"url\":\"https:\\\/\\\/conscience.ca\\\/fr\\\/privacy-policy\\\/\",\"name\":\"Politique de confidentialit\u00e9 du site web - Conscience\",\"isPartOf\":{\"@id\":\"https:\\\/\\\/conscience.dev.affinitybridge.com\\\/#website\"},\"datePublished\":\"2024-02-20T07:39:30+00:00\",\"dateModified\":\"2025-02-14T20:48:00+00:00\",\"breadcrumb\":{\"@id\":\"https:\\\/\\\/conscience.ca\\\/fr\\\/privacy-policy\\\/#breadcrumb\"},\"inLanguage\":\"fr-FR\",\"potentialAction\":[{\"@type\":\"ReadAction\",\"target\":[\"https:\\\/\\\/conscience.ca\\\/fr\\\/privacy-policy\\\/\"]}]},{\"@type\":\"BreadcrumbList\",\"@id\":\"https:\\\/\\\/conscience.ca\\\/fr\\\/privacy-policy\\\/#breadcrumb\",\"itemListElement\":[{\"@type\":\"ListItem\",\"position\":1,\"name\":\"Home\",\"item\":\"https:\\\/\\\/conscience.ca\\\/fr\\\/accueil\\\/\"},{\"@type\":\"ListItem\",\"position\":2,\"name\":\"Politique de confidentialit\u00e9 du site web\"}]},{\"@type\":\"WebSite\",\"@id\":\"https:\\\/\\\/conscience.dev.affinitybridge.com\\\/#website\",\"url\":\"https:\\\/\\\/conscience.dev.affinitybridge.com\\\/\",\"name\":\"Conscience\",\"description\":\"\",\"publisher\":{\"@id\":\"https:\\\/\\\/conscience.dev.affinitybridge.com\\\/#organization\"},\"potentialAction\":[{\"@type\":\"SearchAction\",\"target\":{\"@type\":\"EntryPoint\",\"urlTemplate\":\"https:\\\/\\\/conscience.dev.affinitybridge.com\\\/?s={search_term_string}\"},\"query-input\":{\"@type\":\"PropertyValueSpecification\",\"valueRequired\":true,\"valueName\":\"search_term_string\"}}],\"inLanguage\":\"fr-FR\"},{\"@type\":\"Organization\",\"@id\":\"https:\\\/\\\/conscience.dev.affinitybridge.com\\\/#organization\",\"name\":\"Conscience\",\"url\":\"https:\\\/\\\/conscience.dev.affinitybridge.com\\\/\",\"logo\":{\"@type\":\"ImageObject\",\"inLanguage\":\"fr-FR\",\"@id\":\"https:\\\/\\\/conscience.dev.affinitybridge.com\\\/#\\\/schema\\\/logo\\\/image\\\/\",\"url\":\"https:\\\/\\\/conscience.ca\\\/wp-content\\\/uploads\\\/2024\\\/02\\\/header-logo.svg\",\"contentUrl\":\"https:\\\/\\\/conscience.ca\\\/wp-content\\\/uploads\\\/2024\\\/02\\\/header-logo.svg\",\"caption\":\"Conscience\"},\"image\":{\"@id\":\"https:\\\/\\\/conscience.dev.affinitybridge.com\\\/#\\\/schema\\\/logo\\\/image\\\/\"}}]}<\/script>\n<!-- \/ Yoast SEO plugin. -->","yoast_head_json":{"title":"Politique de confidentialit\u00e9 du site web - Conscience","robots":{"index":"index","follow":"follow","max-snippet":"max-snippet:-1","max-image-preview":"max-image-preview:large","max-video-preview":"max-video-preview:-1"},"canonical":"https:\/\/conscience.ca\/fr\/privacy-policy\/","og_locale":"fr_FR","og_type":"article","og_title":"Politique de confidentialit\u00e9 du site web - Conscience","og_description":"Qui nous sommes L\u2019adresse de notre site Web est : https:\/\/conscience.ca. Commentaires Lorsque les visiteurs laissent des commentaires sur notre site, nous recueillons les renseignements du formulaire de commentaires, ainsi que l\u2019adresse IP et l\u2019identifiant de l\u2019agent utilisateur du navigateur pour faciliter la d\u00e9tection des pourriels. Une cha\u00eene anonymis\u00e9e, cr\u00e9\u00e9e \u00e0 partir de votre courriel [&hellip;]","og_url":"https:\/\/conscience.ca\/fr\/privacy-policy\/","og_site_name":"Conscience","article_modified_time":"2025-02-14T20:48:00+00:00","og_image":[{"width":1200,"height":627,"url":"https:\/\/conscience.ca\/wp-content\/uploads\/2024\/03\/Conscience-1200x627-LinkedIn.png","type":"image\/png"}],"twitter_card":"summary_large_image","twitter_misc":{"Dur\u00e9e de lecture estim\u00e9e":"3 minutes"},"schema":{"@context":"https:\/\/schema.org","@graph":[{"@type":"WebPage","@id":"https:\/\/conscience.ca\/fr\/privacy-policy\/","url":"https:\/\/conscience.ca\/fr\/privacy-policy\/","name":"Politique de confidentialit\u00e9 du site web - Conscience","isPartOf":{"@id":"https:\/\/conscience.dev.affinitybridge.com\/#website"},"datePublished":"2024-02-20T07:39:30+00:00","dateModified":"2025-02-14T20:48:00+00:00","breadcrumb":{"@id":"https:\/\/conscience.ca\/fr\/privacy-policy\/#breadcrumb"},"inLanguage":"fr-FR","potentialAction":[{"@type":"ReadAction","target":["https:\/\/conscience.ca\/fr\/privacy-policy\/"]}]},{"@type":"BreadcrumbList","@id":"https:\/\/conscience.ca\/fr\/privacy-policy\/#breadcrumb","itemListElement":[{"@type":"ListItem","position":1,"name":"Home","item":"https:\/\/conscience.ca\/fr\/accueil\/"},{"@type":"ListItem","position":2,"name":"Politique de confidentialit\u00e9 du site web"}]},{"@type":"WebSite","@id":"https:\/\/conscience.dev.affinitybridge.com\/#website","url":"https:\/\/conscience.dev.affinitybridge.com\/","name":"Conscience","description":"","publisher":{"@id":"https:\/\/conscience.dev.affinitybridge.com\/#organization"},"potentialAction":[{"@type":"SearchAction","target":{"@type":"EntryPoint","urlTemplate":"https:\/\/conscience.dev.affinitybridge.com\/?s={search_term_string}"},"query-input":{"@type":"PropertyValueSpecification","valueRequired":true,"valueName":"search_term_string"}}],"inLanguage":"fr-FR"},{"@type":"Organization","@id":"https:\/\/conscience.dev.affinitybridge.com\/#organization","name":"Conscience","url":"https:\/\/conscience.dev.affinitybridge.com\/","logo":{"@type":"ImageObject","inLanguage":"fr-FR","@id":"https:\/\/conscience.dev.affinitybridge.com\/#\/schema\/logo\/image\/","url":"https:\/\/conscience.ca\/wp-content\/uploads\/2024\/02\/header-logo.svg","contentUrl":"https:\/\/conscience.ca\/wp-content\/uploads\/2024\/02\/header-logo.svg","caption":"Conscience"},"image":{"@id":"https:\/\/conscience.dev.affinitybridge.com\/#\/schema\/logo\/image\/"}}]}},"jetpack_sharing_enabled":true,"_links":{"self":[{"href":"https:\/\/conscience.ca\/fr\/wp-json\/wp\/v2\/pages\/1854","targetHints":{"allow":["GET"]}}],"collection":[{"href":"https:\/\/conscience.ca\/fr\/wp-json\/wp\/v2\/pages"}],"about":[{"href":"https:\/\/conscience.ca\/fr\/wp-json\/wp\/v2\/types\/page"}],"author":[{"embeddable":true,"href":"https:\/\/conscience.ca\/fr\/wp-json\/wp\/v2\/users\/3"}],"replies":[{"embeddable":true,"href":"https:\/\/conscience.ca\/fr\/wp-json\/wp\/v2\/comments?post=1854"}],"version-history":[{"count":6,"href":"https:\/\/conscience.ca\/fr\/wp-json\/wp\/v2\/pages\/1854\/revisions"}],"predecessor-version":[{"id":3622,"href":"https:\/\/conscience.ca\/fr\/wp-json\/wp\/v2\/pages\/1854\/revisions\/3622"}],"wp:attachment":[{"href":"https:\/\/conscience.ca\/fr\/wp-json\/wp\/v2\/media?parent=1854"}],"curies":[{"name":"wp","href":"https:\/\/api.w.org\/{rel}","templated":true}]}}