{"id":1952,"date":"2024-06-12T18:47:20","date_gmt":"2024-06-12T22:47:20","guid":{"rendered":"https:\/\/conscience.ca\/?page_id=1952"},"modified":"2024-06-12T19:01:39","modified_gmt":"2024-06-12T23:01:39","slug":"sign-up","status":"publish","type":"page","link":"https:\/\/conscience.ca\/fr\/sign-up\/","title":{"rendered":"S&rsquo;inscrire"},"content":{"rendered":"\n<h2 class=\"wp-block-heading\">Rejoignez notre r\u00e9seau<\/h2>\n\n\n\n<p>Restez au courant des derni\u00e8res d\u00e9couvertes et des opportunit\u00e9s de recherche.<\/p>\n\n\n\t\t<div data-elementor-type=\"section\" data-elementor-id=\"1953\" class=\"elementor elementor-1953 elementor-1937\" data-elementor-post-type=\"elementor_library\">\n\t\t\t<div class=\"elementor-element elementor-element-7a7cb3e e-flex e-con-boxed e-con e-parent\" data-id=\"7a7cb3e\" data-element_type=\"container\" data-e-type=\"container\" data-settings=\"{&quot;jet_parallax_layout_list&quot;:[]}\">\n\t\t\t\t\t<div class=\"e-con-inner\">\n\t\t\t\t<div class=\"elementor-element elementor-element-ef2f503 elementor-button-align-start so-contact-form elementor-widget elementor-widget-form\" data-id=\"ef2f503\" data-element_type=\"widget\" data-e-type=\"widget\" data-settings=\"{&quot;step_next_label&quot;:&quot;Suivant&quot;,&quot;step_previous_label&quot;:&quot;Pr\\u00e9c\\u00e9dent&quot;,&quot;button_width&quot;:&quot;100&quot;,&quot;step_type&quot;:&quot;number_text&quot;,&quot;step_icon_shape&quot;:&quot;circle&quot;}\" data-widget_type=\"form.default\">\n\t\t\t\t<div class=\"elementor-widget-container\">\n\t\t\t\t\t\t\t<form class=\"elementor-form\" method=\"post\" name=\"New Form\" aria-label=\"New Form\">\n\t\t\t<input type=\"hidden\" name=\"post_id\" value=\"1953\"\/>\n\t\t\t<input type=\"hidden\" name=\"form_id\" value=\"ef2f503\"\/>\n\t\t\t<input type=\"hidden\" name=\"referer_title\" value=\"Conscience\" \/>\n\n\t\t\t\n\t\t\t<div class=\"elementor-form-fields-wrapper elementor-labels-above\">\n\t\t\t\t\t\t\t\t<div class=\"elementor-field-type-email elementor-field-group elementor-column elementor-field-group-email elementor-col-100 elementor-field-required elementor-mark-required\">\n\t\t\t\t\t\t\t\t\t\t\t\t<label for=\"form-field-email\" class=\"elementor-field-label\">\n\t\t\t\t\t\t\t\tCourriel\t\t\t\t\t\t\t<\/label>\n\t\t\t\t\t\t\t\t\t\t\t\t\t\t<input size=\"1\" type=\"email\" name=\"form_fields[email]\" id=\"form-field-email\" class=\"elementor-field elementor-size-sm  elementor-field-textual\" placeholder=\"Courriel\" required=\"required\">\n\t\t\t\t\t\t\t\t\t\t\t<\/div>\n\t\t\t\t\t\t\t\t<div class=\"elementor-field-type-text elementor-field-group elementor-column elementor-field-group-firstname elementor-col-100\">\n\t\t\t\t\t\t\t\t\t\t\t\t<label for=\"form-field-firstname\" class=\"elementor-field-label\">\n\t\t\t\t\t\t\t\tPr\u00e9nom\t\t\t\t\t\t\t<\/label>\n\t\t\t\t\t\t\t\t\t\t\t\t\t\t<input size=\"1\" type=\"text\" name=\"form_fields[firstname]\" id=\"form-field-firstname\" class=\"elementor-field elementor-size-sm  elementor-field-textual\" placeholder=\"Pr\u00e9nom\">\n\t\t\t\t\t\t\t\t\t\t\t<\/div>\n\t\t\t\t\t\t\t\t<div class=\"elementor-field-type-text elementor-field-group elementor-column elementor-field-group-lastname elementor-col-100\">\n\t\t\t\t\t\t\t\t\t\t\t\t<label for=\"form-field-lastname\" class=\"elementor-field-label\">\n\t\t\t\t\t\t\t\tNom de famille\t\t\t\t\t\t\t<\/label>\n\t\t\t\t\t\t\t\t\t\t\t\t\t\t<input size=\"1\" type=\"text\" name=\"form_fields[lastname]\" id=\"form-field-lastname\" class=\"elementor-field elementor-size-sm  elementor-field-textual\" placeholder=\"Nom de famille\">\n\t\t\t\t\t\t\t\t\t\t\t<\/div>\n\t\t\t\t\t\t\t\t<div class=\"elementor-field-type-text elementor-field-group elementor-column elementor-field-group-organization_affiliation elementor-col-100\">\n\t\t\t\t\t\t\t\t\t\t\t\t<label for=\"form-field-organization_affiliation\" class=\"elementor-field-label\">\n\t\t\t\t\t\t\t\tOrganisation\/Affiliation\t\t\t\t\t\t\t<\/label>\n\t\t\t\t\t\t\t\t\t\t\t\t\t\t<input size=\"1\" type=\"text\" name=\"form_fields[organization_affiliation]\" id=\"form-field-organization_affiliation\" class=\"elementor-field elementor-size-sm  elementor-field-textual\" placeholder=\"Organisation\/Affiliation\">\n\t\t\t\t\t\t\t\t\t\t\t<\/div>\n\t\t\t\t\t\t\t\t<div class=\"elementor-field-group elementor-column elementor-field-type-submit elementor-col-100 e-form__buttons\">\n\t\t\t\t\t<button class=\"elementor-button elementor-size-sm\" type=\"submit\">\n\t\t\t\t\t\t<span class=\"elementor-button-content-wrapper\">\n\t\t\t\t\t\t\t\t\t\t\t\t\t\t\t\t\t\t\t\t\t\t<span class=\"elementor-button-text\">S'inscrire<\/span>\n\t\t\t\t\t\t\t\t\t\t\t\t\t<\/span>\n\t\t\t\t\t<\/button>\n\t\t\t\t<\/div>\n\t\t\t<\/div>\n\t\t<\/form>\n\t\t\t\t\t\t<\/div>\n\t\t\t\t<\/div>\n\t\t\t\t\t<\/div>\n\t\t\t\t<\/div>\n\t\t\t\t<\/div>\n\t\t\n","protected":false},"excerpt":{"rendered":"<p>Rejoignez notre r\u00e9seau Restez au courant des derni\u00e8res d\u00e9couvertes et des opportunit\u00e9s de recherche.<\/p>\n","protected":false},"author":1,"featured_media":0,"parent":0,"menu_order":0,"comment_status":"closed","ping_status":"closed","template":"","meta":{"_acf_changed":false,"footnotes":""},"class_list":["post-1952","page","type-page","status-publish","hentry"],"acf":[],"yoast_head":"<!-- This site is optimized with the Yoast SEO plugin v27.3 - https:\/\/yoast.com\/product\/yoast-seo-wordpress\/ -->\n<title>S&#039;inscrire - Conscience<\/title>\n<meta name=\"robots\" content=\"index, follow, max-snippet:-1, max-image-preview:large, max-video-preview:-1\" \/>\n<link rel=\"canonical\" href=\"https:\/\/conscience.ca\/fr\/sign-up\/\" \/>\n<meta property=\"og:locale\" content=\"fr_FR\" \/>\n<meta property=\"og:type\" content=\"article\" \/>\n<meta property=\"og:title\" content=\"S&#039;inscrire - Conscience\" \/>\n<meta property=\"og:description\" content=\"Rejoignez notre r\u00e9seau Restez au courant des derni\u00e8res d\u00e9couvertes et des opportunit\u00e9s de recherche.\" \/>\n<meta property=\"og:url\" content=\"https:\/\/conscience.ca\/fr\/sign-up\/\" \/>\n<meta property=\"og:site_name\" content=\"Conscience\" \/>\n<meta property=\"article:modified_time\" content=\"2024-06-12T23:01:39+00:00\" \/>\n<meta property=\"og:image\" content=\"https:\/\/conscience.ca\/wp-content\/uploads\/2024\/03\/Conscience-1200x627-LinkedIn.png\" \/>\n\t<meta property=\"og:image:width\" content=\"1200\" \/>\n\t<meta property=\"og:image:height\" content=\"627\" \/>\n\t<meta property=\"og:image:type\" content=\"image\/png\" \/>\n<meta name=\"twitter:card\" content=\"summary_large_image\" \/>\n<meta name=\"twitter:label1\" content=\"Dur\u00e9e de lecture estim\u00e9e\" \/>\n\t<meta name=\"twitter:data1\" content=\"1 minute\" \/>\n<script type=\"application\/ld+json\" class=\"yoast-schema-graph\">{\"@context\":\"https:\\\/\\\/schema.org\",\"@graph\":[{\"@type\":\"WebPage\",\"@id\":\"https:\\\/\\\/conscience.ca\\\/fr\\\/sign-up\\\/\",\"url\":\"https:\\\/\\\/conscience.ca\\\/fr\\\/sign-up\\\/\",\"name\":\"S'inscrire - Conscience\",\"isPartOf\":{\"@id\":\"https:\\\/\\\/conscience.dev.affinitybridge.com\\\/#website\"},\"datePublished\":\"2024-06-12T22:47:20+00:00\",\"dateModified\":\"2024-06-12T23:01:39+00:00\",\"breadcrumb\":{\"@id\":\"https:\\\/\\\/conscience.ca\\\/fr\\\/sign-up\\\/#breadcrumb\"},\"inLanguage\":\"fr-FR\",\"potentialAction\":[{\"@type\":\"ReadAction\",\"target\":[\"https:\\\/\\\/conscience.ca\\\/fr\\\/sign-up\\\/\"]}]},{\"@type\":\"BreadcrumbList\",\"@id\":\"https:\\\/\\\/conscience.ca\\\/fr\\\/sign-up\\\/#breadcrumb\",\"itemListElement\":[{\"@type\":\"ListItem\",\"position\":1,\"name\":\"Home\",\"item\":\"https:\\\/\\\/conscience.ca\\\/fr\\\/accueil\\\/\"},{\"@type\":\"ListItem\",\"position\":2,\"name\":\"S&rsquo;inscrire\"}]},{\"@type\":\"WebSite\",\"@id\":\"https:\\\/\\\/conscience.dev.affinitybridge.com\\\/#website\",\"url\":\"https:\\\/\\\/conscience.dev.affinitybridge.com\\\/\",\"name\":\"Conscience\",\"description\":\"\",\"publisher\":{\"@id\":\"https:\\\/\\\/conscience.dev.affinitybridge.com\\\/#organization\"},\"potentialAction\":[{\"@type\":\"SearchAction\",\"target\":{\"@type\":\"EntryPoint\",\"urlTemplate\":\"https:\\\/\\\/conscience.dev.affinitybridge.com\\\/?s={search_term_string}\"},\"query-input\":{\"@type\":\"PropertyValueSpecification\",\"valueRequired\":true,\"valueName\":\"search_term_string\"}}],\"inLanguage\":\"fr-FR\"},{\"@type\":\"Organization\",\"@id\":\"https:\\\/\\\/conscience.dev.affinitybridge.com\\\/#organization\",\"name\":\"Conscience\",\"url\":\"https:\\\/\\\/conscience.dev.affinitybridge.com\\\/\",\"logo\":{\"@type\":\"ImageObject\",\"inLanguage\":\"fr-FR\",\"@id\":\"https:\\\/\\\/conscience.dev.affinitybridge.com\\\/#\\\/schema\\\/logo\\\/image\\\/\",\"url\":\"https:\\\/\\\/conscience.ca\\\/wp-content\\\/uploads\\\/2024\\\/02\\\/header-logo.svg\",\"contentUrl\":\"https:\\\/\\\/conscience.ca\\\/wp-content\\\/uploads\\\/2024\\\/02\\\/header-logo.svg\",\"caption\":\"Conscience\"},\"image\":{\"@id\":\"https:\\\/\\\/conscience.dev.affinitybridge.com\\\/#\\\/schema\\\/logo\\\/image\\\/\"}}]}<\/script>\n<!-- \/ Yoast SEO plugin. -->","yoast_head_json":{"title":"S'inscrire - Conscience","robots":{"index":"index","follow":"follow","max-snippet":"max-snippet:-1","max-image-preview":"max-image-preview:large","max-video-preview":"max-video-preview:-1"},"canonical":"https:\/\/conscience.ca\/fr\/sign-up\/","og_locale":"fr_FR","og_type":"article","og_title":"S'inscrire - Conscience","og_description":"Rejoignez notre r\u00e9seau Restez au courant des derni\u00e8res d\u00e9couvertes et des opportunit\u00e9s de recherche.","og_url":"https:\/\/conscience.ca\/fr\/sign-up\/","og_site_name":"Conscience","article_modified_time":"2024-06-12T23:01:39+00:00","og_image":[{"width":1200,"height":627,"url":"https:\/\/conscience.ca\/wp-content\/uploads\/2024\/03\/Conscience-1200x627-LinkedIn.png","type":"image\/png"}],"twitter_card":"summary_large_image","twitter_misc":{"Dur\u00e9e de lecture estim\u00e9e":"1 minute"},"schema":{"@context":"https:\/\/schema.org","@graph":[{"@type":"WebPage","@id":"https:\/\/conscience.ca\/fr\/sign-up\/","url":"https:\/\/conscience.ca\/fr\/sign-up\/","name":"S'inscrire - Conscience","isPartOf":{"@id":"https:\/\/conscience.dev.affinitybridge.com\/#website"},"datePublished":"2024-06-12T22:47:20+00:00","dateModified":"2024-06-12T23:01:39+00:00","breadcrumb":{"@id":"https:\/\/conscience.ca\/fr\/sign-up\/#breadcrumb"},"inLanguage":"fr-FR","potentialAction":[{"@type":"ReadAction","target":["https:\/\/conscience.ca\/fr\/sign-up\/"]}]},{"@type":"BreadcrumbList","@id":"https:\/\/conscience.ca\/fr\/sign-up\/#breadcrumb","itemListElement":[{"@type":"ListItem","position":1,"name":"Home","item":"https:\/\/conscience.ca\/fr\/accueil\/"},{"@type":"ListItem","position":2,"name":"S&rsquo;inscrire"}]},{"@type":"WebSite","@id":"https:\/\/conscience.dev.affinitybridge.com\/#website","url":"https:\/\/conscience.dev.affinitybridge.com\/","name":"Conscience","description":"","publisher":{"@id":"https:\/\/conscience.dev.affinitybridge.com\/#organization"},"potentialAction":[{"@type":"SearchAction","target":{"@type":"EntryPoint","urlTemplate":"https:\/\/conscience.dev.affinitybridge.com\/?s={search_term_string}"},"query-input":{"@type":"PropertyValueSpecification","valueRequired":true,"valueName":"search_term_string"}}],"inLanguage":"fr-FR"},{"@type":"Organization","@id":"https:\/\/conscience.dev.affinitybridge.com\/#organization","name":"Conscience","url":"https:\/\/conscience.dev.affinitybridge.com\/","logo":{"@type":"ImageObject","inLanguage":"fr-FR","@id":"https:\/\/conscience.dev.affinitybridge.com\/#\/schema\/logo\/image\/","url":"https:\/\/conscience.ca\/wp-content\/uploads\/2024\/02\/header-logo.svg","contentUrl":"https:\/\/conscience.ca\/wp-content\/uploads\/2024\/02\/header-logo.svg","caption":"Conscience"},"image":{"@id":"https:\/\/conscience.dev.affinitybridge.com\/#\/schema\/logo\/image\/"}}]}},"jetpack_sharing_enabled":true,"_links":{"self":[{"href":"https:\/\/conscience.ca\/fr\/wp-json\/wp\/v2\/pages\/1952","targetHints":{"allow":["GET"]}}],"collection":[{"href":"https:\/\/conscience.ca\/fr\/wp-json\/wp\/v2\/pages"}],"about":[{"href":"https:\/\/conscience.ca\/fr\/wp-json\/wp\/v2\/types\/page"}],"author":[{"embeddable":true,"href":"https:\/\/conscience.ca\/fr\/wp-json\/wp\/v2\/users\/1"}],"replies":[{"embeddable":true,"href":"https:\/\/conscience.ca\/fr\/wp-json\/wp\/v2\/comments?post=1952"}],"version-history":[{"count":5,"href":"https:\/\/conscience.ca\/fr\/wp-json\/wp\/v2\/pages\/1952\/revisions"}],"predecessor-version":[{"id":1971,"href":"https:\/\/conscience.ca\/fr\/wp-json\/wp\/v2\/pages\/1952\/revisions\/1971"}],"wp:attachment":[{"href":"https:\/\/conscience.ca\/fr\/wp-json\/wp\/v2\/media?parent=1952"}],"curies":[{"name":"wp","href":"https:\/\/api.w.org\/{rel}","templated":true}]}}