{"id":2077,"date":"2024-07-31T13:55:08","date_gmt":"2024-07-31T17:55:08","guid":{"rendered":"https:\/\/conscience.ca\/?page_id=2077"},"modified":"2026-04-01T10:25:38","modified_gmt":"2026-04-01T14:25:38","slug":"developper-des-medicaments-en-science-ouverte-dmso","status":"publish","type":"page","link":"https:\/\/conscience.ca\/fr\/developper-des-medicaments-en-science-ouverte-dmso\/","title":{"rendered":"D\u00e9velopper des M\u00e9dicaments en Science Ouverte (DMSO)"},"content":{"rendered":"\n<div class=\"wp-block-columns so-text-image-split-container is-layout-flex wp-container-core-columns-is-layout-28f84493 wp-block-columns-is-layout-flex\">\n<div class=\"wp-block-column so-text-image-split-content-wrapper is-layout-flow wp-block-column-is-layout-flow\">\n<h2 class=\"wp-block-heading text-all-caps-sm-16\">\u00c0 propos de DMSO<\/h2>\n\n\n\n<p>Le programme \u00ab D\u00e9velopper des M\u00e9dicaments en Science Ouverte \u00bb (DMSO) offre du soutien et des opportunit\u00e9s de partenariat au d\u00e9veloppement pr\u00e9clinique et clinique de m\u00e9dicaments dans des domaines o\u00f9 le partage ouvert et la collaboration sont essentiels pour progresser et o\u00f9 les solutions du march\u00e9 sont limit\u00e9es.<\/p>\n\n\n\n<p>Ce programme vise \u00e0 promouvoir les collaborations entreprenant des projets pr\u00e9cliniques et cliniques pour d\u00e9velopper des mol\u00e9cules candidates aux m\u00e9dicaments dans des domaines o\u00f9 les besoins m\u00e9dicaux ne sont pas satisfaits, \u00e0 \u00e9tablir la preuve du concept (POC) du d\u00e9veloppement de m\u00e9dicaments en science ouverte permettant \u00e0 ces innovations th\u00e9rapeutiques d&rsquo;\u00eatre abordables, \u00e0 g\u00e9n\u00e9rer une activit\u00e9 \u00e9conomique et \u00e0 soutenir les petites et moyennes entreprises (PME) au Canada.<\/p>\n\n\n\n<p>Fort d\u2019un financement total de 15 millions de dollars, ce programme soutiendra des projets ax\u00e9s sur des maladies mena\u00e7ant le pronostic vital ou gravement invalidantes qui ont d\u00e9montr\u00e9 une forte validation des cibles et ayant un plan r\u00e9aliste menant \u00e0 la validation clinique du concept et d&rsquo;entreprendre soit des \u00e9tudes pr\u00e9cliniques permettant l&rsquo;IND, soit des \u00e9tudes sur l\u2019innocuit\u00e9&nbsp; et l&rsquo;efficacit\u00e9 chez l&rsquo;humain.<\/p>\n<\/div>\n\n\n\n<div class=\"wp-block-column so-text-image-split-image-wrapper is-layout-flow wp-block-column-is-layout-flow\">\n<figure class=\"wp-block-image size-full is-style-rounded so-post-image-circle\"><img fetchpriority=\"high\" decoding=\"async\" width=\"1600\" height=\"1068\" src=\"https:\/\/conscience.ca\/wp-content\/uploads\/2024\/07\/2280571.jpg\" alt=\"Person Holding Laboratory Flask\" class=\"wp-image-2040\" style=\"aspect-ratio:1;object-fit:cover\" srcset=\"https:\/\/conscience.ca\/wp-content\/uploads\/2024\/07\/2280571.jpg 1600w, https:\/\/conscience.ca\/wp-content\/uploads\/2024\/07\/2280571-300x200.jpg 300w, https:\/\/conscience.ca\/wp-content\/uploads\/2024\/07\/2280571-1024x684.jpg 1024w, https:\/\/conscience.ca\/wp-content\/uploads\/2024\/07\/2280571-768x513.jpg 768w, https:\/\/conscience.ca\/wp-content\/uploads\/2024\/07\/2280571-1536x1025.jpg 1536w\" sizes=\"(max-width: 1600px) 100vw, 1600px\" \/><\/figure>\n<\/div>\n<\/div>\n\n\n\n<h3 class=\"wp-block-heading alignwide\">Crit\u00e8res d&rsquo;\u00e9ligibilit\u00e9<\/h3>\n\n\n\n<p>Pour pouvoir b\u00e9n\u00e9ficier d&rsquo;un financement de la DMSO, les candidats doivent:<\/p>\n\n\n\n<ul class=\"wp-block-list\">\n<li>proposer un projet de recherche pr\u00e9clinique ou clinique dans un domaine o\u00f9 les besoins m\u00e9dicaux ne sont pas satisfaits, en s&rsquo;engageant \u00e0 d\u00e9velopper des therapies abordables<\/li>\n\n\n\n<li>mener des recherches \u00e0 des <a href=\"https:\/\/ised-isde.canada.ca\/site\/innovation-canada\/fr\/niveaux-maturite-technologique\" target=\"_blank\" rel=\"noreferrer noopener\">niveaux de maturit\u00e9 technologique<\/a> (TRL) 2 \u00e0 7<\/li>\n\n\n\n<li>inclure au moins une PME canadienne<\/li>\n\n\n\n<li>fournir une preuve de fonds de contrepartie correspondant au manque \u00e0 gagner entre les co\u00fbts totaux et le financement demand\u00e9, car Conscience financera un maximum de 33 % pour les chercheurs, les \u00e9tablissements universitaires et les grandes entreprises, et 50 % pour les petites et moyennes entreprises (PME)<\/li>\n\n\n\n<li>d\u00e9montrer clairement comment le projet fera directement progresser la mission de Conscience, conform\u00e9ment \u00e0 nos\u00a0<a href=\"https:\/\/conscience.ca\/fr\/principes-directeurs\/\">principes directeurs<\/a>\u00a0et \u00e0 notre\u00a0<a href=\"https:\/\/conscience.ca\/fr\/politique-de-science-ouverte\/\">politique de science ouverte<\/a><\/li>\n<\/ul>\n\n\n\n<h3 class=\"wp-block-heading alignwide\">Dur\u00e9e du financement \/ Structure du budget<\/h3>\n\n\n\n<p>La p\u00e9riode de financement de la DMSO est de deux ans, avec la possibilit\u00e9 d&rsquo;une prolongation. Le financement est distribu\u00e9 suite \u00e0 l&rsquo;atteinte d\u2019objectifs et effectu\u00e9 par remboursements. <strong>Nous finan\u00e7ons entre 10% et 50% des co\u00fbts \u00e9ligibles par participant canadien*, avec un financement total maximum par projet en fonction du TRL du projet, comme suit :<\/strong><\/p>\n\n\n\n<figure class=\"wp-block-table has-white-background-color has-background\"><table><tbody><tr><td>Cat\u00e9gorie de TRL du projet<\/td><td>Financement maximal de DMOS par projet<\/td><\/tr><tr><td>Identification des compos\u00e9s chefs de file (<em>Lead identification<\/em>) (TRL 2-3)<\/td><td>200 000 $<\/td><\/tr><tr><td>Optimisation des compos\u00e9s chefs de file (<em>Lead optimization) <\/em>(TRL 3-4)<\/td><td>550 000 $<\/td><\/tr><tr><td>D\u00e9veloppement pr\u00e9clinique permettant l\u2019IND <em>(<em>IND-enabling preclinical development<\/em>) <\/em>(TRL 4-6)<\/td><td>1 600 000 $<\/td><\/tr><tr><td>Projets cliniques en phase pr\u00e9coce \u00e0 interm\u00e9diaire (<em>Early to mid-stage (Phase 1-2) clinical projects<\/em> (TRL 6-7))<\/td><td>2 000 000 $ **<\/td><\/tr><\/tbody><\/table><\/figure>\n\n\n\n<p><\/p>\n\n\n\n<p>Les candidats retenus doivent obtenir le reste des co\u00fbts totaux du projet par le biais de fonds de contrepartie.&nbsp;<\/p>\n\n\n\n<p><\/p>\n\n\n\n<p>*La r\u00e9partition des fonds entre les participants \u00e9ligibles doit \u00eatre confirm\u00e9e avec Conscience au moment de l&rsquo;attribution.<\/p>\n\n\n\n<p>**Bien que le montant indiqu\u00e9 pour le financement des projets de niveau TRL 6-7 puisse atteindre 2 millions de dollars canadiens, un financement suppl\u00e9mentaire peut \u00eatre envisag\u00e9 lorsque la port\u00e9e, la complexit\u00e9 technique ou les exigences r\u00e9glementaires justifient clairement un budget plus \u00e9lev\u00e9. Toute d\u00e9cision de ce type sera fond\u00e9e sur les besoins document\u00e9s du projet et sa conformit\u00e9 avec les objectifs du programme.<\/p>\n\n\n\n<h3 class=\"wp-block-heading\">Crit\u00e8res de s\u00e9lection<\/h3>\n\n\n\n<p>Les projets seront s\u00e9lectionn\u00e9s sur la base des crit\u00e8res suivants :<\/p>\n\n\n\n<ul class=\"wp-block-list\">\n<li>Focus : Besoin m\u00e9dical non satisfait<\/li>\n\n\n\n<li>Rationnel scientifique : validation de la biologie humaine (g\u00e9n\u00e9tique ou pharmacologique), preuve de la r\u00e9versibilit\u00e9, d\u00e9monstration de l&rsquo;utilit\u00e9 clinique et de la faisabilit\u00e9 dans un environnement op\u00e9rationnel appropri\u00e9 et g\u00e9n\u00e9ration (i) de donn\u00e9es sur l\u2019innocuit\u00e9 chez l humain et (ii) d&rsquo;une preuve de concept pour l&rsquo;efficacit\u00e9 chez l humain<\/li>\n\n\n\n<li>Qualit\u00e9 de l&rsquo;\u00e9quipe et de l&rsquo;environnement de recherche<\/li>\n\n\n\n<li>Faisabilite: Essais\/mod\u00e8les pour permettre le criblage et soutenir la transposabilit\u00e9 (engagement de la cible, PK\/PD, s\u00e9lection de la dose, biomarqueur), \u00e9tudes de dosage et d&rsquo;innocuit\u00e9 chez des individus en bonne sant\u00e9, \u00e9tudes d&rsquo;efficacit\u00e9 \u00e0 petite \u00e9chelle chez des patients avec d\u00e9termination de la dose th\u00e9rapeutique et rapport des effets ind\u00e9sirables<\/li>\n\n\n\n<li>Robustesse du plan de d\u00e9veloppement du m\u00e9dicament et faisabilit\u00e9 : Diagnostic\/identification des patients et crit\u00e8res d&rsquo;\u00e9valuation approuv\u00e9s par la r\u00e9glementation pour permettre le POC, donn\u00e9es sur l&rsquo;histoire naturelle, etc.<\/li>\n<\/ul>\n\n\n\n<h2 class=\"wp-block-heading\">Comment postuler<\/h2>\n\n\n\n<p>La proc\u00e9dure de candidature comprendra une lettre d&rsquo;intention, apr\u00e8s quoi les candidats s\u00e9lectionn\u00e9s seront invit\u00e9s \u00e0 soumettre une candidature compl\u00e8te.<\/p>\n\n\n\n<p><strong>Les propositions sont accept\u00e9es sur une base continue jusqu&rsquo;\u00e0 ce que tous les fonds soient allou\u00e9s. Si vous avez une proposition int\u00e9ressante qui correspond \u00e0 notre champ d&rsquo;application et \u00e0 nos crit\u00e8res d&rsquo;\u00e9ligibilit\u00e9, veuillez soumettre votre proposition en cliquant sur le lien ci-dessous.<\/strong><\/p>\n\n\n\n<div class=\"wp-block-buttons is-layout-flex wp-block-buttons-is-layout-flex\">\n<div class=\"wp-block-button\"><a class=\"wp-block-button__link wp-element-button\" href=\"https:\/\/conscience.secure-platform.com\/site\/home\/home\"><strong>Soumettez votre demande ici<\/strong><\/a><\/div>\n<\/div>\n\n\n\n<p><\/p>\n\n\n\n<p>Pour toute question relative au programme, veuillez consulter les <a href=\"https:\/\/conscience.ca\/fr\/frequently-asked-questions-dmos\/\" target=\"_blank\" rel=\"noreferrer noopener\">FAQ<\/a>, regarder la <a href=\"https:\/\/www.youtube.com\/watch?v=0LIX3WcK6KU\" target=\"_blank\" rel=\"noreferrer noopener\">Session d&rsquo;information virtuelle<\/a> ou contacter notre gestionnaire de programme, Resham Chhabra, \u00e0 l&rsquo;adresse <a href=\"mailto:resham.chhabra@conscience.ca\" target=\"_blank\" rel=\"noreferrer noopener\">resham.chhabra@conscience.ca<\/a>.<\/p>\n\n\n\n<h2 class=\"wp-block-heading\">Ressources Pertinents<\/h2>\n\n\n\n<p><strong><a href=\"https:\/\/conscience.ca\/fr\/politique-de-science-ouverte-pour-le-programme-developper-des-medicaments-en-science-ouverte\/\" target=\"_blank\" rel=\"noreferrer noopener\">Politique de science ouverte<\/a><\/strong><\/p>\n\n\n\n<div class=\"wp-block-file\"><a id=\"wp-block-file--media-1e485a0f-bce0-4829-b0d6-6ef3e3d4ef9f\" href=\"https:\/\/conscience.ca\/wp-content\/uploads\/2026\/02\/Details-du-programme-DMSO_FR.pdf\"><strong>De\u0301tails du programme DMSO_FR<\/strong><\/a><a href=\"https:\/\/conscience.ca\/wp-content\/uploads\/2026\/02\/Details-du-programme-DMSO_FR.pdf\" class=\"wp-block-file__button wp-element-button\" download aria-describedby=\"wp-block-file--media-1e485a0f-bce0-4829-b0d6-6ef3e3d4ef9f\">Download<\/a><\/div>\n\n\n\n<p>Pour en savoir plus sur notre appel \u00e0 candidatures en collaboration avec le CQDM visant \u00e0 soutenir les candidats au Qu\u00e9bec, <a href=\"https:\/\/conscience.ca\/wp-content\/uploads\/2024\/08\/Conscience-CQDM-Collaborative-call-for-Quebec-applicants_FR.pdf\">cliquez ici \u00bb<\/a><\/p>\n\n\n\n<p>Pour en savoir plus sur notre partenariat avec Every Cure visant \u00e0 soutenir les projets de r\u00e9affectation des m\u00e9dicaments, <a href=\"https:\/\/conscience.ca\/fr\/news\/conscience-et-every-cure-lancent-un-partenariat-pour-faire-progresser-la-reorientation-des-medicaments\/\">cliquez ici \u00bb<\/a><\/p>\n","protected":false},"excerpt":{"rendered":"<p>\u00c0 propos de DMSO Le programme \u00ab D\u00e9velopper des M\u00e9dicaments en Science Ouverte \u00bb (DMSO) offre du soutien et des opportunit\u00e9s de partenariat au d\u00e9veloppement pr\u00e9clinique et clinique de m\u00e9dicaments dans des domaines o\u00f9 le partage ouvert et la collaboration sont essentiels pour progresser et o\u00f9 les solutions du march\u00e9 sont limit\u00e9es. Ce programme vise [&hellip;]<\/p>\n","protected":false},"author":1,"featured_media":0,"parent":0,"menu_order":0,"comment_status":"closed","ping_status":"closed","template":"","meta":{"_acf_changed":false,"footnotes":""},"class_list":["post-2077","page","type-page","status-publish","hentry"],"acf":[],"yoast_head":"<!-- This site is optimized with the Yoast SEO plugin v27.3 - https:\/\/yoast.com\/product\/yoast-seo-wordpress\/ -->\n<title>D\u00e9velopper des M\u00e9dicaments en Science Ouverte (DMSO) - Conscience<\/title>\n<meta name=\"robots\" content=\"index, follow, max-snippet:-1, max-image-preview:large, max-video-preview:-1\" \/>\n<link rel=\"canonical\" href=\"https:\/\/conscience.ca\/fr\/developper-des-medicaments-en-science-ouverte-dmso\/\" \/>\n<meta property=\"og:locale\" content=\"fr_FR\" \/>\n<meta property=\"og:type\" content=\"article\" \/>\n<meta property=\"og:title\" content=\"D\u00e9velopper des M\u00e9dicaments en Science Ouverte (DMSO) - Conscience\" \/>\n<meta property=\"og:description\" content=\"\u00c0 propos de DMSO Le programme \u00ab D\u00e9velopper des M\u00e9dicaments en Science Ouverte \u00bb (DMSO) offre du soutien et des opportunit\u00e9s de partenariat au d\u00e9veloppement pr\u00e9clinique et clinique de m\u00e9dicaments dans des domaines o\u00f9 le partage ouvert et la collaboration sont essentiels pour progresser et o\u00f9 les solutions du march\u00e9 sont limit\u00e9es. Ce programme vise [&hellip;]\" \/>\n<meta property=\"og:url\" content=\"https:\/\/conscience.ca\/fr\/developper-des-medicaments-en-science-ouverte-dmso\/\" \/>\n<meta property=\"og:site_name\" content=\"Conscience\" \/>\n<meta property=\"article:modified_time\" content=\"2026-04-01T14:25:38+00:00\" \/>\n<meta property=\"og:image\" content=\"https:\/\/conscience.ca\/wp-content\/uploads\/2024\/07\/2280571.jpg\" \/>\n\t<meta property=\"og:image:width\" content=\"1600\" \/>\n\t<meta property=\"og:image:height\" content=\"1068\" \/>\n\t<meta property=\"og:image:type\" content=\"image\/jpeg\" \/>\n<meta name=\"twitter:card\" content=\"summary_large_image\" \/>\n<meta name=\"twitter:label1\" content=\"Dur\u00e9e de lecture estim\u00e9e\" \/>\n\t<meta name=\"twitter:data1\" content=\"4 minutes\" \/>\n<script type=\"application\/ld+json\" class=\"yoast-schema-graph\">{\"@context\":\"https:\\\/\\\/schema.org\",\"@graph\":[{\"@type\":\"WebPage\",\"@id\":\"https:\\\/\\\/conscience.ca\\\/fr\\\/developper-des-medicaments-en-science-ouverte-dmso\\\/\",\"url\":\"https:\\\/\\\/conscience.ca\\\/fr\\\/developper-des-medicaments-en-science-ouverte-dmso\\\/\",\"name\":\"D\u00e9velopper des M\u00e9dicaments en Science Ouverte (DMSO) - Conscience\",\"isPartOf\":{\"@id\":\"https:\\\/\\\/conscience.dev.affinitybridge.com\\\/#website\"},\"primaryImageOfPage\":{\"@id\":\"https:\\\/\\\/conscience.ca\\\/fr\\\/developper-des-medicaments-en-science-ouverte-dmso\\\/#primaryimage\"},\"image\":{\"@id\":\"https:\\\/\\\/conscience.ca\\\/fr\\\/developper-des-medicaments-en-science-ouverte-dmso\\\/#primaryimage\"},\"thumbnailUrl\":\"https:\\\/\\\/conscience.ca\\\/wp-content\\\/uploads\\\/2024\\\/07\\\/2280571.jpg\",\"datePublished\":\"2024-07-31T17:55:08+00:00\",\"dateModified\":\"2026-04-01T14:25:38+00:00\",\"breadcrumb\":{\"@id\":\"https:\\\/\\\/conscience.ca\\\/fr\\\/developper-des-medicaments-en-science-ouverte-dmso\\\/#breadcrumb\"},\"inLanguage\":\"fr-FR\",\"potentialAction\":[{\"@type\":\"ReadAction\",\"target\":[\"https:\\\/\\\/conscience.ca\\\/fr\\\/developper-des-medicaments-en-science-ouverte-dmso\\\/\"]}]},{\"@type\":\"ImageObject\",\"inLanguage\":\"fr-FR\",\"@id\":\"https:\\\/\\\/conscience.ca\\\/fr\\\/developper-des-medicaments-en-science-ouverte-dmso\\\/#primaryimage\",\"url\":\"https:\\\/\\\/conscience.ca\\\/wp-content\\\/uploads\\\/2024\\\/07\\\/2280571.jpg\",\"contentUrl\":\"https:\\\/\\\/conscience.ca\\\/wp-content\\\/uploads\\\/2024\\\/07\\\/2280571.jpg\"},{\"@type\":\"BreadcrumbList\",\"@id\":\"https:\\\/\\\/conscience.ca\\\/fr\\\/developper-des-medicaments-en-science-ouverte-dmso\\\/#breadcrumb\",\"itemListElement\":[{\"@type\":\"ListItem\",\"position\":1,\"name\":\"Home\",\"item\":\"https:\\\/\\\/conscience.ca\\\/fr\\\/accueil\\\/\"},{\"@type\":\"ListItem\",\"position\":2,\"name\":\"D\u00e9velopper des M\u00e9dicaments en Science Ouverte (DMSO)\"}]},{\"@type\":\"WebSite\",\"@id\":\"https:\\\/\\\/conscience.dev.affinitybridge.com\\\/#website\",\"url\":\"https:\\\/\\\/conscience.dev.affinitybridge.com\\\/\",\"name\":\"Conscience\",\"description\":\"\",\"publisher\":{\"@id\":\"https:\\\/\\\/conscience.dev.affinitybridge.com\\\/#organization\"},\"potentialAction\":[{\"@type\":\"SearchAction\",\"target\":{\"@type\":\"EntryPoint\",\"urlTemplate\":\"https:\\\/\\\/conscience.dev.affinitybridge.com\\\/?s={search_term_string}\"},\"query-input\":{\"@type\":\"PropertyValueSpecification\",\"valueRequired\":true,\"valueName\":\"search_term_string\"}}],\"inLanguage\":\"fr-FR\"},{\"@type\":\"Organization\",\"@id\":\"https:\\\/\\\/conscience.dev.affinitybridge.com\\\/#organization\",\"name\":\"Conscience\",\"url\":\"https:\\\/\\\/conscience.dev.affinitybridge.com\\\/\",\"logo\":{\"@type\":\"ImageObject\",\"inLanguage\":\"fr-FR\",\"@id\":\"https:\\\/\\\/conscience.dev.affinitybridge.com\\\/#\\\/schema\\\/logo\\\/image\\\/\",\"url\":\"https:\\\/\\\/conscience.ca\\\/wp-content\\\/uploads\\\/2024\\\/02\\\/header-logo.svg\",\"contentUrl\":\"https:\\\/\\\/conscience.ca\\\/wp-content\\\/uploads\\\/2024\\\/02\\\/header-logo.svg\",\"caption\":\"Conscience\"},\"image\":{\"@id\":\"https:\\\/\\\/conscience.dev.affinitybridge.com\\\/#\\\/schema\\\/logo\\\/image\\\/\"}}]}<\/script>\n<!-- \/ Yoast SEO plugin. -->","yoast_head_json":{"title":"D\u00e9velopper des M\u00e9dicaments en Science Ouverte (DMSO) - Conscience","robots":{"index":"index","follow":"follow","max-snippet":"max-snippet:-1","max-image-preview":"max-image-preview:large","max-video-preview":"max-video-preview:-1"},"canonical":"https:\/\/conscience.ca\/fr\/developper-des-medicaments-en-science-ouverte-dmso\/","og_locale":"fr_FR","og_type":"article","og_title":"D\u00e9velopper des M\u00e9dicaments en Science Ouverte (DMSO) - Conscience","og_description":"\u00c0 propos de DMSO Le programme \u00ab D\u00e9velopper des M\u00e9dicaments en Science Ouverte \u00bb (DMSO) offre du soutien et des opportunit\u00e9s de partenariat au d\u00e9veloppement pr\u00e9clinique et clinique de m\u00e9dicaments dans des domaines o\u00f9 le partage ouvert et la collaboration sont essentiels pour progresser et o\u00f9 les solutions du march\u00e9 sont limit\u00e9es. Ce programme vise [&hellip;]","og_url":"https:\/\/conscience.ca\/fr\/developper-des-medicaments-en-science-ouverte-dmso\/","og_site_name":"Conscience","article_modified_time":"2026-04-01T14:25:38+00:00","og_image":[{"width":1600,"height":1068,"url":"https:\/\/conscience.ca\/wp-content\/uploads\/2024\/07\/2280571.jpg","type":"image\/jpeg"}],"twitter_card":"summary_large_image","twitter_misc":{"Dur\u00e9e de lecture estim\u00e9e":"4 minutes"},"schema":{"@context":"https:\/\/schema.org","@graph":[{"@type":"WebPage","@id":"https:\/\/conscience.ca\/fr\/developper-des-medicaments-en-science-ouverte-dmso\/","url":"https:\/\/conscience.ca\/fr\/developper-des-medicaments-en-science-ouverte-dmso\/","name":"D\u00e9velopper des M\u00e9dicaments en Science Ouverte (DMSO) - Conscience","isPartOf":{"@id":"https:\/\/conscience.dev.affinitybridge.com\/#website"},"primaryImageOfPage":{"@id":"https:\/\/conscience.ca\/fr\/developper-des-medicaments-en-science-ouverte-dmso\/#primaryimage"},"image":{"@id":"https:\/\/conscience.ca\/fr\/developper-des-medicaments-en-science-ouverte-dmso\/#primaryimage"},"thumbnailUrl":"https:\/\/conscience.ca\/wp-content\/uploads\/2024\/07\/2280571.jpg","datePublished":"2024-07-31T17:55:08+00:00","dateModified":"2026-04-01T14:25:38+00:00","breadcrumb":{"@id":"https:\/\/conscience.ca\/fr\/developper-des-medicaments-en-science-ouverte-dmso\/#breadcrumb"},"inLanguage":"fr-FR","potentialAction":[{"@type":"ReadAction","target":["https:\/\/conscience.ca\/fr\/developper-des-medicaments-en-science-ouverte-dmso\/"]}]},{"@type":"ImageObject","inLanguage":"fr-FR","@id":"https:\/\/conscience.ca\/fr\/developper-des-medicaments-en-science-ouverte-dmso\/#primaryimage","url":"https:\/\/conscience.ca\/wp-content\/uploads\/2024\/07\/2280571.jpg","contentUrl":"https:\/\/conscience.ca\/wp-content\/uploads\/2024\/07\/2280571.jpg"},{"@type":"BreadcrumbList","@id":"https:\/\/conscience.ca\/fr\/developper-des-medicaments-en-science-ouverte-dmso\/#breadcrumb","itemListElement":[{"@type":"ListItem","position":1,"name":"Home","item":"https:\/\/conscience.ca\/fr\/accueil\/"},{"@type":"ListItem","position":2,"name":"D\u00e9velopper des M\u00e9dicaments en Science Ouverte (DMSO)"}]},{"@type":"WebSite","@id":"https:\/\/conscience.dev.affinitybridge.com\/#website","url":"https:\/\/conscience.dev.affinitybridge.com\/","name":"Conscience","description":"","publisher":{"@id":"https:\/\/conscience.dev.affinitybridge.com\/#organization"},"potentialAction":[{"@type":"SearchAction","target":{"@type":"EntryPoint","urlTemplate":"https:\/\/conscience.dev.affinitybridge.com\/?s={search_term_string}"},"query-input":{"@type":"PropertyValueSpecification","valueRequired":true,"valueName":"search_term_string"}}],"inLanguage":"fr-FR"},{"@type":"Organization","@id":"https:\/\/conscience.dev.affinitybridge.com\/#organization","name":"Conscience","url":"https:\/\/conscience.dev.affinitybridge.com\/","logo":{"@type":"ImageObject","inLanguage":"fr-FR","@id":"https:\/\/conscience.dev.affinitybridge.com\/#\/schema\/logo\/image\/","url":"https:\/\/conscience.ca\/wp-content\/uploads\/2024\/02\/header-logo.svg","contentUrl":"https:\/\/conscience.ca\/wp-content\/uploads\/2024\/02\/header-logo.svg","caption":"Conscience"},"image":{"@id":"https:\/\/conscience.dev.affinitybridge.com\/#\/schema\/logo\/image\/"}}]}},"jetpack_sharing_enabled":true,"_links":{"self":[{"href":"https:\/\/conscience.ca\/fr\/wp-json\/wp\/v2\/pages\/2077","targetHints":{"allow":["GET"]}}],"collection":[{"href":"https:\/\/conscience.ca\/fr\/wp-json\/wp\/v2\/pages"}],"about":[{"href":"https:\/\/conscience.ca\/fr\/wp-json\/wp\/v2\/types\/page"}],"author":[{"embeddable":true,"href":"https:\/\/conscience.ca\/fr\/wp-json\/wp\/v2\/users\/1"}],"replies":[{"embeddable":true,"href":"https:\/\/conscience.ca\/fr\/wp-json\/wp\/v2\/comments?post=2077"}],"version-history":[{"count":46,"href":"https:\/\/conscience.ca\/fr\/wp-json\/wp\/v2\/pages\/2077\/revisions"}],"predecessor-version":[{"id":5122,"href":"https:\/\/conscience.ca\/fr\/wp-json\/wp\/v2\/pages\/2077\/revisions\/5122"}],"wp:attachment":[{"href":"https:\/\/conscience.ca\/fr\/wp-json\/wp\/v2\/media?parent=2077"}],"curies":[{"name":"wp","href":"https:\/\/api.w.org\/{rel}","templated":true}]}}