{"id":2280,"date":"2024-08-13T13:26:54","date_gmt":"2024-08-13T17:26:54","guid":{"rendered":"https:\/\/conscience.ca\/?page_id=2280"},"modified":"2025-09-23T16:26:04","modified_gmt":"2025-09-23T20:26:04","slug":"joindre-notre-reseau","status":"publish","type":"page","link":"https:\/\/conscience.ca\/fr\/collaborate\/joindre-notre-reseau\/","title":{"rendered":"Joindre notre r\u00e9seau"},"content":{"rendered":"\n<div class=\"wp-block-columns so-text-image-split-container is-layout-flex wp-container-core-columns-is-layout-28f84493 wp-block-columns-is-layout-flex\">\n<div class=\"wp-block-column so-text-image-split-content-wrapper is-layout-flow wp-block-column-is-layout-flow\">\n<h1 class=\"wp-block-heading text-all-caps-sm-16\">Devenir member<\/h1>\n\n\n\n<p>Nous b\u00e2tissons un r\u00e9seau dynamique compos\u00e9 de chercheuses et de chercheurs, de leaders de l\u2019industrie, de PME et autres professionnelles et professionnels qui s\u2019engagent \u00e0 promouvoir la science ouverte gr\u00e2ce \u00e0 une collaboration radicale. Notre mission est d\u2019acc\u00e9l\u00e9rer le partage des connaissances, de favoriser l\u2019\u00e9tablissement de liens significatifs, de r\u00e9unir les principales parties prenantes, d\u2019encourager l\u2019action collective, de fournir des outils pratiques ainsi que d\u2019appuyer le d\u00e9veloppement de m\u00e9dicaments abordables.<\/p>\n\n\n\n<p>En adh\u00e9rant au r\u00e9seau de Conscience, vous rejoignez une communaut\u00e9 engag\u00e9e et dynamique qui s\u2019emploie \u00e0 faire progresser la d\u00e9couverte de m\u00e9dicaments en science ouverte.<\/p>\n\n\n\n<h4 class=\"wp-block-heading has-text-color has-link-color wp-elements-40d6593a9cd21fe375f96d569d6279b6\" style=\"color:#ff2800\"> Nous proposons trois types d&rsquo;adh\u00e9sion :<\/h4>\n\n\n\n<ol class=\"wp-block-list\">\n<li><a href=\"#Membres-de-la-communaut\u00e9\">Membres de la communaut\u00e9<\/a><\/li>\n\n\n\n<li><a href=\"#Membres-participants\">Membres participants<\/a><\/li>\n\n\n\n<li><a href=\"#Membres-institutionnels\">Membres institutionnels<\/a><\/li>\n<\/ol>\n<\/div>\n\n\n\n<div class=\"wp-block-column so-text-image-split-image-wrapper is-layout-flow wp-block-column-is-layout-flow\">\n<figure class=\"wp-block-image size-full is-style-rounded so-post-image-circle\"><img fetchpriority=\"high\" decoding=\"async\" width=\"2560\" height=\"1707\" src=\"https:\/\/conscience.ca\/wp-content\/uploads\/2024\/08\/pexels-pixabay-163064-scaled.jpg\" alt=\"\" class=\"wp-image-2707\" style=\"aspect-ratio:1;object-fit:cover\" srcset=\"https:\/\/conscience.ca\/wp-content\/uploads\/2024\/08\/pexels-pixabay-163064-scaled.jpg 2560w, https:\/\/conscience.ca\/wp-content\/uploads\/2024\/08\/pexels-pixabay-163064-300x200.jpg 300w, https:\/\/conscience.ca\/wp-content\/uploads\/2024\/08\/pexels-pixabay-163064-1024x683.jpg 1024w, https:\/\/conscience.ca\/wp-content\/uploads\/2024\/08\/pexels-pixabay-163064-768x512.jpg 768w, https:\/\/conscience.ca\/wp-content\/uploads\/2024\/08\/pexels-pixabay-163064-1536x1024.jpg 1536w, https:\/\/conscience.ca\/wp-content\/uploads\/2024\/08\/pexels-pixabay-163064-2048x1365.jpg 2048w\" sizes=\"(max-width: 2560px) 100vw, 2560px\" \/><\/figure>\n<\/div>\n<\/div>\n\n\n\n<h3 class=\"wp-block-heading\" id=\"Membres-de-la-communaut\u00e9\">Membres de la communaut\u00e9<\/h3>\n\n\n\n<p>Tout le monde peut rejoindre notre communaut\u00e9 en<a href=\"https:\/\/conscience.ca\/fr\/#footer-join-our-network\"> s\u2019inscrivant ici<\/a>. Vous serez ainsi ajout\u00e9 \u00e0 notre liste de contacts et abonn\u00e9 \u00e0 notre infolettre. De plus, vous serez parmi les premi\u00e8res personnes \u00e0 \u00eatre mises au courant de nos derni\u00e8res nouvelles, \u00e9v\u00e9nements et annonces.<\/p>\n\n\n\n<h3 class=\"wp-block-heading\" id=\"Membres-participants\">Membres participants<\/h3>\n\n\n\n<p>Nos membres participants forment le noyau actif de notre communaut\u00e9. Ils favorisent la collaboration et l\u2019innovation dans le domaine de la d\u00e9couverte de m\u00e9dicaments. Par leur engagement dans nos programmes, en partageant leurs connaissances et en adoptant de nouvelles mani\u00e8res de collaborer, ils contribuent \u00e0 fa\u00e7onner l\u2019avenir de la science ouverte. Cette communaut\u00e9 est principalement compos\u00e9e d\u2019universitaires, et de chercheuses et chercheurs issus de l\u2019industrie, qui participent aux<a href=\"https:\/\/conscience.ca\/fr\/cache-challenge\/\"> d\u00e9fis CACHE<\/a> et au<a href=\"https:\/\/conscience.ca\/fr\/developper-des-medicaments-en-science-ouverte-dmso\/\"> programme DMSO<\/a>, mais elle est ouverte \u00e0 tous.<\/p>\n\n\n\n<p>Les membres participants b\u00e9n\u00e9ficient des avantages suivants.<\/p>\n\n\n\n<ul class=\"wp-block-list\">\n<li><strong>Une meilleure visibilit\u00e9 et un plus grand rayonnement <\/strong>\u2013 Nous pouvons vous aider \u00e0 promouvoir vos travaux en partageant vos articles, outils, ensembles de donn\u00e9es, r\u00e9sultats ou offres d\u2019emploi dans notre infolettre et sur les r\u00e9seaux sociaux. Nous serions \u00e9galement ravis que vous assistiez \u00e0 nos webinaires ou \u00e0 nos activit\u00e9s de r\u00e9seautage.<\/li>\n\n\n\n<li><strong>Des r\u00e9ductions pour les \u00e9v\u00e9nements et les formations<\/strong> \u2013 Profitez de tarifs r\u00e9duits pour les \u00e9v\u00e9nements et sessions de formation propos\u00e9s par Conscience. De plus, vous aurez un acc\u00e8s prioritaire aux nouveaux programmes d\u00e8s qu\u2019ils seront lanc\u00e9s.<\/li>\n\n\n\n<li><strong>Un acc\u00e8s \u00e0 l\u2019expertise et aux contacts<\/strong> \u2013Acc\u00e9dez directement \u00e0 notre r\u00e9seau et \u00e0 nos sp\u00e9cialistes. Par exemple, si vous explorez un nouveau d\u00e9veloppement dans le domaine de la d\u00e9couverte computationnelle de m\u00e9dicaments ou de la d\u00e9couverte de m\u00e9dicaments en science ouverte, nous pouvons vous orienter vers des ressources et des personnes-ressources cl\u00e9s, ou pr\u00e9senter votre sujet dans nos<a href=\"https:\/\/zenodo.org\/communities\/policybriefsandissuetrackers\/records?q=&amp;l=list&amp;p=1&amp;s=10&amp;sort=newest\"> notes d&rsquo;orientation et suivis des enjeux<\/a>.<\/li>\n<\/ul>\n\n\n\n<p>La cotisation en tant que membre participant est de 300 $ CA par ann\u00e9e. Nous offrons des tarifs sp\u00e9ciaux pour les \u00e9tudiants et les membres d\u2019organisations de patients sans but lucratif. Les personnes inscrites aux d\u00e9fis CACHE ainsi que celles qui re\u00e7oivent du financement du programme DMSO b\u00e9n\u00e9ficient d\u2019une adh\u00e9sion gratuite, en t\u00e9moignage de notre reconnaissance envers leur contribution \u00e0 notre communaut\u00e9.<\/p>\n\n\n\n<p>Si vous souhaitez devenir membre participant, veuillez contacter <a href=\"mailto:network@conscience.ca\">network@conscience.ca<\/a>.<\/p>\n\n\n\n<h3 class=\"wp-block-heading\" id=\"Membres-institutionnels\">Membres institutionnels<\/h3>\n\n\n\n<p>Les membres institutionnels sont des organisations qui croient en notre mission et s\u2019engagent \u00e0 transformer la d\u00e9couverte de m\u00e9dicaments en science ouverte. Ils apportent des perspectives uniques \u00e0 notre travail, et nous les aidons \u00e0 int\u00e9grer la science ouverte dans leurs activit\u00e9s.<\/p>\n\n\n\n<p>Les membres institutionnels b\u00e9n\u00e9ficient des avantages suivants.<\/p>\n\n\n\n<ul class=\"wp-block-list\">\n<li><strong>Promotion et visibilit\u00e9 \u2013<\/strong> Nous mettrons en \u00e9vidence le contenu que vous souhaitez diffuser dans notre infolettre et sur les r\u00e9seaux sociaux. Nous vous pr\u00e9senterons \u00e9galement lors de nos \u00e9v\u00e9nements et webinaires.<\/li>\n\n\n\n<li><strong>Avantages exclusifs pour les \u00e9v\u00e9nements et les formations<\/strong> \u2013 Vous recevrez des billets gratuits ou \u00e0 prix r\u00e9duit pour assister aux \u00e9v\u00e9nements et aux formations propos\u00e9s par Conscience pour l\u2019ensemble de vos employ\u00e9s et employ\u00e9es.<\/li>\n\n\n\n<li><strong>Reconnaissance<\/strong> \u2013 Vous serez reconnus comme un partenaire cl\u00e9 dans nos communications et vous b\u00e9n\u00e9ficierez d\u2019une visibilit\u00e9 accrue lors de nos \u00e9v\u00e9nements.<\/li>\n\n\n\n<li><strong>Appui direct pour l\u2019adoption de la science ouverte<\/strong> \u2013 Vous pourrez solliciter l\u2019aide de Conscience pour la r\u00e9daction de synth\u00e8ses sur des sujets pertinents en science ouverte ainsi que pour l\u2019\u00e9laboration de strat\u00e9gies dans ce domaine.<\/li>\n<\/ul>\n\n\n\n<p>La cotisation pour \u00eatre membre institutionnel est de 5\u2009000 $ CA par ann\u00e9e. En guise de reconnaissance de leur leadership dans l\u2019\u00e9laboration de notre travail, les membres du<a href=\"https:\/\/conscience.ca\/fr\/cache-challenge\/#comite-directeur\"> comit\u00e9 directeur de CACHE<\/a> b\u00e9n\u00e9ficient d\u2019une adh\u00e9sion gratuite.<\/p>\n\n\n\n<p>Si vous envisagez de devenir membre institutionnel, de vous joindre au comit\u00e9 directeur de CACHE ou de collaborer avec Conscience dans le cadre de l\u2019un de nos programmes, veuillez communiquer avec notre Directeur adjoint, Strat\u00e9gie et d\u00e9veloppement commercial, Vishan Sivagnanam, \u00e0 <a href=\"mailto:lauriane.gorce@conscience.ca\">vishan.sivagnanam@conscience.ca<\/a>.<\/p>\n","protected":false},"excerpt":{"rendered":"<p>Devenir member Nous b\u00e2tissons un r\u00e9seau dynamique compos\u00e9 de chercheuses et de chercheurs, de leaders de l\u2019industrie, de PME et autres professionnelles et professionnels qui s\u2019engagent \u00e0 promouvoir la science ouverte gr\u00e2ce \u00e0 une collaboration radicale. Notre mission est d\u2019acc\u00e9l\u00e9rer le partage des connaissances, de favoriser l\u2019\u00e9tablissement de liens significatifs, de r\u00e9unir les principales parties [&hellip;]<\/p>\n","protected":false},"author":3,"featured_media":0,"parent":1581,"menu_order":0,"comment_status":"closed","ping_status":"closed","template":"","meta":{"_acf_changed":false,"footnotes":""},"class_list":["post-2280","page","type-page","status-publish","hentry"],"acf":[],"yoast_head":"<!-- This site is optimized with the Yoast SEO plugin v27.3 - https:\/\/yoast.com\/product\/yoast-seo-wordpress\/ -->\n<title>Joindre notre r\u00e9seau - Conscience<\/title>\n<meta name=\"robots\" content=\"index, follow, max-snippet:-1, max-image-preview:large, max-video-preview:-1\" \/>\n<link rel=\"canonical\" href=\"https:\/\/conscience.ca\/fr\/collaborate\/joindre-notre-reseau\/\" \/>\n<meta property=\"og:locale\" content=\"fr_FR\" \/>\n<meta property=\"og:type\" content=\"article\" \/>\n<meta property=\"og:title\" content=\"Joindre notre r\u00e9seau - Conscience\" \/>\n<meta property=\"og:description\" content=\"Devenir member Nous b\u00e2tissons un r\u00e9seau dynamique compos\u00e9 de chercheuses et de chercheurs, de leaders de l\u2019industrie, de PME et autres professionnelles et professionnels qui s\u2019engagent \u00e0 promouvoir la science ouverte gr\u00e2ce \u00e0 une collaboration radicale. Notre mission est d\u2019acc\u00e9l\u00e9rer le partage des connaissances, de favoriser l\u2019\u00e9tablissement de liens significatifs, de r\u00e9unir les principales parties [&hellip;]\" \/>\n<meta property=\"og:url\" content=\"https:\/\/conscience.ca\/fr\/collaborate\/joindre-notre-reseau\/\" \/>\n<meta property=\"og:site_name\" content=\"Conscience\" \/>\n<meta property=\"article:modified_time\" content=\"2025-09-23T20:26:04+00:00\" \/>\n<meta property=\"og:image\" content=\"https:\/\/conscience.ca\/wp-content\/uploads\/2024\/08\/pexels-pixabay-163064-scaled.jpg\" \/>\n\t<meta property=\"og:image:width\" content=\"2560\" \/>\n\t<meta property=\"og:image:height\" content=\"1707\" \/>\n\t<meta property=\"og:image:type\" content=\"image\/jpeg\" \/>\n<meta name=\"twitter:card\" content=\"summary_large_image\" \/>\n<meta name=\"twitter:label1\" content=\"Dur\u00e9e de lecture estim\u00e9e\" \/>\n\t<meta name=\"twitter:data1\" content=\"4 minutes\" \/>\n<script type=\"application\/ld+json\" class=\"yoast-schema-graph\">{\"@context\":\"https:\\\/\\\/schema.org\",\"@graph\":[{\"@type\":\"WebPage\",\"@id\":\"https:\\\/\\\/conscience.ca\\\/fr\\\/collaborate\\\/joindre-notre-reseau\\\/\",\"url\":\"https:\\\/\\\/conscience.ca\\\/fr\\\/collaborate\\\/joindre-notre-reseau\\\/\",\"name\":\"Joindre notre r\u00e9seau - Conscience\",\"isPartOf\":{\"@id\":\"https:\\\/\\\/conscience.dev.affinitybridge.com\\\/#website\"},\"primaryImageOfPage\":{\"@id\":\"https:\\\/\\\/conscience.ca\\\/fr\\\/collaborate\\\/joindre-notre-reseau\\\/#primaryimage\"},\"image\":{\"@id\":\"https:\\\/\\\/conscience.ca\\\/fr\\\/collaborate\\\/joindre-notre-reseau\\\/#primaryimage\"},\"thumbnailUrl\":\"https:\\\/\\\/conscience.ca\\\/wp-content\\\/uploads\\\/2024\\\/08\\\/pexels-pixabay-163064-scaled.jpg\",\"datePublished\":\"2024-08-13T17:26:54+00:00\",\"dateModified\":\"2025-09-23T20:26:04+00:00\",\"breadcrumb\":{\"@id\":\"https:\\\/\\\/conscience.ca\\\/fr\\\/collaborate\\\/joindre-notre-reseau\\\/#breadcrumb\"},\"inLanguage\":\"fr-FR\",\"potentialAction\":[{\"@type\":\"ReadAction\",\"target\":[\"https:\\\/\\\/conscience.ca\\\/fr\\\/collaborate\\\/joindre-notre-reseau\\\/\"]}]},{\"@type\":\"ImageObject\",\"inLanguage\":\"fr-FR\",\"@id\":\"https:\\\/\\\/conscience.ca\\\/fr\\\/collaborate\\\/joindre-notre-reseau\\\/#primaryimage\",\"url\":\"https:\\\/\\\/conscience.ca\\\/wp-content\\\/uploads\\\/2024\\\/08\\\/pexels-pixabay-163064-scaled.jpg\",\"contentUrl\":\"https:\\\/\\\/conscience.ca\\\/wp-content\\\/uploads\\\/2024\\\/08\\\/pexels-pixabay-163064-scaled.jpg\"},{\"@type\":\"BreadcrumbList\",\"@id\":\"https:\\\/\\\/conscience.ca\\\/fr\\\/collaborate\\\/joindre-notre-reseau\\\/#breadcrumb\",\"itemListElement\":[{\"@type\":\"ListItem\",\"position\":1,\"name\":\"Home\",\"item\":\"https:\\\/\\\/conscience.ca\\\/fr\\\/accueil\\\/\"},{\"@type\":\"ListItem\",\"position\":2,\"name\":\"Collaborer avec nous\",\"item\":\"https:\\\/\\\/conscience.ca\\\/fr\\\/collaborate\\\/\"},{\"@type\":\"ListItem\",\"position\":3,\"name\":\"Joindre notre r\u00e9seau\"}]},{\"@type\":\"WebSite\",\"@id\":\"https:\\\/\\\/conscience.dev.affinitybridge.com\\\/#website\",\"url\":\"https:\\\/\\\/conscience.dev.affinitybridge.com\\\/\",\"name\":\"Conscience\",\"description\":\"\",\"publisher\":{\"@id\":\"https:\\\/\\\/conscience.dev.affinitybridge.com\\\/#organization\"},\"potentialAction\":[{\"@type\":\"SearchAction\",\"target\":{\"@type\":\"EntryPoint\",\"urlTemplate\":\"https:\\\/\\\/conscience.dev.affinitybridge.com\\\/?s={search_term_string}\"},\"query-input\":{\"@type\":\"PropertyValueSpecification\",\"valueRequired\":true,\"valueName\":\"search_term_string\"}}],\"inLanguage\":\"fr-FR\"},{\"@type\":\"Organization\",\"@id\":\"https:\\\/\\\/conscience.dev.affinitybridge.com\\\/#organization\",\"name\":\"Conscience\",\"url\":\"https:\\\/\\\/conscience.dev.affinitybridge.com\\\/\",\"logo\":{\"@type\":\"ImageObject\",\"inLanguage\":\"fr-FR\",\"@id\":\"https:\\\/\\\/conscience.dev.affinitybridge.com\\\/#\\\/schema\\\/logo\\\/image\\\/\",\"url\":\"https:\\\/\\\/conscience.ca\\\/wp-content\\\/uploads\\\/2024\\\/02\\\/header-logo.svg\",\"contentUrl\":\"https:\\\/\\\/conscience.ca\\\/wp-content\\\/uploads\\\/2024\\\/02\\\/header-logo.svg\",\"caption\":\"Conscience\"},\"image\":{\"@id\":\"https:\\\/\\\/conscience.dev.affinitybridge.com\\\/#\\\/schema\\\/logo\\\/image\\\/\"}}]}<\/script>\n<!-- \/ Yoast SEO plugin. -->","yoast_head_json":{"title":"Joindre notre r\u00e9seau - Conscience","robots":{"index":"index","follow":"follow","max-snippet":"max-snippet:-1","max-image-preview":"max-image-preview:large","max-video-preview":"max-video-preview:-1"},"canonical":"https:\/\/conscience.ca\/fr\/collaborate\/joindre-notre-reseau\/","og_locale":"fr_FR","og_type":"article","og_title":"Joindre notre r\u00e9seau - Conscience","og_description":"Devenir member Nous b\u00e2tissons un r\u00e9seau dynamique compos\u00e9 de chercheuses et de chercheurs, de leaders de l\u2019industrie, de PME et autres professionnelles et professionnels qui s\u2019engagent \u00e0 promouvoir la science ouverte gr\u00e2ce \u00e0 une collaboration radicale. Notre mission est d\u2019acc\u00e9l\u00e9rer le partage des connaissances, de favoriser l\u2019\u00e9tablissement de liens significatifs, de r\u00e9unir les principales parties [&hellip;]","og_url":"https:\/\/conscience.ca\/fr\/collaborate\/joindre-notre-reseau\/","og_site_name":"Conscience","article_modified_time":"2025-09-23T20:26:04+00:00","og_image":[{"width":2560,"height":1707,"url":"https:\/\/conscience.ca\/wp-content\/uploads\/2024\/08\/pexels-pixabay-163064-scaled.jpg","type":"image\/jpeg"}],"twitter_card":"summary_large_image","twitter_misc":{"Dur\u00e9e de lecture estim\u00e9e":"4 minutes"},"schema":{"@context":"https:\/\/schema.org","@graph":[{"@type":"WebPage","@id":"https:\/\/conscience.ca\/fr\/collaborate\/joindre-notre-reseau\/","url":"https:\/\/conscience.ca\/fr\/collaborate\/joindre-notre-reseau\/","name":"Joindre notre r\u00e9seau - Conscience","isPartOf":{"@id":"https:\/\/conscience.dev.affinitybridge.com\/#website"},"primaryImageOfPage":{"@id":"https:\/\/conscience.ca\/fr\/collaborate\/joindre-notre-reseau\/#primaryimage"},"image":{"@id":"https:\/\/conscience.ca\/fr\/collaborate\/joindre-notre-reseau\/#primaryimage"},"thumbnailUrl":"https:\/\/conscience.ca\/wp-content\/uploads\/2024\/08\/pexels-pixabay-163064-scaled.jpg","datePublished":"2024-08-13T17:26:54+00:00","dateModified":"2025-09-23T20:26:04+00:00","breadcrumb":{"@id":"https:\/\/conscience.ca\/fr\/collaborate\/joindre-notre-reseau\/#breadcrumb"},"inLanguage":"fr-FR","potentialAction":[{"@type":"ReadAction","target":["https:\/\/conscience.ca\/fr\/collaborate\/joindre-notre-reseau\/"]}]},{"@type":"ImageObject","inLanguage":"fr-FR","@id":"https:\/\/conscience.ca\/fr\/collaborate\/joindre-notre-reseau\/#primaryimage","url":"https:\/\/conscience.ca\/wp-content\/uploads\/2024\/08\/pexels-pixabay-163064-scaled.jpg","contentUrl":"https:\/\/conscience.ca\/wp-content\/uploads\/2024\/08\/pexels-pixabay-163064-scaled.jpg"},{"@type":"BreadcrumbList","@id":"https:\/\/conscience.ca\/fr\/collaborate\/joindre-notre-reseau\/#breadcrumb","itemListElement":[{"@type":"ListItem","position":1,"name":"Home","item":"https:\/\/conscience.ca\/fr\/accueil\/"},{"@type":"ListItem","position":2,"name":"Collaborer avec nous","item":"https:\/\/conscience.ca\/fr\/collaborate\/"},{"@type":"ListItem","position":3,"name":"Joindre notre r\u00e9seau"}]},{"@type":"WebSite","@id":"https:\/\/conscience.dev.affinitybridge.com\/#website","url":"https:\/\/conscience.dev.affinitybridge.com\/","name":"Conscience","description":"","publisher":{"@id":"https:\/\/conscience.dev.affinitybridge.com\/#organization"},"potentialAction":[{"@type":"SearchAction","target":{"@type":"EntryPoint","urlTemplate":"https:\/\/conscience.dev.affinitybridge.com\/?s={search_term_string}"},"query-input":{"@type":"PropertyValueSpecification","valueRequired":true,"valueName":"search_term_string"}}],"inLanguage":"fr-FR"},{"@type":"Organization","@id":"https:\/\/conscience.dev.affinitybridge.com\/#organization","name":"Conscience","url":"https:\/\/conscience.dev.affinitybridge.com\/","logo":{"@type":"ImageObject","inLanguage":"fr-FR","@id":"https:\/\/conscience.dev.affinitybridge.com\/#\/schema\/logo\/image\/","url":"https:\/\/conscience.ca\/wp-content\/uploads\/2024\/02\/header-logo.svg","contentUrl":"https:\/\/conscience.ca\/wp-content\/uploads\/2024\/02\/header-logo.svg","caption":"Conscience"},"image":{"@id":"https:\/\/conscience.dev.affinitybridge.com\/#\/schema\/logo\/image\/"}}]}},"jetpack_sharing_enabled":true,"_links":{"self":[{"href":"https:\/\/conscience.ca\/fr\/wp-json\/wp\/v2\/pages\/2280","targetHints":{"allow":["GET"]}}],"collection":[{"href":"https:\/\/conscience.ca\/fr\/wp-json\/wp\/v2\/pages"}],"about":[{"href":"https:\/\/conscience.ca\/fr\/wp-json\/wp\/v2\/types\/page"}],"author":[{"embeddable":true,"href":"https:\/\/conscience.ca\/fr\/wp-json\/wp\/v2\/users\/3"}],"replies":[{"embeddable":true,"href":"https:\/\/conscience.ca\/fr\/wp-json\/wp\/v2\/comments?post=2280"}],"version-history":[{"count":8,"href":"https:\/\/conscience.ca\/fr\/wp-json\/wp\/v2\/pages\/2280\/revisions"}],"predecessor-version":[{"id":4589,"href":"https:\/\/conscience.ca\/fr\/wp-json\/wp\/v2\/pages\/2280\/revisions\/4589"}],"up":[{"embeddable":true,"href":"https:\/\/conscience.ca\/fr\/wp-json\/wp\/v2\/pages\/1581"}],"wp:attachment":[{"href":"https:\/\/conscience.ca\/fr\/wp-json\/wp\/v2\/media?parent=2280"}],"curies":[{"name":"wp","href":"https:\/\/api.w.org\/{rel}","templated":true}]}}