{"id":2386,"date":"2024-08-19T17:35:47","date_gmt":"2024-08-19T21:35:47","guid":{"rendered":"https:\/\/conscience.ca\/?page_id=2386"},"modified":"2024-08-26T15:32:13","modified_gmt":"2024-08-26T19:32:13","slug":"formation","status":"publish","type":"page","link":"https:\/\/conscience.ca\/fr\/ressources\/formation\/","title":{"rendered":"Formation"},"content":{"rendered":"\n<div class=\"wp-block-columns so-text-image-split-container is-layout-flex wp-container-core-columns-is-layout-28f84493 wp-block-columns-is-layout-flex\">\n<div class=\"wp-block-column so-text-image-split-content-wrapper is-layout-flow wp-block-column-is-layout-flow\">\n<h2 class=\"wp-block-heading text-all-caps-sm-16\">Cours de formation \u00e0 venir<\/h2>\n\n\n\n<h3 class=\"wp-block-heading display-xl-bold-60 has-text-color has-link-color wp-elements-5eed5c16eff127b0dfa35cfa208daecd\" style=\"color:#ff2800\"><\/h3>\n\n\n\n<p>Conscience est actuellement en train de d\u00e9velopper deux programmes de formation. Le moyen le plus simple de rester inform\u00e9 du lancement de ces cours est de <a href=\"#footer-join-our-network\">s&rsquo;inscrire \u00e0 notre infolettre<\/a>. <\/p>\n\n\n\n<p>Entre-temps, si vous avez des questions sur la propri\u00e9t\u00e9 intellectuelle et la science ouverte ou si vous souhaitez contribuer \u00e0 la conception de ces cours, veuillez nous contacter \u00e0 l&rsquo;adresse suivante : <a href=\"mailto:network@conscience.ca\">network@conscience.ca<\/a>.<\/p>\n\n\n\n<p><\/p>\n\n\n\n<h4 class=\"wp-block-heading display-xs-bold-24 has-text-color has-link-color wp-elements-7d3e7849571b89de5f93498968491f5f\" style=\"color:#ff2800\">Propri\u00e9t\u00e9 intellectuelle et science ouverte<\/h4>\n\n\n\n<p>Ce cours est con\u00e7u pour permettre aux participants de comprendre la relation entre la propri\u00e9t\u00e9 intellectuelle et la science ouverte, les restrictions relatives \u00e0 l&rsquo;utilisation de ressources partag\u00e9es ouvertement et la mani\u00e8re de partager des ressources ouvertement de mani\u00e8re efficace.<\/p>\n\n\n\n<h4 class=\"wp-block-heading display-xs-bold-24 has-text-color has-link-color wp-elements-e5f53264737d8e7244225178ec5bf849\" style=\"color:#ff2800\">D\u00e9couverte de m\u00e9dicaments en science ouverte<\/h4>\n\n\n\n<p>Ce cours d&rsquo;une demi-journ\u00e9e explorera comment cr\u00e9er des partenariats de science ouverte et comment utiliser et partager les r\u00e9sultats de la recherche de mani\u00e8re ouverte.<\/p>\n<\/div>\n\n\n\n<div class=\"wp-block-column so-text-image-split-image-wrapper is-layout-flow wp-block-column-is-layout-flow\">\n<figure class=\"wp-block-image size-full is-style-rounded so-post-image-circle\"><img fetchpriority=\"high\" decoding=\"async\" width=\"1828\" height=\"2560\" src=\"https:\/\/conscience.ca\/wp-content\/uploads\/2024\/08\/putting_molecule_together-scaled.jpg\" alt=\"\" class=\"wp-image-2204\" style=\"aspect-ratio:1;object-fit:cover\" srcset=\"https:\/\/conscience.ca\/wp-content\/uploads\/2024\/08\/putting_molecule_together-scaled.jpg 1828w, https:\/\/conscience.ca\/wp-content\/uploads\/2024\/08\/putting_molecule_together-214x300.jpg 214w, https:\/\/conscience.ca\/wp-content\/uploads\/2024\/08\/putting_molecule_together-731x1024.jpg 731w, https:\/\/conscience.ca\/wp-content\/uploads\/2024\/08\/putting_molecule_together-768x1075.jpg 768w, https:\/\/conscience.ca\/wp-content\/uploads\/2024\/08\/putting_molecule_together-1097x1536.jpg 1097w, https:\/\/conscience.ca\/wp-content\/uploads\/2024\/08\/putting_molecule_together-1463x2048.jpg 1463w\" sizes=\"(max-width: 1828px) 100vw, 1828px\" \/><\/figure>\n<\/div>\n<\/div>\n","protected":false},"excerpt":{"rendered":"<p>Cours de formation \u00e0 venir Conscience est actuellement en train de d\u00e9velopper deux programmes de formation. Le moyen le plus simple de rester inform\u00e9 du lancement de ces cours est de s&rsquo;inscrire \u00e0 notre infolettre. Entre-temps, si vous avez des questions sur la propri\u00e9t\u00e9 intellectuelle et la science ouverte ou si vous souhaitez contribuer \u00e0 [&hellip;]<\/p>\n","protected":false},"author":3,"featured_media":0,"parent":2389,"menu_order":0,"comment_status":"closed","ping_status":"closed","template":"","meta":{"_acf_changed":false,"footnotes":""},"class_list":["post-2386","page","type-page","status-publish","hentry"],"acf":[],"yoast_head":"<!-- This site is optimized with the Yoast SEO plugin v27.3 - https:\/\/yoast.com\/product\/yoast-seo-wordpress\/ -->\n<title>Formation - Conscience<\/title>\n<meta name=\"robots\" content=\"index, follow, max-snippet:-1, max-image-preview:large, max-video-preview:-1\" \/>\n<link rel=\"canonical\" href=\"https:\/\/conscience.ca\/fr\/ressources\/formation\/\" \/>\n<meta property=\"og:locale\" content=\"fr_FR\" \/>\n<meta property=\"og:type\" content=\"article\" \/>\n<meta property=\"og:title\" content=\"Formation - Conscience\" \/>\n<meta property=\"og:description\" content=\"Cours de formation \u00e0 venir Conscience est actuellement en train de d\u00e9velopper deux programmes de formation. Le moyen le plus simple de rester inform\u00e9 du lancement de ces cours est de s&rsquo;inscrire \u00e0 notre infolettre. Entre-temps, si vous avez des questions sur la propri\u00e9t\u00e9 intellectuelle et la science ouverte ou si vous souhaitez contribuer \u00e0 [&hellip;]\" \/>\n<meta property=\"og:url\" content=\"https:\/\/conscience.ca\/fr\/ressources\/formation\/\" \/>\n<meta property=\"og:site_name\" content=\"Conscience\" \/>\n<meta property=\"article:modified_time\" content=\"2024-08-26T19:32:13+00:00\" \/>\n<meta property=\"og:image\" content=\"https:\/\/conscience.ca\/wp-content\/uploads\/2024\/08\/putting_molecule_together-scaled.jpg\" \/>\n<meta name=\"twitter:card\" content=\"summary_large_image\" \/>\n<meta name=\"twitter:label1\" content=\"Dur\u00e9e de lecture estim\u00e9e\" \/>\n\t<meta name=\"twitter:data1\" content=\"1 minute\" \/>\n<script type=\"application\/ld+json\" class=\"yoast-schema-graph\">{\"@context\":\"https:\\\/\\\/schema.org\",\"@graph\":[{\"@type\":\"WebPage\",\"@id\":\"https:\\\/\\\/conscience.ca\\\/fr\\\/ressources\\\/formation\\\/\",\"url\":\"https:\\\/\\\/conscience.ca\\\/fr\\\/ressources\\\/formation\\\/\",\"name\":\"Formation - Conscience\",\"isPartOf\":{\"@id\":\"https:\\\/\\\/conscience.dev.affinitybridge.com\\\/#website\"},\"primaryImageOfPage\":{\"@id\":\"https:\\\/\\\/conscience.ca\\\/fr\\\/ressources\\\/formation\\\/#primaryimage\"},\"image\":{\"@id\":\"https:\\\/\\\/conscience.ca\\\/fr\\\/ressources\\\/formation\\\/#primaryimage\"},\"thumbnailUrl\":\"https:\\\/\\\/conscience.ca\\\/wp-content\\\/uploads\\\/2024\\\/08\\\/putting_molecule_together-scaled.jpg\",\"datePublished\":\"2024-08-19T21:35:47+00:00\",\"dateModified\":\"2024-08-26T19:32:13+00:00\",\"breadcrumb\":{\"@id\":\"https:\\\/\\\/conscience.ca\\\/fr\\\/ressources\\\/formation\\\/#breadcrumb\"},\"inLanguage\":\"fr-FR\",\"potentialAction\":[{\"@type\":\"ReadAction\",\"target\":[\"https:\\\/\\\/conscience.ca\\\/fr\\\/ressources\\\/formation\\\/\"]}]},{\"@type\":\"ImageObject\",\"inLanguage\":\"fr-FR\",\"@id\":\"https:\\\/\\\/conscience.ca\\\/fr\\\/ressources\\\/formation\\\/#primaryimage\",\"url\":\"https:\\\/\\\/conscience.ca\\\/wp-content\\\/uploads\\\/2024\\\/08\\\/putting_molecule_together-scaled.jpg\",\"contentUrl\":\"https:\\\/\\\/conscience.ca\\\/wp-content\\\/uploads\\\/2024\\\/08\\\/putting_molecule_together-scaled.jpg\"},{\"@type\":\"BreadcrumbList\",\"@id\":\"https:\\\/\\\/conscience.ca\\\/fr\\\/ressources\\\/formation\\\/#breadcrumb\",\"itemListElement\":[{\"@type\":\"ListItem\",\"position\":1,\"name\":\"Home\",\"item\":\"https:\\\/\\\/conscience.ca\\\/fr\\\/accueil\\\/\"},{\"@type\":\"ListItem\",\"position\":2,\"name\":\"Ressources\",\"item\":\"https:\\\/\\\/conscience.ca\\\/fr\\\/ressources\\\/\"},{\"@type\":\"ListItem\",\"position\":3,\"name\":\"Formation\"}]},{\"@type\":\"WebSite\",\"@id\":\"https:\\\/\\\/conscience.dev.affinitybridge.com\\\/#website\",\"url\":\"https:\\\/\\\/conscience.dev.affinitybridge.com\\\/\",\"name\":\"Conscience\",\"description\":\"\",\"publisher\":{\"@id\":\"https:\\\/\\\/conscience.dev.affinitybridge.com\\\/#organization\"},\"potentialAction\":[{\"@type\":\"SearchAction\",\"target\":{\"@type\":\"EntryPoint\",\"urlTemplate\":\"https:\\\/\\\/conscience.dev.affinitybridge.com\\\/?s={search_term_string}\"},\"query-input\":{\"@type\":\"PropertyValueSpecification\",\"valueRequired\":true,\"valueName\":\"search_term_string\"}}],\"inLanguage\":\"fr-FR\"},{\"@type\":\"Organization\",\"@id\":\"https:\\\/\\\/conscience.dev.affinitybridge.com\\\/#organization\",\"name\":\"Conscience\",\"url\":\"https:\\\/\\\/conscience.dev.affinitybridge.com\\\/\",\"logo\":{\"@type\":\"ImageObject\",\"inLanguage\":\"fr-FR\",\"@id\":\"https:\\\/\\\/conscience.dev.affinitybridge.com\\\/#\\\/schema\\\/logo\\\/image\\\/\",\"url\":\"https:\\\/\\\/conscience.ca\\\/wp-content\\\/uploads\\\/2024\\\/02\\\/header-logo.svg\",\"contentUrl\":\"https:\\\/\\\/conscience.ca\\\/wp-content\\\/uploads\\\/2024\\\/02\\\/header-logo.svg\",\"caption\":\"Conscience\"},\"image\":{\"@id\":\"https:\\\/\\\/conscience.dev.affinitybridge.com\\\/#\\\/schema\\\/logo\\\/image\\\/\"}}]}<\/script>\n<!-- \/ Yoast SEO plugin. -->","yoast_head_json":{"title":"Formation - Conscience","robots":{"index":"index","follow":"follow","max-snippet":"max-snippet:-1","max-image-preview":"max-image-preview:large","max-video-preview":"max-video-preview:-1"},"canonical":"https:\/\/conscience.ca\/fr\/ressources\/formation\/","og_locale":"fr_FR","og_type":"article","og_title":"Formation - Conscience","og_description":"Cours de formation \u00e0 venir Conscience est actuellement en train de d\u00e9velopper deux programmes de formation. Le moyen le plus simple de rester inform\u00e9 du lancement de ces cours est de s&rsquo;inscrire \u00e0 notre infolettre. Entre-temps, si vous avez des questions sur la propri\u00e9t\u00e9 intellectuelle et la science ouverte ou si vous souhaitez contribuer \u00e0 [&hellip;]","og_url":"https:\/\/conscience.ca\/fr\/ressources\/formation\/","og_site_name":"Conscience","article_modified_time":"2024-08-26T19:32:13+00:00","og_image":[{"url":"https:\/\/conscience.ca\/wp-content\/uploads\/2024\/08\/putting_molecule_together-scaled.jpg","type":"","width":"","height":""}],"twitter_card":"summary_large_image","twitter_misc":{"Dur\u00e9e de lecture estim\u00e9e":"1 minute"},"schema":{"@context":"https:\/\/schema.org","@graph":[{"@type":"WebPage","@id":"https:\/\/conscience.ca\/fr\/ressources\/formation\/","url":"https:\/\/conscience.ca\/fr\/ressources\/formation\/","name":"Formation - Conscience","isPartOf":{"@id":"https:\/\/conscience.dev.affinitybridge.com\/#website"},"primaryImageOfPage":{"@id":"https:\/\/conscience.ca\/fr\/ressources\/formation\/#primaryimage"},"image":{"@id":"https:\/\/conscience.ca\/fr\/ressources\/formation\/#primaryimage"},"thumbnailUrl":"https:\/\/conscience.ca\/wp-content\/uploads\/2024\/08\/putting_molecule_together-scaled.jpg","datePublished":"2024-08-19T21:35:47+00:00","dateModified":"2024-08-26T19:32:13+00:00","breadcrumb":{"@id":"https:\/\/conscience.ca\/fr\/ressources\/formation\/#breadcrumb"},"inLanguage":"fr-FR","potentialAction":[{"@type":"ReadAction","target":["https:\/\/conscience.ca\/fr\/ressources\/formation\/"]}]},{"@type":"ImageObject","inLanguage":"fr-FR","@id":"https:\/\/conscience.ca\/fr\/ressources\/formation\/#primaryimage","url":"https:\/\/conscience.ca\/wp-content\/uploads\/2024\/08\/putting_molecule_together-scaled.jpg","contentUrl":"https:\/\/conscience.ca\/wp-content\/uploads\/2024\/08\/putting_molecule_together-scaled.jpg"},{"@type":"BreadcrumbList","@id":"https:\/\/conscience.ca\/fr\/ressources\/formation\/#breadcrumb","itemListElement":[{"@type":"ListItem","position":1,"name":"Home","item":"https:\/\/conscience.ca\/fr\/accueil\/"},{"@type":"ListItem","position":2,"name":"Ressources","item":"https:\/\/conscience.ca\/fr\/ressources\/"},{"@type":"ListItem","position":3,"name":"Formation"}]},{"@type":"WebSite","@id":"https:\/\/conscience.dev.affinitybridge.com\/#website","url":"https:\/\/conscience.dev.affinitybridge.com\/","name":"Conscience","description":"","publisher":{"@id":"https:\/\/conscience.dev.affinitybridge.com\/#organization"},"potentialAction":[{"@type":"SearchAction","target":{"@type":"EntryPoint","urlTemplate":"https:\/\/conscience.dev.affinitybridge.com\/?s={search_term_string}"},"query-input":{"@type":"PropertyValueSpecification","valueRequired":true,"valueName":"search_term_string"}}],"inLanguage":"fr-FR"},{"@type":"Organization","@id":"https:\/\/conscience.dev.affinitybridge.com\/#organization","name":"Conscience","url":"https:\/\/conscience.dev.affinitybridge.com\/","logo":{"@type":"ImageObject","inLanguage":"fr-FR","@id":"https:\/\/conscience.dev.affinitybridge.com\/#\/schema\/logo\/image\/","url":"https:\/\/conscience.ca\/wp-content\/uploads\/2024\/02\/header-logo.svg","contentUrl":"https:\/\/conscience.ca\/wp-content\/uploads\/2024\/02\/header-logo.svg","caption":"Conscience"},"image":{"@id":"https:\/\/conscience.dev.affinitybridge.com\/#\/schema\/logo\/image\/"}}]}},"jetpack_sharing_enabled":true,"_links":{"self":[{"href":"https:\/\/conscience.ca\/fr\/wp-json\/wp\/v2\/pages\/2386","targetHints":{"allow":["GET"]}}],"collection":[{"href":"https:\/\/conscience.ca\/fr\/wp-json\/wp\/v2\/pages"}],"about":[{"href":"https:\/\/conscience.ca\/fr\/wp-json\/wp\/v2\/types\/page"}],"author":[{"embeddable":true,"href":"https:\/\/conscience.ca\/fr\/wp-json\/wp\/v2\/users\/3"}],"replies":[{"embeddable":true,"href":"https:\/\/conscience.ca\/fr\/wp-json\/wp\/v2\/comments?post=2386"}],"version-history":[{"count":5,"href":"https:\/\/conscience.ca\/fr\/wp-json\/wp\/v2\/pages\/2386\/revisions"}],"predecessor-version":[{"id":2612,"href":"https:\/\/conscience.ca\/fr\/wp-json\/wp\/v2\/pages\/2386\/revisions\/2612"}],"up":[{"embeddable":true,"href":"https:\/\/conscience.ca\/fr\/wp-json\/wp\/v2\/pages\/2389"}],"wp:attachment":[{"href":"https:\/\/conscience.ca\/fr\/wp-json\/wp\/v2\/media?parent=2386"}],"curies":[{"name":"wp","href":"https:\/\/api.w.org\/{rel}","templated":true}]}}