{"id":2389,"date":"2024-08-19T17:34:52","date_gmt":"2024-08-19T21:34:52","guid":{"rendered":"https:\/\/conscience.ca\/?page_id=2389"},"modified":"2026-04-09T10:38:29","modified_gmt":"2026-04-09T14:38:29","slug":"ressources","status":"publish","type":"page","link":"https:\/\/conscience.ca\/fr\/ressources\/","title":{"rendered":"Ressources"},"content":{"rendered":"\n<div class=\"wp-block-columns so-text-image-split-container is-layout-flex wp-container-core-columns-is-layout-28f84493 wp-block-columns-is-layout-flex\">\n<div class=\"wp-block-column so-text-image-split-content-wrapper is-layout-flow wp-block-column-is-layout-flow\">\n<h1 class=\"wp-block-heading text-all-caps-sm-16\">Explorer nos ressources<\/h1>\n\n\n\n<p>D\u00e9couvrez une s\u00e9rie de documents cr\u00e9\u00e9s par Conscience et notre communaut\u00e9.<\/p>\n\n\n\n<details class=\"wp-block-details is-layout-flow wp-block-details-is-layout-flow\"><summary>Infolettres<\/summary>\n<p><a href=\"https:\/\/us17.campaign-archive.com\/home\/?u=d507b2dc2d12eb8359b37a2d9&amp;id=dc42d47aa3\" target=\"_blank\" rel=\"noreferrer noopener\">Cliquez ici<\/a> pour acc\u00e9der \u00e0 l&rsquo;archive de notre infolettre (en anglais) et vous y abonner<\/p>\n<\/details>\n\n\n\n<details class=\"wp-block-details is-layout-flow wp-block-details-is-layout-flow\"><summary>D\u00e9cryptages de politique et \u00ab Issue trackers \u00bb <\/summary>\n<p><a href=\"https:\/\/zenodo.org\/communities\/policybriefsandissuetrackers\/records?q=&amp;l=list&amp;p=1&amp;s=10&amp;sort=newest\" target=\"_blank\" rel=\"noreferrer noopener\">Cliquez ici<\/a> pour acc\u00e9der \u00e0 nos archives de D\u00e9cryptages de politique et \u00ab Issue trackers \u00bb (en anglais)<\/p>\n<\/details>\n\n\n\n<details class=\"wp-block-details is-layout-flow wp-block-details-is-layout-flow\"><summary>Affiches et diapositives d&rsquo;\u00e9v\u00e9nements <\/summary>\n<p><a href=\"https:\/\/zenodo.org\/communities\/2025consciencesymposium\/records?q=&amp;l=list&amp;p=1&amp;s=10&amp;sort=newest\" target=\"_blank\" rel=\"noreferrer noopener\"><\/a><a href=\"https:\/\/zenodo.org\/communities\/2025consciencesymposium\/records?q=&amp;l=list&amp;p=1&amp;s=10&amp;sort=newest\">Diapositives de notre Symposium Conscience sur la d\u00e9couverte de m\u00e9dicaments en science ouverte<\/a> (en anglais)<\/p>\n\n\n\n<p><a href=\"https:\/\/zenodo.org\/communities\/cache2024\" target=\"_blank\" rel=\"noreferrer noopener\">Diapositives et affiches de notre symposium CACHE 2024<\/a> (en anglais)<\/p>\n<\/details>\n\n\n\n<details class=\"wp-block-details is-layout-flow wp-block-details-is-layout-flow\"><summary>Enregistrements d&rsquo;\u00e9v\u00e9nements<\/summary>\n<h4 class=\"wp-block-heading\"><strong>Symposium Conscience sur la d\u00e9couverte de m\u00e9dicaments en science ouverte &#8211; 7-8 avril 2025<\/strong><\/h4>\n\n\n\n<p>Le lien ci-dessous contient une liste de lecture de tous les enregistrements du symposium. Cliquez sur le bouton \u00ab playlist \u00bb dans le coin sup\u00e9rieur droit de la vid\u00e9o pour naviguer entre les diff\u00e9rentes sessions.<\/p>\n\n\n\n<figure class=\"wp-block-embed is-type-video is-provider-youtube wp-block-embed-youtube wp-embed-aspect-16-9 wp-has-aspect-ratio\"><div class=\"wp-block-embed__wrapper\">\n<iframe title=\"Conscience Symposium on Open Drug Discovery 2025\" width=\"800\" height=\"450\" src=\"https:\/\/www.youtube.com\/embed\/videoseries?list=PLxKxSlow8jM_Yy9H41RR4R_Kq9WvxDXNv\" frameborder=\"0\" allow=\"accelerometer; autoplay; clipboard-write; encrypted-media; gyroscope; picture-in-picture; web-share\" referrerpolicy=\"strict-origin-when-cross-origin\" allowfullscreen><\/iframe>\n<\/div><\/figure>\n\n\n\n<h4 class=\"wp-block-heading\">Consultation sur la science ouverte \u2013 session d\u2019information<\/h4>\n\n\n\n<figure class=\"wp-block-embed is-type-video is-provider-youtube wp-block-embed-youtube wp-embed-aspect-16-9 wp-has-aspect-ratio\"><div class=\"wp-block-embed__wrapper\">\n<iframe title=\"Open Science Advisory Services (OSAS) Information Session\" width=\"800\" height=\"450\" src=\"https:\/\/www.youtube.com\/embed\/AkIk0hyXQV4?feature=oembed\" frameborder=\"0\" allow=\"accelerometer; autoplay; clipboard-write; encrypted-media; gyroscope; picture-in-picture; web-share\" referrerpolicy=\"strict-origin-when-cross-origin\" allowfullscreen><\/iframe>\n<\/div><\/figure>\n\n\n\n<h4 class=\"wp-block-heading\">D\u00e9velopper des M\u00e9dicaments en Science Ouverte \u2013 Session d\u2019information<\/h4>\n\n\n\n<figure class=\"wp-block-embed is-type-video is-provider-youtube wp-block-embed-youtube wp-embed-aspect-16-9 wp-has-aspect-ratio\"><div class=\"wp-block-embed__wrapper\">\n<iframe title=\"Developing Medicines through Open Science  - Information Session\" width=\"800\" height=\"450\" src=\"https:\/\/www.youtube.com\/embed\/0LIX3WcK6KU?feature=oembed\" frameborder=\"0\" allow=\"accelerometer; autoplay; clipboard-write; encrypted-media; gyroscope; picture-in-picture; web-share\" referrerpolicy=\"strict-origin-when-cross-origin\" allowfullscreen><\/iframe>\n<\/div><\/figure>\n\n\n\n<h4 class=\"wp-block-heading\">Le d\u00e9fi 2 de CACHE : lumi\u00e8re sur les participants<\/h4>\n\n\n\n<figure class=\"wp-block-embed is-type-video is-provider-youtube wp-block-embed-youtube wp-embed-aspect-16-9 wp-has-aspect-ratio\"><div class=\"wp-block-embed__wrapper\">\n<iframe title=\"Conscience Webinar   CACHE Challenge 2 Participant Spotlight\" width=\"800\" height=\"450\" src=\"https:\/\/www.youtube.com\/embed\/_hOU5dPZQUs?feature=oembed\" frameborder=\"0\" allow=\"accelerometer; autoplay; clipboard-write; encrypted-media; gyroscope; picture-in-picture; web-share\" referrerpolicy=\"strict-origin-when-cross-origin\" allowfullscreen><\/iframe>\n<\/div><\/figure>\n\n\n\n<h4 class=\"wp-block-heading\">Webinaire sur les \u00e9cosyst\u00e8mes canadiens Gravitate-Health<\/h4>\n\n\n\n<figure class=\"wp-block-embed is-type-video is-provider-youtube wp-block-embed-youtube wp-embed-aspect-16-9 wp-has-aspect-ratio\"><div class=\"wp-block-embed__wrapper\">\n<iframe title=\"Gravitate-Health Canadian Ecosystem Webinar | 26.09.2024\" width=\"800\" height=\"450\" src=\"https:\/\/www.youtube.com\/embed\/ZN91t2nj3u0?feature=oembed\" frameborder=\"0\" allow=\"accelerometer; autoplay; clipboard-write; encrypted-media; gyroscope; picture-in-picture; web-share\" referrerpolicy=\"strict-origin-when-cross-origin\" allowfullscreen><\/iframe>\n<\/div><\/figure>\n<\/details>\n\n\n\n<details class=\"wp-block-details is-layout-flow wp-block-details-is-layout-flow\"><summary>Articles, logiciels et donn\u00e9es du r\u00e9seau<\/summary>\n<h5 class=\"wp-block-heading\">Articles et pr\u00e9publications r\u00e9sultant des d\u00e9fis CACHE<\/h5>\n\n\n\n<p><a href=\"https:\/\/doi.org\/10.1039\/D3SC06880C\" target=\"_blank\" rel=\"noreferrer noopener\">In silico screening of LRRK2 WDR domain inhibitors using deep docking and free energy simulations<\/a><\/p>\n\n\n\n<p><a href=\"https:\/\/pubs.acs.org\/doi\/10.1021\/acs.jcim.4c00601\" target=\"_blank\" rel=\"noreferrer noopener\">Subpocket Similarity-Based Hit Identification for Challenging Targets: Application to the WDR Domain of LRRK2<\/a><\/p>\n\n\n\n<p><a href=\"https:\/\/www.nature.com\/articles\/s41467-024-49892-9\" target=\"_blank\" rel=\"noreferrer noopener\">In silico fragment-based discovery of CIB1-directed anti-tumor agents by FRASE-bot<\/a><\/p>\n\n\n\n<p><a href=\"https:\/\/doi.org\/10.26434\/chemrxiv-2022-ncqsj-v3\" target=\"_blank\" rel=\"noreferrer noopener\">The First CACHE Challenge \u2013 Testing Diverse Virtual Screening Scoring Methods to Identify Potential LRRK2 Binders<\/a><\/p>\n\n\n\n<p><a href=\"https:\/\/doi.org\/10.1016\/j.bpj.2022.11.932\" target=\"_blank\" rel=\"noreferrer noopener\">High-throughput binding free energy simulations: Applications in drug discovery<\/a><\/p>\n\n\n\n<p><a href=\"https:\/\/doi.org\/10.1021\/acscentsci.3c01521\" target=\"_blank\" rel=\"noreferrer noopener\">Protein Structure-Based Organic Chemistry-Driven Ligand Design from Ultralarge Chemical Spaces<\/a><\/p>\n\n\n\n<p><a href=\"https:\/\/infochim.u-strasbg.fr\/CS3_2024\/Abstracts_Speakers\/Artem_CHERKASOV%20Abstract_CS3-2024.pdf\" target=\"_blank\" rel=\"noreferrer noopener\">Integration of Deep Docking into Virtual Screening Workflow. The CACHE-1 Study Case<\/a><br><br><a href=\"https:\/\/kilthub.cmu.edu\/ndownloader\/files\/47955346\" target=\"_blank\" rel=\"noreferrer noopener\">Computational Approaches in Drug Design<\/a> (thesis)<\/p>\n\n\n\n<p><a href=\"https:\/\/doi.org\/10.1101\/2024.07.18.603797\" target=\"_blank\" rel=\"noreferrer noopener\">CACHE Challenge #1: targeting the WDR domain of LRRK2, a Parkinson\u2019s Disease associated protein<\/a> (CACHE #1 Summary Paper)<\/p>\n\n\n\n<h5 class=\"wp-block-heading\">Logiciels d\u00e9velopp\u00e9s par les participants aux d\u00e9fis CACHE<\/h5>\n\n\n\n<h6 class=\"wp-block-heading\">CACHE Challenge 1 &#8211; LRRK2 WDR Domain<\/h6>\n\n\n\n<p><strong><a href=\"https:\/\/bits.csb.pitt.edu\/\" target=\"_blank\" rel=\"noreferrer noopener\">Koes Lab<\/a> &#8211; University of Pittsburgh<\/strong><\/p>\n\n\n\n<ul class=\"wp-block-list\">\n<li><a href=\"https:\/\/github.com\/gnina\/gnina\" target=\"_blank\" rel=\"noreferrer noopener\">GNINA<\/a> &#8211; Deep learning for molecular docking<\/li>\n\n\n\n<li><a href=\"http:\/\/pharmit.csb.pitt.edu\/\" target=\"_blank\" rel=\"noreferrer noopener\">PharmIt<\/a> &#8211; Interactive exploration of chemical space<\/li>\n<\/ul>\n\n\n\n<p><strong><a href=\"https:\/\/scholar.harvard.edu\/gorgulla\/home\" target=\"_blank\" rel=\"noreferrer noopener\">Gorgulla Lab<\/a> &#8211; Harvard University &amp; St. Jude Children\u2019s Research Hospital<\/strong><\/p>\n\n\n\n<ul class=\"wp-block-list\">\n<li>VirtualFlow (<a href=\"https:\/\/github.com\/VirtualFlow\" target=\"_blank\" rel=\"noreferrer noopener\">github<\/a> and <a href=\"https:\/\/virtual-flow.org\/\" target=\"_blank\" rel=\"noreferrer noopener\">webpage<\/a>) &#8211; Discovering novel drug candidates by virtually screening chemical space on scales not possible before.<\/li>\n<\/ul>\n\n\n\n<p><strong><a href=\"https:\/\/groups.chem.cmu.edu\/isayev\/\" target=\"_blank\" rel=\"noreferrer noopener\">Isayev Lab<\/a> &#8211; Carnegie Mellon University<\/strong><\/p>\n\n\n\n<ul class=\"wp-block-list\">\n<li>OpenChem (<a href=\"https:\/\/github.com\/Mariewelt\/OpenChem\" target=\"_blank\" rel=\"noreferrer noopener\">github<\/a> and <a href=\"https:\/\/pubs.acs.org\/doi\/10.1021\/acs.jcim.0c00971\" target=\"_blank\" rel=\"noreferrer noopener\">paper<\/a>) &#8211; PyTorch-based deep learning toolkit for computational chemistry and drug design<\/li>\n<\/ul>\n\n\n\n<p><strong><a href=\"https:\/\/chemistry.missouri.edu\/people\/kireev\" target=\"_blank\" rel=\"noreferrer noopener\">Kireev<\/a> Lab &#8211;<\/strong> <strong>University of Missouri<\/strong><\/p>\n\n\n\n<ul class=\"wp-block-list\">\n<li>FRASE-bot-RDKit (<a href=\"https:\/\/github.com\/kireevlab\/FRASE-bot-RDKit\" target=\"_blank\" rel=\"noreferrer noopener\">github<\/a> and <a href=\"https:\/\/www.nature.com\/articles\/s41467-024-49892-9\" target=\"_blank\" rel=\"noreferrer noopener\">paper<\/a>) &#8211; a collection of cheminformatics protocols designed for data processing on FRASE screening, developed in Python with RDKit.<\/li>\n<\/ul>\n<\/details>\n<\/div>\n\n\n\n<div class=\"wp-block-column so-text-image-split-image-wrapper is-layout-flow wp-block-column-is-layout-flow\">\n<figure class=\"wp-block-image size-full is-style-rounded so-post-image-circle\"><img fetchpriority=\"high\" decoding=\"async\" width=\"1706\" height=\"1595\" src=\"https:\/\/conscience.ca\/wp-content\/uploads\/2024\/08\/Open_Knowledge-scaled-e1723575149182.jpg\" alt=\"\" class=\"wp-image-2285\" style=\"aspect-ratio:1;object-fit:cover\" srcset=\"https:\/\/conscience.ca\/wp-content\/uploads\/2024\/08\/Open_Knowledge-scaled-e1723575149182.jpg 1706w, https:\/\/conscience.ca\/wp-content\/uploads\/2024\/08\/Open_Knowledge-scaled-e1723575149182-300x280.jpg 300w, https:\/\/conscience.ca\/wp-content\/uploads\/2024\/08\/Open_Knowledge-scaled-e1723575149182-1024x957.jpg 1024w, https:\/\/conscience.ca\/wp-content\/uploads\/2024\/08\/Open_Knowledge-scaled-e1723575149182-768x718.jpg 768w, https:\/\/conscience.ca\/wp-content\/uploads\/2024\/08\/Open_Knowledge-scaled-e1723575149182-1536x1436.jpg 1536w\" sizes=\"(max-width: 1706px) 100vw, 1706px\" \/><\/figure>\n<\/div>\n<\/div>\n","protected":false},"excerpt":{"rendered":"<p>Explorer nos ressources D\u00e9couvrez une s\u00e9rie de documents cr\u00e9\u00e9s par Conscience et notre communaut\u00e9.<\/p>\n","protected":false},"author":4,"featured_media":0,"parent":0,"menu_order":0,"comment_status":"closed","ping_status":"closed","template":"","meta":{"_acf_changed":false,"footnotes":""},"class_list":["post-2389","page","type-page","status-publish","hentry"],"acf":[],"yoast_head":"<!-- This site is optimized with the Yoast SEO plugin v27.3 - https:\/\/yoast.com\/product\/yoast-seo-wordpress\/ -->\n<title>Ressources - Conscience<\/title>\n<meta name=\"robots\" content=\"index, follow, max-snippet:-1, max-image-preview:large, max-video-preview:-1\" \/>\n<link rel=\"canonical\" href=\"https:\/\/conscience.ca\/fr\/ressources\/\" \/>\n<meta property=\"og:locale\" content=\"fr_FR\" \/>\n<meta property=\"og:type\" content=\"article\" \/>\n<meta property=\"og:title\" content=\"Ressources - Conscience\" \/>\n<meta property=\"og:description\" content=\"Explorer nos ressources D\u00e9couvrez une s\u00e9rie de documents cr\u00e9\u00e9s par Conscience et notre communaut\u00e9.\" \/>\n<meta property=\"og:url\" content=\"https:\/\/conscience.ca\/fr\/ressources\/\" \/>\n<meta property=\"og:site_name\" content=\"Conscience\" \/>\n<meta property=\"article:modified_time\" content=\"2026-04-09T14:38:29+00:00\" \/>\n<meta property=\"og:image\" content=\"https:\/\/conscience.ca\/wp-content\/uploads\/2024\/08\/Open_Knowledge-scaled-e1723575149182.jpg\" \/>\n\t<meta property=\"og:image:width\" content=\"1706\" \/>\n\t<meta property=\"og:image:height\" content=\"1595\" \/>\n\t<meta property=\"og:image:type\" content=\"image\/jpeg\" \/>\n<meta name=\"twitter:card\" content=\"summary_large_image\" \/>\n<meta name=\"twitter:label1\" content=\"Dur\u00e9e de lecture estim\u00e9e\" \/>\n\t<meta name=\"twitter:data1\" content=\"2 minutes\" \/>\n<script type=\"application\/ld+json\" class=\"yoast-schema-graph\">{\"@context\":\"https:\\\/\\\/schema.org\",\"@graph\":[{\"@type\":\"WebPage\",\"@id\":\"https:\\\/\\\/conscience.ca\\\/fr\\\/ressources\\\/\",\"url\":\"https:\\\/\\\/conscience.ca\\\/fr\\\/ressources\\\/\",\"name\":\"Ressources - Conscience\",\"isPartOf\":{\"@id\":\"https:\\\/\\\/conscience.dev.affinitybridge.com\\\/#website\"},\"primaryImageOfPage\":{\"@id\":\"https:\\\/\\\/conscience.ca\\\/fr\\\/ressources\\\/#primaryimage\"},\"image\":{\"@id\":\"https:\\\/\\\/conscience.ca\\\/fr\\\/ressources\\\/#primaryimage\"},\"thumbnailUrl\":\"https:\\\/\\\/conscience.ca\\\/wp-content\\\/uploads\\\/2024\\\/08\\\/Open_Knowledge-scaled-e1723575149182.jpg\",\"datePublished\":\"2024-08-19T21:34:52+00:00\",\"dateModified\":\"2026-04-09T14:38:29+00:00\",\"breadcrumb\":{\"@id\":\"https:\\\/\\\/conscience.ca\\\/fr\\\/ressources\\\/#breadcrumb\"},\"inLanguage\":\"fr-FR\",\"potentialAction\":[{\"@type\":\"ReadAction\",\"target\":[\"https:\\\/\\\/conscience.ca\\\/fr\\\/ressources\\\/\"]}]},{\"@type\":\"ImageObject\",\"inLanguage\":\"fr-FR\",\"@id\":\"https:\\\/\\\/conscience.ca\\\/fr\\\/ressources\\\/#primaryimage\",\"url\":\"https:\\\/\\\/conscience.ca\\\/wp-content\\\/uploads\\\/2024\\\/08\\\/Open_Knowledge-scaled-e1723575149182.jpg\",\"contentUrl\":\"https:\\\/\\\/conscience.ca\\\/wp-content\\\/uploads\\\/2024\\\/08\\\/Open_Knowledge-scaled-e1723575149182.jpg\"},{\"@type\":\"BreadcrumbList\",\"@id\":\"https:\\\/\\\/conscience.ca\\\/fr\\\/ressources\\\/#breadcrumb\",\"itemListElement\":[{\"@type\":\"ListItem\",\"position\":1,\"name\":\"Home\",\"item\":\"https:\\\/\\\/conscience.ca\\\/fr\\\/accueil\\\/\"},{\"@type\":\"ListItem\",\"position\":2,\"name\":\"Ressources\"}]},{\"@type\":\"WebSite\",\"@id\":\"https:\\\/\\\/conscience.dev.affinitybridge.com\\\/#website\",\"url\":\"https:\\\/\\\/conscience.dev.affinitybridge.com\\\/\",\"name\":\"Conscience\",\"description\":\"\",\"publisher\":{\"@id\":\"https:\\\/\\\/conscience.dev.affinitybridge.com\\\/#organization\"},\"potentialAction\":[{\"@type\":\"SearchAction\",\"target\":{\"@type\":\"EntryPoint\",\"urlTemplate\":\"https:\\\/\\\/conscience.dev.affinitybridge.com\\\/?s={search_term_string}\"},\"query-input\":{\"@type\":\"PropertyValueSpecification\",\"valueRequired\":true,\"valueName\":\"search_term_string\"}}],\"inLanguage\":\"fr-FR\"},{\"@type\":\"Organization\",\"@id\":\"https:\\\/\\\/conscience.dev.affinitybridge.com\\\/#organization\",\"name\":\"Conscience\",\"url\":\"https:\\\/\\\/conscience.dev.affinitybridge.com\\\/\",\"logo\":{\"@type\":\"ImageObject\",\"inLanguage\":\"fr-FR\",\"@id\":\"https:\\\/\\\/conscience.dev.affinitybridge.com\\\/#\\\/schema\\\/logo\\\/image\\\/\",\"url\":\"https:\\\/\\\/conscience.ca\\\/wp-content\\\/uploads\\\/2024\\\/02\\\/header-logo.svg\",\"contentUrl\":\"https:\\\/\\\/conscience.ca\\\/wp-content\\\/uploads\\\/2024\\\/02\\\/header-logo.svg\",\"caption\":\"Conscience\"},\"image\":{\"@id\":\"https:\\\/\\\/conscience.dev.affinitybridge.com\\\/#\\\/schema\\\/logo\\\/image\\\/\"}}]}<\/script>\n<!-- \/ Yoast SEO plugin. -->","yoast_head_json":{"title":"Ressources - Conscience","robots":{"index":"index","follow":"follow","max-snippet":"max-snippet:-1","max-image-preview":"max-image-preview:large","max-video-preview":"max-video-preview:-1"},"canonical":"https:\/\/conscience.ca\/fr\/ressources\/","og_locale":"fr_FR","og_type":"article","og_title":"Ressources - Conscience","og_description":"Explorer nos ressources D\u00e9couvrez une s\u00e9rie de documents cr\u00e9\u00e9s par Conscience et notre communaut\u00e9.","og_url":"https:\/\/conscience.ca\/fr\/ressources\/","og_site_name":"Conscience","article_modified_time":"2026-04-09T14:38:29+00:00","og_image":[{"width":1706,"height":1595,"url":"https:\/\/conscience.ca\/wp-content\/uploads\/2024\/08\/Open_Knowledge-scaled-e1723575149182.jpg","type":"image\/jpeg"}],"twitter_card":"summary_large_image","twitter_misc":{"Dur\u00e9e de lecture estim\u00e9e":"2 minutes"},"schema":{"@context":"https:\/\/schema.org","@graph":[{"@type":"WebPage","@id":"https:\/\/conscience.ca\/fr\/ressources\/","url":"https:\/\/conscience.ca\/fr\/ressources\/","name":"Ressources - Conscience","isPartOf":{"@id":"https:\/\/conscience.dev.affinitybridge.com\/#website"},"primaryImageOfPage":{"@id":"https:\/\/conscience.ca\/fr\/ressources\/#primaryimage"},"image":{"@id":"https:\/\/conscience.ca\/fr\/ressources\/#primaryimage"},"thumbnailUrl":"https:\/\/conscience.ca\/wp-content\/uploads\/2024\/08\/Open_Knowledge-scaled-e1723575149182.jpg","datePublished":"2024-08-19T21:34:52+00:00","dateModified":"2026-04-09T14:38:29+00:00","breadcrumb":{"@id":"https:\/\/conscience.ca\/fr\/ressources\/#breadcrumb"},"inLanguage":"fr-FR","potentialAction":[{"@type":"ReadAction","target":["https:\/\/conscience.ca\/fr\/ressources\/"]}]},{"@type":"ImageObject","inLanguage":"fr-FR","@id":"https:\/\/conscience.ca\/fr\/ressources\/#primaryimage","url":"https:\/\/conscience.ca\/wp-content\/uploads\/2024\/08\/Open_Knowledge-scaled-e1723575149182.jpg","contentUrl":"https:\/\/conscience.ca\/wp-content\/uploads\/2024\/08\/Open_Knowledge-scaled-e1723575149182.jpg"},{"@type":"BreadcrumbList","@id":"https:\/\/conscience.ca\/fr\/ressources\/#breadcrumb","itemListElement":[{"@type":"ListItem","position":1,"name":"Home","item":"https:\/\/conscience.ca\/fr\/accueil\/"},{"@type":"ListItem","position":2,"name":"Ressources"}]},{"@type":"WebSite","@id":"https:\/\/conscience.dev.affinitybridge.com\/#website","url":"https:\/\/conscience.dev.affinitybridge.com\/","name":"Conscience","description":"","publisher":{"@id":"https:\/\/conscience.dev.affinitybridge.com\/#organization"},"potentialAction":[{"@type":"SearchAction","target":{"@type":"EntryPoint","urlTemplate":"https:\/\/conscience.dev.affinitybridge.com\/?s={search_term_string}"},"query-input":{"@type":"PropertyValueSpecification","valueRequired":true,"valueName":"search_term_string"}}],"inLanguage":"fr-FR"},{"@type":"Organization","@id":"https:\/\/conscience.dev.affinitybridge.com\/#organization","name":"Conscience","url":"https:\/\/conscience.dev.affinitybridge.com\/","logo":{"@type":"ImageObject","inLanguage":"fr-FR","@id":"https:\/\/conscience.dev.affinitybridge.com\/#\/schema\/logo\/image\/","url":"https:\/\/conscience.ca\/wp-content\/uploads\/2024\/02\/header-logo.svg","contentUrl":"https:\/\/conscience.ca\/wp-content\/uploads\/2024\/02\/header-logo.svg","caption":"Conscience"},"image":{"@id":"https:\/\/conscience.dev.affinitybridge.com\/#\/schema\/logo\/image\/"}}]}},"jetpack_sharing_enabled":true,"_links":{"self":[{"href":"https:\/\/conscience.ca\/fr\/wp-json\/wp\/v2\/pages\/2389","targetHints":{"allow":["GET"]}}],"collection":[{"href":"https:\/\/conscience.ca\/fr\/wp-json\/wp\/v2\/pages"}],"about":[{"href":"https:\/\/conscience.ca\/fr\/wp-json\/wp\/v2\/types\/page"}],"author":[{"embeddable":true,"href":"https:\/\/conscience.ca\/fr\/wp-json\/wp\/v2\/users\/4"}],"replies":[{"embeddable":true,"href":"https:\/\/conscience.ca\/fr\/wp-json\/wp\/v2\/comments?post=2389"}],"version-history":[{"count":18,"href":"https:\/\/conscience.ca\/fr\/wp-json\/wp\/v2\/pages\/2389\/revisions"}],"predecessor-version":[{"id":5149,"href":"https:\/\/conscience.ca\/fr\/wp-json\/wp\/v2\/pages\/2389\/revisions\/5149"}],"wp:attachment":[{"href":"https:\/\/conscience.ca\/fr\/wp-json\/wp\/v2\/media?parent=2389"}],"curies":[{"name":"wp","href":"https:\/\/api.w.org\/{rel}","templated":true}]}}