{"id":2402,"date":"2024-08-19T17:33:59","date_gmt":"2024-08-19T21:33:59","guid":{"rendered":"https:\/\/conscience.ca\/?page_id=2402"},"modified":"2026-03-27T08:42:50","modified_gmt":"2026-03-27T12:42:50","slug":"services-de-consultation","status":"publish","type":"page","link":"https:\/\/conscience.ca\/fr\/ressources\/services-de-consultation\/","title":{"rendered":"Services de consultation"},"content":{"rendered":"\n<div class=\"wp-block-columns so-text-image-split-container is-layout-flex wp-container-core-columns-is-layout-28f84493 wp-block-columns-is-layout-flex\">\n<div class=\"wp-block-column so-text-image-split-image-wrapper is-layout-flow wp-block-column-is-layout-flow\">\n<figure class=\"wp-block-image size-full so-post-image-circle is-style-rounded\"><img fetchpriority=\"high\" decoding=\"async\" width=\"2560\" height=\"1707\" src=\"https:\/\/conscience.ca\/wp-content\/uploads\/2024\/08\/collaborative_puzzle-scaled.jpg\" alt=\"\" class=\"wp-image-2212\" style=\"aspect-ratio:1;object-fit:cover\" srcset=\"https:\/\/conscience.ca\/wp-content\/uploads\/2024\/08\/collaborative_puzzle-scaled.jpg 2560w, https:\/\/conscience.ca\/wp-content\/uploads\/2024\/08\/collaborative_puzzle-300x200.jpg 300w, https:\/\/conscience.ca\/wp-content\/uploads\/2024\/08\/collaborative_puzzle-1024x683.jpg 1024w, https:\/\/conscience.ca\/wp-content\/uploads\/2024\/08\/collaborative_puzzle-768x512.jpg 768w, https:\/\/conscience.ca\/wp-content\/uploads\/2024\/08\/collaborative_puzzle-1536x1024.jpg 1536w, https:\/\/conscience.ca\/wp-content\/uploads\/2024\/08\/collaborative_puzzle-2048x1365.jpg 2048w\" sizes=\"(max-width: 2560px) 100vw, 2560px\" \/><\/figure>\n<\/div>\n\n\n\n<div class=\"wp-block-column so-text-image-split-content-wrapper is-layout-flow wp-block-column-is-layout-flow\">\n<div style=\"height:33px\" aria-hidden=\"true\" class=\"wp-block-spacer\"><\/div>\n\n\n\n<h2 class=\"wp-block-heading text-all-caps-sm-16\">Demandez une consultation<\/h2>\n\n\n\n<p>L\u2019\u00e9quipe exp\u00e9riment\u00e9e de Conscience compte de nombreuses ann\u00e9es d\u2019exp\u00e9rience dans le domaine de la d\u00e9couverte de m\u00e9dicaments, de la mise en place et de la gestion de partenariats en science ouverte, de l\u2019\u00e9laboration de principes et de politiques en science ouverte, ainsi que de l\u2019\u00e9laboration de strat\u00e9gies r\u00e9glementaires et de commercialisation dans le secteur des biotechnologies.<\/p>\n\n\n\n<p>Que vous cherchiez \u00e0 savoir comment la science ouverte peut am\u00e9liorer votre travail, que vous recherchiez des conseils sur les questions de propri\u00e9t\u00e9 intellectuelle ou que vous envisagez une nouvelle collaboration, nous sommes l\u00e0 pour vous aider \u00e0 relever les d\u00e9fis et \u00e0 saisir les occasions qu\u2019offre le travail ouvert.<\/p>\n<\/div>\n<\/div>\n\n\n\n<h2 class=\"wp-block-heading\">Consultations gratuites en mati\u00e8re de science ouverte<\/h2>\n\n\n\n<p>Les membres de notre r\u00e9seau (<a href=\"https:\/\/conscience.ca\/fr\/collaborate\/joindre-notre-reseau\/\" target=\"_blank\" rel=\"noreferrer noopener\">devenir membre<\/a>) ont acc\u00e8s \u00e0 une heure de consultation gratuite avec notre responsable des services consultatifs, <a href=\"https:\/\/conscience.ca\/fr\/team-member\/dylan-roskams-edris\/\">Dylan Roskams-Edris<\/a>, ou notre directeur de la politique et des partenariats, <a href=\"https:\/\/conscience.ca\/fr\/team-member\/richard-gold\/\">Richard Gold<\/a>. Durant cette consultation, nous r\u00e9pondrons \u00e0 vos questions au sujet de la science ouverte, identifierons les ressources pertinentes et vous orienterons vers un sp\u00e9cialiste comp\u00e9tent pour vous aider \u00e0 naviguer votre parcours vers la science ouverte.<\/p>\n\n\n\n<p>Pour b\u00e9n\u00e9ficier d\u2019une consultation gratuite, il vous suffit de remplir <a href=\"https:\/\/forms.gle\/4ff3kES5fbwcDBMo7\" target=\"_blank\" rel=\"noreferrer noopener\">ce formulaire<\/a>, y inclure vos coordonn\u00e9es et une br\u00e8ve description des sujets que vous souhaitez aborder.<\/p>\n\n\n\n<p>Apr\u00e8s la consultation initiale, nous vous enverrons par courriel un r\u00e9sum\u00e9 de notre conversation, qui comprendra des renseignements sur des programmes de Conscience, des contacts pertinents, ainsi que d\u2019autres projets ou bonnes pratiques en mati\u00e8re de science ouverte.<\/p>\n\n\n\n<div class=\"wp-block-buttons is-layout-flex wp-block-buttons-is-layout-flex\">\n<div class=\"wp-block-button\"><a class=\"wp-block-button__link wp-element-button\" href=\"https:\/\/forms.gle\/4ff3kES5fbwcDBMo7\" target=\"_blank\" rel=\"noreferrer noopener\">Demandez une consultation gratuite<\/a><\/div>\n<\/div>\n\n\n\n<div style=\"height:33px\" aria-hidden=\"true\" class=\"wp-block-spacer\"><\/div>\n\n\n\n<h2 class=\"wp-block-heading\">Services de consultation<\/h2>\n\n\n\n<p>Vous pouvez \u00e9galement faire appel \u00e0 Conscience pour vous conseiller en mati\u00e8re d\u2019int\u00e9gration de la science ouverte dans vos projets et vos organisations. Nous serions ravis de collaborer avec vous afin de trouver la meilleure fa\u00e7on de travailler ensemble, que ce soit en travaillant directement avec nous, en obtenant des conseils pour int\u00e9grer nos services dans vos demandes de subventions, ou en vous associant \u00e0 nous pour vos demandes de financement. Pour d\u00e9couvrir des exemples de projets sur lesquels nous avons apport\u00e9 notre expertise, rendez-vous dans la section \u00ab Rapports \u00bb de la page <a href=\"https:\/\/conscience.ca\/fr\/ressources\/\" type=\"page\" id=\"2389\">Ressources<\/a>. Notre \u00e9quipe propose des consultations personnalis\u00e9es dans les domaines suivants :<\/p>\n\n\n\n<h3 class=\"wp-block-heading\">Consolidation des relations avec les communaut\u00e9s et engagement communautaire<\/h3>\n\n\n\n<p>La science ouverte lib\u00e8re le potentiel des communaut\u00e9s de recherche en permettant \u00e0 leurs membres de partager rapidement leurs connaissances et de s\u2019appuyer sur les id\u00e9es g\u00e9n\u00e9r\u00e9es par les uns et les autres. Cependant, les communaut\u00e9s prosp\u00e8res ne sont pas le fruit du hasard. Elles ont besoin d\u2019une compr\u00e9hension commune des pratiques, des normes claires, d\u2019une vision claire de leur contribution et de la mani\u00e8re de contribuer, ainsi que de la reconnaissance de l\u2019impact que leur participation peut avoir sur l\u2019avancement professionnel.<\/p>\n\n\n\n<p>Conscience peut vous venir en aide pour chacun de ces \u00e9l\u00e9ments. Nous avons l\u2019exp\u00e9rience de dialoguer avec les membres des communaut\u00e9s afin de comprendre leurs besoins, les obstacles et les id\u00e9es fausses concernant la science ouverte, pour ensuite traduire ces renseignements en principes directeurs. Nous pouvons \u00e9galement vous aider \u00e0 \u00e9laborer des strat\u00e9gies et contacter des ressources qui renforcent la participation et favorisent une culture de la science ouverte.<\/p>\n\n\n\n<h3 class=\"wp-block-heading\">Meilleures pratiques, conformit\u00e9 et mise en \u0153uvre<\/h3>\n\n\n\n<p>Pour tirer le meilleur parti de la science ouverte, vous devez conna\u00eetre les meilleures pratiques et les traduire en r\u00e9sultats concrets. Conscience peut vous guider dans le monde souvent d\u00e9routant des meilleures pratiques en mati\u00e8re de partenariat et de collaboration, de propri\u00e9t\u00e9 intellectuelle et de gestion des risques, ainsi que de partage efficace des r\u00e9sultats de la recherche. Nous pouvons collaborer avec vous pour \u00e9laborer un plan d\u2019action sur mesure qui r\u00e9pond \u00e0 vos besoins et vous accompagner dans sa mise en \u0153uvre.<\/p>\n\n\n\n<h3 class=\"wp-block-heading\">Durabilit\u00e9<\/h3>\n\n\n\n<p>De nombreux projets de science ouverte d\u00e9marrent en force, mais \u00e9chouent en raison d\u2019un manque de ressources ou de personnel pour les appuyer. Conscience peut vous accompagner dans votre planification \u00e0 long terme en vous aidant \u00e0 \u00e9laborer des mod\u00e8les d\u2019affaires, des propositions de financement, des plans de gestion des ressources et des strat\u00e9gies de durabilit\u00e9 pour assurer la p\u00e9rennit\u00e9 de votre projet et son impact positif.<\/p>\n\n\n\n<h2 class=\"wp-block-heading\">Contactez-nous<\/h2>\n\n\n\n<p>Nous sommes toujours ravis d\u2019avoir l\u2019occasion de contribuer \u00e0 votre travail. Pour entamer la discussion, nous vous invitons \u00e0 communiquer avec notre responsable des services consultatifs, Dylan Roskams-Edris, \u00e0 l\u2019adresse <a href=\"mailto:dylan.roskams-edris@conscience.ca\">dylan.roskams-edris@conscience.ca<\/a>.<\/p>\n","protected":false},"excerpt":{"rendered":"<p>Demandez une consultation L\u2019\u00e9quipe exp\u00e9riment\u00e9e de Conscience compte de nombreuses ann\u00e9es d\u2019exp\u00e9rience dans le domaine de la d\u00e9couverte de m\u00e9dicaments, de la mise en place et de la gestion de partenariats en science ouverte, de l\u2019\u00e9laboration de principes et de politiques en science ouverte, ainsi que de l\u2019\u00e9laboration de strat\u00e9gies r\u00e9glementaires et de commercialisation dans [&hellip;]<\/p>\n","protected":false},"author":4,"featured_media":0,"parent":2389,"menu_order":0,"comment_status":"closed","ping_status":"closed","template":"","meta":{"_acf_changed":false,"footnotes":""},"class_list":["post-2402","page","type-page","status-publish","hentry"],"acf":[],"yoast_head":"<!-- This site is optimized with the Yoast SEO plugin v27.1.1 - https:\/\/yoast.com\/product\/yoast-seo-wordpress\/ -->\n<title>Services de consultation - Conscience<\/title>\n<meta name=\"robots\" content=\"index, follow, max-snippet:-1, max-image-preview:large, max-video-preview:-1\" \/>\n<link rel=\"canonical\" href=\"https:\/\/conscience.ca\/fr\/ressources\/services-de-consultation\/\" \/>\n<meta property=\"og:locale\" content=\"fr_FR\" \/>\n<meta property=\"og:type\" content=\"article\" \/>\n<meta property=\"og:title\" content=\"Services de consultation - Conscience\" \/>\n<meta property=\"og:description\" content=\"Demandez une consultation L\u2019\u00e9quipe exp\u00e9riment\u00e9e de Conscience compte de nombreuses ann\u00e9es d\u2019exp\u00e9rience dans le domaine de la d\u00e9couverte de m\u00e9dicaments, de la mise en place et de la gestion de partenariats en science ouverte, de l\u2019\u00e9laboration de principes et de politiques en science ouverte, ainsi que de l\u2019\u00e9laboration de strat\u00e9gies r\u00e9glementaires et de commercialisation dans [&hellip;]\" \/>\n<meta property=\"og:url\" content=\"https:\/\/conscience.ca\/fr\/ressources\/services-de-consultation\/\" \/>\n<meta property=\"og:site_name\" content=\"Conscience\" \/>\n<meta property=\"article:modified_time\" content=\"2026-03-27T12:42:50+00:00\" \/>\n<meta property=\"og:image\" content=\"https:\/\/conscience.ca\/wp-content\/uploads\/2024\/08\/collaborative_puzzle-scaled.jpg\" \/>\n\t<meta property=\"og:image:width\" content=\"2560\" \/>\n\t<meta property=\"og:image:height\" content=\"1707\" \/>\n\t<meta property=\"og:image:type\" content=\"image\/jpeg\" \/>\n<meta name=\"twitter:card\" content=\"summary_large_image\" \/>\n<meta name=\"twitter:label1\" content=\"Dur\u00e9e de lecture estim\u00e9e\" \/>\n\t<meta name=\"twitter:data1\" content=\"4 minutes\" \/>\n<script type=\"application\/ld+json\" class=\"yoast-schema-graph\">{\"@context\":\"https:\/\/schema.org\",\"@graph\":[{\"@type\":\"WebPage\",\"@id\":\"https:\/\/conscience.ca\/fr\/ressources\/services-de-consultation\/\",\"url\":\"https:\/\/conscience.ca\/fr\/ressources\/services-de-consultation\/\",\"name\":\"Services de consultation - Conscience\",\"isPartOf\":{\"@id\":\"https:\/\/conscience.dev.affinitybridge.com\/#website\"},\"primaryImageOfPage\":{\"@id\":\"https:\/\/conscience.ca\/fr\/ressources\/services-de-consultation\/#primaryimage\"},\"image\":{\"@id\":\"https:\/\/conscience.ca\/fr\/ressources\/services-de-consultation\/#primaryimage\"},\"thumbnailUrl\":\"https:\/\/conscience.ca\/wp-content\/uploads\/2024\/08\/collaborative_puzzle-scaled.jpg\",\"datePublished\":\"2024-08-19T21:33:59+00:00\",\"dateModified\":\"2026-03-27T12:42:50+00:00\",\"breadcrumb\":{\"@id\":\"https:\/\/conscience.ca\/fr\/ressources\/services-de-consultation\/#breadcrumb\"},\"inLanguage\":\"fr-FR\",\"potentialAction\":[{\"@type\":\"ReadAction\",\"target\":[\"https:\/\/conscience.ca\/fr\/ressources\/services-de-consultation\/\"]}]},{\"@type\":\"ImageObject\",\"inLanguage\":\"fr-FR\",\"@id\":\"https:\/\/conscience.ca\/fr\/ressources\/services-de-consultation\/#primaryimage\",\"url\":\"https:\/\/conscience.ca\/wp-content\/uploads\/2024\/08\/collaborative_puzzle-scaled.jpg\",\"contentUrl\":\"https:\/\/conscience.ca\/wp-content\/uploads\/2024\/08\/collaborative_puzzle-scaled.jpg\"},{\"@type\":\"BreadcrumbList\",\"@id\":\"https:\/\/conscience.ca\/fr\/ressources\/services-de-consultation\/#breadcrumb\",\"itemListElement\":[{\"@type\":\"ListItem\",\"position\":1,\"name\":\"Home\",\"item\":\"https:\/\/conscience.ca\/fr\/\"},{\"@type\":\"ListItem\",\"position\":2,\"name\":\"Ressources\",\"item\":\"https:\/\/conscience.ca\/fr\/ressources\/\"},{\"@type\":\"ListItem\",\"position\":3,\"name\":\"Services de consultation\"}]},{\"@type\":\"WebSite\",\"@id\":\"https:\/\/conscience.dev.affinitybridge.com\/#website\",\"url\":\"https:\/\/conscience.dev.affinitybridge.com\/\",\"name\":\"Conscience\",\"description\":\"\",\"publisher\":{\"@id\":\"https:\/\/conscience.dev.affinitybridge.com\/#organization\"},\"potentialAction\":[{\"@type\":\"SearchAction\",\"target\":{\"@type\":\"EntryPoint\",\"urlTemplate\":\"https:\/\/conscience.dev.affinitybridge.com\/?s={search_term_string}\"},\"query-input\":{\"@type\":\"PropertyValueSpecification\",\"valueRequired\":true,\"valueName\":\"search_term_string\"}}],\"inLanguage\":\"fr-FR\"},{\"@type\":\"Organization\",\"@id\":\"https:\/\/conscience.dev.affinitybridge.com\/#organization\",\"name\":\"Conscience\",\"url\":\"https:\/\/conscience.dev.affinitybridge.com\/\",\"logo\":{\"@type\":\"ImageObject\",\"inLanguage\":\"fr-FR\",\"@id\":\"https:\/\/conscience.dev.affinitybridge.com\/#\/schema\/logo\/image\/\",\"url\":\"https:\/\/conscience.ca\/wp-content\/uploads\/2024\/02\/header-logo.svg\",\"contentUrl\":\"https:\/\/conscience.ca\/wp-content\/uploads\/2024\/02\/header-logo.svg\",\"caption\":\"Conscience\"},\"image\":{\"@id\":\"https:\/\/conscience.dev.affinitybridge.com\/#\/schema\/logo\/image\/\"}}]}<\/script>\n<!-- \/ Yoast SEO plugin. -->","yoast_head_json":{"title":"Services de consultation - Conscience","robots":{"index":"index","follow":"follow","max-snippet":"max-snippet:-1","max-image-preview":"max-image-preview:large","max-video-preview":"max-video-preview:-1"},"canonical":"https:\/\/conscience.ca\/fr\/ressources\/services-de-consultation\/","og_locale":"fr_FR","og_type":"article","og_title":"Services de consultation - Conscience","og_description":"Demandez une consultation L\u2019\u00e9quipe exp\u00e9riment\u00e9e de Conscience compte de nombreuses ann\u00e9es d\u2019exp\u00e9rience dans le domaine de la d\u00e9couverte de m\u00e9dicaments, de la mise en place et de la gestion de partenariats en science ouverte, de l\u2019\u00e9laboration de principes et de politiques en science ouverte, ainsi que de l\u2019\u00e9laboration de strat\u00e9gies r\u00e9glementaires et de commercialisation dans [&hellip;]","og_url":"https:\/\/conscience.ca\/fr\/ressources\/services-de-consultation\/","og_site_name":"Conscience","article_modified_time":"2026-03-27T12:42:50+00:00","og_image":[{"width":2560,"height":1707,"url":"https:\/\/conscience.ca\/wp-content\/uploads\/2024\/08\/collaborative_puzzle-scaled.jpg","type":"image\/jpeg"}],"twitter_card":"summary_large_image","twitter_misc":{"Dur\u00e9e de lecture estim\u00e9e":"4 minutes"},"schema":{"@context":"https:\/\/schema.org","@graph":[{"@type":"WebPage","@id":"https:\/\/conscience.ca\/fr\/ressources\/services-de-consultation\/","url":"https:\/\/conscience.ca\/fr\/ressources\/services-de-consultation\/","name":"Services de consultation - Conscience","isPartOf":{"@id":"https:\/\/conscience.dev.affinitybridge.com\/#website"},"primaryImageOfPage":{"@id":"https:\/\/conscience.ca\/fr\/ressources\/services-de-consultation\/#primaryimage"},"image":{"@id":"https:\/\/conscience.ca\/fr\/ressources\/services-de-consultation\/#primaryimage"},"thumbnailUrl":"https:\/\/conscience.ca\/wp-content\/uploads\/2024\/08\/collaborative_puzzle-scaled.jpg","datePublished":"2024-08-19T21:33:59+00:00","dateModified":"2026-03-27T12:42:50+00:00","breadcrumb":{"@id":"https:\/\/conscience.ca\/fr\/ressources\/services-de-consultation\/#breadcrumb"},"inLanguage":"fr-FR","potentialAction":[{"@type":"ReadAction","target":["https:\/\/conscience.ca\/fr\/ressources\/services-de-consultation\/"]}]},{"@type":"ImageObject","inLanguage":"fr-FR","@id":"https:\/\/conscience.ca\/fr\/ressources\/services-de-consultation\/#primaryimage","url":"https:\/\/conscience.ca\/wp-content\/uploads\/2024\/08\/collaborative_puzzle-scaled.jpg","contentUrl":"https:\/\/conscience.ca\/wp-content\/uploads\/2024\/08\/collaborative_puzzle-scaled.jpg"},{"@type":"BreadcrumbList","@id":"https:\/\/conscience.ca\/fr\/ressources\/services-de-consultation\/#breadcrumb","itemListElement":[{"@type":"ListItem","position":1,"name":"Home","item":"https:\/\/conscience.ca\/fr\/"},{"@type":"ListItem","position":2,"name":"Ressources","item":"https:\/\/conscience.ca\/fr\/ressources\/"},{"@type":"ListItem","position":3,"name":"Services de consultation"}]},{"@type":"WebSite","@id":"https:\/\/conscience.dev.affinitybridge.com\/#website","url":"https:\/\/conscience.dev.affinitybridge.com\/","name":"Conscience","description":"","publisher":{"@id":"https:\/\/conscience.dev.affinitybridge.com\/#organization"},"potentialAction":[{"@type":"SearchAction","target":{"@type":"EntryPoint","urlTemplate":"https:\/\/conscience.dev.affinitybridge.com\/?s={search_term_string}"},"query-input":{"@type":"PropertyValueSpecification","valueRequired":true,"valueName":"search_term_string"}}],"inLanguage":"fr-FR"},{"@type":"Organization","@id":"https:\/\/conscience.dev.affinitybridge.com\/#organization","name":"Conscience","url":"https:\/\/conscience.dev.affinitybridge.com\/","logo":{"@type":"ImageObject","inLanguage":"fr-FR","@id":"https:\/\/conscience.dev.affinitybridge.com\/#\/schema\/logo\/image\/","url":"https:\/\/conscience.ca\/wp-content\/uploads\/2024\/02\/header-logo.svg","contentUrl":"https:\/\/conscience.ca\/wp-content\/uploads\/2024\/02\/header-logo.svg","caption":"Conscience"},"image":{"@id":"https:\/\/conscience.dev.affinitybridge.com\/#\/schema\/logo\/image\/"}}]}},"jetpack_sharing_enabled":true,"_links":{"self":[{"href":"https:\/\/conscience.ca\/fr\/wp-json\/wp\/v2\/pages\/2402","targetHints":{"allow":["GET"]}}],"collection":[{"href":"https:\/\/conscience.ca\/fr\/wp-json\/wp\/v2\/pages"}],"about":[{"href":"https:\/\/conscience.ca\/fr\/wp-json\/wp\/v2\/types\/page"}],"author":[{"embeddable":true,"href":"https:\/\/conscience.ca\/fr\/wp-json\/wp\/v2\/users\/4"}],"replies":[{"embeddable":true,"href":"https:\/\/conscience.ca\/fr\/wp-json\/wp\/v2\/comments?post=2402"}],"version-history":[{"count":9,"href":"https:\/\/conscience.ca\/fr\/wp-json\/wp\/v2\/pages\/2402\/revisions"}],"predecessor-version":[{"id":5071,"href":"https:\/\/conscience.ca\/fr\/wp-json\/wp\/v2\/pages\/2402\/revisions\/5071"}],"up":[{"embeddable":true,"href":"https:\/\/conscience.ca\/fr\/wp-json\/wp\/v2\/pages\/2389"}],"wp:attachment":[{"href":"https:\/\/conscience.ca\/fr\/wp-json\/wp\/v2\/media?parent=2402"}],"curies":[{"name":"wp","href":"https:\/\/api.w.org\/{rel}","templated":true}]}}