{"id":2405,"date":"2024-08-19T17:30:36","date_gmt":"2024-08-19T21:30:36","guid":{"rendered":"https:\/\/conscience.ca\/?page_id=2405"},"modified":"2024-08-22T14:50:52","modified_gmt":"2024-08-22T18:50:52","slug":"presse-et-media","status":"publish","type":"page","link":"https:\/\/conscience.ca\/fr\/news\/presse-et-media\/","title":{"rendered":"Presse et m\u00e9dia"},"content":{"rendered":"\n<h2 class=\"wp-block-heading\">Presse<\/h2>\n\n\n\n<p>Pour toute question relative \u00e0 la presse ou aux m\u00e9dias, veuillez contacter Estrid Jakobsen, responsable de la communication, \u00e0 l&rsquo;adresse suivante : estrid.jakobsen@conscience.ca.<\/p>\n\n\n\n<h2 class=\"wp-block-heading\">T\u00e9l\u00e9chargements et ressources<\/h2>\n\n\n\n<p>Cliquez ci-dessous pour t\u00e9l\u00e9charger le logo de Conscience en couleur, noir ou blanc.<\/p>\n\n\n\n<div class=\"wp-block-file\"><a id=\"wp-block-file--media-5d218fd0-a184-4c65-b604-9ebfc37954c0\" href=\"https:\/\/conscience.ca\/wp-content\/uploads\/2024\/08\/Conscience_logo_color.png\">Conscience_logo_color<\/a><a href=\"https:\/\/conscience.ca\/wp-content\/uploads\/2024\/08\/Conscience_logo_color.png\" class=\"wp-block-file__button wp-element-button\" download aria-describedby=\"wp-block-file--media-5d218fd0-a184-4c65-b604-9ebfc37954c0\">Download<\/a><\/div>\n\n\n\n<div class=\"wp-block-file\"><a id=\"wp-block-file--media-93916494-43b9-447c-a5a3-eac0a337b087\" href=\"https:\/\/conscience.ca\/wp-content\/uploads\/2024\/08\/Conscience_logo_BW.png\">Conscience_logo_BW<\/a><a href=\"https:\/\/conscience.ca\/wp-content\/uploads\/2024\/08\/Conscience_logo_BW.png\" class=\"wp-block-file__button wp-element-button\" download aria-describedby=\"wp-block-file--media-93916494-43b9-447c-a5a3-eac0a337b087\">Download<\/a><\/div>\n\n\n\n<div class=\"wp-block-file\"><a id=\"wp-block-file--media-faa4b0a6-0b32-4fcd-8f89-b4fdf3a3bf6c\" href=\"https:\/\/conscience.ca\/wp-content\/uploads\/2024\/08\/Conscience_logo_BW_invert.png\">Conscience_logo_BW_invert<\/a><a href=\"https:\/\/conscience.ca\/wp-content\/uploads\/2024\/08\/Conscience_logo_BW_invert.png\" class=\"wp-block-file__button wp-element-button\" download aria-describedby=\"wp-block-file--media-faa4b0a6-0b32-4fcd-8f89-b4fdf3a3bf6c\">Download<\/a><\/div>\n","protected":false},"excerpt":{"rendered":"<p>Presse Pour toute question relative \u00e0 la presse ou aux m\u00e9dias, veuillez contacter Estrid Jakobsen, responsable de la communication, \u00e0 l&rsquo;adresse suivante : estrid.jakobsen@conscience.ca. T\u00e9l\u00e9chargements et ressources Cliquez ci-dessous pour t\u00e9l\u00e9charger le logo de Conscience en couleur, noir ou blanc.<\/p>\n","protected":false},"author":5,"featured_media":0,"parent":1649,"menu_order":0,"comment_status":"closed","ping_status":"closed","template":"","meta":{"_acf_changed":false,"footnotes":""},"class_list":["post-2405","page","type-page","status-publish","hentry"],"acf":[],"yoast_head":"<!-- This site is optimized with the Yoast SEO plugin v27.3 - https:\/\/yoast.com\/product\/yoast-seo-wordpress\/ -->\n<title>Presse et m\u00e9dia - Conscience<\/title>\n<meta name=\"robots\" content=\"index, follow, max-snippet:-1, max-image-preview:large, max-video-preview:-1\" \/>\n<link rel=\"canonical\" href=\"https:\/\/conscience.ca\/fr\/news\/presse-et-media\/\" \/>\n<meta property=\"og:locale\" content=\"fr_FR\" \/>\n<meta property=\"og:type\" content=\"article\" \/>\n<meta property=\"og:title\" content=\"Presse et m\u00e9dia - Conscience\" \/>\n<meta property=\"og:description\" content=\"Presse Pour toute question relative \u00e0 la presse ou aux m\u00e9dias, veuillez contacter Estrid Jakobsen, responsable de la communication, \u00e0 l&rsquo;adresse suivante : estrid.jakobsen@conscience.ca. T\u00e9l\u00e9chargements et ressources Cliquez ci-dessous pour t\u00e9l\u00e9charger le logo de Conscience en couleur, noir ou blanc.\" \/>\n<meta property=\"og:url\" content=\"https:\/\/conscience.ca\/fr\/news\/presse-et-media\/\" \/>\n<meta property=\"og:site_name\" content=\"Conscience\" \/>\n<meta property=\"article:modified_time\" content=\"2024-08-22T18:50:52+00:00\" \/>\n<meta property=\"og:image\" content=\"https:\/\/conscience.ca\/wp-content\/uploads\/2024\/03\/Conscience-1200x627-LinkedIn.png\" \/>\n\t<meta property=\"og:image:width\" content=\"1200\" \/>\n\t<meta property=\"og:image:height\" content=\"627\" \/>\n\t<meta property=\"og:image:type\" content=\"image\/png\" \/>\n<meta name=\"twitter:card\" content=\"summary_large_image\" \/>\n<meta name=\"twitter:label1\" content=\"Dur\u00e9e de lecture estim\u00e9e\" \/>\n\t<meta name=\"twitter:data1\" content=\"1 minute\" \/>\n<script type=\"application\/ld+json\" class=\"yoast-schema-graph\">{\"@context\":\"https:\\\/\\\/schema.org\",\"@graph\":[{\"@type\":\"WebPage\",\"@id\":\"https:\\\/\\\/conscience.ca\\\/fr\\\/news\\\/presse-et-media\\\/\",\"url\":\"https:\\\/\\\/conscience.ca\\\/fr\\\/news\\\/presse-et-media\\\/\",\"name\":\"Presse et m\u00e9dia - Conscience\",\"isPartOf\":{\"@id\":\"https:\\\/\\\/conscience.dev.affinitybridge.com\\\/#website\"},\"datePublished\":\"2024-08-19T21:30:36+00:00\",\"dateModified\":\"2024-08-22T18:50:52+00:00\",\"breadcrumb\":{\"@id\":\"https:\\\/\\\/conscience.ca\\\/fr\\\/news\\\/presse-et-media\\\/#breadcrumb\"},\"inLanguage\":\"fr-FR\",\"potentialAction\":[{\"@type\":\"ReadAction\",\"target\":[\"https:\\\/\\\/conscience.ca\\\/fr\\\/news\\\/presse-et-media\\\/\"]}]},{\"@type\":\"BreadcrumbList\",\"@id\":\"https:\\\/\\\/conscience.ca\\\/fr\\\/news\\\/presse-et-media\\\/#breadcrumb\",\"itemListElement\":[{\"@type\":\"ListItem\",\"position\":1,\"name\":\"Home\",\"item\":\"https:\\\/\\\/conscience.ca\\\/fr\\\/accueil\\\/\"},{\"@type\":\"ListItem\",\"position\":2,\"name\":\"Nouvelles\",\"item\":\"https:\\\/\\\/conscience.ca\\\/fr\\\/news\\\/\"},{\"@type\":\"ListItem\",\"position\":3,\"name\":\"Presse et m\u00e9dia\"}]},{\"@type\":\"WebSite\",\"@id\":\"https:\\\/\\\/conscience.dev.affinitybridge.com\\\/#website\",\"url\":\"https:\\\/\\\/conscience.dev.affinitybridge.com\\\/\",\"name\":\"Conscience\",\"description\":\"\",\"publisher\":{\"@id\":\"https:\\\/\\\/conscience.dev.affinitybridge.com\\\/#organization\"},\"potentialAction\":[{\"@type\":\"SearchAction\",\"target\":{\"@type\":\"EntryPoint\",\"urlTemplate\":\"https:\\\/\\\/conscience.dev.affinitybridge.com\\\/?s={search_term_string}\"},\"query-input\":{\"@type\":\"PropertyValueSpecification\",\"valueRequired\":true,\"valueName\":\"search_term_string\"}}],\"inLanguage\":\"fr-FR\"},{\"@type\":\"Organization\",\"@id\":\"https:\\\/\\\/conscience.dev.affinitybridge.com\\\/#organization\",\"name\":\"Conscience\",\"url\":\"https:\\\/\\\/conscience.dev.affinitybridge.com\\\/\",\"logo\":{\"@type\":\"ImageObject\",\"inLanguage\":\"fr-FR\",\"@id\":\"https:\\\/\\\/conscience.dev.affinitybridge.com\\\/#\\\/schema\\\/logo\\\/image\\\/\",\"url\":\"https:\\\/\\\/conscience.ca\\\/wp-content\\\/uploads\\\/2024\\\/02\\\/header-logo.svg\",\"contentUrl\":\"https:\\\/\\\/conscience.ca\\\/wp-content\\\/uploads\\\/2024\\\/02\\\/header-logo.svg\",\"caption\":\"Conscience\"},\"image\":{\"@id\":\"https:\\\/\\\/conscience.dev.affinitybridge.com\\\/#\\\/schema\\\/logo\\\/image\\\/\"}}]}<\/script>\n<!-- \/ Yoast SEO plugin. -->","yoast_head_json":{"title":"Presse et m\u00e9dia - Conscience","robots":{"index":"index","follow":"follow","max-snippet":"max-snippet:-1","max-image-preview":"max-image-preview:large","max-video-preview":"max-video-preview:-1"},"canonical":"https:\/\/conscience.ca\/fr\/news\/presse-et-media\/","og_locale":"fr_FR","og_type":"article","og_title":"Presse et m\u00e9dia - Conscience","og_description":"Presse Pour toute question relative \u00e0 la presse ou aux m\u00e9dias, veuillez contacter Estrid Jakobsen, responsable de la communication, \u00e0 l&rsquo;adresse suivante : estrid.jakobsen@conscience.ca. T\u00e9l\u00e9chargements et ressources Cliquez ci-dessous pour t\u00e9l\u00e9charger le logo de Conscience en couleur, noir ou blanc.","og_url":"https:\/\/conscience.ca\/fr\/news\/presse-et-media\/","og_site_name":"Conscience","article_modified_time":"2024-08-22T18:50:52+00:00","og_image":[{"width":1200,"height":627,"url":"https:\/\/conscience.ca\/wp-content\/uploads\/2024\/03\/Conscience-1200x627-LinkedIn.png","type":"image\/png"}],"twitter_card":"summary_large_image","twitter_misc":{"Dur\u00e9e de lecture estim\u00e9e":"1 minute"},"schema":{"@context":"https:\/\/schema.org","@graph":[{"@type":"WebPage","@id":"https:\/\/conscience.ca\/fr\/news\/presse-et-media\/","url":"https:\/\/conscience.ca\/fr\/news\/presse-et-media\/","name":"Presse et m\u00e9dia - Conscience","isPartOf":{"@id":"https:\/\/conscience.dev.affinitybridge.com\/#website"},"datePublished":"2024-08-19T21:30:36+00:00","dateModified":"2024-08-22T18:50:52+00:00","breadcrumb":{"@id":"https:\/\/conscience.ca\/fr\/news\/presse-et-media\/#breadcrumb"},"inLanguage":"fr-FR","potentialAction":[{"@type":"ReadAction","target":["https:\/\/conscience.ca\/fr\/news\/presse-et-media\/"]}]},{"@type":"BreadcrumbList","@id":"https:\/\/conscience.ca\/fr\/news\/presse-et-media\/#breadcrumb","itemListElement":[{"@type":"ListItem","position":1,"name":"Home","item":"https:\/\/conscience.ca\/fr\/accueil\/"},{"@type":"ListItem","position":2,"name":"Nouvelles","item":"https:\/\/conscience.ca\/fr\/news\/"},{"@type":"ListItem","position":3,"name":"Presse et m\u00e9dia"}]},{"@type":"WebSite","@id":"https:\/\/conscience.dev.affinitybridge.com\/#website","url":"https:\/\/conscience.dev.affinitybridge.com\/","name":"Conscience","description":"","publisher":{"@id":"https:\/\/conscience.dev.affinitybridge.com\/#organization"},"potentialAction":[{"@type":"SearchAction","target":{"@type":"EntryPoint","urlTemplate":"https:\/\/conscience.dev.affinitybridge.com\/?s={search_term_string}"},"query-input":{"@type":"PropertyValueSpecification","valueRequired":true,"valueName":"search_term_string"}}],"inLanguage":"fr-FR"},{"@type":"Organization","@id":"https:\/\/conscience.dev.affinitybridge.com\/#organization","name":"Conscience","url":"https:\/\/conscience.dev.affinitybridge.com\/","logo":{"@type":"ImageObject","inLanguage":"fr-FR","@id":"https:\/\/conscience.dev.affinitybridge.com\/#\/schema\/logo\/image\/","url":"https:\/\/conscience.ca\/wp-content\/uploads\/2024\/02\/header-logo.svg","contentUrl":"https:\/\/conscience.ca\/wp-content\/uploads\/2024\/02\/header-logo.svg","caption":"Conscience"},"image":{"@id":"https:\/\/conscience.dev.affinitybridge.com\/#\/schema\/logo\/image\/"}}]}},"jetpack_sharing_enabled":true,"_links":{"self":[{"href":"https:\/\/conscience.ca\/fr\/wp-json\/wp\/v2\/pages\/2405","targetHints":{"allow":["GET"]}}],"collection":[{"href":"https:\/\/conscience.ca\/fr\/wp-json\/wp\/v2\/pages"}],"about":[{"href":"https:\/\/conscience.ca\/fr\/wp-json\/wp\/v2\/types\/page"}],"author":[{"embeddable":true,"href":"https:\/\/conscience.ca\/fr\/wp-json\/wp\/v2\/users\/5"}],"replies":[{"embeddable":true,"href":"https:\/\/conscience.ca\/fr\/wp-json\/wp\/v2\/comments?post=2405"}],"version-history":[{"count":3,"href":"https:\/\/conscience.ca\/fr\/wp-json\/wp\/v2\/pages\/2405\/revisions"}],"predecessor-version":[{"id":2408,"href":"https:\/\/conscience.ca\/fr\/wp-json\/wp\/v2\/pages\/2405\/revisions\/2408"}],"up":[{"embeddable":true,"href":"https:\/\/conscience.ca\/fr\/wp-json\/wp\/v2\/pages\/1649"}],"wp:attachment":[{"href":"https:\/\/conscience.ca\/fr\/wp-json\/wp\/v2\/media?parent=2405"}],"curies":[{"name":"wp","href":"https:\/\/api.w.org\/{rel}","templated":true}]}}