{"id":2641,"date":"2024-08-26T17:19:51","date_gmt":"2024-08-26T21:19:51","guid":{"rendered":"https:\/\/conscience.ca\/?page_id=2641"},"modified":"2026-04-28T08:52:31","modified_gmt":"2026-04-28T12:52:31","slug":"travailler-avec-nous","status":"publish","type":"page","link":"https:\/\/conscience.ca\/fr\/about-us\/travailler-avec-nous\/","title":{"rendered":"Travailler avec nous"},"content":{"rendered":"\n<div class=\"wp-block-columns so-text-image-split-container is-layout-flex wp-container-core-columns-is-layout-28f84493 wp-block-columns-is-layout-flex\">\n<div class=\"wp-block-column so-text-image-split-content-wrapper is-layout-flow wp-block-column-is-layout-flow\">\n<h2 class=\"wp-block-heading\">Offres d&#8217;emploi actuelles<\/h2>\n\n\n\n<p>Il n\u2019y a pas d\u2019offres d\u2019emploi pour le moment.<\/p>\n\n\n\n<p><\/p>\n\n\n\n<h2 class=\"wp-block-heading\">Travailler \u00e0 Conscience<\/h2>\n\n\n\n<p>L&rsquo;\u00e9quipe de Conscience travaille \u00e0 distance dans un environnement virtuel qui utilise Slack, Zoom, des documents collaboratifs et des courriels, ainsi que lors de rencontres planifi\u00e9es en personne au besoin (retraites r\u00e9guli\u00e8res de l&rsquo;\u00e9quipe, r\u00e9unions de travail). Nous n&rsquo;avons pas de bureau central. Nous fournissons \u00e0 chaque employ\u00e9 les outils de travail essentiels tels qu&rsquo;un ordinateur portable et d&rsquo;autres p\u00e9riph\u00e9riques. Le travail \u00e0 distance permet une certaine flexibilit\u00e9 des horaires de travail, ce qui est utile pour g\u00e9rer les engagements de vie et la famille. La plupart des fonctions impliquent des d\u00e9placements selon les besoins.<\/p>\n\n\n\n<p>Nous offrons un salaire comp\u00e9titif, des avantages sociaux (soins m\u00e9dicaux, dentaires et optiques, ainsi qu&rsquo;un r\u00e9gime d\u2019\u00e9pargne retraite &#8211; REER &#8211; avec contribution de l\u2019employeur par l&rsquo;interm\u00e9diaire de Sunlife) et une politique g\u00e9n\u00e9reuse en mati\u00e8re de cong\u00e9s.<\/p>\n\n\n\n<p>Bien que nous soyons l\u00e9galement bas\u00e9s au Canada, notre approche de la d\u00e9couverte de m\u00e9dicaments et de la science est mondiale. Nous croyons que la collaboration peut se faire dans tous les coins du monde, des leaders les plus \u00e9tablis aux partenaires les plus improbables. C&rsquo;est pourquoi nous invitons des candidats issus de milieux et d&rsquo;exp\u00e9riences tr\u00e8s divers, y compris des groupes historiquement marginalis\u00e9s ou sous-estim\u00e9s : femmes, autochtones, personnes handicap\u00e9es, personnes de couleur, anciens d\u00e9tenus, lesbiennes, gays, bisexuels, transgenres et\/ou non-conformes au genre, immigrants de premi\u00e8re et de deuxi\u00e8me g\u00e9n\u00e9ration et personnes issues de familles \u00e0 faible revenu. La diversit\u00e9 des exp\u00e9riences v\u00e9cues renforce notre travail et la communaut\u00e9 de notre r\u00e9seau.<\/p>\n<\/div>\n\n\n\n<div class=\"wp-block-column so-text-image-split-image-wrapper is-layout-flow wp-block-column-is-layout-flow\">\n<figure class=\"wp-block-image size-full is-style-rounded so-post-image-circle\"><img fetchpriority=\"high\" decoding=\"async\" width=\"1600\" height=\"1067\" src=\"https:\/\/conscience.ca\/wp-content\/uploads\/2024\/08\/oalh2mojuuk.jpg\" alt=\"woman placing sticky notes on wall\" class=\"wp-image-2636\" style=\"aspect-ratio:1;object-fit:cover\" srcset=\"https:\/\/conscience.ca\/wp-content\/uploads\/2024\/08\/oalh2mojuuk.jpg 1600w, https:\/\/conscience.ca\/wp-content\/uploads\/2024\/08\/oalh2mojuuk-300x200.jpg 300w, https:\/\/conscience.ca\/wp-content\/uploads\/2024\/08\/oalh2mojuuk-1024x683.jpg 1024w, https:\/\/conscience.ca\/wp-content\/uploads\/2024\/08\/oalh2mojuuk-768x512.jpg 768w, https:\/\/conscience.ca\/wp-content\/uploads\/2024\/08\/oalh2mojuuk-1536x1024.jpg 1536w\" sizes=\"(max-width: 1600px) 100vw, 1600px\" \/><\/figure>\n<\/div>\n<\/div>\n\n\n\n<figure class=\"wp-block-image alignwide size-full is-style-default\"><img decoding=\"async\" width=\"2560\" height=\"1707\" src=\"https:\/\/conscience.ca\/wp-content\/uploads\/2026\/04\/IMG_5382-edited-scaled.jpeg\" alt=\"\" class=\"wp-image-5245\" srcset=\"https:\/\/conscience.ca\/wp-content\/uploads\/2026\/04\/IMG_5382-edited-scaled.jpeg 2560w, https:\/\/conscience.ca\/wp-content\/uploads\/2026\/04\/IMG_5382-edited-300x200.jpeg 300w, https:\/\/conscience.ca\/wp-content\/uploads\/2026\/04\/IMG_5382-edited-1024x683.jpeg 1024w, https:\/\/conscience.ca\/wp-content\/uploads\/2026\/04\/IMG_5382-edited-768x512.jpeg 768w, https:\/\/conscience.ca\/wp-content\/uploads\/2026\/04\/IMG_5382-edited-1536x1024.jpeg 1536w, https:\/\/conscience.ca\/wp-content\/uploads\/2026\/04\/IMG_5382-edited-2048x1365.jpeg 2048w\" sizes=\"(max-width: 2560px) 100vw, 2560px\" \/><figcaption class=\"wp-element-caption\">De gauche \u00e0 droite : Peng Fu, Yuchen Zhou, Keri Stalker, Richard Gold, Anne Fortier, Jeeshan Ifthikar, Dakota Treleaven, Vishan Sivagnanam, Dylan Roskams-Edris, Resham Chhabra, Sajjad Nakshab, Guy Rouleau<\/figcaption><\/figure>\n","protected":false},"excerpt":{"rendered":"<p>Offres d&#8217;emploi actuelles Il n\u2019y a pas d\u2019offres d\u2019emploi pour le moment. Travailler \u00e0 Conscience L&rsquo;\u00e9quipe de Conscience travaille \u00e0 distance dans un environnement virtuel qui utilise Slack, Zoom, des documents collaboratifs et des courriels, ainsi que lors de rencontres planifi\u00e9es en personne au besoin (retraites r\u00e9guli\u00e8res de l&rsquo;\u00e9quipe, r\u00e9unions de travail). Nous n&rsquo;avons pas [&hellip;]<\/p>\n","protected":false},"author":5,"featured_media":0,"parent":0,"menu_order":0,"comment_status":"closed","ping_status":"closed","template":"","meta":{"_acf_changed":false,"footnotes":""},"class_list":["post-2641","page","type-page","status-publish","hentry"],"acf":[],"yoast_head":"<!-- This site is optimized with the Yoast SEO plugin v27.3 - https:\/\/yoast.com\/product\/yoast-seo-wordpress\/ -->\n<title>Travailler avec nous - Conscience<\/title>\n<meta name=\"robots\" content=\"index, follow, max-snippet:-1, max-image-preview:large, max-video-preview:-1\" \/>\n<link rel=\"canonical\" href=\"https:\/\/conscience.ca\/fr\/about-us\/travailler-avec-nous\/\" \/>\n<meta property=\"og:locale\" content=\"fr_FR\" \/>\n<meta property=\"og:type\" content=\"article\" \/>\n<meta property=\"og:title\" content=\"Travailler avec nous - Conscience\" \/>\n<meta property=\"og:description\" content=\"Offres d&#8217;emploi actuelles Il n\u2019y a pas d\u2019offres d\u2019emploi pour le moment. Travailler \u00e0 Conscience L&rsquo;\u00e9quipe de Conscience travaille \u00e0 distance dans un environnement virtuel qui utilise Slack, Zoom, des documents collaboratifs et des courriels, ainsi que lors de rencontres planifi\u00e9es en personne au besoin (retraites r\u00e9guli\u00e8res de l&rsquo;\u00e9quipe, r\u00e9unions de travail). Nous n&rsquo;avons pas [&hellip;]\" \/>\n<meta property=\"og:url\" content=\"https:\/\/conscience.ca\/fr\/about-us\/travailler-avec-nous\/\" \/>\n<meta property=\"og:site_name\" content=\"Conscience\" \/>\n<meta property=\"article:modified_time\" content=\"2026-04-28T12:52:31+00:00\" \/>\n<meta property=\"og:image\" content=\"https:\/\/conscience.ca\/wp-content\/uploads\/2024\/08\/oalh2mojuuk.jpg\" \/>\n\t<meta property=\"og:image:width\" content=\"1600\" \/>\n\t<meta property=\"og:image:height\" content=\"1067\" \/>\n\t<meta property=\"og:image:type\" content=\"image\/jpeg\" \/>\n<meta name=\"twitter:card\" content=\"summary_large_image\" \/>\n<meta name=\"twitter:label1\" content=\"Dur\u00e9e de lecture estim\u00e9e\" \/>\n\t<meta name=\"twitter:data1\" content=\"2 minutes\" \/>\n<script type=\"application\/ld+json\" class=\"yoast-schema-graph\">{\"@context\":\"https:\\\/\\\/schema.org\",\"@graph\":[{\"@type\":\"WebPage\",\"@id\":\"https:\\\/\\\/conscience.ca\\\/fr\\\/about-us\\\/travailler-avec-nous\\\/\",\"url\":\"https:\\\/\\\/conscience.ca\\\/fr\\\/about-us\\\/travailler-avec-nous\\\/\",\"name\":\"Travailler avec nous - Conscience\",\"isPartOf\":{\"@id\":\"https:\\\/\\\/conscience.dev.affinitybridge.com\\\/#website\"},\"primaryImageOfPage\":{\"@id\":\"https:\\\/\\\/conscience.ca\\\/fr\\\/about-us\\\/travailler-avec-nous\\\/#primaryimage\"},\"image\":{\"@id\":\"https:\\\/\\\/conscience.ca\\\/fr\\\/about-us\\\/travailler-avec-nous\\\/#primaryimage\"},\"thumbnailUrl\":\"https:\\\/\\\/conscience.ca\\\/wp-content\\\/uploads\\\/2024\\\/08\\\/oalh2mojuuk.jpg\",\"datePublished\":\"2024-08-26T21:19:51+00:00\",\"dateModified\":\"2026-04-28T12:52:31+00:00\",\"breadcrumb\":{\"@id\":\"https:\\\/\\\/conscience.ca\\\/fr\\\/about-us\\\/travailler-avec-nous\\\/#breadcrumb\"},\"inLanguage\":\"fr-FR\",\"potentialAction\":[{\"@type\":\"ReadAction\",\"target\":[\"https:\\\/\\\/conscience.ca\\\/fr\\\/about-us\\\/travailler-avec-nous\\\/\"]}]},{\"@type\":\"ImageObject\",\"inLanguage\":\"fr-FR\",\"@id\":\"https:\\\/\\\/conscience.ca\\\/fr\\\/about-us\\\/travailler-avec-nous\\\/#primaryimage\",\"url\":\"https:\\\/\\\/conscience.ca\\\/wp-content\\\/uploads\\\/2024\\\/08\\\/oalh2mojuuk.jpg\",\"contentUrl\":\"https:\\\/\\\/conscience.ca\\\/wp-content\\\/uploads\\\/2024\\\/08\\\/oalh2mojuuk.jpg\"},{\"@type\":\"BreadcrumbList\",\"@id\":\"https:\\\/\\\/conscience.ca\\\/fr\\\/about-us\\\/travailler-avec-nous\\\/#breadcrumb\",\"itemListElement\":[{\"@type\":\"ListItem\",\"position\":1,\"name\":\"Home\",\"item\":\"https:\\\/\\\/conscience.ca\\\/fr\\\/accueil\\\/\"},{\"@type\":\"ListItem\",\"position\":2,\"name\":\"Travailler avec nous\"}]},{\"@type\":\"WebSite\",\"@id\":\"https:\\\/\\\/conscience.dev.affinitybridge.com\\\/#website\",\"url\":\"https:\\\/\\\/conscience.dev.affinitybridge.com\\\/\",\"name\":\"Conscience\",\"description\":\"\",\"publisher\":{\"@id\":\"https:\\\/\\\/conscience.dev.affinitybridge.com\\\/#organization\"},\"potentialAction\":[{\"@type\":\"SearchAction\",\"target\":{\"@type\":\"EntryPoint\",\"urlTemplate\":\"https:\\\/\\\/conscience.dev.affinitybridge.com\\\/?s={search_term_string}\"},\"query-input\":{\"@type\":\"PropertyValueSpecification\",\"valueRequired\":true,\"valueName\":\"search_term_string\"}}],\"inLanguage\":\"fr-FR\"},{\"@type\":\"Organization\",\"@id\":\"https:\\\/\\\/conscience.dev.affinitybridge.com\\\/#organization\",\"name\":\"Conscience\",\"url\":\"https:\\\/\\\/conscience.dev.affinitybridge.com\\\/\",\"logo\":{\"@type\":\"ImageObject\",\"inLanguage\":\"fr-FR\",\"@id\":\"https:\\\/\\\/conscience.dev.affinitybridge.com\\\/#\\\/schema\\\/logo\\\/image\\\/\",\"url\":\"https:\\\/\\\/conscience.ca\\\/wp-content\\\/uploads\\\/2024\\\/02\\\/header-logo.svg\",\"contentUrl\":\"https:\\\/\\\/conscience.ca\\\/wp-content\\\/uploads\\\/2024\\\/02\\\/header-logo.svg\",\"caption\":\"Conscience\"},\"image\":{\"@id\":\"https:\\\/\\\/conscience.dev.affinitybridge.com\\\/#\\\/schema\\\/logo\\\/image\\\/\"}}]}<\/script>\n<!-- \/ Yoast SEO plugin. -->","yoast_head_json":{"title":"Travailler avec nous - Conscience","robots":{"index":"index","follow":"follow","max-snippet":"max-snippet:-1","max-image-preview":"max-image-preview:large","max-video-preview":"max-video-preview:-1"},"canonical":"https:\/\/conscience.ca\/fr\/about-us\/travailler-avec-nous\/","og_locale":"fr_FR","og_type":"article","og_title":"Travailler avec nous - Conscience","og_description":"Offres d&#8217;emploi actuelles Il n\u2019y a pas d\u2019offres d\u2019emploi pour le moment. Travailler \u00e0 Conscience L&rsquo;\u00e9quipe de Conscience travaille \u00e0 distance dans un environnement virtuel qui utilise Slack, Zoom, des documents collaboratifs et des courriels, ainsi que lors de rencontres planifi\u00e9es en personne au besoin (retraites r\u00e9guli\u00e8res de l&rsquo;\u00e9quipe, r\u00e9unions de travail). Nous n&rsquo;avons pas [&hellip;]","og_url":"https:\/\/conscience.ca\/fr\/about-us\/travailler-avec-nous\/","og_site_name":"Conscience","article_modified_time":"2026-04-28T12:52:31+00:00","og_image":[{"width":1600,"height":1067,"url":"https:\/\/conscience.ca\/wp-content\/uploads\/2024\/08\/oalh2mojuuk.jpg","type":"image\/jpeg"}],"twitter_card":"summary_large_image","twitter_misc":{"Dur\u00e9e de lecture estim\u00e9e":"2 minutes"},"schema":{"@context":"https:\/\/schema.org","@graph":[{"@type":"WebPage","@id":"https:\/\/conscience.ca\/fr\/about-us\/travailler-avec-nous\/","url":"https:\/\/conscience.ca\/fr\/about-us\/travailler-avec-nous\/","name":"Travailler avec nous - Conscience","isPartOf":{"@id":"https:\/\/conscience.dev.affinitybridge.com\/#website"},"primaryImageOfPage":{"@id":"https:\/\/conscience.ca\/fr\/about-us\/travailler-avec-nous\/#primaryimage"},"image":{"@id":"https:\/\/conscience.ca\/fr\/about-us\/travailler-avec-nous\/#primaryimage"},"thumbnailUrl":"https:\/\/conscience.ca\/wp-content\/uploads\/2024\/08\/oalh2mojuuk.jpg","datePublished":"2024-08-26T21:19:51+00:00","dateModified":"2026-04-28T12:52:31+00:00","breadcrumb":{"@id":"https:\/\/conscience.ca\/fr\/about-us\/travailler-avec-nous\/#breadcrumb"},"inLanguage":"fr-FR","potentialAction":[{"@type":"ReadAction","target":["https:\/\/conscience.ca\/fr\/about-us\/travailler-avec-nous\/"]}]},{"@type":"ImageObject","inLanguage":"fr-FR","@id":"https:\/\/conscience.ca\/fr\/about-us\/travailler-avec-nous\/#primaryimage","url":"https:\/\/conscience.ca\/wp-content\/uploads\/2024\/08\/oalh2mojuuk.jpg","contentUrl":"https:\/\/conscience.ca\/wp-content\/uploads\/2024\/08\/oalh2mojuuk.jpg"},{"@type":"BreadcrumbList","@id":"https:\/\/conscience.ca\/fr\/about-us\/travailler-avec-nous\/#breadcrumb","itemListElement":[{"@type":"ListItem","position":1,"name":"Home","item":"https:\/\/conscience.ca\/fr\/accueil\/"},{"@type":"ListItem","position":2,"name":"Travailler avec nous"}]},{"@type":"WebSite","@id":"https:\/\/conscience.dev.affinitybridge.com\/#website","url":"https:\/\/conscience.dev.affinitybridge.com\/","name":"Conscience","description":"","publisher":{"@id":"https:\/\/conscience.dev.affinitybridge.com\/#organization"},"potentialAction":[{"@type":"SearchAction","target":{"@type":"EntryPoint","urlTemplate":"https:\/\/conscience.dev.affinitybridge.com\/?s={search_term_string}"},"query-input":{"@type":"PropertyValueSpecification","valueRequired":true,"valueName":"search_term_string"}}],"inLanguage":"fr-FR"},{"@type":"Organization","@id":"https:\/\/conscience.dev.affinitybridge.com\/#organization","name":"Conscience","url":"https:\/\/conscience.dev.affinitybridge.com\/","logo":{"@type":"ImageObject","inLanguage":"fr-FR","@id":"https:\/\/conscience.dev.affinitybridge.com\/#\/schema\/logo\/image\/","url":"https:\/\/conscience.ca\/wp-content\/uploads\/2024\/02\/header-logo.svg","contentUrl":"https:\/\/conscience.ca\/wp-content\/uploads\/2024\/02\/header-logo.svg","caption":"Conscience"},"image":{"@id":"https:\/\/conscience.dev.affinitybridge.com\/#\/schema\/logo\/image\/"}}]}},"jetpack_sharing_enabled":true,"_links":{"self":[{"href":"https:\/\/conscience.ca\/fr\/wp-json\/wp\/v2\/pages\/2641","targetHints":{"allow":["GET"]}}],"collection":[{"href":"https:\/\/conscience.ca\/fr\/wp-json\/wp\/v2\/pages"}],"about":[{"href":"https:\/\/conscience.ca\/fr\/wp-json\/wp\/v2\/types\/page"}],"author":[{"embeddable":true,"href":"https:\/\/conscience.ca\/fr\/wp-json\/wp\/v2\/users\/5"}],"replies":[{"embeddable":true,"href":"https:\/\/conscience.ca\/fr\/wp-json\/wp\/v2\/comments?post=2641"}],"version-history":[{"count":23,"href":"https:\/\/conscience.ca\/fr\/wp-json\/wp\/v2\/pages\/2641\/revisions"}],"predecessor-version":[{"id":5249,"href":"https:\/\/conscience.ca\/fr\/wp-json\/wp\/v2\/pages\/2641\/revisions\/5249"}],"wp:attachment":[{"href":"https:\/\/conscience.ca\/fr\/wp-json\/wp\/v2\/media?parent=2641"}],"curies":[{"name":"wp","href":"https:\/\/api.w.org\/{rel}","templated":true}]}}