{"id":3465,"date":"2025-02-04T09:42:30","date_gmt":"2025-02-04T14:42:30","guid":{"rendered":"http:\/\/fr\/conscience-event-privacy-policy\/"},"modified":"2025-02-14T16:46:30","modified_gmt":"2025-02-14T21:46:30","slug":"politique-de-confidentialite-des-evenements","status":"publish","type":"page","link":"https:\/\/conscience.ca\/fr\/politique-de-confidentialite-des-evenements\/","title":{"rendered":"Politique de confidentialit\u00e9 des \u00e9v\u00e9nements"},"content":{"rendered":"\n<p><strong>En vigueur \u00e0 compter du 17 d\u00e9cembre 2024<\/strong><\/p>\n\n\n\n<p>Conscience (\u00ab\u2009nous\u2009\u00bb, \u00ab\u2009notre\u2009\u00bb) a r\u00e9dig\u00e9 cette politique de confidentialit\u00e9 des \u00e9v\u00e9nements (\u00ab\u2009<strong>politique de confidentialit\u00e9 des \u00e9v\u00e9nements\u2009<\/strong>\u00bb) afin de d\u00e9crire nos pratiques en mati\u00e8re de protection des renseignements personnels (\u00ab\u2009<strong>renseignements personnels<\/strong>\u2009\u00bb) recueillis aupr\u00e8s des visiteurs, des participantes et participants et des personnes inscrites \u00e0 l\u2019\u00e9v\u00e9nement (\u00ab\u2009<strong>\u00e9v\u00e9nement<\/strong>\u2009\u00bb). Cette politique de confidentialit\u00e9 des \u00e9v\u00e9nements s\u2019ajoute \u00e0 celle qui se trouve sur notre site Web (disponible \u00e0 l\u2019adresse <a href=\"https:\/\/conscience.ca\/fr\/privacy-policy\/\">https:\/\/conscience.ca\/privacy-policy\/<\/a>) (collectivement les \u00ab\u2009<strong>politiques de confidentialit\u00e9<\/strong>\u2009\u00bb).<\/p>\n\n\n\n<p>En fournissant vos renseignements personnels pour participer \u00e0 l\u2019\u00e9v\u00e9nement, vous consentez explicitement \u00e0 ce que ces donn\u00e9es soient stock\u00e9es et trait\u00e9es conform\u00e9ment \u00e0 nos politiques de confidentialit\u00e9.<\/p>\n\n\n\n<h2 class=\"wp-block-heading\"><strong>Renseignements personnels que nous recueillons et utilisons<\/strong><\/h2>\n\n\n\n<h3 class=\"wp-block-heading\"><strong>Inscription \u00e0 l\u2019\u00e9v\u00e9nement<\/strong><\/h3>\n\n\n\n<p>Nous utilisons notre processus d\u2019inscription pour recueillir les renseignements personnels que vous saisissez directement dans nos formulaires d\u2019inscription. Nous pouvons \u00e9galement recueillir des renseignements personnels directement transmis au moyen des formulaires de soumission ou d\u2019autres pages que nous avons cr\u00e9\u00e9es en tant qu\u2019organisatrices et organisateurs de l\u2019\u00e9v\u00e9nement. Nous recueillons et traitons ces donn\u00e9es pour les raisons suivantes :<\/p>\n\n\n\n<ul class=\"wp-block-list\">\n<li>compl\u00e9ter votre inscription \u00e0 l\u2019\u00e9v\u00e9nement et vous remettre votre billet;<\/li>\n\n\n\n<li>g\u00e9rer l\u2019\u00e9v\u00e9nement et les personnes qui y participent<\/li>\n\n\n\n<li>vous contacter \u00e0 propos de l\u2019\u00e9v\u00e9nement;<\/li>\n\n\n\n<li>g\u00e9n\u00e9rer des statistiques sur l\u2019\u00e9v\u00e9nement;<\/li>\n\n\n\n<li>am\u00e9liorer nos futurs \u00e9v\u00e9nements.<\/li>\n<\/ul>\n\n\n\n<p>En remplissant le formulaire d\u2019inscription, vous d\u00e9clarez et garantissez que vous \u00eates la personne qui s\u2019inscrit ou que vous avez l\u2019autorisation explicite de cette personne pour le faire en son nom.<\/p>\n\n\n\n<p>Voici les renseignements que nous recueillons lors de votre inscription \u00e0 l\u2019\u00e9v\u00e9nement :<\/p>\n\n\n\n<ul class=\"wp-block-list\">\n<li>pr\u00e9nom et nom<\/li>\n\n\n\n<li>courriel<\/li>\n\n\n\n<li>affiliation<\/li>\n\n\n\n<li>type d\u2019organisation<\/li>\n\n\n\n<li>fonction<\/li>\n\n\n\n<li>d\u2019o\u00f9 vous provenez<\/li>\n\n\n\n<li>nous pouvons \u00e9galement recueillir des renseignements facultatifs, tels que vos restrictions alimentaires, vos pronoms pr\u00e9f\u00e9r\u00e9s et vos besoins en mati\u00e8re d\u2019h\u00e9bergement et d\u2019accessibilit\u00e9.<\/li>\n<\/ul>\n\n\n\n<h2 class=\"wp-block-heading\"><strong>Comment partageons-nous ces renseignements<\/strong><\/h2>\n\n\n\n<p>Nous ne partageons vos renseignements personnels qu\u2019\u00e0 des fins pr\u00e9cises et aux tiers mentionn\u00e9s dans nos politiques de confidentialit\u00e9. Nous prenons les mesures n\u00e9cessaires pour assurer la protection, le traitement et le transfert de vos renseignements personnels conform\u00e9ment aux lois en vigueur.<\/p>\n\n\n\n<h3 class=\"wp-block-heading\"><strong>Divulgation \u00e0 des tiers<\/strong><\/h3>\n\n\n\n<p>Nous devons parfois divulguer vos renseignements personnels \u00e0 des tiers pour assurer le bon d\u00e9roulement de l\u2019\u00e9v\u00e9nement. Lorsqu\u2019une telle divulgation est requise, nous ne partageons que les \u00e9l\u00e9ments strictement n\u00e9cessaires de vos renseignements personnels, avec les tiers suivants qui sont associ\u00e9s \u00e0 l\u2019\u00e9v\u00e9nement.<\/p>\n\n\n\n<h3 class=\"wp-block-heading\"><strong>Participantes et participants \u00e0 l\u2019\u00e9v\u00e9nement<\/strong><\/h3>\n\n\n\n<p>Si vous avez consenti \u00e0 la divulgation de vos renseignements personnels lors de votre inscription, nous pouvons partager vos renseignements avec les autres personnes pr\u00e9sentes \u00e0 l\u2019\u00e9v\u00e9nement. Dans ce cas, nous divulguons les renseignements suivants :<\/p>\n\n\n\n<ul class=\"wp-block-list\">\n<li>pr\u00e9nom et nom<\/li>\n\n\n\n<li>courriel<\/li>\n\n\n\n<li>affiliation<\/li>\n<\/ul>\n\n\n\n<h3 class=\"wp-block-heading\"><strong>Tiers fournisseurs de services<\/strong><\/h3>\n\n\n\n<p>Conscience fait appel \u00e0 certains tiers (\u00ab\u2009fournisseurs\u2009\u00bb) pour l\u2019aider \u00e0 planifier son \u00e9v\u00e9nement. Ces derniers sont les suivants :<\/p>\n\n\n\n<ul class=\"wp-block-list\">\n<li>nous faisons appel \u00e0 des fournisseurs pour nous aider \u00e0 planifier et \u00e0 g\u00e9rer l\u2019\u00e9v\u00e9nement, \u00e0 inscrire les participantes et participants et \u00e0 fournir des services \u00e9v\u00e9nementiels. Par exemple, nous pouvons transmettre des renseignements personnels \u00e0 des fournisseurs de services qui h\u00e9bergent nos sites Web ou qui offrent des services de messagerie en notre nom. Nous pourrions partager vos renseignements d\u2019inscription avec ces fournisseurs dans le seul but de vous offrir des services pour l\u2019\u00e9v\u00e9nement;<\/li>\n\n\n\n<li>&nbsp;nous utilisons actuellement Fourwaves comme fournisseur pour les services d\u2019inscription et de traitement des paiements;<\/li>\n\n\n\n<li>nous utilisons actuellement Insightly comme fournisseur de logiciels de gestion de la relation client (CRM);<\/li>\n\n\n\n<li>nous utilisons MailChimp pour envoyer des courriels et des infolettres.<\/li>\n<\/ul>\n\n\n\n<p>&nbsp;Nous pourrions \u00e9galement partager vos renseignements personnels avec des tiers :<\/p>\n\n\n\n<ul class=\"wp-block-list\">\n<li>si vous nous y autorisez explicitement;<\/li>\n\n\n\n<li>&nbsp;si vous avez accept\u00e9 que nous partagions vos renseignements personnels avec les commanditaires de l\u2019\u00e9v\u00e9nement;<\/li>\n\n\n\n<li>&nbsp;aux personnes qui d\u00e9tiennent l\u2019autorit\u00e9 l\u00e9gale pour agir en votre nom;<\/li>\n\n\n\n<li>si nous sommes dans l\u2019obligation de divulguer ou de partager vos renseignements personnels afin de respecter nos obligations l\u00e9gales. Cela inclut les demandes l\u00e9gitimes des autorit\u00e9s gouvernementales et les exigences en mati\u00e8re de s\u00e9curit\u00e9 nationale ou d\u2019application de la loi, ou pour pr\u00e9venir une activit\u00e9 ill\u00e9gale;<\/li>\n\n\n\n<li>pour traiter toute r\u00e9clamation, pour prot\u00e9ger nos droits ou ceux d\u2019autrui, pour assurer la s\u00e9curit\u00e9 de toute personne ou pour pr\u00e9venir toute activit\u00e9 ill\u00e9gale;<\/li>\n\n\n\n<li>pour assurer la protection des droits, des biens ou de la s\u00e9curit\u00e9 de Conscience, de notre personnel, de notre client\u00e8le, de nos fournisseurs ou de toute autre personne concern\u00e9e.<\/li>\n<\/ul>\n\n\n\n<h2 class=\"wp-block-heading\"><strong>Transferts de renseignements personnels<\/strong><\/h2>\n\n\n\n<p>Veuillez noter que les renseignements personnels que nous recueillons peuvent \u00eatre transf\u00e9r\u00e9s et h\u00e9berg\u00e9s sur des serveurs ou dans des bases de donn\u00e9es situ\u00e9s hors de votre \u00c9tat, province, pays ou autre juridiction, o\u00f9 les lois sur la confidentialit\u00e9 peuvent \u00eatre moins strictes que celles de votre lieu de r\u00e9sidence.<\/p>\n","protected":false},"excerpt":{"rendered":"<p>En vigueur \u00e0 compter du 17 d\u00e9cembre 2024 Conscience (\u00ab\u2009nous\u2009\u00bb, \u00ab\u2009notre\u2009\u00bb) a r\u00e9dig\u00e9 cette politique de confidentialit\u00e9 des \u00e9v\u00e9nements (\u00ab\u2009politique de confidentialit\u00e9 des \u00e9v\u00e9nements\u2009\u00bb) afin de d\u00e9crire nos pratiques en mati\u00e8re de protection des renseignements personnels (\u00ab\u2009renseignements personnels\u2009\u00bb) recueillis aupr\u00e8s des visiteurs, des participantes et participants et des personnes inscrites \u00e0 l\u2019\u00e9v\u00e9nement (\u00ab\u2009\u00e9v\u00e9nement\u2009\u00bb). Cette politique [&hellip;]<\/p>\n","protected":false},"author":5,"featured_media":0,"parent":0,"menu_order":0,"comment_status":"closed","ping_status":"closed","template":"","meta":{"_acf_changed":false,"footnotes":""},"class_list":["post-3465","page","type-page","status-publish","hentry"],"acf":[],"yoast_head":"<!-- This site is optimized with the Yoast SEO plugin v27.3 - https:\/\/yoast.com\/product\/yoast-seo-wordpress\/ -->\n<title>Politique de confidentialit\u00e9 des \u00e9v\u00e9nements - Conscience<\/title>\n<meta name=\"robots\" content=\"index, follow, max-snippet:-1, max-image-preview:large, max-video-preview:-1\" \/>\n<link rel=\"canonical\" href=\"https:\/\/conscience.ca\/fr\/politique-de-confidentialite-des-evenements\/\" \/>\n<meta property=\"og:locale\" content=\"fr_FR\" \/>\n<meta property=\"og:type\" content=\"article\" \/>\n<meta property=\"og:title\" content=\"Politique de confidentialit\u00e9 des \u00e9v\u00e9nements - Conscience\" \/>\n<meta property=\"og:description\" content=\"En vigueur \u00e0 compter du 17 d\u00e9cembre 2024 Conscience (\u00ab\u2009nous\u2009\u00bb, \u00ab\u2009notre\u2009\u00bb) a r\u00e9dig\u00e9 cette politique de confidentialit\u00e9 des \u00e9v\u00e9nements (\u00ab\u2009politique de confidentialit\u00e9 des \u00e9v\u00e9nements\u2009\u00bb) afin de d\u00e9crire nos pratiques en mati\u00e8re de protection des renseignements personnels (\u00ab\u2009renseignements personnels\u2009\u00bb) recueillis aupr\u00e8s des visiteurs, des participantes et participants et des personnes inscrites \u00e0 l\u2019\u00e9v\u00e9nement (\u00ab\u2009\u00e9v\u00e9nement\u2009\u00bb). Cette politique [&hellip;]\" \/>\n<meta property=\"og:url\" content=\"https:\/\/conscience.ca\/fr\/politique-de-confidentialite-des-evenements\/\" \/>\n<meta property=\"og:site_name\" content=\"Conscience\" \/>\n<meta property=\"article:modified_time\" content=\"2025-02-14T21:46:30+00:00\" \/>\n<meta property=\"og:image\" content=\"https:\/\/conscience.ca\/wp-content\/uploads\/2024\/03\/Conscience-1200x627-LinkedIn.png\" \/>\n\t<meta property=\"og:image:width\" content=\"1200\" \/>\n\t<meta property=\"og:image:height\" content=\"627\" \/>\n\t<meta property=\"og:image:type\" content=\"image\/png\" \/>\n<meta name=\"twitter:card\" content=\"summary_large_image\" \/>\n<meta name=\"twitter:label1\" content=\"Dur\u00e9e de lecture estim\u00e9e\" \/>\n\t<meta name=\"twitter:data1\" content=\"4 minutes\" \/>\n<script type=\"application\/ld+json\" class=\"yoast-schema-graph\">{\"@context\":\"https:\\\/\\\/schema.org\",\"@graph\":[{\"@type\":\"WebPage\",\"@id\":\"https:\\\/\\\/conscience.ca\\\/fr\\\/politique-de-confidentialite-des-evenements\\\/\",\"url\":\"https:\\\/\\\/conscience.ca\\\/fr\\\/politique-de-confidentialite-des-evenements\\\/\",\"name\":\"Politique de confidentialit\u00e9 des \u00e9v\u00e9nements - Conscience\",\"isPartOf\":{\"@id\":\"https:\\\/\\\/conscience.dev.affinitybridge.com\\\/#website\"},\"datePublished\":\"2025-02-04T14:42:30+00:00\",\"dateModified\":\"2025-02-14T21:46:30+00:00\",\"breadcrumb\":{\"@id\":\"https:\\\/\\\/conscience.ca\\\/fr\\\/politique-de-confidentialite-des-evenements\\\/#breadcrumb\"},\"inLanguage\":\"fr-FR\",\"potentialAction\":[{\"@type\":\"ReadAction\",\"target\":[\"https:\\\/\\\/conscience.ca\\\/fr\\\/politique-de-confidentialite-des-evenements\\\/\"]}]},{\"@type\":\"BreadcrumbList\",\"@id\":\"https:\\\/\\\/conscience.ca\\\/fr\\\/politique-de-confidentialite-des-evenements\\\/#breadcrumb\",\"itemListElement\":[{\"@type\":\"ListItem\",\"position\":1,\"name\":\"Home\",\"item\":\"https:\\\/\\\/conscience.ca\\\/fr\\\/accueil\\\/\"},{\"@type\":\"ListItem\",\"position\":2,\"name\":\"Politique de confidentialit\u00e9 des \u00e9v\u00e9nements\"}]},{\"@type\":\"WebSite\",\"@id\":\"https:\\\/\\\/conscience.dev.affinitybridge.com\\\/#website\",\"url\":\"https:\\\/\\\/conscience.dev.affinitybridge.com\\\/\",\"name\":\"Conscience\",\"description\":\"\",\"publisher\":{\"@id\":\"https:\\\/\\\/conscience.dev.affinitybridge.com\\\/#organization\"},\"potentialAction\":[{\"@type\":\"SearchAction\",\"target\":{\"@type\":\"EntryPoint\",\"urlTemplate\":\"https:\\\/\\\/conscience.dev.affinitybridge.com\\\/?s={search_term_string}\"},\"query-input\":{\"@type\":\"PropertyValueSpecification\",\"valueRequired\":true,\"valueName\":\"search_term_string\"}}],\"inLanguage\":\"fr-FR\"},{\"@type\":\"Organization\",\"@id\":\"https:\\\/\\\/conscience.dev.affinitybridge.com\\\/#organization\",\"name\":\"Conscience\",\"url\":\"https:\\\/\\\/conscience.dev.affinitybridge.com\\\/\",\"logo\":{\"@type\":\"ImageObject\",\"inLanguage\":\"fr-FR\",\"@id\":\"https:\\\/\\\/conscience.dev.affinitybridge.com\\\/#\\\/schema\\\/logo\\\/image\\\/\",\"url\":\"https:\\\/\\\/conscience.ca\\\/wp-content\\\/uploads\\\/2024\\\/02\\\/header-logo.svg\",\"contentUrl\":\"https:\\\/\\\/conscience.ca\\\/wp-content\\\/uploads\\\/2024\\\/02\\\/header-logo.svg\",\"caption\":\"Conscience\"},\"image\":{\"@id\":\"https:\\\/\\\/conscience.dev.affinitybridge.com\\\/#\\\/schema\\\/logo\\\/image\\\/\"}}]}<\/script>\n<!-- \/ Yoast SEO plugin. -->","yoast_head_json":{"title":"Politique de confidentialit\u00e9 des \u00e9v\u00e9nements - Conscience","robots":{"index":"index","follow":"follow","max-snippet":"max-snippet:-1","max-image-preview":"max-image-preview:large","max-video-preview":"max-video-preview:-1"},"canonical":"https:\/\/conscience.ca\/fr\/politique-de-confidentialite-des-evenements\/","og_locale":"fr_FR","og_type":"article","og_title":"Politique de confidentialit\u00e9 des \u00e9v\u00e9nements - Conscience","og_description":"En vigueur \u00e0 compter du 17 d\u00e9cembre 2024 Conscience (\u00ab\u2009nous\u2009\u00bb, \u00ab\u2009notre\u2009\u00bb) a r\u00e9dig\u00e9 cette politique de confidentialit\u00e9 des \u00e9v\u00e9nements (\u00ab\u2009politique de confidentialit\u00e9 des \u00e9v\u00e9nements\u2009\u00bb) afin de d\u00e9crire nos pratiques en mati\u00e8re de protection des renseignements personnels (\u00ab\u2009renseignements personnels\u2009\u00bb) recueillis aupr\u00e8s des visiteurs, des participantes et participants et des personnes inscrites \u00e0 l\u2019\u00e9v\u00e9nement (\u00ab\u2009\u00e9v\u00e9nement\u2009\u00bb). Cette politique [&hellip;]","og_url":"https:\/\/conscience.ca\/fr\/politique-de-confidentialite-des-evenements\/","og_site_name":"Conscience","article_modified_time":"2025-02-14T21:46:30+00:00","og_image":[{"width":1200,"height":627,"url":"https:\/\/conscience.ca\/wp-content\/uploads\/2024\/03\/Conscience-1200x627-LinkedIn.png","type":"image\/png"}],"twitter_card":"summary_large_image","twitter_misc":{"Dur\u00e9e de lecture estim\u00e9e":"4 minutes"},"schema":{"@context":"https:\/\/schema.org","@graph":[{"@type":"WebPage","@id":"https:\/\/conscience.ca\/fr\/politique-de-confidentialite-des-evenements\/","url":"https:\/\/conscience.ca\/fr\/politique-de-confidentialite-des-evenements\/","name":"Politique de confidentialit\u00e9 des \u00e9v\u00e9nements - Conscience","isPartOf":{"@id":"https:\/\/conscience.dev.affinitybridge.com\/#website"},"datePublished":"2025-02-04T14:42:30+00:00","dateModified":"2025-02-14T21:46:30+00:00","breadcrumb":{"@id":"https:\/\/conscience.ca\/fr\/politique-de-confidentialite-des-evenements\/#breadcrumb"},"inLanguage":"fr-FR","potentialAction":[{"@type":"ReadAction","target":["https:\/\/conscience.ca\/fr\/politique-de-confidentialite-des-evenements\/"]}]},{"@type":"BreadcrumbList","@id":"https:\/\/conscience.ca\/fr\/politique-de-confidentialite-des-evenements\/#breadcrumb","itemListElement":[{"@type":"ListItem","position":1,"name":"Home","item":"https:\/\/conscience.ca\/fr\/accueil\/"},{"@type":"ListItem","position":2,"name":"Politique de confidentialit\u00e9 des \u00e9v\u00e9nements"}]},{"@type":"WebSite","@id":"https:\/\/conscience.dev.affinitybridge.com\/#website","url":"https:\/\/conscience.dev.affinitybridge.com\/","name":"Conscience","description":"","publisher":{"@id":"https:\/\/conscience.dev.affinitybridge.com\/#organization"},"potentialAction":[{"@type":"SearchAction","target":{"@type":"EntryPoint","urlTemplate":"https:\/\/conscience.dev.affinitybridge.com\/?s={search_term_string}"},"query-input":{"@type":"PropertyValueSpecification","valueRequired":true,"valueName":"search_term_string"}}],"inLanguage":"fr-FR"},{"@type":"Organization","@id":"https:\/\/conscience.dev.affinitybridge.com\/#organization","name":"Conscience","url":"https:\/\/conscience.dev.affinitybridge.com\/","logo":{"@type":"ImageObject","inLanguage":"fr-FR","@id":"https:\/\/conscience.dev.affinitybridge.com\/#\/schema\/logo\/image\/","url":"https:\/\/conscience.ca\/wp-content\/uploads\/2024\/02\/header-logo.svg","contentUrl":"https:\/\/conscience.ca\/wp-content\/uploads\/2024\/02\/header-logo.svg","caption":"Conscience"},"image":{"@id":"https:\/\/conscience.dev.affinitybridge.com\/#\/schema\/logo\/image\/"}}]}},"jetpack_sharing_enabled":true,"_links":{"self":[{"href":"https:\/\/conscience.ca\/fr\/wp-json\/wp\/v2\/pages\/3465","targetHints":{"allow":["GET"]}}],"collection":[{"href":"https:\/\/conscience.ca\/fr\/wp-json\/wp\/v2\/pages"}],"about":[{"href":"https:\/\/conscience.ca\/fr\/wp-json\/wp\/v2\/types\/page"}],"author":[{"embeddable":true,"href":"https:\/\/conscience.ca\/fr\/wp-json\/wp\/v2\/users\/5"}],"replies":[{"embeddable":true,"href":"https:\/\/conscience.ca\/fr\/wp-json\/wp\/v2\/comments?post=3465"}],"version-history":[{"count":11,"href":"https:\/\/conscience.ca\/fr\/wp-json\/wp\/v2\/pages\/3465\/revisions"}],"predecessor-version":[{"id":3646,"href":"https:\/\/conscience.ca\/fr\/wp-json\/wp\/v2\/pages\/3465\/revisions\/3646"}],"wp:attachment":[{"href":"https:\/\/conscience.ca\/fr\/wp-json\/wp\/v2\/media?parent=3465"}],"curies":[{"name":"wp","href":"https:\/\/api.w.org\/{rel}","templated":true}]}}