{"id":3498,"date":"2025-02-04T10:32:22","date_gmt":"2025-02-04T15:32:22","guid":{"rendered":"https:\/\/conscience.ca\/?page_id=3498"},"modified":"2025-02-14T16:39:25","modified_gmt":"2025-02-14T21:39:25","slug":"code-de-conduite-pour-les-evenements","status":"publish","type":"page","link":"https:\/\/conscience.ca\/fr\/code-de-conduite-pour-les-evenements\/","title":{"rendered":"Code de conduite des \u00e9v\u00e9nements"},"content":{"rendered":"\n<p>Conscience s\u2019engage \u00e0 offrir \u00e0 toutes et tous une exp\u00e9rience \u00e9v\u00e9nementielle sans harc\u00e8lement, quels que soient le sexe, l\u2019identit\u00e9 ou l\u2019expression de genre, l\u2019orientation sexuelle, le handicap, l\u2019apparence physique, la taille, la nationalit\u00e9, la race ou la religion. Nous ne tol\u00e9rons aucune forme de harc\u00e8lement envers le personnel de l\u2019\u00e9v\u00e9nement, les b\u00e9n\u00e9voles, les pr\u00e9sentatrices et pr\u00e9sentateurs, ainsi que les participantes et participants. Les personnes qui participent \u00e0 l\u2019\u00e9v\u00e9nement et qui contreviennent aux r\u00e8gles peuvent se faire sanctionner, voire expulser de l\u2019\u00e9v\u00e9nement, sans remboursement, \u00e0 la discr\u00e9tion des membres du comit\u00e9 organisateur.<\/p>\n\n\n\n<p>Ce code de conduite s\u2019applique pendant toute la dur\u00e9e de l\u2019\u00e9v\u00e9nement, et ce, dans tous les espaces qui y sont associ\u00e9s, en ligne ou autrement. Cela inclut, sans s\u2019y limiter, l\u2019endroit o\u00f9 se tient l\u2019\u00e9v\u00e9nement, les salles de conf\u00e9rence, le hall d\u2019exposition, les activit\u00e9s sociales, comme les soir\u00e9es, et les forums de discussion.<\/p>\n\n\n\n<p>Le harc\u00e8lement englobe un large \u00e9ventail de comportements pr\u00e9judiciables, notamment des remarques d\u00e9sobligeantes fond\u00e9es sur le sexe, l\u2019identit\u00e9 ou l\u2019expression de genre, l\u2019orientation sexuelle, le handicap, l\u2019apparence physique, la taille, la nationalit\u00e9, la race, la religion, la diffusion d\u2019images \u00e0 caract\u00e8re sexuel dans les lieux publics, les actes d\u00e9lib\u00e9r\u00e9s d\u2019intimidation, la poursuite, le suivi d\u00e9lib\u00e9r\u00e9, la prise de photos ou d\u2019enregistrements sans consentement, l\u2019interruption r\u00e9p\u00e9t\u00e9e pendant des discours ou d\u2019autres activit\u00e9s, les contacts physiques inappropri\u00e9s et les avances sexuelles non sollicit\u00e9es. Les personnes convi\u00e9es \u00e0 mettre fin aux agissements de harc\u00e8lement doivent le faire sans d\u00e9lai.<\/p>\n\n\n\n<p>L\u2019utilisation de langage et d\u2019images \u00e0 connotation sexuelle n\u2019est pas appropri\u00e9e lors de l\u2019\u00e9v\u00e9nement. Les conf\u00e9renci\u00e8res et conf\u00e9renciers, de m\u00eame que les participantes et participants aux \u00e9changes, doivent s\u2019abstenir d\u2019utiliser des images, des termes ou tout autre mat\u00e9riel \u00e0 connotation sexuelle.<\/p>\n\n\n\n<p>Si vous \u00eates t\u00e9moin ou victime de harc\u00e8lement lors de l\u2019\u00e9v\u00e9nement, ou si vous avez des inqui\u00e9tudes concernant une autre personne, n\u2019h\u00e9sitez pas \u00e0 en informer un membre du personnel. Vous pouvez le faire en envoyant un courriel \u00e0 l\u2019adresse r\u00e9seau@conscience.ca. Nous serons ravis d\u2019aider les personnes qui ont besoin de communiquer avec les autorit\u00e9s locales ou qui souhaitent se sentir en s\u00e9curit\u00e9 face \u00e0 des comportements de harc\u00e8lement ou d\u2019intimidation pendant l\u2019\u00e9v\u00e9nement. Votre pr\u00e9sence est importante pour nous.<\/p>\n\n\n\n<p>Pour pr\u00e9server la confidentialit\u00e9 des personnes concern\u00e9es et \u00e9liminer toute pr\u00e9occupation juridique, la politique de Conscience est de s\u2019abstenir de faire toute d\u00e9claration publique concernant des cas individuels li\u00e9s au code de conduite. Les membres du comit\u00e9 CoC de Conscience prennent collectivement toutes les d\u00e9cisions concernant le code de conduite.Ce code de conduite est inspir\u00e9 de celui disponible \u00e0 l\u2019adresse<a href=\"https:\/\/geekfeminism.wikia.org\/wiki\/Conference_anti-harassment\/Policy\"> https:\/\/geekfeminism.wikia.org\/wiki\/Conference_anti-harassment\/Policy<\/a> et de celui de<a href=\"https:\/\/seagl.org\/code_of_conduct.html\"> https:\/\/seagl.org\/code_of_conduct.html<\/a> et est distribu\u00e9 sous la licence Creative Commons Zero.<\/p>\n","protected":false},"excerpt":{"rendered":"<p>Conscience s\u2019engage \u00e0 offrir \u00e0 toutes et tous une exp\u00e9rience \u00e9v\u00e9nementielle sans harc\u00e8lement, quels que soient le sexe, l\u2019identit\u00e9 ou l\u2019expression de genre, l\u2019orientation sexuelle, le handicap, l\u2019apparence physique, la taille, la nationalit\u00e9, la race ou la religion. Nous ne tol\u00e9rons aucune forme de harc\u00e8lement envers le personnel de l\u2019\u00e9v\u00e9nement, les b\u00e9n\u00e9voles, les pr\u00e9sentatrices et [&hellip;]<\/p>\n","protected":false},"author":5,"featured_media":0,"parent":0,"menu_order":0,"comment_status":"closed","ping_status":"closed","template":"","meta":{"_acf_changed":false,"footnotes":""},"class_list":["post-3498","page","type-page","status-publish","hentry"],"acf":[],"yoast_head":"<!-- This site is optimized with the Yoast SEO plugin v27.3 - https:\/\/yoast.com\/product\/yoast-seo-wordpress\/ -->\n<title>Code de conduite des \u00e9v\u00e9nements - Conscience<\/title>\n<meta name=\"robots\" content=\"index, follow, max-snippet:-1, max-image-preview:large, max-video-preview:-1\" \/>\n<link rel=\"canonical\" href=\"https:\/\/conscience.ca\/fr\/code-de-conduite-pour-les-evenements\/\" \/>\n<meta property=\"og:locale\" content=\"fr_FR\" \/>\n<meta property=\"og:type\" content=\"article\" \/>\n<meta property=\"og:title\" content=\"Code de conduite des \u00e9v\u00e9nements - Conscience\" \/>\n<meta property=\"og:description\" content=\"Conscience s\u2019engage \u00e0 offrir \u00e0 toutes et tous une exp\u00e9rience \u00e9v\u00e9nementielle sans harc\u00e8lement, quels que soient le sexe, l\u2019identit\u00e9 ou l\u2019expression de genre, l\u2019orientation sexuelle, le handicap, l\u2019apparence physique, la taille, la nationalit\u00e9, la race ou la religion. Nous ne tol\u00e9rons aucune forme de harc\u00e8lement envers le personnel de l\u2019\u00e9v\u00e9nement, les b\u00e9n\u00e9voles, les pr\u00e9sentatrices et [&hellip;]\" \/>\n<meta property=\"og:url\" content=\"https:\/\/conscience.ca\/fr\/code-de-conduite-pour-les-evenements\/\" \/>\n<meta property=\"og:site_name\" content=\"Conscience\" \/>\n<meta property=\"article:modified_time\" content=\"2025-02-14T21:39:25+00:00\" \/>\n<meta property=\"og:image\" content=\"https:\/\/conscience.ca\/wp-content\/uploads\/2024\/03\/Conscience-1200x627-LinkedIn.png\" \/>\n\t<meta property=\"og:image:width\" content=\"1200\" \/>\n\t<meta property=\"og:image:height\" content=\"627\" \/>\n\t<meta property=\"og:image:type\" content=\"image\/png\" \/>\n<meta name=\"twitter:card\" content=\"summary_large_image\" \/>\n<meta name=\"twitter:label1\" content=\"Dur\u00e9e de lecture estim\u00e9e\" \/>\n\t<meta name=\"twitter:data1\" content=\"2 minutes\" \/>\n<script type=\"application\/ld+json\" class=\"yoast-schema-graph\">{\"@context\":\"https:\\\/\\\/schema.org\",\"@graph\":[{\"@type\":\"WebPage\",\"@id\":\"https:\\\/\\\/conscience.ca\\\/fr\\\/code-de-conduite-pour-les-evenements\\\/\",\"url\":\"https:\\\/\\\/conscience.ca\\\/fr\\\/code-de-conduite-pour-les-evenements\\\/\",\"name\":\"Code de conduite des \u00e9v\u00e9nements - Conscience\",\"isPartOf\":{\"@id\":\"https:\\\/\\\/conscience.dev.affinitybridge.com\\\/#website\"},\"datePublished\":\"2025-02-04T15:32:22+00:00\",\"dateModified\":\"2025-02-14T21:39:25+00:00\",\"breadcrumb\":{\"@id\":\"https:\\\/\\\/conscience.ca\\\/fr\\\/code-de-conduite-pour-les-evenements\\\/#breadcrumb\"},\"inLanguage\":\"fr-FR\",\"potentialAction\":[{\"@type\":\"ReadAction\",\"target\":[\"https:\\\/\\\/conscience.ca\\\/fr\\\/code-de-conduite-pour-les-evenements\\\/\"]}]},{\"@type\":\"BreadcrumbList\",\"@id\":\"https:\\\/\\\/conscience.ca\\\/fr\\\/code-de-conduite-pour-les-evenements\\\/#breadcrumb\",\"itemListElement\":[{\"@type\":\"ListItem\",\"position\":1,\"name\":\"Home\",\"item\":\"https:\\\/\\\/conscience.ca\\\/fr\\\/accueil\\\/\"},{\"@type\":\"ListItem\",\"position\":2,\"name\":\"Code de conduite des \u00e9v\u00e9nements\"}]},{\"@type\":\"WebSite\",\"@id\":\"https:\\\/\\\/conscience.dev.affinitybridge.com\\\/#website\",\"url\":\"https:\\\/\\\/conscience.dev.affinitybridge.com\\\/\",\"name\":\"Conscience\",\"description\":\"\",\"publisher\":{\"@id\":\"https:\\\/\\\/conscience.dev.affinitybridge.com\\\/#organization\"},\"potentialAction\":[{\"@type\":\"SearchAction\",\"target\":{\"@type\":\"EntryPoint\",\"urlTemplate\":\"https:\\\/\\\/conscience.dev.affinitybridge.com\\\/?s={search_term_string}\"},\"query-input\":{\"@type\":\"PropertyValueSpecification\",\"valueRequired\":true,\"valueName\":\"search_term_string\"}}],\"inLanguage\":\"fr-FR\"},{\"@type\":\"Organization\",\"@id\":\"https:\\\/\\\/conscience.dev.affinitybridge.com\\\/#organization\",\"name\":\"Conscience\",\"url\":\"https:\\\/\\\/conscience.dev.affinitybridge.com\\\/\",\"logo\":{\"@type\":\"ImageObject\",\"inLanguage\":\"fr-FR\",\"@id\":\"https:\\\/\\\/conscience.dev.affinitybridge.com\\\/#\\\/schema\\\/logo\\\/image\\\/\",\"url\":\"https:\\\/\\\/conscience.ca\\\/wp-content\\\/uploads\\\/2024\\\/02\\\/header-logo.svg\",\"contentUrl\":\"https:\\\/\\\/conscience.ca\\\/wp-content\\\/uploads\\\/2024\\\/02\\\/header-logo.svg\",\"caption\":\"Conscience\"},\"image\":{\"@id\":\"https:\\\/\\\/conscience.dev.affinitybridge.com\\\/#\\\/schema\\\/logo\\\/image\\\/\"}}]}<\/script>\n<!-- \/ Yoast SEO plugin. -->","yoast_head_json":{"title":"Code de conduite des \u00e9v\u00e9nements - Conscience","robots":{"index":"index","follow":"follow","max-snippet":"max-snippet:-1","max-image-preview":"max-image-preview:large","max-video-preview":"max-video-preview:-1"},"canonical":"https:\/\/conscience.ca\/fr\/code-de-conduite-pour-les-evenements\/","og_locale":"fr_FR","og_type":"article","og_title":"Code de conduite des \u00e9v\u00e9nements - Conscience","og_description":"Conscience s\u2019engage \u00e0 offrir \u00e0 toutes et tous une exp\u00e9rience \u00e9v\u00e9nementielle sans harc\u00e8lement, quels que soient le sexe, l\u2019identit\u00e9 ou l\u2019expression de genre, l\u2019orientation sexuelle, le handicap, l\u2019apparence physique, la taille, la nationalit\u00e9, la race ou la religion. Nous ne tol\u00e9rons aucune forme de harc\u00e8lement envers le personnel de l\u2019\u00e9v\u00e9nement, les b\u00e9n\u00e9voles, les pr\u00e9sentatrices et [&hellip;]","og_url":"https:\/\/conscience.ca\/fr\/code-de-conduite-pour-les-evenements\/","og_site_name":"Conscience","article_modified_time":"2025-02-14T21:39:25+00:00","og_image":[{"width":1200,"height":627,"url":"https:\/\/conscience.ca\/wp-content\/uploads\/2024\/03\/Conscience-1200x627-LinkedIn.png","type":"image\/png"}],"twitter_card":"summary_large_image","twitter_misc":{"Dur\u00e9e de lecture estim\u00e9e":"2 minutes"},"schema":{"@context":"https:\/\/schema.org","@graph":[{"@type":"WebPage","@id":"https:\/\/conscience.ca\/fr\/code-de-conduite-pour-les-evenements\/","url":"https:\/\/conscience.ca\/fr\/code-de-conduite-pour-les-evenements\/","name":"Code de conduite des \u00e9v\u00e9nements - Conscience","isPartOf":{"@id":"https:\/\/conscience.dev.affinitybridge.com\/#website"},"datePublished":"2025-02-04T15:32:22+00:00","dateModified":"2025-02-14T21:39:25+00:00","breadcrumb":{"@id":"https:\/\/conscience.ca\/fr\/code-de-conduite-pour-les-evenements\/#breadcrumb"},"inLanguage":"fr-FR","potentialAction":[{"@type":"ReadAction","target":["https:\/\/conscience.ca\/fr\/code-de-conduite-pour-les-evenements\/"]}]},{"@type":"BreadcrumbList","@id":"https:\/\/conscience.ca\/fr\/code-de-conduite-pour-les-evenements\/#breadcrumb","itemListElement":[{"@type":"ListItem","position":1,"name":"Home","item":"https:\/\/conscience.ca\/fr\/accueil\/"},{"@type":"ListItem","position":2,"name":"Code de conduite des \u00e9v\u00e9nements"}]},{"@type":"WebSite","@id":"https:\/\/conscience.dev.affinitybridge.com\/#website","url":"https:\/\/conscience.dev.affinitybridge.com\/","name":"Conscience","description":"","publisher":{"@id":"https:\/\/conscience.dev.affinitybridge.com\/#organization"},"potentialAction":[{"@type":"SearchAction","target":{"@type":"EntryPoint","urlTemplate":"https:\/\/conscience.dev.affinitybridge.com\/?s={search_term_string}"},"query-input":{"@type":"PropertyValueSpecification","valueRequired":true,"valueName":"search_term_string"}}],"inLanguage":"fr-FR"},{"@type":"Organization","@id":"https:\/\/conscience.dev.affinitybridge.com\/#organization","name":"Conscience","url":"https:\/\/conscience.dev.affinitybridge.com\/","logo":{"@type":"ImageObject","inLanguage":"fr-FR","@id":"https:\/\/conscience.dev.affinitybridge.com\/#\/schema\/logo\/image\/","url":"https:\/\/conscience.ca\/wp-content\/uploads\/2024\/02\/header-logo.svg","contentUrl":"https:\/\/conscience.ca\/wp-content\/uploads\/2024\/02\/header-logo.svg","caption":"Conscience"},"image":{"@id":"https:\/\/conscience.dev.affinitybridge.com\/#\/schema\/logo\/image\/"}}]}},"jetpack_sharing_enabled":true,"_links":{"self":[{"href":"https:\/\/conscience.ca\/fr\/wp-json\/wp\/v2\/pages\/3498","targetHints":{"allow":["GET"]}}],"collection":[{"href":"https:\/\/conscience.ca\/fr\/wp-json\/wp\/v2\/pages"}],"about":[{"href":"https:\/\/conscience.ca\/fr\/wp-json\/wp\/v2\/types\/page"}],"author":[{"embeddable":true,"href":"https:\/\/conscience.ca\/fr\/wp-json\/wp\/v2\/users\/5"}],"replies":[{"embeddable":true,"href":"https:\/\/conscience.ca\/fr\/wp-json\/wp\/v2\/comments?post=3498"}],"version-history":[{"count":5,"href":"https:\/\/conscience.ca\/fr\/wp-json\/wp\/v2\/pages\/3498\/revisions"}],"predecessor-version":[{"id":3641,"href":"https:\/\/conscience.ca\/fr\/wp-json\/wp\/v2\/pages\/3498\/revisions\/3641"}],"wp:attachment":[{"href":"https:\/\/conscience.ca\/fr\/wp-json\/wp\/v2\/media?parent=3498"}],"curies":[{"name":"wp","href":"https:\/\/api.w.org\/{rel}","templated":true}]}}