{"id":3522,"date":"2025-02-04T11:03:48","date_gmt":"2025-02-04T16:03:48","guid":{"rendered":"https:\/\/conscience.ca\/policies-and-statements\/"},"modified":"2026-03-24T15:01:49","modified_gmt":"2026-03-24T19:01:49","slug":"policies-and-statements","status":"publish","type":"page","link":"https:\/\/conscience.ca\/fr\/policies-and-statements\/","title":{"rendered":"Politiques et d\u00e9clarations"},"content":{"rendered":"\n<div class=\"wp-block-columns so-text-image-split-container is-layout-flex wp-container-core-columns-is-layout-28f84493 wp-block-columns-is-layout-flex\">\n<div class=\"wp-block-column so-text-image-split-content-wrapper is-layout-flow wp-block-column-is-layout-flow\">\n<p>Conscience s&rsquo;engage \u00e0 faire preuve de transparence, d&rsquo;inclusivit\u00e9 et de pratiques \u00e9thiques dans tous les aspects de son travail. Nos politiques d\u00e9crivent notre approche de la science ouverte, de la participation aux \u00e9v\u00e9nements, de la confidentialit\u00e9 et de l&rsquo;accessibilit\u00e9. Nous encourageons notre communaut\u00e9 \u00e0 consulter ces lignes directrices pour comprendre comment nous d\u00e9fendons nos valeurs et assurons un environnement collaboratif et respectueux.<\/p>\n\n\n\n<p><a href=\"https:\/\/conscience.ca\/fr\/principes-directeurs\/\" type=\"page\" id=\"5034\">Les principes directeurs de Conscience \u00bb<\/a><\/p>\n\n\n\n<p><a href=\"https:\/\/conscience.ca\/fr\/politique-de-science-ouverte-pour-le-programme-developper-des-medicaments-en-science-ouverte\/\">Politique de science ouverte \u00bb<\/a><\/p>\n\n\n\n<p><a href=\"https:\/\/conscience.ca\/fr\/politique-de-confidentialite-des-evenements\/\"><\/a><a href=\"https:\/\/conscience.ca\/fr\/politique-de-confidentialite-des-evenements\/\">Politique de confidentialit\u00e9 des \u00e9v\u00e9nements \u00bb<\/a><\/p>\n\n\n\n<p><a href=\"https:\/\/conscience.ca\/fr\/code-de-conduite-pour-les-evenements\/\"><\/a><a href=\"https:\/\/conscience.ca\/fr\/code-de-conduite-pour-les-evenements\/\">Code de conduite des \u00e9v\u00e9nements \u00bb<\/a><\/p>\n\n\n\n<p><a href=\"https:\/\/conscience.ca\/fr\/privacy-policy\/\">Politique de confidentialit\u00e9 du site web \u00bb<\/a><\/p>\n\n\n\n<p><a href=\"https:\/\/conscience.ca\/fr\/declaration-daccessibilite\/\">D\u00e9claration d&rsquo;accessibilit\u00e9 du site web \u00bb<\/a><\/p>\n\n\n\n<p><a href=\"https:\/\/conscience.ca\/fr\/politique-sur-les-conflits-dinterets\/\">Politique sur les conflits d\u2019int\u00e9r\u00eats \u00bb<\/a><\/p>\n<\/div>\n\n\n\n<div class=\"wp-block-column so-text-image-split-image-wrapper is-layout-flow wp-block-column-is-layout-flow\">\n<figure class=\"wp-block-image size-full is-style-rounded so-post-image-circle\"><img fetchpriority=\"high\" decoding=\"async\" width=\"1600\" height=\"1068\" src=\"https:\/\/conscience.ca\/wp-content\/uploads\/2025\/02\/gjao3ztx9gu.jpg\" alt=\"person writing on white paper\" class=\"wp-image-3519\" style=\"aspect-ratio:1;object-fit:cover\" srcset=\"https:\/\/conscience.ca\/wp-content\/uploads\/2025\/02\/gjao3ztx9gu.jpg 1600w, https:\/\/conscience.ca\/wp-content\/uploads\/2025\/02\/gjao3ztx9gu-300x200.jpg 300w, https:\/\/conscience.ca\/wp-content\/uploads\/2025\/02\/gjao3ztx9gu-1024x684.jpg 1024w, https:\/\/conscience.ca\/wp-content\/uploads\/2025\/02\/gjao3ztx9gu-768x513.jpg 768w, https:\/\/conscience.ca\/wp-content\/uploads\/2025\/02\/gjao3ztx9gu-1536x1025.jpg 1536w\" sizes=\"(max-width: 1600px) 100vw, 1600px\" \/><\/figure>\n<\/div>\n<\/div>\n\n\n\n<p><\/p>\n","protected":false},"excerpt":{"rendered":"<p>Conscience s&rsquo;engage \u00e0 faire preuve de transparence, d&rsquo;inclusivit\u00e9 et de pratiques \u00e9thiques dans tous les aspects de son travail. Nos politiques d\u00e9crivent notre approche de la science ouverte, de la participation aux \u00e9v\u00e9nements, de la confidentialit\u00e9 et de l&rsquo;accessibilit\u00e9. Nous encourageons notre communaut\u00e9 \u00e0 consulter ces lignes directrices pour comprendre comment nous d\u00e9fendons nos valeurs [&hellip;]<\/p>\n","protected":false},"author":5,"featured_media":0,"parent":0,"menu_order":0,"comment_status":"closed","ping_status":"closed","template":"","meta":{"_acf_changed":false,"footnotes":""},"class_list":["post-3522","page","type-page","status-publish","hentry"],"acf":[],"yoast_head":"<!-- This site is optimized with the Yoast SEO plugin v27.3 - https:\/\/yoast.com\/product\/yoast-seo-wordpress\/ -->\n<title>Politiques et d\u00e9clarations - Conscience<\/title>\n<meta name=\"robots\" content=\"index, follow, max-snippet:-1, max-image-preview:large, max-video-preview:-1\" \/>\n<link rel=\"canonical\" href=\"https:\/\/conscience.ca\/fr\/policies-and-statements\/\" \/>\n<meta property=\"og:locale\" content=\"fr_FR\" \/>\n<meta property=\"og:type\" content=\"article\" \/>\n<meta property=\"og:title\" content=\"Politiques et d\u00e9clarations - Conscience\" \/>\n<meta property=\"og:description\" content=\"Conscience s&rsquo;engage \u00e0 faire preuve de transparence, d&rsquo;inclusivit\u00e9 et de pratiques \u00e9thiques dans tous les aspects de son travail. Nos politiques d\u00e9crivent notre approche de la science ouverte, de la participation aux \u00e9v\u00e9nements, de la confidentialit\u00e9 et de l&rsquo;accessibilit\u00e9. Nous encourageons notre communaut\u00e9 \u00e0 consulter ces lignes directrices pour comprendre comment nous d\u00e9fendons nos valeurs [&hellip;]\" \/>\n<meta property=\"og:url\" content=\"https:\/\/conscience.ca\/fr\/policies-and-statements\/\" \/>\n<meta property=\"og:site_name\" content=\"Conscience\" \/>\n<meta property=\"article:modified_time\" content=\"2026-03-24T19:01:49+00:00\" \/>\n<meta property=\"og:image\" content=\"https:\/\/conscience.ca\/wp-content\/uploads\/2025\/02\/gjao3ztx9gu.jpg\" \/>\n\t<meta property=\"og:image:width\" content=\"1600\" \/>\n\t<meta property=\"og:image:height\" content=\"1068\" \/>\n\t<meta property=\"og:image:type\" content=\"image\/jpeg\" \/>\n<meta name=\"twitter:card\" content=\"summary_large_image\" \/>\n<meta name=\"twitter:label1\" content=\"Dur\u00e9e de lecture estim\u00e9e\" \/>\n\t<meta name=\"twitter:data1\" content=\"1 minute\" \/>\n<script type=\"application\/ld+json\" class=\"yoast-schema-graph\">{\"@context\":\"https:\\\/\\\/schema.org\",\"@graph\":[{\"@type\":\"WebPage\",\"@id\":\"https:\\\/\\\/conscience.ca\\\/fr\\\/policies-and-statements\\\/\",\"url\":\"https:\\\/\\\/conscience.ca\\\/fr\\\/policies-and-statements\\\/\",\"name\":\"Politiques et d\u00e9clarations - Conscience\",\"isPartOf\":{\"@id\":\"https:\\\/\\\/conscience.dev.affinitybridge.com\\\/#website\"},\"primaryImageOfPage\":{\"@id\":\"https:\\\/\\\/conscience.ca\\\/fr\\\/policies-and-statements\\\/#primaryimage\"},\"image\":{\"@id\":\"https:\\\/\\\/conscience.ca\\\/fr\\\/policies-and-statements\\\/#primaryimage\"},\"thumbnailUrl\":\"https:\\\/\\\/conscience.ca\\\/wp-content\\\/uploads\\\/2025\\\/02\\\/gjao3ztx9gu.jpg\",\"datePublished\":\"2025-02-04T16:03:48+00:00\",\"dateModified\":\"2026-03-24T19:01:49+00:00\",\"breadcrumb\":{\"@id\":\"https:\\\/\\\/conscience.ca\\\/fr\\\/policies-and-statements\\\/#breadcrumb\"},\"inLanguage\":\"fr-FR\",\"potentialAction\":[{\"@type\":\"ReadAction\",\"target\":[\"https:\\\/\\\/conscience.ca\\\/fr\\\/policies-and-statements\\\/\"]}]},{\"@type\":\"ImageObject\",\"inLanguage\":\"fr-FR\",\"@id\":\"https:\\\/\\\/conscience.ca\\\/fr\\\/policies-and-statements\\\/#primaryimage\",\"url\":\"https:\\\/\\\/conscience.ca\\\/wp-content\\\/uploads\\\/2025\\\/02\\\/gjao3ztx9gu.jpg\",\"contentUrl\":\"https:\\\/\\\/conscience.ca\\\/wp-content\\\/uploads\\\/2025\\\/02\\\/gjao3ztx9gu.jpg\"},{\"@type\":\"BreadcrumbList\",\"@id\":\"https:\\\/\\\/conscience.ca\\\/fr\\\/policies-and-statements\\\/#breadcrumb\",\"itemListElement\":[{\"@type\":\"ListItem\",\"position\":1,\"name\":\"Home\",\"item\":\"https:\\\/\\\/conscience.ca\\\/fr\\\/accueil\\\/\"},{\"@type\":\"ListItem\",\"position\":2,\"name\":\"Politiques et d\u00e9clarations\"}]},{\"@type\":\"WebSite\",\"@id\":\"https:\\\/\\\/conscience.dev.affinitybridge.com\\\/#website\",\"url\":\"https:\\\/\\\/conscience.dev.affinitybridge.com\\\/\",\"name\":\"Conscience\",\"description\":\"\",\"publisher\":{\"@id\":\"https:\\\/\\\/conscience.dev.affinitybridge.com\\\/#organization\"},\"potentialAction\":[{\"@type\":\"SearchAction\",\"target\":{\"@type\":\"EntryPoint\",\"urlTemplate\":\"https:\\\/\\\/conscience.dev.affinitybridge.com\\\/?s={search_term_string}\"},\"query-input\":{\"@type\":\"PropertyValueSpecification\",\"valueRequired\":true,\"valueName\":\"search_term_string\"}}],\"inLanguage\":\"fr-FR\"},{\"@type\":\"Organization\",\"@id\":\"https:\\\/\\\/conscience.dev.affinitybridge.com\\\/#organization\",\"name\":\"Conscience\",\"url\":\"https:\\\/\\\/conscience.dev.affinitybridge.com\\\/\",\"logo\":{\"@type\":\"ImageObject\",\"inLanguage\":\"fr-FR\",\"@id\":\"https:\\\/\\\/conscience.dev.affinitybridge.com\\\/#\\\/schema\\\/logo\\\/image\\\/\",\"url\":\"https:\\\/\\\/conscience.ca\\\/wp-content\\\/uploads\\\/2024\\\/02\\\/header-logo.svg\",\"contentUrl\":\"https:\\\/\\\/conscience.ca\\\/wp-content\\\/uploads\\\/2024\\\/02\\\/header-logo.svg\",\"caption\":\"Conscience\"},\"image\":{\"@id\":\"https:\\\/\\\/conscience.dev.affinitybridge.com\\\/#\\\/schema\\\/logo\\\/image\\\/\"}}]}<\/script>\n<!-- \/ Yoast SEO plugin. -->","yoast_head_json":{"title":"Politiques et d\u00e9clarations - Conscience","robots":{"index":"index","follow":"follow","max-snippet":"max-snippet:-1","max-image-preview":"max-image-preview:large","max-video-preview":"max-video-preview:-1"},"canonical":"https:\/\/conscience.ca\/fr\/policies-and-statements\/","og_locale":"fr_FR","og_type":"article","og_title":"Politiques et d\u00e9clarations - Conscience","og_description":"Conscience s&rsquo;engage \u00e0 faire preuve de transparence, d&rsquo;inclusivit\u00e9 et de pratiques \u00e9thiques dans tous les aspects de son travail. Nos politiques d\u00e9crivent notre approche de la science ouverte, de la participation aux \u00e9v\u00e9nements, de la confidentialit\u00e9 et de l&rsquo;accessibilit\u00e9. Nous encourageons notre communaut\u00e9 \u00e0 consulter ces lignes directrices pour comprendre comment nous d\u00e9fendons nos valeurs [&hellip;]","og_url":"https:\/\/conscience.ca\/fr\/policies-and-statements\/","og_site_name":"Conscience","article_modified_time":"2026-03-24T19:01:49+00:00","og_image":[{"width":1600,"height":1068,"url":"https:\/\/conscience.ca\/wp-content\/uploads\/2025\/02\/gjao3ztx9gu.jpg","type":"image\/jpeg"}],"twitter_card":"summary_large_image","twitter_misc":{"Dur\u00e9e de lecture estim\u00e9e":"1 minute"},"schema":{"@context":"https:\/\/schema.org","@graph":[{"@type":"WebPage","@id":"https:\/\/conscience.ca\/fr\/policies-and-statements\/","url":"https:\/\/conscience.ca\/fr\/policies-and-statements\/","name":"Politiques et d\u00e9clarations - Conscience","isPartOf":{"@id":"https:\/\/conscience.dev.affinitybridge.com\/#website"},"primaryImageOfPage":{"@id":"https:\/\/conscience.ca\/fr\/policies-and-statements\/#primaryimage"},"image":{"@id":"https:\/\/conscience.ca\/fr\/policies-and-statements\/#primaryimage"},"thumbnailUrl":"https:\/\/conscience.ca\/wp-content\/uploads\/2025\/02\/gjao3ztx9gu.jpg","datePublished":"2025-02-04T16:03:48+00:00","dateModified":"2026-03-24T19:01:49+00:00","breadcrumb":{"@id":"https:\/\/conscience.ca\/fr\/policies-and-statements\/#breadcrumb"},"inLanguage":"fr-FR","potentialAction":[{"@type":"ReadAction","target":["https:\/\/conscience.ca\/fr\/policies-and-statements\/"]}]},{"@type":"ImageObject","inLanguage":"fr-FR","@id":"https:\/\/conscience.ca\/fr\/policies-and-statements\/#primaryimage","url":"https:\/\/conscience.ca\/wp-content\/uploads\/2025\/02\/gjao3ztx9gu.jpg","contentUrl":"https:\/\/conscience.ca\/wp-content\/uploads\/2025\/02\/gjao3ztx9gu.jpg"},{"@type":"BreadcrumbList","@id":"https:\/\/conscience.ca\/fr\/policies-and-statements\/#breadcrumb","itemListElement":[{"@type":"ListItem","position":1,"name":"Home","item":"https:\/\/conscience.ca\/fr\/accueil\/"},{"@type":"ListItem","position":2,"name":"Politiques et d\u00e9clarations"}]},{"@type":"WebSite","@id":"https:\/\/conscience.dev.affinitybridge.com\/#website","url":"https:\/\/conscience.dev.affinitybridge.com\/","name":"Conscience","description":"","publisher":{"@id":"https:\/\/conscience.dev.affinitybridge.com\/#organization"},"potentialAction":[{"@type":"SearchAction","target":{"@type":"EntryPoint","urlTemplate":"https:\/\/conscience.dev.affinitybridge.com\/?s={search_term_string}"},"query-input":{"@type":"PropertyValueSpecification","valueRequired":true,"valueName":"search_term_string"}}],"inLanguage":"fr-FR"},{"@type":"Organization","@id":"https:\/\/conscience.dev.affinitybridge.com\/#organization","name":"Conscience","url":"https:\/\/conscience.dev.affinitybridge.com\/","logo":{"@type":"ImageObject","inLanguage":"fr-FR","@id":"https:\/\/conscience.dev.affinitybridge.com\/#\/schema\/logo\/image\/","url":"https:\/\/conscience.ca\/wp-content\/uploads\/2024\/02\/header-logo.svg","contentUrl":"https:\/\/conscience.ca\/wp-content\/uploads\/2024\/02\/header-logo.svg","caption":"Conscience"},"image":{"@id":"https:\/\/conscience.dev.affinitybridge.com\/#\/schema\/logo\/image\/"}}]}},"jetpack_sharing_enabled":true,"_links":{"self":[{"href":"https:\/\/conscience.ca\/fr\/wp-json\/wp\/v2\/pages\/3522","targetHints":{"allow":["GET"]}}],"collection":[{"href":"https:\/\/conscience.ca\/fr\/wp-json\/wp\/v2\/pages"}],"about":[{"href":"https:\/\/conscience.ca\/fr\/wp-json\/wp\/v2\/types\/page"}],"author":[{"embeddable":true,"href":"https:\/\/conscience.ca\/fr\/wp-json\/wp\/v2\/users\/5"}],"replies":[{"embeddable":true,"href":"https:\/\/conscience.ca\/fr\/wp-json\/wp\/v2\/comments?post=3522"}],"version-history":[{"count":7,"href":"https:\/\/conscience.ca\/fr\/wp-json\/wp\/v2\/pages\/3522\/revisions"}],"predecessor-version":[{"id":5045,"href":"https:\/\/conscience.ca\/fr\/wp-json\/wp\/v2\/pages\/3522\/revisions\/5045"}],"wp:attachment":[{"href":"https:\/\/conscience.ca\/fr\/wp-json\/wp\/v2\/media?parent=3522"}],"curies":[{"name":"wp","href":"https:\/\/api.w.org\/{rel}","templated":true}]}}