{"id":4328,"date":"2025-06-09T11:28:15","date_gmt":"2025-06-09T15:28:15","guid":{"rendered":"https:\/\/conscience.ca\/?page_id=4328"},"modified":"2026-04-13T14:04:42","modified_gmt":"2026-04-13T18:04:42","slug":"consultation-sur-la-science-ouverte-cso","status":"publish","type":"page","link":"https:\/\/conscience.ca\/fr\/consultation-sur-la-science-ouverte-cso\/","title":{"rendered":"Consultation sur la science ouverte (CSO)"},"content":{"rendered":"\n<h2 class=\"wp-block-heading\">\u00c0 propos du CSO<\/h2>\n\n\n\n<p>Le programme de Consultation sur la science ouverte (CSO) offre du financement aux organisations et aux entreprises qui cherchent \u00e0 obtenir des services de consultation de tiers en mati\u00e8re d\u2019avancement des programmes de science ouverte, y compris dans le domaine de la d\u00e9couverte de m\u00e9dicaments. Ce financement est sp\u00e9cifiquement destin\u00e9 \u00e0 couvrir les co\u00fbts associ\u00e9s au recrutement d\u2019experts externes, tels que des consultants et consultantes, des conseillers et conseill\u00e8res juridiques, des strat\u00e8ges commerciaux, des organisations de recherche sous contrat et des experts en r\u00e9glementation, afin de faire face aux d\u00e9fis li\u00e9s \u00e0 l\u2019innovation, \u00e0 la propri\u00e9t\u00e9 intellectuelle, \u00e0 la conformit\u00e9 r\u00e9glementaire, \u00e0 la commercialisation et \u00e0 la planification d\u2019entreprise. Le programme CSO soutient des projets ax\u00e9s sur des domaines o\u00f9 le partage ouvert et la collaboration sont essentiels pour progresser.<\/p>\n\n\n\n<p>Les services admissibles sont les suivants.<\/p>\n\n\n\n<ul class=\"wp-block-list\">\n<li>D\u00e9veloppement de partenariats et de collaborations dans le domaine de la science ouverte<\/li>\n\n\n\n<li>Analyse du march\u00e9, de la client\u00e8le et de la concurrence<\/li>\n\n\n\n<li>\u00c9valuation de la proposition de valeur<\/li>\n\n\n\n<li>Planification en mati\u00e8re de r\u00e9glementation et de propri\u00e9t\u00e9 intellectuelle<\/li>\n\n\n\n<li>\u00c9laboration d\u2019un plan de financement ou de tarification<\/li>\n\n\n\n<li>Identification des opportunit\u00e9s d\u2019application de la science ouverte dans des domaines innovants.<\/li>\n<\/ul>\n\n\n\n<h3 class=\"wp-block-heading\">Crit\u00e8res d\u2019admissibilit\u00e9<\/h3>\n\n\n\n<p>Pour \u00eatre admissibles au financement du CSO, les candidats doivent :<\/p>\n\n\n\n<ul class=\"wp-block-list\">\n<li>inclure au moins une PME canadienne ou une organisation publique ou \u00e0 but non lucratif<\/li>\n\n\n\n<li>fournir une preuve de fonds de contrepartie pour couvrir le reste des co\u00fbts, puisque Conscience financera un maximum de 33 %, ou jusqu&rsquo;\u00e0 50 % si cela est bien justifi\u00e9<\/li>\n\n\n\n<li>d\u00e9montrer la conformit\u00e9 avec nos <a href=\"https:\/\/conscience.ca\/fr\/principes-directeurs\/\" type=\"page\" id=\"5034\" target=\"_blank\" rel=\"noreferrer noopener\"><u>principes directeurs<\/u><\/a> et notre <a href=\"https:\/\/conscience.ca\/fr\/politique-de-science-ouverte\/\" type=\"page\" id=\"3484\" target=\"_blank\" rel=\"noreferrer noopener\"><u>Politique de science ouverte<\/u><\/a><\/li>\n<\/ul>\n\n\n\n<h3 class=\"wp-block-heading\">Structure du financement<\/h3>\n\n\n\n<p>La dur\u00e9e de financement du CSO est de deux ans, avec possibilit\u00e9 de prolongation. Notre soutien financier est conditionnel \u00e0 la r\u00e9alisation de jalons pr\u00e9cis et fonctionne sur la base de remboursement. Les candidats s\u00e9lectionn\u00e9s doivent obtenir le reste du co\u00fbt total du projet au moyen de fonds de contrepartie. *<\/p>\n\n\n\n<p><em>*La r\u00e9partition des fonds entre les participants admissibles doit \u00eatre confirm\u00e9e aupr\u00e8s de Conscience au moment de l\u2019attribution des fonds.<\/em><\/p>\n\n\n\n<h3 class=\"wp-block-heading\">Crit\u00e8res de s\u00e9lection<\/h3>\n\n\n\n<p>Les projets seront s\u00e9lectionn\u00e9s en fonction des crit\u00e8res suivants.<\/p>\n\n\n\n<ul class=\"wp-block-list\">\n<li>Ad\u00e9quation avec le champ d\u2019application : d\u00e9veloppement d&rsquo;un produit ou d&rsquo;un service bas\u00e9 sur le partage ouvert et le travail d&rsquo;\u00e9quipe<\/li>\n\n\n\n<li>M\u00e9rite, justification scientifique : par exemple, pour la d\u00e9couverte de m\u00e9dicaments, validation en biologie humaine (g\u00e9n\u00e9tique ou pharmacologique), preuve de r\u00e9versibilit\u00e9<\/li>\n\n\n\n<li>Expertise et formation du consultant ou de la consultante s\u00e9lectionn\u00e9<\/li>\n\n\n\n<li>Explication du travail \u00e0 entreprendre par le consultant ou la consultante en lien avec l\u2019avancement d&rsquo;un produit ou d&rsquo;un service<\/li>\n\n\n\n<li>Plan de d\u00e9veloppement des produits, des services et des donn\u00e9es associ\u00e9es, conform\u00e9ment \u00e0 notre <a href=\"https:\/\/conscience.ca\/fr\/politique-de-science-ouverte\/\">politique de science ouverte<\/a>.<\/li>\n<\/ul>\n\n\n\n<h2 class=\"wp-block-heading\">Comment postuler<\/h2>\n\n\n\n<p>Pour postuler, les entreprises et organisations int\u00e9ress\u00e9es doivent remplir le formulaire de demande initiale en cliquant sur le lien ci-dessous. Les demandes seront examin\u00e9es au fur et \u00e0 mesure et les candidats retenus seront invit\u00e9s \u00e0 soumettre une proposition d\u00e9taill\u00e9e.ndes seront examin\u00e9es au fur et \u00e0 mesure et les candidats retenus seront invit\u00e9s \u00e0 soumettre une proposition d\u00e9taill\u00e9e.<\/p>\n\n\n\n<div class=\"wp-block-buttons is-layout-flex wp-block-buttons-is-layout-flex\">\n<div class=\"wp-block-button\"><a class=\"wp-block-button__link wp-element-button\" href=\"https:\/\/docs.google.com\/forms\/d\/e\/1FAIpQLSfeVTvp0w0kKf7yEZNZjB_T2yjHUaN_FrYRa_Txl_bRlABgyw\/viewform?usp=header\" target=\"_blank\" rel=\"noreferrer noopener\">Cliquer pour postuler<\/a><\/div>\n<\/div>\n\n\n\n<p><\/p>\n\n\n\n<p>Pour toute question relative au programme, regardez <a href=\"https:\/\/youtu.be\/AkIk0hyXQV4\">la s\u00e9ance d&rsquo;information virtuelle<\/a>, consultez notre <a href=\"https:\/\/conscience.ca\/fr\/foire-aux-questions-consultation-sur-la-science-ouverte-cso\/\">FAQ<\/a> ou contactez notre responsable des services consultatifs, Dylan Roskams-Edris \u00e0 l&rsquo;adresse&nbsp;<a href=\"mailto:resham.chhabra@conscience.ca\" target=\"_blank\" rel=\"noreferrer noopener\">dylan.roskams-edris@conscience.ca<\/a>.<\/p>\n\n\n\n<p><\/p>\n","protected":false},"excerpt":{"rendered":"<p>\u00c0 propos du CSO Le programme de Consultation sur la science ouverte (CSO) offre du financement aux organisations et aux entreprises qui cherchent \u00e0 obtenir des services de consultation de tiers en mati\u00e8re d\u2019avancement des programmes de science ouverte, y compris dans le domaine de la d\u00e9couverte de m\u00e9dicaments. Ce financement est sp\u00e9cifiquement destin\u00e9 \u00e0 [&hellip;]<\/p>\n","protected":false},"author":5,"featured_media":0,"parent":0,"menu_order":0,"comment_status":"closed","ping_status":"closed","template":"","meta":{"_acf_changed":false,"footnotes":""},"class_list":["post-4328","page","type-page","status-publish","hentry"],"acf":[],"yoast_head":"<!-- This site is optimized with the Yoast SEO plugin v27.3 - https:\/\/yoast.com\/product\/yoast-seo-wordpress\/ -->\n<title>Consultation sur la science ouverte (CSO) - Conscience<\/title>\n<meta name=\"robots\" content=\"index, follow, max-snippet:-1, max-image-preview:large, max-video-preview:-1\" \/>\n<link rel=\"canonical\" href=\"https:\/\/conscience.ca\/fr\/consultation-sur-la-science-ouverte-cso\/\" \/>\n<meta property=\"og:locale\" content=\"fr_FR\" \/>\n<meta property=\"og:type\" content=\"article\" \/>\n<meta property=\"og:title\" content=\"Consultation sur la science ouverte (CSO) - Conscience\" \/>\n<meta property=\"og:description\" content=\"\u00c0 propos du CSO Le programme de Consultation sur la science ouverte (CSO) offre du financement aux organisations et aux entreprises qui cherchent \u00e0 obtenir des services de consultation de tiers en mati\u00e8re d\u2019avancement des programmes de science ouverte, y compris dans le domaine de la d\u00e9couverte de m\u00e9dicaments. Ce financement est sp\u00e9cifiquement destin\u00e9 \u00e0 [&hellip;]\" \/>\n<meta property=\"og:url\" content=\"https:\/\/conscience.ca\/fr\/consultation-sur-la-science-ouverte-cso\/\" \/>\n<meta property=\"og:site_name\" content=\"Conscience\" \/>\n<meta property=\"article:modified_time\" content=\"2026-04-13T18:04:42+00:00\" \/>\n<meta property=\"og:image\" content=\"https:\/\/conscience.ca\/wp-content\/uploads\/2024\/03\/Conscience-1200x627-LinkedIn.png\" \/>\n\t<meta property=\"og:image:width\" content=\"1200\" \/>\n\t<meta property=\"og:image:height\" content=\"627\" \/>\n\t<meta property=\"og:image:type\" content=\"image\/png\" \/>\n<meta name=\"twitter:card\" content=\"summary_large_image\" \/>\n<meta name=\"twitter:label1\" content=\"Dur\u00e9e de lecture estim\u00e9e\" \/>\n\t<meta name=\"twitter:data1\" content=\"3 minutes\" \/>\n<script type=\"application\/ld+json\" class=\"yoast-schema-graph\">{\"@context\":\"https:\\\/\\\/schema.org\",\"@graph\":[{\"@type\":\"WebPage\",\"@id\":\"https:\\\/\\\/conscience.ca\\\/fr\\\/consultation-sur-la-science-ouverte-cso\\\/\",\"url\":\"https:\\\/\\\/conscience.ca\\\/fr\\\/consultation-sur-la-science-ouverte-cso\\\/\",\"name\":\"Consultation sur la science ouverte (CSO) - Conscience\",\"isPartOf\":{\"@id\":\"https:\\\/\\\/conscience.dev.affinitybridge.com\\\/#website\"},\"datePublished\":\"2025-06-09T15:28:15+00:00\",\"dateModified\":\"2026-04-13T18:04:42+00:00\",\"breadcrumb\":{\"@id\":\"https:\\\/\\\/conscience.ca\\\/fr\\\/consultation-sur-la-science-ouverte-cso\\\/#breadcrumb\"},\"inLanguage\":\"fr-FR\",\"potentialAction\":[{\"@type\":\"ReadAction\",\"target\":[\"https:\\\/\\\/conscience.ca\\\/fr\\\/consultation-sur-la-science-ouverte-cso\\\/\"]}]},{\"@type\":\"BreadcrumbList\",\"@id\":\"https:\\\/\\\/conscience.ca\\\/fr\\\/consultation-sur-la-science-ouverte-cso\\\/#breadcrumb\",\"itemListElement\":[{\"@type\":\"ListItem\",\"position\":1,\"name\":\"Home\",\"item\":\"https:\\\/\\\/conscience.ca\\\/fr\\\/accueil\\\/\"},{\"@type\":\"ListItem\",\"position\":2,\"name\":\"Consultation sur la science ouverte (CSO)\"}]},{\"@type\":\"WebSite\",\"@id\":\"https:\\\/\\\/conscience.dev.affinitybridge.com\\\/#website\",\"url\":\"https:\\\/\\\/conscience.dev.affinitybridge.com\\\/\",\"name\":\"Conscience\",\"description\":\"\",\"publisher\":{\"@id\":\"https:\\\/\\\/conscience.dev.affinitybridge.com\\\/#organization\"},\"potentialAction\":[{\"@type\":\"SearchAction\",\"target\":{\"@type\":\"EntryPoint\",\"urlTemplate\":\"https:\\\/\\\/conscience.dev.affinitybridge.com\\\/?s={search_term_string}\"},\"query-input\":{\"@type\":\"PropertyValueSpecification\",\"valueRequired\":true,\"valueName\":\"search_term_string\"}}],\"inLanguage\":\"fr-FR\"},{\"@type\":\"Organization\",\"@id\":\"https:\\\/\\\/conscience.dev.affinitybridge.com\\\/#organization\",\"name\":\"Conscience\",\"url\":\"https:\\\/\\\/conscience.dev.affinitybridge.com\\\/\",\"logo\":{\"@type\":\"ImageObject\",\"inLanguage\":\"fr-FR\",\"@id\":\"https:\\\/\\\/conscience.dev.affinitybridge.com\\\/#\\\/schema\\\/logo\\\/image\\\/\",\"url\":\"https:\\\/\\\/conscience.ca\\\/wp-content\\\/uploads\\\/2024\\\/02\\\/header-logo.svg\",\"contentUrl\":\"https:\\\/\\\/conscience.ca\\\/wp-content\\\/uploads\\\/2024\\\/02\\\/header-logo.svg\",\"caption\":\"Conscience\"},\"image\":{\"@id\":\"https:\\\/\\\/conscience.dev.affinitybridge.com\\\/#\\\/schema\\\/logo\\\/image\\\/\"}}]}<\/script>\n<!-- \/ Yoast SEO plugin. -->","yoast_head_json":{"title":"Consultation sur la science ouverte (CSO) - Conscience","robots":{"index":"index","follow":"follow","max-snippet":"max-snippet:-1","max-image-preview":"max-image-preview:large","max-video-preview":"max-video-preview:-1"},"canonical":"https:\/\/conscience.ca\/fr\/consultation-sur-la-science-ouverte-cso\/","og_locale":"fr_FR","og_type":"article","og_title":"Consultation sur la science ouverte (CSO) - Conscience","og_description":"\u00c0 propos du CSO Le programme de Consultation sur la science ouverte (CSO) offre du financement aux organisations et aux entreprises qui cherchent \u00e0 obtenir des services de consultation de tiers en mati\u00e8re d\u2019avancement des programmes de science ouverte, y compris dans le domaine de la d\u00e9couverte de m\u00e9dicaments. Ce financement est sp\u00e9cifiquement destin\u00e9 \u00e0 [&hellip;]","og_url":"https:\/\/conscience.ca\/fr\/consultation-sur-la-science-ouverte-cso\/","og_site_name":"Conscience","article_modified_time":"2026-04-13T18:04:42+00:00","og_image":[{"width":1200,"height":627,"url":"https:\/\/conscience.ca\/wp-content\/uploads\/2024\/03\/Conscience-1200x627-LinkedIn.png","type":"image\/png"}],"twitter_card":"summary_large_image","twitter_misc":{"Dur\u00e9e de lecture estim\u00e9e":"3 minutes"},"schema":{"@context":"https:\/\/schema.org","@graph":[{"@type":"WebPage","@id":"https:\/\/conscience.ca\/fr\/consultation-sur-la-science-ouverte-cso\/","url":"https:\/\/conscience.ca\/fr\/consultation-sur-la-science-ouverte-cso\/","name":"Consultation sur la science ouverte (CSO) - Conscience","isPartOf":{"@id":"https:\/\/conscience.dev.affinitybridge.com\/#website"},"datePublished":"2025-06-09T15:28:15+00:00","dateModified":"2026-04-13T18:04:42+00:00","breadcrumb":{"@id":"https:\/\/conscience.ca\/fr\/consultation-sur-la-science-ouverte-cso\/#breadcrumb"},"inLanguage":"fr-FR","potentialAction":[{"@type":"ReadAction","target":["https:\/\/conscience.ca\/fr\/consultation-sur-la-science-ouverte-cso\/"]}]},{"@type":"BreadcrumbList","@id":"https:\/\/conscience.ca\/fr\/consultation-sur-la-science-ouverte-cso\/#breadcrumb","itemListElement":[{"@type":"ListItem","position":1,"name":"Home","item":"https:\/\/conscience.ca\/fr\/accueil\/"},{"@type":"ListItem","position":2,"name":"Consultation sur la science ouverte (CSO)"}]},{"@type":"WebSite","@id":"https:\/\/conscience.dev.affinitybridge.com\/#website","url":"https:\/\/conscience.dev.affinitybridge.com\/","name":"Conscience","description":"","publisher":{"@id":"https:\/\/conscience.dev.affinitybridge.com\/#organization"},"potentialAction":[{"@type":"SearchAction","target":{"@type":"EntryPoint","urlTemplate":"https:\/\/conscience.dev.affinitybridge.com\/?s={search_term_string}"},"query-input":{"@type":"PropertyValueSpecification","valueRequired":true,"valueName":"search_term_string"}}],"inLanguage":"fr-FR"},{"@type":"Organization","@id":"https:\/\/conscience.dev.affinitybridge.com\/#organization","name":"Conscience","url":"https:\/\/conscience.dev.affinitybridge.com\/","logo":{"@type":"ImageObject","inLanguage":"fr-FR","@id":"https:\/\/conscience.dev.affinitybridge.com\/#\/schema\/logo\/image\/","url":"https:\/\/conscience.ca\/wp-content\/uploads\/2024\/02\/header-logo.svg","contentUrl":"https:\/\/conscience.ca\/wp-content\/uploads\/2024\/02\/header-logo.svg","caption":"Conscience"},"image":{"@id":"https:\/\/conscience.dev.affinitybridge.com\/#\/schema\/logo\/image\/"}}]}},"jetpack_sharing_enabled":true,"_links":{"self":[{"href":"https:\/\/conscience.ca\/fr\/wp-json\/wp\/v2\/pages\/4328","targetHints":{"allow":["GET"]}}],"collection":[{"href":"https:\/\/conscience.ca\/fr\/wp-json\/wp\/v2\/pages"}],"about":[{"href":"https:\/\/conscience.ca\/fr\/wp-json\/wp\/v2\/types\/page"}],"author":[{"embeddable":true,"href":"https:\/\/conscience.ca\/fr\/wp-json\/wp\/v2\/users\/5"}],"replies":[{"embeddable":true,"href":"https:\/\/conscience.ca\/fr\/wp-json\/wp\/v2\/comments?post=4328"}],"version-history":[{"count":11,"href":"https:\/\/conscience.ca\/fr\/wp-json\/wp\/v2\/pages\/4328\/revisions"}],"predecessor-version":[{"id":5176,"href":"https:\/\/conscience.ca\/fr\/wp-json\/wp\/v2\/pages\/4328\/revisions\/5176"}],"wp:attachment":[{"href":"https:\/\/conscience.ca\/fr\/wp-json\/wp\/v2\/media?parent=4328"}],"curies":[{"name":"wp","href":"https:\/\/api.w.org\/{rel}","templated":true}]}}