{"id":4685,"date":"2025-11-19T16:27:52","date_gmt":"2025-11-19T21:27:52","guid":{"rendered":"https:\/\/conscience.ca\/?page_id=4685"},"modified":"2026-03-31T13:39:41","modified_gmt":"2026-03-31T17:39:41","slug":"foire-aux-questions-defis-cache","status":"publish","type":"page","link":"https:\/\/conscience.ca\/fr\/foire-aux-questions-defis-cache\/","title":{"rendered":"Foire aux questions &#8211; D\u00e9fis CACHE"},"content":{"rendered":"\n<p>Veuillez noter que les questions ci-dessous traitent de questions g\u00e9n\u00e9rales concernant CACHE et que les dates limites, les proc\u00e9dures et les frais de participation varient d&rsquo;un d\u00e9fi CACHE \u00e0 l&rsquo;autre. Pour obtenir les informations les plus r\u00e9centes sur chaque d\u00e9fi CACHE, veuillez consulter le <a href=\"https:\/\/cache-challenge.org\/\">site Web du CACHE<\/a>.<\/p>\n\n\n\n<p>Pour toute question d&rsquo;ordre g\u00e9n\u00e9ral concernant Conscience, la science ouverte et nos autres programmes, veuillez consulter la page <a href=\"https:\/\/conscience.ca\/fr\/foire-aux-questions\/\">FAQ g\u00e9n\u00e9rale<\/a>.<\/p>\n\n\n\n<div style=\"height:21px\" aria-hidden=\"true\" class=\"wp-block-spacer\"><\/div>\n\n\n<div id=\"details-expand-all-block_1f26332ee883f72734d56b9e1146376f\" class=\"details-expand-all-button button-style-primary button-size-medium\">\n    <button\n        class=\"details-expand-all-btn\"\n        data-expand-text=\"D\u00e9velopper tout\"\n        data-collapse-text=\"R\u00e9duire tout\"\n        aria-expanded=\"false\"\n    >\n        D\u00e9velopper tout    <\/button>\n<\/div>\n\n\n\n\n<h3 class=\"wp-block-heading\">\u00c0 propos de CACHE<\/h3>\n\n\n\n<details class=\"wp-block-details is-layout-flow wp-block-details-is-layout-flow\"><summary>Que sont les d\u00e9fis CACHE ?<\/summary>\n<p>Les d\u00e9fis CACHE (Critical Assessment of Computational Hit-finding Experiments) sont des concours ouverts destin\u00e9s \u00e0 combler le foss\u00e9 entre les pr\u00e9dictions informatiques et la validation exp\u00e9rimentale dans le monde r\u00e9el dans le domaine de la d\u00e9couverte de m\u00e9dicaments. Ils invitent les chercheurs issus du monde universitaire, de l&rsquo;industrie et des organisations \u00e0 but non lucratif \u00e0 tester leurs meilleures m\u00e9thodes informatiques pour pr\u00e9dire les points de d\u00e9part potentiels de m\u00e9dicaments. CACHE valide ensuite ces pr\u00e9dictions de mani\u00e8re exp\u00e9rimentale en laboratoire, et tous les r\u00e9sultats sont partag\u00e9s ouvertement. L&rsquo;objectif est de cr\u00e9er des r\u00e9f\u00e9rences reproductibles, d&rsquo;am\u00e9liorer les outils d&rsquo;IA pour la d\u00e9couverte de m\u00e9dicaments et de favoriser la collaboration entre les secteurs et les universit\u00e9s.<\/p>\n<\/details>\n\n\n\n<h3 class=\"wp-block-heading\">Participation et candidatures<\/h3>\n\n\n\n<details class=\"wp-block-details is-layout-flow wp-block-details-is-layout-flow\"><summary>Qui peut participer ?<\/summary>\n<p>Les laboratoires universitaires, les entreprises biotechnologiques et pharmaceutiques, ainsi que les d\u00e9veloppeurs de logiciels utilisant des m\u00e9thodes informatiques de recherche de mol\u00e9cules actives peuvent participer.<\/p>\n<\/details>\n\n\n\n<details class=\"wp-block-details is-layout-flow wp-block-details-is-layout-flow\"><summary>Comment postuler ?<\/summary>\n<p>Les candidatures pour chaque d\u00e9fi sont soumises via le <a href=\"https:\/\/cache-challenge.org\/\">site Web du CACHE<\/a> et examin\u00e9es dans le cadre d&rsquo;un processus d&rsquo;\u00e9valuation par les pairs en double aveugle supervis\u00e9 par le comit\u00e9 d&rsquo;examen des candidatures. Les participants s\u00e9lectionn\u00e9s sont inform\u00e9s par e-mail.<\/p>\n<\/details>\n\n\n\n<details class=\"wp-block-details is-layout-flow wp-block-details-is-layout-flow\"><summary>Puis-je mettre \u00e0 jour ma candidature avant la date limite ?<\/summary>\n<p>Oui. Les candidatures peuvent \u00eatre modifi\u00e9es et soumises \u00e0 nouveau \u00e0 tout moment jusqu&rsquo;\u00e0 la date limite officielle de soumission.<\/p>\n<\/details>\n\n\n\n<details class=\"wp-block-details is-layout-flow wp-block-details-is-layout-flow\"><summary>Combien de temps dure un d\u00e9fi et quelles sont les \u00e9tapes \u00e0 suivre ?<\/summary>\n<p>La dur\u00e9e des d\u00e9fis varie, mais la plupart sont men\u00e9s \u00e0 bien en 18 \u00e0 24 mois environ, y compris les phases de pr\u00e9vision, les tests exp\u00e9rimentaux et la publication des donn\u00e9es. Veuillez consulter le diagramme ci-dessous pour conna\u00eetre les diff\u00e9rentes \u00e9tapes d&rsquo;un d\u00e9fi CACHE.<\/p>\n\n\n\n<figure class=\"wp-block-image aligncenter is-style-rectangular\"><a href=\"https:\/\/conscience.ca\/wp-content\/uploads\/2026\/03\/CACHE_Workflow-scaled.png\"><img fetchpriority=\"high\" decoding=\"async\" width=\"1024\" height=\"602\" src=\"https:\/\/conscience.ca\/wp-content\/uploads\/2026\/03\/CACHE_Workflow-1024x602.png\" alt=\"\" class=\"wp-image-5111\" srcset=\"https:\/\/conscience.ca\/wp-content\/uploads\/2026\/03\/CACHE_Workflow-1024x602.png 1024w, https:\/\/conscience.ca\/wp-content\/uploads\/2026\/03\/CACHE_Workflow-300x176.png 300w, https:\/\/conscience.ca\/wp-content\/uploads\/2026\/03\/CACHE_Workflow-768x452.png 768w, https:\/\/conscience.ca\/wp-content\/uploads\/2026\/03\/CACHE_Workflow-1536x904.png 1536w, https:\/\/conscience.ca\/wp-content\/uploads\/2026\/03\/CACHE_Workflow-2048x1205.png 2048w\" sizes=\"(max-width: 1024px) 100vw, 1024px\" \/><\/a><\/figure>\n<\/details>\n\n\n\n<details class=\"wp-block-details is-layout-flow wp-block-details-is-layout-flow\"><summary>Dois-je signer un accord de participation ?<\/summary>\n<p>En soumettant leur candidature \u00e0 un d\u00e9fi, les participants acceptent les <a href=\"https:\/\/cache-challenge.org\/terms-and-participation\">conditions de participation<\/a> du CACHE en leur nom et au nom de leur organisation. Ces conditions sont accessibles au public sur le site web du CACHE.<\/p>\n<\/details>\n\n\n\n<h3 class=\"wp-block-heading\">Co\u00fbts et soutien<\/h3>\n\n\n\n<details class=\"wp-block-details is-layout-flow wp-block-details-is-layout-flow\"><summary>Comment les co\u00fbts sont-ils ventil\u00e9s ?<\/summary>\n<p>CACHE couvre actuellement tous les tests exp\u00e9rimentaux n\u00e9cessaires \u00e0 la validation. Les participants sont responsables du co\u00fbt d&rsquo;acquisition ou de synth\u00e8se des compos\u00e9s qu&rsquo;ils proposent, sauf indication contraire. Les participants sont invit\u00e9s \u00e0 consulter la page \u00ab Annonce \u00bb de chaque d\u00e9fi pour conna\u00eetre la r\u00e9partition d\u00e9taill\u00e9e des co\u00fbts.<\/p>\n<\/details>\n\n\n\n<details class=\"wp-block-details is-layout-flow wp-block-details-is-layout-flow\"><summary>Existe-t-il des subventions pour les participants ?<\/summary>\n<p>Oui. Les universitaires et les PME canadiennes admissibles peuvent obtenir le remboursement d&rsquo;une partie des co\u00fbts li\u00e9s \u00e0 l&rsquo;approvisionnement en mat\u00e9riaux composites, \u00e0 la main-d&rsquo;\u0153uvre directe et \u00e0 l&rsquo;\u00e9quipement. Le pourcentage de remboursement varie selon le d\u00e9fi.<\/p>\n<\/details>\n\n\n\n<details class=\"wp-block-details is-layout-flow wp-block-details-is-layout-flow\"><summary>Y a-t-il une limite au nombre de compos\u00e9s que je peux soumettre ?<\/summary>\n<p>Oui. Chaque d\u00e9fi impose une limite au nombre de compos\u00e9s que chaque participant peut soumettre \u2014 g\u00e9n\u00e9ralement jusqu&rsquo;\u00e0 100 compos\u00e9s au premier tour et jusqu&rsquo;\u00e0 50 analogues chimiques au deuxi\u00e8me tour.<\/p>\n<\/details>\n\n\n\n<details class=\"wp-block-details is-layout-flow wp-block-details-is-layout-flow\"><summary>Comment passer des commandes compos\u00e9es aupr\u00e8s d&rsquo;Enamine ?<\/summary>\n<p>Toutes les commandes de compos\u00e9s aupr\u00e8s d&rsquo;Enamine sont coordonn\u00e9es par le directeur des op\u00e9rations de CACHE, qui passe une seule commande group\u00e9e au nom de tous les participants. Les participants qui ne soumettent pas leur liste d\u00e9finitive de compos\u00e9s avant la date limite ne seront pas inclus dans la commande et risquent de perdre leur place dans le d\u00e9fi.<\/p>\n<\/details>\n\n\n\n<details class=\"wp-block-details is-layout-flow wp-block-details-is-layout-flow\"><summary>Quel est le co\u00fbt total estim\u00e9 pour participer \u00e0 un d\u00e9fi CACHE ?<\/summary>\n<p>Le co\u00fbt total estim\u00e9 par tour est d&rsquo;environ 50 000 dollars am\u00e9ricains. Cette estimation comprend les salaires de deux employ\u00e9s \u00e0 temps plein pendant deux mois, les achats de mat\u00e9riaux composites, les frais informatiques et l&rsquo;\u00e9quipement. Chaque d\u00e9fi comporte deux tours, le co\u00fbt total pour les participants s\u00e9lectionn\u00e9s pour le deuxi\u00e8me tour est donc d&rsquo;environ 100 000 dollars am\u00e9ricains.<\/p>\n<\/details>\n\n\n\n<h3 class=\"wp-block-heading\">\u00c9valuation et r\u00e9sultats<\/h3>\n\n\n\n<details class=\"wp-block-details is-layout-flow wp-block-details-is-layout-flow\"><summary>Comment les r\u00e9sultats sont-ils \u00e9valu\u00e9s ?<\/summary>\n<p>Les crit\u00e8res d&rsquo;\u00e9valuation varient selon les d\u00e9fis. Les indicateurs comprennent g\u00e9n\u00e9ralement : le taux de r\u00e9ussite (liants efficaces), l&rsquo;affinit\u00e9 de liaison, les propri\u00e9t\u00e9s physico-chimiques, les performances par rapport aux s\u00e9lections group\u00e9es et\/ou les \u00e9valuations par des pairs experts.<\/p>\n<\/details>\n\n\n\n<details class=\"wp-block-details is-layout-flow wp-block-details-is-layout-flow\"><summary>Quand les r\u00e9sultats sont-ils communiqu\u00e9s ?<\/summary>\n<p>Apr\u00e8s chaque cycle de pr\u00e9diction, les donn\u00e9es exp\u00e9rimentales sont communiqu\u00e9es aux participants en toute confidentialit\u00e9. Cela comprend \u00e0 la fois les donn\u00e9es d&rsquo;analyse et les scores de performance de leurs compos\u00e9s. Les r\u00e9sultats finaux sont rendus publics apr\u00e8s une p\u00e9riode d&#8217;embargo de trois mois suivant la fin du d\u00e9fi.<\/p>\n<\/details>\n\n\n\n<h3 class=\"wp-block-heading\">D\u00e9tails pratiques<\/h3>\n\n\n\n<details class=\"wp-block-details is-layout-flow wp-block-details-is-layout-flow\"><summary>Que faire si je perds mon identifiant\/code d&rsquo;application ?<\/summary>\n<p>Si vous oubliez votre identifiant ou votre code, vous pouvez demander \u00e0 ce qu&rsquo;ils vous soient envoy\u00e9s en cliquant sur \u00ab Mot de passe oubli\u00e9 \u00bb sur la page de connexion des participants et en saisissant votre adresse e-mail de candidat. Pour toute autre demande d&rsquo;acc\u00e8s, veuillez contacter <a href=\"mailto:cache@thesgc.org\">cache@thesgc.org<\/a> pour obtenir de l&rsquo;aide.<\/p>\n<\/details>\n\n\n\n<details class=\"wp-block-details is-layout-flow wp-block-details-is-layout-flow\"><summary>Que se passe-t-il si je me retire d&rsquo;un d\u00e9fi ?<\/summary>\n<p>Si un participant d\u00e9cide de se retirer d&rsquo;un d\u00e9fi, ses droits de participation peuvent \u00eatre r\u00e9sili\u00e9s, mais les obligations relatives \u00e0 la propri\u00e9t\u00e9 intellectuelle et aux licences du d\u00e9fi resteront applicables. Pour plus d&rsquo;informations, consultez les questions ci-dessous sur la propri\u00e9t\u00e9 intellectuelle.<\/p>\n<\/details>\n\n\n\n<h3 class=\"wp-block-heading\">Donn\u00e9es, propri\u00e9t\u00e9 intellectuelle et publications<\/h3>\n\n\n\n<details class=\"wp-block-details is-layout-flow wp-block-details-is-layout-flow\"><summary>Qui d\u00e9tient la propri\u00e9t\u00e9 intellectuelle issue de la participation \u00e0 un d\u00e9fi ?<\/summary>\n<p><strong>Votre propre travail (propri\u00e9t\u00e9 intellectuelle de base)<\/strong> : les participants conservent la propri\u00e9t\u00e9 de leurs m\u00e9thodes, codes et travaux ant\u00e9rieurs.<br><br><strong>R\u00e9sultats du d\u00e9fi (propri\u00e9t\u00e9 intellectuelle du d\u00e9fi)<\/strong> : les compos\u00e9s, donn\u00e9es et structures produits pendant le d\u00e9fi sont partag\u00e9s ouvertement sous des licences telles que CC BY 4.0. Conform\u00e9ment aux conditions de participation, les participants s&rsquo;engagent \u00e0 ne pas breveter ces r\u00e9sultats, garantissant ainsi leur accessibilit\u00e9 \u00e0 l&rsquo;ensemble de la communaut\u00e9 scientifique.<\/p>\n<\/details>\n\n\n\n<details class=\"wp-block-details is-layout-flow wp-block-details-is-layout-flow\"><summary>Les r\u00e9sultats des d\u00e9fis CACHE seront-ils publi\u00e9s ?<\/summary>\n<p>Oui. CACHE publie des articles conjoints avec les participants qualifi\u00e9s (c&rsquo;est-\u00e0-dire ceux qui ont termin\u00e9 les deux cycles de pr\u00e9dictions et de validation exp\u00e9rimentale) apr\u00e8s chaque d\u00e9fi. Les participants sont \u00e9galement libres de publier de mani\u00e8re ind\u00e9pendante, et sont pri\u00e9s de mentionner CACHE\/Conscience de mani\u00e8re appropri\u00e9e.<\/p>\n<\/details>\n\n\n\n<details class=\"wp-block-details is-layout-flow wp-block-details-is-layout-flow\"><summary>Puis-je participer anonymement ?<\/summary>\n<p>Tous les participants peuvent rester anonymes pendant toute la dur\u00e9e du d\u00e9fi. Conform\u00e9ment \u00e0 la section 4.6 des <a href=\"https:\/\/cache-challenge.org\/terms-and-participation\">conditions de participation<\/a>. Les trois participants les plus performants sont automatiquement d\u00e9sanonymis\u00e9s \u00e0 la fin du d\u00e9fi. Tous les autres participants sont invit\u00e9s \u00e0 indiquer s&rsquo;ils souhaitent \u00eatre d\u00e9sanonymis\u00e9s, auquel cas leurs noms seront publi\u00e9s sur le site web du CACHE avec les r\u00e9sultats du d\u00e9fi.&nbsp;<\/p>\n<\/details>\n\n\n\n<details class=\"wp-block-details is-layout-flow wp-block-details-is-layout-flow\"><summary>Dois-je partager mes m\u00e9thodes de calcul exclusives ?<\/summary>\n<p>Non, les m\u00e9thodes et le code propri\u00e9taires (propri\u00e9t\u00e9 intellectuelle de base) n&rsquo;ont pas besoin d&rsquo;\u00eatre divulgu\u00e9s. Les participants sont uniquement tenus de fournir un r\u00e9sum\u00e9 descriptif de leur flux de travail, afin que les autres puissent comprendre l&rsquo;approche sans r\u00e9v\u00e9ler de d\u00e9tails sensibles.<\/p>\n<\/details>\n\n\n\n<p><\/p>\n","protected":false},"excerpt":{"rendered":"<p>Veuillez noter que les questions ci-dessous traitent de questions g\u00e9n\u00e9rales concernant CACHE et que les dates limites, les proc\u00e9dures et les frais de participation varient d&rsquo;un d\u00e9fi CACHE \u00e0 l&rsquo;autre. Pour obtenir les informations les plus r\u00e9centes sur chaque d\u00e9fi CACHE, veuillez consulter le site Web du CACHE. Pour toute question d&rsquo;ordre g\u00e9n\u00e9ral concernant Conscience, [&hellip;]<\/p>\n","protected":false},"author":5,"featured_media":0,"parent":0,"menu_order":0,"comment_status":"closed","ping_status":"closed","template":"","meta":{"_acf_changed":false,"footnotes":""},"class_list":["post-4685","page","type-page","status-publish","hentry"],"acf":[],"yoast_head":"<!-- This site is optimized with the Yoast SEO plugin v27.3 - https:\/\/yoast.com\/product\/yoast-seo-wordpress\/ -->\n<title>Foire aux questions - D\u00e9fis CACHE - Conscience<\/title>\n<meta name=\"robots\" content=\"index, follow, max-snippet:-1, max-image-preview:large, max-video-preview:-1\" \/>\n<link rel=\"canonical\" href=\"https:\/\/conscience.ca\/fr\/foire-aux-questions-defis-cache\/\" \/>\n<meta property=\"og:locale\" content=\"fr_FR\" \/>\n<meta property=\"og:type\" content=\"article\" \/>\n<meta property=\"og:title\" content=\"Foire aux questions - D\u00e9fis CACHE - Conscience\" \/>\n<meta property=\"og:description\" content=\"Veuillez noter que les questions ci-dessous traitent de questions g\u00e9n\u00e9rales concernant CACHE et que les dates limites, les proc\u00e9dures et les frais de participation varient d&rsquo;un d\u00e9fi CACHE \u00e0 l&rsquo;autre. Pour obtenir les informations les plus r\u00e9centes sur chaque d\u00e9fi CACHE, veuillez consulter le site Web du CACHE. Pour toute question d&rsquo;ordre g\u00e9n\u00e9ral concernant Conscience, [&hellip;]\" \/>\n<meta property=\"og:url\" content=\"https:\/\/conscience.ca\/fr\/foire-aux-questions-defis-cache\/\" \/>\n<meta property=\"og:site_name\" content=\"Conscience\" \/>\n<meta property=\"article:modified_time\" content=\"2026-03-31T17:39:41+00:00\" \/>\n<meta property=\"og:image\" content=\"https:\/\/conscience.ca\/wp-content\/uploads\/2026\/03\/CACHE_Workflow-scaled.png\" \/>\n\t<meta property=\"og:image:width\" content=\"2560\" \/>\n\t<meta property=\"og:image:height\" content=\"1506\" \/>\n\t<meta property=\"og:image:type\" content=\"image\/png\" \/>\n<meta name=\"twitter:card\" content=\"summary_large_image\" \/>\n<meta name=\"twitter:label1\" content=\"Dur\u00e9e de lecture estim\u00e9e\" \/>\n\t<meta name=\"twitter:data1\" content=\"6 minutes\" \/>\n<script type=\"application\/ld+json\" class=\"yoast-schema-graph\">{\"@context\":\"https:\\\/\\\/schema.org\",\"@graph\":[{\"@type\":\"WebPage\",\"@id\":\"https:\\\/\\\/conscience.ca\\\/fr\\\/foire-aux-questions-defis-cache\\\/\",\"url\":\"https:\\\/\\\/conscience.ca\\\/fr\\\/foire-aux-questions-defis-cache\\\/\",\"name\":\"Foire aux questions - D\u00e9fis CACHE - Conscience\",\"isPartOf\":{\"@id\":\"https:\\\/\\\/conscience.dev.affinitybridge.com\\\/#website\"},\"primaryImageOfPage\":{\"@id\":\"https:\\\/\\\/conscience.ca\\\/fr\\\/foire-aux-questions-defis-cache\\\/#primaryimage\"},\"image\":{\"@id\":\"https:\\\/\\\/conscience.ca\\\/fr\\\/foire-aux-questions-defis-cache\\\/#primaryimage\"},\"thumbnailUrl\":\"https:\\\/\\\/conscience.ca\\\/wp-content\\\/uploads\\\/2026\\\/03\\\/CACHE_Workflow-1024x602.png\",\"datePublished\":\"2025-11-19T21:27:52+00:00\",\"dateModified\":\"2026-03-31T17:39:41+00:00\",\"breadcrumb\":{\"@id\":\"https:\\\/\\\/conscience.ca\\\/fr\\\/foire-aux-questions-defis-cache\\\/#breadcrumb\"},\"inLanguage\":\"fr-FR\",\"potentialAction\":[{\"@type\":\"ReadAction\",\"target\":[\"https:\\\/\\\/conscience.ca\\\/fr\\\/foire-aux-questions-defis-cache\\\/\"]}]},{\"@type\":\"ImageObject\",\"inLanguage\":\"fr-FR\",\"@id\":\"https:\\\/\\\/conscience.ca\\\/fr\\\/foire-aux-questions-defis-cache\\\/#primaryimage\",\"url\":\"https:\\\/\\\/conscience.ca\\\/wp-content\\\/uploads\\\/2026\\\/03\\\/CACHE_Workflow-1024x602.png\",\"contentUrl\":\"https:\\\/\\\/conscience.ca\\\/wp-content\\\/uploads\\\/2026\\\/03\\\/CACHE_Workflow-1024x602.png\"},{\"@type\":\"BreadcrumbList\",\"@id\":\"https:\\\/\\\/conscience.ca\\\/fr\\\/foire-aux-questions-defis-cache\\\/#breadcrumb\",\"itemListElement\":[{\"@type\":\"ListItem\",\"position\":1,\"name\":\"Home\",\"item\":\"https:\\\/\\\/conscience.ca\\\/fr\\\/accueil\\\/\"},{\"@type\":\"ListItem\",\"position\":2,\"name\":\"Foire aux questions &#8211; D\u00e9fis CACHE\"}]},{\"@type\":\"WebSite\",\"@id\":\"https:\\\/\\\/conscience.dev.affinitybridge.com\\\/#website\",\"url\":\"https:\\\/\\\/conscience.dev.affinitybridge.com\\\/\",\"name\":\"Conscience\",\"description\":\"\",\"publisher\":{\"@id\":\"https:\\\/\\\/conscience.dev.affinitybridge.com\\\/#organization\"},\"potentialAction\":[{\"@type\":\"SearchAction\",\"target\":{\"@type\":\"EntryPoint\",\"urlTemplate\":\"https:\\\/\\\/conscience.dev.affinitybridge.com\\\/?s={search_term_string}\"},\"query-input\":{\"@type\":\"PropertyValueSpecification\",\"valueRequired\":true,\"valueName\":\"search_term_string\"}}],\"inLanguage\":\"fr-FR\"},{\"@type\":\"Organization\",\"@id\":\"https:\\\/\\\/conscience.dev.affinitybridge.com\\\/#organization\",\"name\":\"Conscience\",\"url\":\"https:\\\/\\\/conscience.dev.affinitybridge.com\\\/\",\"logo\":{\"@type\":\"ImageObject\",\"inLanguage\":\"fr-FR\",\"@id\":\"https:\\\/\\\/conscience.dev.affinitybridge.com\\\/#\\\/schema\\\/logo\\\/image\\\/\",\"url\":\"https:\\\/\\\/conscience.ca\\\/wp-content\\\/uploads\\\/2024\\\/02\\\/header-logo.svg\",\"contentUrl\":\"https:\\\/\\\/conscience.ca\\\/wp-content\\\/uploads\\\/2024\\\/02\\\/header-logo.svg\",\"caption\":\"Conscience\"},\"image\":{\"@id\":\"https:\\\/\\\/conscience.dev.affinitybridge.com\\\/#\\\/schema\\\/logo\\\/image\\\/\"}}]}<\/script>\n<!-- \/ Yoast SEO plugin. -->","yoast_head_json":{"title":"Foire aux questions - D\u00e9fis CACHE - Conscience","robots":{"index":"index","follow":"follow","max-snippet":"max-snippet:-1","max-image-preview":"max-image-preview:large","max-video-preview":"max-video-preview:-1"},"canonical":"https:\/\/conscience.ca\/fr\/foire-aux-questions-defis-cache\/","og_locale":"fr_FR","og_type":"article","og_title":"Foire aux questions - D\u00e9fis CACHE - Conscience","og_description":"Veuillez noter que les questions ci-dessous traitent de questions g\u00e9n\u00e9rales concernant CACHE et que les dates limites, les proc\u00e9dures et les frais de participation varient d&rsquo;un d\u00e9fi CACHE \u00e0 l&rsquo;autre. Pour obtenir les informations les plus r\u00e9centes sur chaque d\u00e9fi CACHE, veuillez consulter le site Web du CACHE. Pour toute question d&rsquo;ordre g\u00e9n\u00e9ral concernant Conscience, [&hellip;]","og_url":"https:\/\/conscience.ca\/fr\/foire-aux-questions-defis-cache\/","og_site_name":"Conscience","article_modified_time":"2026-03-31T17:39:41+00:00","og_image":[{"width":2560,"height":1506,"url":"https:\/\/conscience.ca\/wp-content\/uploads\/2026\/03\/CACHE_Workflow-scaled.png","type":"image\/png"}],"twitter_card":"summary_large_image","twitter_misc":{"Dur\u00e9e de lecture estim\u00e9e":"6 minutes"},"schema":{"@context":"https:\/\/schema.org","@graph":[{"@type":"WebPage","@id":"https:\/\/conscience.ca\/fr\/foire-aux-questions-defis-cache\/","url":"https:\/\/conscience.ca\/fr\/foire-aux-questions-defis-cache\/","name":"Foire aux questions - D\u00e9fis CACHE - Conscience","isPartOf":{"@id":"https:\/\/conscience.dev.affinitybridge.com\/#website"},"primaryImageOfPage":{"@id":"https:\/\/conscience.ca\/fr\/foire-aux-questions-defis-cache\/#primaryimage"},"image":{"@id":"https:\/\/conscience.ca\/fr\/foire-aux-questions-defis-cache\/#primaryimage"},"thumbnailUrl":"https:\/\/conscience.ca\/wp-content\/uploads\/2026\/03\/CACHE_Workflow-1024x602.png","datePublished":"2025-11-19T21:27:52+00:00","dateModified":"2026-03-31T17:39:41+00:00","breadcrumb":{"@id":"https:\/\/conscience.ca\/fr\/foire-aux-questions-defis-cache\/#breadcrumb"},"inLanguage":"fr-FR","potentialAction":[{"@type":"ReadAction","target":["https:\/\/conscience.ca\/fr\/foire-aux-questions-defis-cache\/"]}]},{"@type":"ImageObject","inLanguage":"fr-FR","@id":"https:\/\/conscience.ca\/fr\/foire-aux-questions-defis-cache\/#primaryimage","url":"https:\/\/conscience.ca\/wp-content\/uploads\/2026\/03\/CACHE_Workflow-1024x602.png","contentUrl":"https:\/\/conscience.ca\/wp-content\/uploads\/2026\/03\/CACHE_Workflow-1024x602.png"},{"@type":"BreadcrumbList","@id":"https:\/\/conscience.ca\/fr\/foire-aux-questions-defis-cache\/#breadcrumb","itemListElement":[{"@type":"ListItem","position":1,"name":"Home","item":"https:\/\/conscience.ca\/fr\/accueil\/"},{"@type":"ListItem","position":2,"name":"Foire aux questions &#8211; D\u00e9fis CACHE"}]},{"@type":"WebSite","@id":"https:\/\/conscience.dev.affinitybridge.com\/#website","url":"https:\/\/conscience.dev.affinitybridge.com\/","name":"Conscience","description":"","publisher":{"@id":"https:\/\/conscience.dev.affinitybridge.com\/#organization"},"potentialAction":[{"@type":"SearchAction","target":{"@type":"EntryPoint","urlTemplate":"https:\/\/conscience.dev.affinitybridge.com\/?s={search_term_string}"},"query-input":{"@type":"PropertyValueSpecification","valueRequired":true,"valueName":"search_term_string"}}],"inLanguage":"fr-FR"},{"@type":"Organization","@id":"https:\/\/conscience.dev.affinitybridge.com\/#organization","name":"Conscience","url":"https:\/\/conscience.dev.affinitybridge.com\/","logo":{"@type":"ImageObject","inLanguage":"fr-FR","@id":"https:\/\/conscience.dev.affinitybridge.com\/#\/schema\/logo\/image\/","url":"https:\/\/conscience.ca\/wp-content\/uploads\/2024\/02\/header-logo.svg","contentUrl":"https:\/\/conscience.ca\/wp-content\/uploads\/2024\/02\/header-logo.svg","caption":"Conscience"},"image":{"@id":"https:\/\/conscience.dev.affinitybridge.com\/#\/schema\/logo\/image\/"}}]}},"jetpack_sharing_enabled":true,"_links":{"self":[{"href":"https:\/\/conscience.ca\/fr\/wp-json\/wp\/v2\/pages\/4685","targetHints":{"allow":["GET"]}}],"collection":[{"href":"https:\/\/conscience.ca\/fr\/wp-json\/wp\/v2\/pages"}],"about":[{"href":"https:\/\/conscience.ca\/fr\/wp-json\/wp\/v2\/types\/page"}],"author":[{"embeddable":true,"href":"https:\/\/conscience.ca\/fr\/wp-json\/wp\/v2\/users\/5"}],"replies":[{"embeddable":true,"href":"https:\/\/conscience.ca\/fr\/wp-json\/wp\/v2\/comments?post=4685"}],"version-history":[{"count":5,"href":"https:\/\/conscience.ca\/fr\/wp-json\/wp\/v2\/pages\/4685\/revisions"}],"predecessor-version":[{"id":5119,"href":"https:\/\/conscience.ca\/fr\/wp-json\/wp\/v2\/pages\/4685\/revisions\/5119"}],"wp:attachment":[{"href":"https:\/\/conscience.ca\/fr\/wp-json\/wp\/v2\/media?parent=4685"}],"curies":[{"name":"wp","href":"https:\/\/api.w.org\/{rel}","templated":true}]}}