{"id":4711,"date":"2025-11-20T10:37:47","date_gmt":"2025-11-20T15:37:47","guid":{"rendered":"https:\/\/conscience.ca\/?page_id=4711"},"modified":"2025-12-02T13:45:57","modified_gmt":"2025-12-02T18:45:57","slug":"foire-aux-questions-consultation-sur-la-science-ouverte-cso","status":"publish","type":"page","link":"https:\/\/conscience.ca\/fr\/foire-aux-questions-consultation-sur-la-science-ouverte-cso\/","title":{"rendered":"Foire aux questions &#8211; Consultation sur la science ouverte (CSO)"},"content":{"rendered":"\n<p>Pour toute question d&rsquo;ordre g\u00e9n\u00e9ral concernant Conscience, la science ouverte et nos autres programmes, veuillez consulter la page <a href=\"https:\/\/conscience.ca\/fr\/foire-aux-questions\/\">FAQ g\u00e9n\u00e9rale<\/a>.<\/p>\n\n\n\n<div style=\"height:21px\" aria-hidden=\"true\" class=\"wp-block-spacer\"><\/div>\n\n\n<div id=\"details-expand-all-block_09ffdff2125df11623d61847847de22f\" class=\"details-expand-all-button button-style-primary button-size-medium\">\n    <button\n        class=\"details-expand-all-btn\"\n        data-expand-text=\"D\u00e9velopper tout\"\n        data-collapse-text=\"R\u00e9duire tout\"\n        aria-expanded=\"false\"\n    >\n        D\u00e9velopper tout    <\/button>\n<\/div>\n\n\n\n\n<h3 class=\"wp-block-heading\">\u00c0 propos du programme CSO<\/h3>\n\n\n\n<details class=\"wp-block-details is-layout-flow wp-block-details-is-layout-flow\"><summary>Qu&rsquo;est-ce que le programme CSO ?<\/summary>\n<p>Le programme Consultation sur la science ouverte (CSO) fournit un financement aux organisations et aux entreprises qui recherchent des services de conseil tiers (par exemple, des consultants, des sous-traitants et des conseillers) pour les aider \u00e0 d\u00e9velopper un produit ou un service. Le financement est disponible pour les projets dans le domaine des sciences de la vie qui utilisent la science ouverte dans le d\u00e9veloppement de leurs produits.<\/p>\n<\/details>\n\n\n\n<details class=\"wp-block-details is-layout-flow wp-block-details-is-layout-flow\"><summary>Le CSO fournit-il des conseils sur la mani\u00e8re dont la politique de science ouverte de Conscience s&rsquo;applique aux projets et aux entreprises ?<\/summary>\n<p>Oui, tout \u00e0 fait. Si vous avez des questions concernant notre approche scientifique ouverte ou son application aux programmes que nous proposons, veuillez contacter l&rsquo;un de nos responsables de programme et nous vous mettrons en relation avec la personne la plus \u00e0 m\u00eame de r\u00e9pondre \u00e0 vos questions. Vous pouvez contacter Dylan Roskams-Edris (<a href=\"mailto:dylan.roskams-edris@conscience.ca\">dylan.roskams-edris@conscience.ca<\/a>) pour toute question concernant le programme CSO.<\/p>\n<\/details>\n\n\n\n<h3 class=\"wp-block-heading\">Port\u00e9e et admissibilit\u00e9<\/h3>\n\n\n\n<details class=\"wp-block-details is-layout-flow wp-block-details-is-layout-flow\"><summary>Quels types de projets sont \u00e9ligibles au financement du programme CSO ?<\/summary>\n<p>Le financement OSAS est disponible pour tout projet dans le domaine des sciences de la vie visant \u00e0 d\u00e9velopper un produit ou un service o\u00f9 le partage ouvert et la collaboration sont essentiels au progr\u00e8s. Le produit ou le service peut se trouver \u00e0 n&rsquo;importe quelle phase de d\u00e9veloppement (c&rsquo;est-\u00e0-dire \u00e0 n&rsquo;importe quel <a href=\"https:\/\/ised-isde.canada.ca\/site\/innovation-canada\/fr\/niveaux-maturite-technologique\">niveau TRL<\/a>) et le service tiers peut \u00eatre tout service qui fera progresser de mani\u00e8re significative le projet vers sa commercialisation.<\/p>\n<\/details>\n\n\n\n<details class=\"wp-block-details is-layout-flow wp-block-details-is-layout-flow\"><summary>Qui peut postuler au programme CSO ?<\/summary>\n<p>Tout projet ou collaboration impliquant au moins une PME, un organisme sans but lucratif ou une institution publique canadienne peut pr\u00e9senter une demande. Nos accords de financement doivent \u00eatre conclus avec une organisation canadienne, mais des organisations d&rsquo;autres pays peuvent participer \u00e0 titre de collaborateurs.<\/p>\n\n\n\n<details class=\"wp-block-details is-layout-flow wp-block-details-is-layout-flow\"><summary>Quels types de services peuvent \u00eatre couverts par le financement du programme CSO ?<\/summary>\n<p>Le financement couvre une partie des co\u00fbts li\u00e9s \u00e0 l&#8217;embauche d&rsquo;experts canadiens tiers, tels que des consultants, des conseillers juridiques, des strat\u00e8ges commerciaux, des organismes de recherche sous contrat et des experts en r\u00e9glementation, afin d&rsquo;aider \u00e0 relever les d\u00e9fis li\u00e9s \u00e0 l&rsquo;innovation, \u00e0 la propri\u00e9t\u00e9 intellectuelle, \u00e0 la conformit\u00e9 r\u00e9glementaire, \u00e0 la commercialisation et \u00e0 la planification commerciale.<\/p>\n<\/details>\n<\/details>\n\n\n\n<details class=\"wp-block-details is-layout-flow wp-block-details-is-layout-flow\"><summary>Le fournisseur de services doit-il \u00eatre situ\u00e9 au Canada ?<\/summary>\n<p>Oui. Nous pouvons vous aider \u00e0 trouver un prestataire de services appropri\u00e9. Veuillez contacter le responsable des services consultatifs (<a href=\"mailto:dylan.roskams-edris@conscience.ca\">dylan.roskams-edris@conscience.ca<\/a>)&nbsp; pour obtenir de l&rsquo;aide dans la recherche d&rsquo;un prestataire de services canadien.<\/p>\n<\/details>\n\n\n\n<h3 class=\"wp-block-heading\">\u00c9valuation du projet<\/h3>\n\n\n\n<details class=\"wp-block-details is-layout-flow wp-block-details-is-layout-flow\"><summary>Quels sont les crit\u00e8res de s\u00e9lection pour le financement d&rsquo;un projet ?<\/summary>\n<p>Les crit\u00e8res de s\u00e9lection pour le financement d&rsquo;un projet sont les suivants :<\/p>\n\n\n\n<ul class=\"wp-block-list\">\n<li>Le partage ouvert et la collaboration sont-ils essentiels pour faire progresser le produit ou le service vers la commercialisation ?<\/li>\n\n\n\n<li>Les solutions actuellement disponibles sur le march\u00e9 sont-elles limit\u00e9es ?<\/li>\n\n\n\n<li>\u00c0 quel stade du processus de d\u00e9veloppement se trouve le produit ou le service ? (la priorit\u00e9 est donn\u00e9e aux produits et services les plus avanc\u00e9s)<\/li>\n\n\n\n<li>Les preuves scientifiques sous-jacentes du produit ou du service sont-elles de haute qualit\u00e9 ?<\/li>\n\n\n\n<li>Dans quelle mesure le service demand\u00e9 est-il susceptible de faire progresser concr\u00e8tement le produit ou le service vers la commercialisation ?<\/li>\n\n\n\n<li>Dans quelle mesure le prestataire de services est-il qualifi\u00e9 pour fournir le service demand\u00e9 ?<\/li>\n\n\n\n<li>Dans quelle mesure le plan du projet est-il conforme \u00e0 notre <a href=\"https:\/\/conscience.ca\/fr\/politique-de-science-ouverte\/\">politique de science ouverte<\/a> ?<\/li>\n<\/ul>\n<\/details>\n\n\n\n<details class=\"wp-block-details is-layout-flow wp-block-details-is-layout-flow\"><summary>Quels crit\u00e8res de s\u00e9lection ont une incidence sur le taux de financement et le montant maximal du financement ?<\/summary>\n<p>En supposant qu&rsquo;une demande r\u00e9ponde aux crit\u00e8res de s\u00e9lection (voir ci-dessus), les principaux facteurs qui influencent le montant maximal du financement et le taux de financement sont les suivants :<\/p>\n\n\n\n<ul class=\"wp-block-list\">\n<li>Dans quelle mesure le projet est-il conforme \u00e0 notre politique en mati\u00e8re de science ouverte ?<\/li>\n\n\n\n<li>Le partage ouvert et la collaboration sont-ils essentiels pour faire progresser le produit ou le service vers la commercialisation ?<\/li>\n\n\n\n<li>Les solutions actuellement disponibles sur le march\u00e9 sont-elles limit\u00e9es ?<\/li>\n\n\n\n<li>\u00c0 quel stade du processus de d\u00e9veloppement se trouve le produit ou le service ? (la priorit\u00e9 est accord\u00e9e aux produits et services les plus avanc\u00e9s)<\/li>\n<\/ul>\n<\/details>\n\n\n\n<h3 class=\"wp-block-heading\">D\u00e9tails du financement<\/h3>\n\n\n\n<details class=\"wp-block-details is-layout-flow wp-block-details-is-layout-flow\"><summary>Comment fonctionne le financement du programme CSO ?<\/summary>\n<p>Le financement du programme CSO peut couvrir une partie des co\u00fbts et est accord\u00e9 sous forme de remboursement. La part maximale des co\u00fbts pris en charge est g\u00e9n\u00e9ralement de 33 %, mais peut atteindre 50 % si cela est justifi\u00e9 par nos crit\u00e8res de s\u00e9lection (voir ci-dessus). Le demandeur devra prendre en charge les co\u00fbts li\u00e9s \u00e0 l&#8217;embauche de services tiers et la part de ces co\u00fbts sp\u00e9cifique au projet couverte par le programme CSO sera rembours\u00e9e sur une base trimestrielle.<\/p>\n\n\n\n<p>Veuillez noter qu&rsquo;en outre, Conscience facturera des frais administratifs de 5 % (5 % des fonds que nous envoyons \u00e0 titre de remboursement) et que le montant total du financement fera l&rsquo;objet d&rsquo;une retenue de 10 % jusqu&rsquo;\u00e0 ce que le projet soit termin\u00e9. Si vous avez des questions, notre \u00e9quipe de services consultatifs et notre \u00e9quipe financi\u00e8re peuvent vous aider.<\/p>\n<\/details>\n\n\n\n<details class=\"wp-block-details is-layout-flow wp-block-details-is-layout-flow\"><summary>Combien de temps dure le financement du programme CSO ?<\/summary>\n<p>La p\u00e9riode de financement actuelle est de deux ans, avec possibilit\u00e9 de prolongation.<\/p>\n<\/details>\n\n\n\n<details class=\"wp-block-details is-layout-flow wp-block-details-is-layout-flow\"><summary>Y a-t-il un montant maximal de financement ?<\/summary>\n<p>Il n&rsquo;y a pas de montant maximal de financement fix\u00e9. Le montant du financement et le taux de financement seront d\u00e9termin\u00e9s au cas par cas en fonction des crit\u00e8res de s\u00e9lection prioritaires (voir ci-dessus).<\/p>\n<\/details>\n\n\n\n<h3 class=\"wp-block-heading\">Logistique des applications<\/h3>\n\n\n\n<details class=\"wp-block-details is-layout-flow wp-block-details-is-layout-flow\"><summary>Comment puis-je postuler au programme CSO ?<\/summary>\n<p>Vous pouvez postuler au programme CSO en soumettant une demande initiale. Cette demande initiale servira \u00e0 d\u00e9terminer si le projet entre dans le champ d&rsquo;application du programme et si le candidat et le prestataire de services propos\u00e9 sont \u00e9ligibles. Le formulaire de demande initiale est disponible sur la <a href=\"https:\/\/conscience.ca\/fr\/consultation-sur-la-science-ouverte-cso\/\">page du programme CSO<\/a>.<\/p>\n\n\n\n<p>Si la demande initiale est jug\u00e9e recevable et admissible, vous serez invit\u00e9 \u00e0 soumettre une proposition compl\u00e8te. Les instructions pour soumettre une proposition compl\u00e8te vous seront fournies dans l&rsquo;e-mail vous informant de votre approbation. Cet e-mail comprendra \u00e9galement des commentaires sur la demande initiale, y compris les r\u00e9visions requises ou recommand\u00e9es \u00e0 prendre en compte dans la demande compl\u00e8te.<\/p>\n<\/details>\n\n\n\n<details class=\"wp-block-details is-layout-flow wp-block-details-is-layout-flow\"><summary>Que faire si je dois partager des informations confidentielles dans ma candidature ?<\/summary>\n<p>Si vous devez partager des informations confidentielles avec votre application, veuillez contacter le responsable des services consultatifs (<a href=\"mailto:dylan.roskams-edris@conscience.ca\">dylan.roskams-edris@conscience.ca<\/a>) avant de le faire. Conscience pourra alors vous fournir notre accord de confidentialit\u00e9 (CDA).<\/p>\n<\/details>\n\n\n\n<p><\/p>\n","protected":false},"excerpt":{"rendered":"<p>Pour toute question d&rsquo;ordre g\u00e9n\u00e9ral concernant Conscience, la science ouverte et nos autres programmes, veuillez consulter la page FAQ g\u00e9n\u00e9rale. \u00c0 propos du programme CSO Port\u00e9e et admissibilit\u00e9 \u00c9valuation du projet D\u00e9tails du financement Logistique des applications<\/p>\n","protected":false},"author":5,"featured_media":0,"parent":0,"menu_order":0,"comment_status":"closed","ping_status":"closed","template":"","meta":{"_acf_changed":false,"footnotes":""},"class_list":["post-4711","page","type-page","status-publish","hentry"],"acf":[],"yoast_head":"<!-- This site is optimized with the Yoast SEO plugin v27.3 - https:\/\/yoast.com\/product\/yoast-seo-wordpress\/ -->\n<title>Foire aux questions - Consultation sur la science ouverte (CSO) - Conscience<\/title>\n<meta name=\"robots\" content=\"index, follow, max-snippet:-1, max-image-preview:large, max-video-preview:-1\" \/>\n<link rel=\"canonical\" href=\"https:\/\/conscience.ca\/fr\/foire-aux-questions-consultation-sur-la-science-ouverte-cso\/\" \/>\n<meta property=\"og:locale\" content=\"fr_FR\" \/>\n<meta property=\"og:type\" content=\"article\" \/>\n<meta property=\"og:title\" content=\"Foire aux questions - Consultation sur la science ouverte (CSO) - Conscience\" \/>\n<meta property=\"og:description\" content=\"Pour toute question d&rsquo;ordre g\u00e9n\u00e9ral concernant Conscience, la science ouverte et nos autres programmes, veuillez consulter la page FAQ g\u00e9n\u00e9rale. \u00c0 propos du programme CSO Port\u00e9e et admissibilit\u00e9 \u00c9valuation du projet D\u00e9tails du financement Logistique des applications\" \/>\n<meta property=\"og:url\" content=\"https:\/\/conscience.ca\/fr\/foire-aux-questions-consultation-sur-la-science-ouverte-cso\/\" \/>\n<meta property=\"og:site_name\" content=\"Conscience\" \/>\n<meta property=\"article:modified_time\" content=\"2025-12-02T18:45:57+00:00\" \/>\n<meta property=\"og:image\" content=\"https:\/\/conscience.ca\/wp-content\/uploads\/2024\/03\/Conscience-1200x627-LinkedIn.png\" \/>\n\t<meta property=\"og:image:width\" content=\"1200\" \/>\n\t<meta property=\"og:image:height\" content=\"627\" \/>\n\t<meta property=\"og:image:type\" content=\"image\/png\" \/>\n<meta name=\"twitter:card\" content=\"summary_large_image\" \/>\n<meta name=\"twitter:label1\" content=\"Dur\u00e9e de lecture estim\u00e9e\" \/>\n\t<meta name=\"twitter:data1\" content=\"5 minutes\" \/>\n<script type=\"application\/ld+json\" class=\"yoast-schema-graph\">{\"@context\":\"https:\\\/\\\/schema.org\",\"@graph\":[{\"@type\":\"WebPage\",\"@id\":\"https:\\\/\\\/conscience.ca\\\/fr\\\/foire-aux-questions-consultation-sur-la-science-ouverte-cso\\\/\",\"url\":\"https:\\\/\\\/conscience.ca\\\/fr\\\/foire-aux-questions-consultation-sur-la-science-ouverte-cso\\\/\",\"name\":\"Foire aux questions - Consultation sur la science ouverte (CSO) - Conscience\",\"isPartOf\":{\"@id\":\"https:\\\/\\\/conscience.dev.affinitybridge.com\\\/#website\"},\"datePublished\":\"2025-11-20T15:37:47+00:00\",\"dateModified\":\"2025-12-02T18:45:57+00:00\",\"breadcrumb\":{\"@id\":\"https:\\\/\\\/conscience.ca\\\/fr\\\/foire-aux-questions-consultation-sur-la-science-ouverte-cso\\\/#breadcrumb\"},\"inLanguage\":\"fr-FR\",\"potentialAction\":[{\"@type\":\"ReadAction\",\"target\":[\"https:\\\/\\\/conscience.ca\\\/fr\\\/foire-aux-questions-consultation-sur-la-science-ouverte-cso\\\/\"]}]},{\"@type\":\"BreadcrumbList\",\"@id\":\"https:\\\/\\\/conscience.ca\\\/fr\\\/foire-aux-questions-consultation-sur-la-science-ouverte-cso\\\/#breadcrumb\",\"itemListElement\":[{\"@type\":\"ListItem\",\"position\":1,\"name\":\"Home\",\"item\":\"https:\\\/\\\/conscience.ca\\\/fr\\\/accueil\\\/\"},{\"@type\":\"ListItem\",\"position\":2,\"name\":\"Foire aux questions &#8211; Consultation sur la science ouverte (CSO)\"}]},{\"@type\":\"WebSite\",\"@id\":\"https:\\\/\\\/conscience.dev.affinitybridge.com\\\/#website\",\"url\":\"https:\\\/\\\/conscience.dev.affinitybridge.com\\\/\",\"name\":\"Conscience\",\"description\":\"\",\"publisher\":{\"@id\":\"https:\\\/\\\/conscience.dev.affinitybridge.com\\\/#organization\"},\"potentialAction\":[{\"@type\":\"SearchAction\",\"target\":{\"@type\":\"EntryPoint\",\"urlTemplate\":\"https:\\\/\\\/conscience.dev.affinitybridge.com\\\/?s={search_term_string}\"},\"query-input\":{\"@type\":\"PropertyValueSpecification\",\"valueRequired\":true,\"valueName\":\"search_term_string\"}}],\"inLanguage\":\"fr-FR\"},{\"@type\":\"Organization\",\"@id\":\"https:\\\/\\\/conscience.dev.affinitybridge.com\\\/#organization\",\"name\":\"Conscience\",\"url\":\"https:\\\/\\\/conscience.dev.affinitybridge.com\\\/\",\"logo\":{\"@type\":\"ImageObject\",\"inLanguage\":\"fr-FR\",\"@id\":\"https:\\\/\\\/conscience.dev.affinitybridge.com\\\/#\\\/schema\\\/logo\\\/image\\\/\",\"url\":\"https:\\\/\\\/conscience.ca\\\/wp-content\\\/uploads\\\/2024\\\/02\\\/header-logo.svg\",\"contentUrl\":\"https:\\\/\\\/conscience.ca\\\/wp-content\\\/uploads\\\/2024\\\/02\\\/header-logo.svg\",\"caption\":\"Conscience\"},\"image\":{\"@id\":\"https:\\\/\\\/conscience.dev.affinitybridge.com\\\/#\\\/schema\\\/logo\\\/image\\\/\"}}]}<\/script>\n<!-- \/ Yoast SEO plugin. -->","yoast_head_json":{"title":"Foire aux questions - Consultation sur la science ouverte (CSO) - Conscience","robots":{"index":"index","follow":"follow","max-snippet":"max-snippet:-1","max-image-preview":"max-image-preview:large","max-video-preview":"max-video-preview:-1"},"canonical":"https:\/\/conscience.ca\/fr\/foire-aux-questions-consultation-sur-la-science-ouverte-cso\/","og_locale":"fr_FR","og_type":"article","og_title":"Foire aux questions - Consultation sur la science ouverte (CSO) - Conscience","og_description":"Pour toute question d&rsquo;ordre g\u00e9n\u00e9ral concernant Conscience, la science ouverte et nos autres programmes, veuillez consulter la page FAQ g\u00e9n\u00e9rale. \u00c0 propos du programme CSO Port\u00e9e et admissibilit\u00e9 \u00c9valuation du projet D\u00e9tails du financement Logistique des applications","og_url":"https:\/\/conscience.ca\/fr\/foire-aux-questions-consultation-sur-la-science-ouverte-cso\/","og_site_name":"Conscience","article_modified_time":"2025-12-02T18:45:57+00:00","og_image":[{"width":1200,"height":627,"url":"https:\/\/conscience.ca\/wp-content\/uploads\/2024\/03\/Conscience-1200x627-LinkedIn.png","type":"image\/png"}],"twitter_card":"summary_large_image","twitter_misc":{"Dur\u00e9e de lecture estim\u00e9e":"5 minutes"},"schema":{"@context":"https:\/\/schema.org","@graph":[{"@type":"WebPage","@id":"https:\/\/conscience.ca\/fr\/foire-aux-questions-consultation-sur-la-science-ouverte-cso\/","url":"https:\/\/conscience.ca\/fr\/foire-aux-questions-consultation-sur-la-science-ouverte-cso\/","name":"Foire aux questions - Consultation sur la science ouverte (CSO) - Conscience","isPartOf":{"@id":"https:\/\/conscience.dev.affinitybridge.com\/#website"},"datePublished":"2025-11-20T15:37:47+00:00","dateModified":"2025-12-02T18:45:57+00:00","breadcrumb":{"@id":"https:\/\/conscience.ca\/fr\/foire-aux-questions-consultation-sur-la-science-ouverte-cso\/#breadcrumb"},"inLanguage":"fr-FR","potentialAction":[{"@type":"ReadAction","target":["https:\/\/conscience.ca\/fr\/foire-aux-questions-consultation-sur-la-science-ouverte-cso\/"]}]},{"@type":"BreadcrumbList","@id":"https:\/\/conscience.ca\/fr\/foire-aux-questions-consultation-sur-la-science-ouverte-cso\/#breadcrumb","itemListElement":[{"@type":"ListItem","position":1,"name":"Home","item":"https:\/\/conscience.ca\/fr\/accueil\/"},{"@type":"ListItem","position":2,"name":"Foire aux questions &#8211; Consultation sur la science ouverte (CSO)"}]},{"@type":"WebSite","@id":"https:\/\/conscience.dev.affinitybridge.com\/#website","url":"https:\/\/conscience.dev.affinitybridge.com\/","name":"Conscience","description":"","publisher":{"@id":"https:\/\/conscience.dev.affinitybridge.com\/#organization"},"potentialAction":[{"@type":"SearchAction","target":{"@type":"EntryPoint","urlTemplate":"https:\/\/conscience.dev.affinitybridge.com\/?s={search_term_string}"},"query-input":{"@type":"PropertyValueSpecification","valueRequired":true,"valueName":"search_term_string"}}],"inLanguage":"fr-FR"},{"@type":"Organization","@id":"https:\/\/conscience.dev.affinitybridge.com\/#organization","name":"Conscience","url":"https:\/\/conscience.dev.affinitybridge.com\/","logo":{"@type":"ImageObject","inLanguage":"fr-FR","@id":"https:\/\/conscience.dev.affinitybridge.com\/#\/schema\/logo\/image\/","url":"https:\/\/conscience.ca\/wp-content\/uploads\/2024\/02\/header-logo.svg","contentUrl":"https:\/\/conscience.ca\/wp-content\/uploads\/2024\/02\/header-logo.svg","caption":"Conscience"},"image":{"@id":"https:\/\/conscience.dev.affinitybridge.com\/#\/schema\/logo\/image\/"}}]}},"jetpack_sharing_enabled":true,"_links":{"self":[{"href":"https:\/\/conscience.ca\/fr\/wp-json\/wp\/v2\/pages\/4711","targetHints":{"allow":["GET"]}}],"collection":[{"href":"https:\/\/conscience.ca\/fr\/wp-json\/wp\/v2\/pages"}],"about":[{"href":"https:\/\/conscience.ca\/fr\/wp-json\/wp\/v2\/types\/page"}],"author":[{"embeddable":true,"href":"https:\/\/conscience.ca\/fr\/wp-json\/wp\/v2\/users\/5"}],"replies":[{"embeddable":true,"href":"https:\/\/conscience.ca\/fr\/wp-json\/wp\/v2\/comments?post=4711"}],"version-history":[{"count":4,"href":"https:\/\/conscience.ca\/fr\/wp-json\/wp\/v2\/pages\/4711\/revisions"}],"predecessor-version":[{"id":4776,"href":"https:\/\/conscience.ca\/fr\/wp-json\/wp\/v2\/pages\/4711\/revisions\/4776"}],"wp:attachment":[{"href":"https:\/\/conscience.ca\/fr\/wp-json\/wp\/v2\/media?parent=4711"}],"curies":[{"name":"wp","href":"https:\/\/api.w.org\/{rel}","templated":true}]}}