{"id":4951,"date":"2026-02-23T08:41:08","date_gmt":"2026-02-23T13:41:08","guid":{"rendered":"https:\/\/conscience.ca\/?page_id=4951"},"modified":"2026-02-23T08:41:14","modified_gmt":"2026-02-23T13:41:14","slug":"beacon","status":"publish","type":"page","link":"https:\/\/conscience.ca\/fr\/beacon\/","title":{"rendered":"BEACON : Consortium pour l&rsquo;analyse comparative, l&rsquo;\u00e9valuation et l&rsquo;appr\u00e9ciation dans le domaine scientifique"},"content":{"rendered":"\n<div class=\"wp-block-columns so-text-image-split-container is-layout-flex wp-container-core-columns-is-layout-28f84493 wp-block-columns-is-layout-flex\">\n<div class=\"wp-block-column so-text-image-split-content-wrapper is-layout-flow wp-block-column-is-layout-flow\">\n<h2 class=\"wp-block-heading text-all-caps-sm-16\">\u00c0 propos de BEACON<\/h2>\n\n\n\n<p>BEACON est une collaboration ouverte qui coordonne, int\u00e8gre et fait progresser les travaux et les sciences de la communaut\u00e9 d&rsquo;\u00e9valuation critique. Ses principaux objectifs sont d&rsquo;accro\u00eetre l&rsquo;impact collectif des approches d&rsquo;\u00e9valuation critique dans tous les domaines scientifiques, de faire progresser la rigueur et la reproductibilit\u00e9 dans la recherche, et de cr\u00e9er un cadre de r\u00e9f\u00e9rence complet et adaptable pour soutenir le d\u00e9veloppement et l&rsquo;\u00e9valuation des approches d&rsquo;IA.<\/p>\n\n\n\n<p>S&rsquo;appuyant sur un groupe de r\u00e9flexion sur l&rsquo;analyse comparative et l&rsquo;\u00e9valuation critique, con\u00e7u pour promouvoir la coh\u00e9rence m\u00e9thodologique et le leadership \u00e9clair\u00e9 dans tous les domaines, BEACON offre une plateforme ouverte pour relever des d\u00e9fis, impliquer les communaut\u00e9s d&rsquo;analyse comparative et les participants dans les activit\u00e9s du consortium, et faciliter l&rsquo;acc\u00e8s aux donn\u00e9es et aux m\u00e9thodes.<\/p>\n<\/div>\n\n\n\n<div class=\"wp-block-column so-text-image-split-image-wrapper is-layout-flow wp-block-column-is-layout-flow\">\n<figure class=\"wp-block-image size-full is-style-rounded so-post-image-circle\"><img fetchpriority=\"high\" decoding=\"async\" width=\"1200\" height=\"1200\" src=\"https:\/\/conscience.ca\/wp-content\/uploads\/2026\/02\/BEACON.png\" alt=\"\" class=\"wp-image-4945\" style=\"aspect-ratio:1;object-fit:cover\" srcset=\"https:\/\/conscience.ca\/wp-content\/uploads\/2026\/02\/BEACON.png 1200w, https:\/\/conscience.ca\/wp-content\/uploads\/2026\/02\/BEACON-300x300.png 300w, https:\/\/conscience.ca\/wp-content\/uploads\/2026\/02\/BEACON-1024x1024.png 1024w, https:\/\/conscience.ca\/wp-content\/uploads\/2026\/02\/BEACON-150x150.png 150w, https:\/\/conscience.ca\/wp-content\/uploads\/2026\/02\/BEACON-768x768.png 768w\" sizes=\"(max-width: 1200px) 100vw, 1200px\" \/><\/figure>\n<\/div>\n<\/div>\n\n\n\n<h2 class=\"wp-block-heading\">Le probl\u00e8me : la crise de la reproductibilit\u00e9 scientifique<\/h2>\n\n\n\n<p>Le progr\u00e8s scientifique est le moteur de l&rsquo;avancement humain, mais il est confront\u00e9 \u00e0 un goulot d&rsquo;\u00e9tranglement critique. La rigueur et la reproductibilit\u00e9 sont essentielles au progr\u00e8s, mais il manque un cadre complet pour valider la recherche. Cette crise de la reproductibilit\u00e9 signifie que des milliards de dollars et des d\u00e9cennies de recherche, en particulier dans des domaines critiques tels que le cancer, les maladies cardiovasculaires et la maladie d&rsquo;Alzheimer, sont gaspill\u00e9s sur la base de r\u00e9sultats incertains, peu fiables et non reproductibles.&nbsp;<\/p>\n\n\n\n<p>La croissance explosive de l&rsquo;intelligence artificielle acc\u00e9l\u00e8re cette crise. L&rsquo;IA peut g\u00e9n\u00e9rer des hypoth\u00e8ses et des pr\u00e9dictions \u00e0 un rythme qui a compl\u00e8tement d\u00e9pass\u00e9 l&rsquo;\u00e9valuation traditionnelle par les pairs et notre capacit\u00e9 \u00e0 tester ces hypoth\u00e8ses de mani\u00e8re exp\u00e9rimentale. Sans un nouveau syst\u00e8me d&rsquo;exploitation pour la validation, nous ne pouvons pas faire confiance aux r\u00e9sultats de ces nouveaux outils puissants, et la promesse d&rsquo;une m\u00e9decine bas\u00e9e sur l&rsquo;IA sera compromise.<\/p>\n\n\n\n<h2 class=\"wp-block-heading\">La solution \u00e9prouv\u00e9e : l&rsquo;\u00e9valuation critique\u00a0<\/h2>\n\n\n\n<p>La solution n&rsquo;est pas de ralentir la science, mais de mettre en place un meilleur syst\u00e8me pour la valider. Ce syst\u00e8me est ouvert, ax\u00e9 sur la communaut\u00e9 et repose sur l&rsquo;\u00e9valuation critique, une m\u00e9thode dans laquelle des groupes ind\u00e9pendants s&rsquo;affrontent dans le cadre de d\u00e9fis visant \u00e0 r\u00e9soudre des probl\u00e8mes \u00e0 l&rsquo;aide de donn\u00e9es partag\u00e9es, leurs r\u00e9sultats \u00e9tant jug\u00e9s par rapport \u00e0 des crit\u00e8res de r\u00e9f\u00e9rence objectifs et incontestables.<\/p>\n\n\n\n<p>Ce mod\u00e8le affiche un bilan spectaculaire. Le d\u00e9fi<a href=\"https:\/\/predictioncenter.org\/\"> CASP<\/a>, qui en est d\u00e9sormais \u00e0 sa 17e \u00e9dition, a favoris\u00e9 le d\u00e9veloppement de la communaut\u00e9 sp\u00e9cialis\u00e9e dans le repliement des prot\u00e9ines et a largement contribu\u00e9 \u00e0 la mise au point de l&rsquo;algorithme AlphaFold, r\u00e9compens\u00e9 par le prix Nobel. D&rsquo;autres initiatives d&rsquo;\u00e9valuation critique telles que<a href=\"https:\/\/dreamchallenges.org\/\"> DREAM<\/a>,<a href=\"https:\/\/openadmet.org\/\"> OpenADMET<\/a> et<a href=\"https:\/\/conscience.ca\/fr\/cache-challenge\/\"> d\u00e9fi CACHE<\/a> ont organis\u00e9 plus de 100 d\u00e9fis et ont permis d&rsquo;acc\u00e9l\u00e9rer le d\u00e9veloppement d&rsquo;algorithmes pour la biologie des syst\u00e8mes, la m\u00e9decine translationnelle et la d\u00e9couverte de m\u00e9dicaments. DREAM, en particulier, s&rsquo;est attaqu\u00e9 \u00e0 une s\u00e9rie de probl\u00e8mes importants tels que le diagnostic du cancer du sein \u00e0 partir d&rsquo;images mammographiques, la r\u00e9tro-ing\u00e9nierie des r\u00e9seaux de r\u00e9gulation g\u00e9n\u00e9tique en biologie, la sensibilit\u00e9 aux m\u00e9dicaments et la pr\u00e9diction de l&rsquo;odeur des mol\u00e9cules.<\/p>\n\n\n\n<h2 class=\"wp-block-heading\">L&rsquo;initiative : BEACON (Consortium d&rsquo;analyse comparative, d&rsquo;\u00e9valuation et d&rsquo;appr\u00e9ciation)\u00a0<\/h2>\n\n\n\n<p>Jusqu&rsquo;\u00e0 pr\u00e9sent, ces efforts d&rsquo;\u00e9valuation importants \u00e9taient cloisonn\u00e9s. BEACON r\u00e9unit les organisations d&rsquo;\u00e9valuation critique les plus performantes et les plus cr\u00e9dibles au monde \u2014 les fondateurs de CASP, DREAM,<a href=\"https:\/\/sagebionetworks.org\/\"> Sage Bionetworks<\/a>, CACHE\/Conscience et OpenADMET \u2014 au sein d&rsquo;un consortium unique, coordonn\u00e9 et ouvert.&nbsp;<\/p>\n\n\n\n<p>La mission de BEACON est de devenir l&rsquo;arbitre impartial et fiable de la rigueur pour l&rsquo;ensemble de l&rsquo;\u00e9cosyst\u00e8me scientifique, en veillant \u00e0 ce que l&rsquo;innovation s&rsquo;accompagne de responsabilit\u00e9.<\/p>\n\n\n\n<h2 class=\"wp-block-heading\">Port\u00e9e strat\u00e9gique\u00a0<\/h2>\n\n\n\n<p>BEACON fonctionnera \u00e0 travers deux plateformes de soutien horizontales et six domaines d&rsquo;int\u00e9r\u00eat verticaux initiaux afin de relever certains des plus grands d\u00e9fis scientifiques :\u00a0<\/p>\n\n\n\n<h3 class=\"wp-block-heading\">Plateformes de support horizontales :<\/h3>\n\n\n\n<ul class=\"wp-block-list\">\n<li><strong>Le Think Tank : <\/strong>un centre d&rsquo;innovation m\u00e9thodologique visant \u00e0 promouvoir le leadership \u00e9clair\u00e9 et le d\u00e9veloppement de nouvelles m\u00e9thodes de validation.<\/li>\n\n\n\n<li><strong>La plateforme d\u2019analyse comparative : <\/strong>une infrastructure technologique robuste pour h\u00e9berger des d\u00e9fis, impliquer la communaut\u00e9 et fournir un acc\u00e8s facile aux donn\u00e9es et aux m\u00e9thodes.<\/li>\n<\/ul>\n\n\n\n<h3 class=\"wp-block-heading\">Domaines d&rsquo;intervention verticaux initiaux :<\/h3>\n\n\n\n<ol class=\"wp-block-list\">\n<li><strong>Biologie structurale des m\u00e9canismes cellulaires :<\/strong> aller au-del\u00e0 des prot\u00e9ines individuelles pour cartographier l&rsquo;ensemble de la \u00ab biologie structurale virtuelle \u00bb de la cellule<\/li>\n\n\n\n<li><strong>Interactions ligand-prot\u00e9ine :<\/strong> acc\u00e9l\u00e9rer radicalement la d\u00e9couverte de m\u00e9dicaments gr\u00e2ce \u00e0 une analyse comparative permettant de trouver des modulateurs pharmacologiques pour les prot\u00e9ines humaines, en partenariat avec Target2035<\/li>\n\n\n\n<li><strong>\u00c9valuation de la litt\u00e9rature scientifique :<\/strong> d\u00e9ployer une \u00e9valuation structur\u00e9e et bas\u00e9e sur des r\u00e8gles pour pallier les lacunes du processus conventionnel d&rsquo;\u00e9valuation par les pairs<\/li>\n\n\n\n<li><strong>M\u00e9canismes pathologiques :<\/strong> cr\u00e9er des solutions bas\u00e9es sur l&rsquo;IA pour valider les nouvelles d\u00e9couvertes sur les m\u00e9canismes pathologiques, en commen\u00e7ant par la maladie d&rsquo;Alzheimer<\/li>\n\n\n\n<li><strong>Biologie cellulaire virtuelle :<\/strong> servir d&rsquo;\u00e9valuateur impartial pour l&rsquo;ambitieux projet mondial de cr\u00e9ation de \u00ab cellules virtuelles \u00bb, en garantissant leur fid\u00e9lit\u00e9 et leur fiabilit\u00e9.<\/li>\n\n\n\n<li><strong>Science \u00ab n-of-1 \u00bb de pointe :<\/strong> d\u00e9velopper de nouveaux cadres pour r\u00e9aliser une analyse comparative des d\u00e9couvertes potentielles dans des sc\u00e9narios impliquant un seul patient, en se concentrant sur les traitements et les m\u00e9canismes pathologiques pour lesquels il n&rsquo;existe aucune \u00ab v\u00e9rit\u00e9 fondamentale \u00bb<\/li>\n<\/ol>\n\n\n\n<h2 class=\"wp-block-heading\">L&rsquo;\u00e9quipe et l&rsquo;opportunit\u00e9\u00a0<\/h2>\n\n\n\n<p>BEACON est structur\u00e9 comme une soci\u00e9t\u00e9 en commandite g\u00e9r\u00e9e par Conscience. Il est dirig\u00e9 par les fondateurs des efforts d\u2019analyse comparative scientifique, avec un comit\u00e9 de gouvernance qui comprend :<\/p>\n\n\n\n<p>John Moult (cofondateur et pr\u00e9sident de CASP ; cofondateur de CAGI)\u00a0\u00a0\u00a0<br>Gustavo Stolovitzky (cofondateur et pr\u00e9sident de DREAM Challenges)\u00a0<br>Pablo Meyer (vice-pr\u00e9sident de DREAM Challenges)<br>Julio Saez-Rodriguez (directeur de recherche, EMBL-EBI et directeur, DREAM Challenges)<br>Patrick Walters (scientifique en chef, OpenADMET)<br>Aled Edwards (PDG, Structural Genomics Consortium et directeur scientifique, Conscience, fondateur de CACHE)<br>Luca Foschini (pr\u00e9sident, Sage Bionetworks)<br>Peng Fu (PDG, Conscience)<\/p>\n\n\n\n<h3 class=\"wp-block-heading\">Devenir commanditaire fondateur<\/h3>\n\n\n\n<p>Nous recherchons des philanthropes et des organisations visionnaires pour rejoindre BEACON en tant que commanditaires (LP). Il s&rsquo;agit d&rsquo;une opportunit\u00e9 unique et tr\u00e8s avantageuse de contribuer \u00e0 la restauration des infrastructures fondamentales de la science elle-m\u00eame. En tant que LP, vous si\u00e9gerez au comit\u00e9 de gouvernance, o\u00f9 vous exercerez une fonction de supervision et contribuerez \u00e0 orienter l&rsquo;avenir de la rigueur scientifique. Cet investissement garantit que la vague prochaine de d\u00e9couvertes fond\u00e9es sur l&rsquo;IA reposera sur des bases solides, acc\u00e9l\u00e9rant ainsi les progr\u00e8s dans tous les domaines de l&rsquo;activit\u00e9 humaine. Si vous souhaitez devenir LP, veuillez <a href=\"https:\/\/conscience.ca\/fr\/contact-us\/\">nous contacter<\/a>.<\/p>\n","protected":false},"excerpt":{"rendered":"<p>\u00c0 propos de BEACON BEACON est une collaboration ouverte qui coordonne, int\u00e8gre et fait progresser les travaux et les sciences de la communaut\u00e9 d&rsquo;\u00e9valuation critique. Ses principaux objectifs sont d&rsquo;accro\u00eetre l&rsquo;impact collectif des approches d&rsquo;\u00e9valuation critique dans tous les domaines scientifiques, de faire progresser la rigueur et la reproductibilit\u00e9 dans la recherche, et de cr\u00e9er [&hellip;]<\/p>\n","protected":false},"author":5,"featured_media":0,"parent":0,"menu_order":0,"comment_status":"closed","ping_status":"closed","template":"","meta":{"_acf_changed":false,"footnotes":""},"class_list":["post-4951","page","type-page","status-publish","hentry"],"acf":[],"yoast_head":"<!-- This site is optimized with the Yoast SEO plugin v27.1.1 - https:\/\/yoast.com\/product\/yoast-seo-wordpress\/ -->\n<title>BEACON : Consortium pour l&#039;analyse comparative, l&#039;\u00e9valuation et l&#039;appr\u00e9ciation dans le domaine scientifique - Conscience<\/title>\n<meta name=\"robots\" content=\"index, follow, max-snippet:-1, max-image-preview:large, max-video-preview:-1\" \/>\n<link rel=\"canonical\" href=\"https:\/\/conscience.ca\/fr\/beacon\/\" \/>\n<meta property=\"og:locale\" content=\"fr_FR\" \/>\n<meta property=\"og:type\" content=\"article\" \/>\n<meta property=\"og:title\" content=\"BEACON : Consortium pour l&#039;analyse comparative, l&#039;\u00e9valuation et l&#039;appr\u00e9ciation dans le domaine scientifique - Conscience\" \/>\n<meta property=\"og:description\" content=\"\u00c0 propos de BEACON BEACON est une collaboration ouverte qui coordonne, int\u00e8gre et fait progresser les travaux et les sciences de la communaut\u00e9 d&rsquo;\u00e9valuation critique. Ses principaux objectifs sont d&rsquo;accro\u00eetre l&rsquo;impact collectif des approches d&rsquo;\u00e9valuation critique dans tous les domaines scientifiques, de faire progresser la rigueur et la reproductibilit\u00e9 dans la recherche, et de cr\u00e9er [&hellip;]\" \/>\n<meta property=\"og:url\" content=\"https:\/\/conscience.ca\/fr\/beacon\/\" \/>\n<meta property=\"og:site_name\" content=\"Conscience\" \/>\n<meta property=\"article:modified_time\" content=\"2026-02-23T13:41:14+00:00\" \/>\n<meta property=\"og:image\" content=\"https:\/\/conscience.ca\/wp-content\/uploads\/2026\/02\/BEACON.png\" \/>\n\t<meta property=\"og:image:width\" content=\"1200\" \/>\n\t<meta property=\"og:image:height\" content=\"1200\" \/>\n\t<meta property=\"og:image:type\" content=\"image\/png\" \/>\n<meta name=\"twitter:card\" content=\"summary_large_image\" \/>\n<meta name=\"twitter:label1\" content=\"Dur\u00e9e de lecture estim\u00e9e\" \/>\n\t<meta name=\"twitter:data1\" content=\"5 minutes\" \/>\n<script type=\"application\/ld+json\" class=\"yoast-schema-graph\">{\"@context\":\"https:\/\/schema.org\",\"@graph\":[{\"@type\":\"WebPage\",\"@id\":\"https:\/\/conscience.ca\/fr\/beacon\/\",\"url\":\"https:\/\/conscience.ca\/fr\/beacon\/\",\"name\":\"BEACON : Consortium pour l'analyse comparative, l'\u00e9valuation et l'appr\u00e9ciation dans le domaine scientifique - Conscience\",\"isPartOf\":{\"@id\":\"https:\/\/conscience.dev.affinitybridge.com\/#website\"},\"primaryImageOfPage\":{\"@id\":\"https:\/\/conscience.ca\/fr\/beacon\/#primaryimage\"},\"image\":{\"@id\":\"https:\/\/conscience.ca\/fr\/beacon\/#primaryimage\"},\"thumbnailUrl\":\"https:\/\/conscience.ca\/wp-content\/uploads\/2026\/02\/BEACON.png\",\"datePublished\":\"2026-02-23T13:41:08+00:00\",\"dateModified\":\"2026-02-23T13:41:14+00:00\",\"breadcrumb\":{\"@id\":\"https:\/\/conscience.ca\/fr\/beacon\/#breadcrumb\"},\"inLanguage\":\"fr-FR\",\"potentialAction\":[{\"@type\":\"ReadAction\",\"target\":[\"https:\/\/conscience.ca\/fr\/beacon\/\"]}]},{\"@type\":\"ImageObject\",\"inLanguage\":\"fr-FR\",\"@id\":\"https:\/\/conscience.ca\/fr\/beacon\/#primaryimage\",\"url\":\"https:\/\/conscience.ca\/wp-content\/uploads\/2026\/02\/BEACON.png\",\"contentUrl\":\"https:\/\/conscience.ca\/wp-content\/uploads\/2026\/02\/BEACON.png\"},{\"@type\":\"BreadcrumbList\",\"@id\":\"https:\/\/conscience.ca\/fr\/beacon\/#breadcrumb\",\"itemListElement\":[{\"@type\":\"ListItem\",\"position\":1,\"name\":\"Home\",\"item\":\"https:\/\/conscience.ca\/fr\/\"},{\"@type\":\"ListItem\",\"position\":2,\"name\":\"BEACON : Consortium pour l&#8217;analyse comparative, l&#8217;\u00e9valuation et l&#8217;appr\u00e9ciation dans le domaine scientifique\"}]},{\"@type\":\"WebSite\",\"@id\":\"https:\/\/conscience.dev.affinitybridge.com\/#website\",\"url\":\"https:\/\/conscience.dev.affinitybridge.com\/\",\"name\":\"Conscience\",\"description\":\"\",\"publisher\":{\"@id\":\"https:\/\/conscience.dev.affinitybridge.com\/#organization\"},\"potentialAction\":[{\"@type\":\"SearchAction\",\"target\":{\"@type\":\"EntryPoint\",\"urlTemplate\":\"https:\/\/conscience.dev.affinitybridge.com\/?s={search_term_string}\"},\"query-input\":{\"@type\":\"PropertyValueSpecification\",\"valueRequired\":true,\"valueName\":\"search_term_string\"}}],\"inLanguage\":\"fr-FR\"},{\"@type\":\"Organization\",\"@id\":\"https:\/\/conscience.dev.affinitybridge.com\/#organization\",\"name\":\"Conscience\",\"url\":\"https:\/\/conscience.dev.affinitybridge.com\/\",\"logo\":{\"@type\":\"ImageObject\",\"inLanguage\":\"fr-FR\",\"@id\":\"https:\/\/conscience.dev.affinitybridge.com\/#\/schema\/logo\/image\/\",\"url\":\"https:\/\/conscience.ca\/wp-content\/uploads\/2024\/02\/header-logo.svg\",\"contentUrl\":\"https:\/\/conscience.ca\/wp-content\/uploads\/2024\/02\/header-logo.svg\",\"caption\":\"Conscience\"},\"image\":{\"@id\":\"https:\/\/conscience.dev.affinitybridge.com\/#\/schema\/logo\/image\/\"}}]}<\/script>\n<!-- \/ Yoast SEO plugin. -->","yoast_head_json":{"title":"BEACON : Consortium pour l'analyse comparative, l'\u00e9valuation et l'appr\u00e9ciation dans le domaine scientifique - Conscience","robots":{"index":"index","follow":"follow","max-snippet":"max-snippet:-1","max-image-preview":"max-image-preview:large","max-video-preview":"max-video-preview:-1"},"canonical":"https:\/\/conscience.ca\/fr\/beacon\/","og_locale":"fr_FR","og_type":"article","og_title":"BEACON : Consortium pour l'analyse comparative, l'\u00e9valuation et l'appr\u00e9ciation dans le domaine scientifique - Conscience","og_description":"\u00c0 propos de BEACON BEACON est une collaboration ouverte qui coordonne, int\u00e8gre et fait progresser les travaux et les sciences de la communaut\u00e9 d&rsquo;\u00e9valuation critique. Ses principaux objectifs sont d&rsquo;accro\u00eetre l&rsquo;impact collectif des approches d&rsquo;\u00e9valuation critique dans tous les domaines scientifiques, de faire progresser la rigueur et la reproductibilit\u00e9 dans la recherche, et de cr\u00e9er [&hellip;]","og_url":"https:\/\/conscience.ca\/fr\/beacon\/","og_site_name":"Conscience","article_modified_time":"2026-02-23T13:41:14+00:00","og_image":[{"width":1200,"height":1200,"url":"https:\/\/conscience.ca\/wp-content\/uploads\/2026\/02\/BEACON.png","type":"image\/png"}],"twitter_card":"summary_large_image","twitter_misc":{"Dur\u00e9e de lecture estim\u00e9e":"5 minutes"},"schema":{"@context":"https:\/\/schema.org","@graph":[{"@type":"WebPage","@id":"https:\/\/conscience.ca\/fr\/beacon\/","url":"https:\/\/conscience.ca\/fr\/beacon\/","name":"BEACON : Consortium pour l'analyse comparative, l'\u00e9valuation et l'appr\u00e9ciation dans le domaine scientifique - Conscience","isPartOf":{"@id":"https:\/\/conscience.dev.affinitybridge.com\/#website"},"primaryImageOfPage":{"@id":"https:\/\/conscience.ca\/fr\/beacon\/#primaryimage"},"image":{"@id":"https:\/\/conscience.ca\/fr\/beacon\/#primaryimage"},"thumbnailUrl":"https:\/\/conscience.ca\/wp-content\/uploads\/2026\/02\/BEACON.png","datePublished":"2026-02-23T13:41:08+00:00","dateModified":"2026-02-23T13:41:14+00:00","breadcrumb":{"@id":"https:\/\/conscience.ca\/fr\/beacon\/#breadcrumb"},"inLanguage":"fr-FR","potentialAction":[{"@type":"ReadAction","target":["https:\/\/conscience.ca\/fr\/beacon\/"]}]},{"@type":"ImageObject","inLanguage":"fr-FR","@id":"https:\/\/conscience.ca\/fr\/beacon\/#primaryimage","url":"https:\/\/conscience.ca\/wp-content\/uploads\/2026\/02\/BEACON.png","contentUrl":"https:\/\/conscience.ca\/wp-content\/uploads\/2026\/02\/BEACON.png"},{"@type":"BreadcrumbList","@id":"https:\/\/conscience.ca\/fr\/beacon\/#breadcrumb","itemListElement":[{"@type":"ListItem","position":1,"name":"Home","item":"https:\/\/conscience.ca\/fr\/"},{"@type":"ListItem","position":2,"name":"BEACON : Consortium pour l&#8217;analyse comparative, l&#8217;\u00e9valuation et l&#8217;appr\u00e9ciation dans le domaine scientifique"}]},{"@type":"WebSite","@id":"https:\/\/conscience.dev.affinitybridge.com\/#website","url":"https:\/\/conscience.dev.affinitybridge.com\/","name":"Conscience","description":"","publisher":{"@id":"https:\/\/conscience.dev.affinitybridge.com\/#organization"},"potentialAction":[{"@type":"SearchAction","target":{"@type":"EntryPoint","urlTemplate":"https:\/\/conscience.dev.affinitybridge.com\/?s={search_term_string}"},"query-input":{"@type":"PropertyValueSpecification","valueRequired":true,"valueName":"search_term_string"}}],"inLanguage":"fr-FR"},{"@type":"Organization","@id":"https:\/\/conscience.dev.affinitybridge.com\/#organization","name":"Conscience","url":"https:\/\/conscience.dev.affinitybridge.com\/","logo":{"@type":"ImageObject","inLanguage":"fr-FR","@id":"https:\/\/conscience.dev.affinitybridge.com\/#\/schema\/logo\/image\/","url":"https:\/\/conscience.ca\/wp-content\/uploads\/2024\/02\/header-logo.svg","contentUrl":"https:\/\/conscience.ca\/wp-content\/uploads\/2024\/02\/header-logo.svg","caption":"Conscience"},"image":{"@id":"https:\/\/conscience.dev.affinitybridge.com\/#\/schema\/logo\/image\/"}}]}},"jetpack_sharing_enabled":true,"_links":{"self":[{"href":"https:\/\/conscience.ca\/fr\/wp-json\/wp\/v2\/pages\/4951","targetHints":{"allow":["GET"]}}],"collection":[{"href":"https:\/\/conscience.ca\/fr\/wp-json\/wp\/v2\/pages"}],"about":[{"href":"https:\/\/conscience.ca\/fr\/wp-json\/wp\/v2\/types\/page"}],"author":[{"embeddable":true,"href":"https:\/\/conscience.ca\/fr\/wp-json\/wp\/v2\/users\/5"}],"replies":[{"embeddable":true,"href":"https:\/\/conscience.ca\/fr\/wp-json\/wp\/v2\/comments?post=4951"}],"version-history":[{"count":4,"href":"https:\/\/conscience.ca\/fr\/wp-json\/wp\/v2\/pages\/4951\/revisions"}],"predecessor-version":[{"id":4955,"href":"https:\/\/conscience.ca\/fr\/wp-json\/wp\/v2\/pages\/4951\/revisions\/4955"}],"wp:attachment":[{"href":"https:\/\/conscience.ca\/fr\/wp-json\/wp\/v2\/media?parent=4951"}],"curies":[{"name":"wp","href":"https:\/\/api.w.org\/{rel}","templated":true}]}}