{"id":5017,"date":"2026-03-30T07:00:00","date_gmt":"2026-03-30T11:00:00","guid":{"rendered":"https:\/\/conscience.ca\/?page_id=5017"},"modified":"2026-04-01T10:26:42","modified_gmt":"2026-04-01T14:26:42","slug":"medicaments-assistes-par-lia-mia","status":"publish","type":"page","link":"https:\/\/conscience.ca\/fr\/medicaments-assistes-par-lia-mia\/","title":{"rendered":"M\u00e9dicaments assist\u00e9s par l&rsquo;IA (MIA)"},"content":{"rendered":"\n<div class=\"wp-block-columns so-text-image-split-container is-layout-flex wp-container-core-columns-is-layout-28f84493 wp-block-columns-is-layout-flex\">\n<div class=\"wp-block-column so-text-image-split-content-wrapper is-layout-flow wp-block-column-is-layout-flow\">\n<h2 class=\"wp-block-heading text-all-caps-sm-16\">\u00c0 propos de MIA<\/h2>\n\n\n\n<p>Le programme \u00ab M\u00e9dicaments assist\u00e9s par l&rsquo;IA \u00bb (MIA) vise \u00e0 stimuler la recherche transformatrice qui exploite des m\u00e9thodes et des outils informatiques ou num\u00e9riques pour relever les d\u00e9fis critiques et concrets li\u00e9s \u00e0 la d\u00e9couverte et au d\u00e9veloppement de m\u00e9dicaments accessibles et abordables. Cette initiative se concentre sur le soutien au d\u00e9veloppement de m\u00e9thodologies et d&rsquo;outils innovants afin d&rsquo;acc\u00e9l\u00e9rer le processus de d\u00e9couverte et de d\u00e9veloppement de m\u00e9dicaments, en comblant le foss\u00e9 entre la th\u00e9orie informatique avanc\u00e9e et les applications th\u00e9rapeutiques pratiques.<\/p>\n\n\n\n<h3 class=\"wp-block-heading\">Champ d&rsquo;int\u00e9r\u00eat<\/h3>\n\n\n\n<p>Nous invitons les candidats \u00e0 proposer des approches, des dispositifs, des outils ou des technologies de sant\u00e9 num\u00e9riques bas\u00e9s sur l&rsquo;informatique afin de relever les d\u00e9fis critiques dans les domaines o\u00f9 les besoins m\u00e9dicaux ou technologiques ne sont pas satisfaits, notamment, mais sans s&rsquo;y limiter :<\/p>\n\n\n\n<ul class=\"wp-block-list\">\n<li><strong>D\u00e9couverte et science translationnelle :<\/strong> identification de cibles\/mol\u00e9cules phares, int\u00e9gration de biomarqueurs (multi-omiques, imagerie), validation de crit\u00e8res d&rsquo;\u00e9valuation substituts, \u00e9lucidation des voies pathologiques et diagnostic des maladies.<\/li>\n\n\n\n<li><strong>Fabrication et formulation :<\/strong> pr\u00e9vision de processus de fabrication \u00e0 haut rendement\/\u00e9cologiques, synth\u00e8se optimis\u00e9e en termes de co\u00fbts et d\u00e9veloppement de formulations stables sur le terrain.<\/li>\n<\/ul>\n\n\n\n<p><strong>D\u00e9veloppement clinique et optimisation des essais : <\/strong>recrutement\/stratification des patients, conception d&rsquo;essais adaptatifs, cohortes virtuelles (jumeaux num\u00e9riques, groupes t\u00e9moins synth\u00e9tiques) et surveillance \u00e0 distance (appareils portables, analyse des donn\u00e9es r\u00e9elles).<\/p>\n<\/div>\n\n\n\n<div class=\"wp-block-column so-text-image-split-image-wrapper is-layout-flow wp-block-column-is-layout-flow\">\n<figure class=\"wp-block-image size-full is-style-rounded so-post-image-circle\"><img fetchpriority=\"high\" decoding=\"async\" width=\"1440\" height=\"1200\" src=\"https:\/\/conscience.ca\/wp-content\/uploads\/2026\/03\/eggfz5x2lna.jpg\" alt=\"a computer chip with the letter a on top of it\" class=\"wp-image-5010\" style=\"aspect-ratio:1;object-fit:cover\" srcset=\"https:\/\/conscience.ca\/wp-content\/uploads\/2026\/03\/eggfz5x2lna.jpg 1440w, https:\/\/conscience.ca\/wp-content\/uploads\/2026\/03\/eggfz5x2lna-300x250.jpg 300w, https:\/\/conscience.ca\/wp-content\/uploads\/2026\/03\/eggfz5x2lna-1024x853.jpg 1024w, https:\/\/conscience.ca\/wp-content\/uploads\/2026\/03\/eggfz5x2lna-768x640.jpg 768w\" sizes=\"(max-width: 1440px) 100vw, 1440px\" \/><\/figure>\n<\/div>\n<\/div>\n\n\n\n<h3 class=\"wp-block-heading\">Admissibilit\u00e9 et priorisation<\/h3>\n\n\n\n<p>Pour que leur candidature soit prise en consid\u00e9ration, les candidats doivent :<\/p>\n\n\n\n<ul class=\"wp-block-list\">\n<li>Proposer des approches, des dispositifs, des outils ou des technologies de sant\u00e9 num\u00e9riques bas\u00e9s sur le calcul<\/li>\n\n\n\n<li>Mener des recherches aux niveaux de maturit\u00e9 technologique 3 \u00e0 7<\/li>\n\n\n\n<li>Fournir la preuve de fonds de contrepartie (voir la section \u00ab Structure de financement \u00bb ci-dessous pour plus de d\u00e9tails)<\/li>\n\n\n\n<li>Inclure au moins une PME canadienne<\/li>\n\n\n\n<li>D\u00e9montrer clairement comment le projet fera directement progresser la mission de Conscience, conform\u00e9ment \u00e0 nos <a href=\"https:\/\/conscience.ca\/fr\/principes-directeurs\/\" type=\"page\" id=\"5034\">principes directeurs<\/a> et \u00e0 notre <a href=\"https:\/\/conscience.ca\/fr\/politique-de-science-ouverte\/\" type=\"page\" id=\"3484\">politique de science ouverte<\/a><\/li>\n<\/ul>\n\n\n\n<p>La pr\u00e9f\u00e9rence sera accord\u00e9e aux propositions qui :<\/p>\n\n\n\n<ul class=\"wp-block-list\">\n<li>Tirer parti des strat\u00e9gies scientifiques ouvertes conform\u00e9ment \u00e0 nos principes directeurs<\/li>\n\n\n\n<li>Faire progresser la sant\u00e9 mondiale en ciblant les domaines th\u00e9rapeutiques mal desservis<\/li>\n\n\n\n<li>Garantir un acc\u00e8s \u00e9quitable en donnant la priorit\u00e9 \u00e0 l&rsquo;abordabilit\u00e9 et \u00e0 l&rsquo;accessibilit\u00e9 des produits ou services qui en r\u00e9sultent.<\/li>\n\n\n\n<li>D\u00e9montrer une voie cr\u00e9dible vers un impact mesurable sur la sant\u00e9 ou la technologie dans un d\u00e9lai de 12 mois.<\/li>\n<\/ul>\n\n\n\n<h3 class=\"wp-block-heading\">Crit\u00e8res de s\u00e9lection<\/h3>\n\n\n\n<p>Les candidatures seront \u00e9valu\u00e9es sur la base des crit\u00e8res suivants :<\/p>\n\n\n\n<ol class=\"wp-block-list\">\n<li><strong>Innovation scientifique et m\u00e9rite technique :<\/strong> nouveaut\u00e9 des m\u00e9thodes et outils informatiques ou num\u00e9riques ou des approches habilitantes, ad\u00e9quation avec le probl\u00e8me et clart\u00e9 des crit\u00e8res techniques et des indicateurs de performance.<\/li>\n\n\n\n<li><strong>Strat\u00e9gie et faisabilit\u00e9 en mati\u00e8re de donn\u00e9es :<\/strong> qualit\u00e9 et accessibilit\u00e9 des ensembles de donn\u00e9es existants (conformes aux principes FAIR) et capacit\u00e9 \u00e0 atteindre des objectifs concrets en mati\u00e8re de sant\u00e9 ou de technologie dans un d\u00e9lai de 12 mois.<\/li>\n\n\n\n<li><strong>Voie vers l&rsquo;impact et l&rsquo;accessibilit\u00e9 :<\/strong> ampleur des besoins m\u00e9dicaux, potentiel d&rsquo;am\u00e9lioration de l&rsquo;accessibilit\u00e9 financi\u00e8re ou physique des traitements ou des normes de soins, orientation vers la sant\u00e9 mondiale et\/ou \u00e9volutivit\u00e9 ou adaptabilit\u00e9 de la solution.<\/li>\n\n\n\n<li><strong>IA responsable et gouvernance des donn\u00e9es :<\/strong> cadres \u00e9thiques, respect des normes \u00e9tablies en mati\u00e8re de confidentialit\u00e9 des donn\u00e9es, transparence et att\u00e9nuation des biais algorithmiques, et engagement en faveur de la science ouverte.<\/li>\n\n\n\n<li><strong>Budget, \u00e9quipe et fonds de contrepartie : <\/strong>expertise multidisciplinaire, conformit\u00e9 financi\u00e8re et ad\u00e9quation entre le budget propos\u00e9 et la complexit\u00e9 du projet.<\/li>\n<\/ol>\n\n\n\n<h3 class=\"wp-block-heading\">Dur\u00e9e du financement \/ Structure du budget<\/h3>\n\n\n\n<p>Le programme MIA offre un financement d&rsquo;une dur\u00e9e d&rsquo;un an. Le financement est bas\u00e9 sur les \u00e9tapes franchies et rembours\u00e9 en fonction des r\u00e9sultats. Conscience financera jusqu&rsquo;\u00e0 33 % des co\u00fbts admissibles pour les chercheurs, les \u00e9tablissements universitaires et les grandes entreprises canadiens, et jusqu&rsquo;\u00e0 50 % des co\u00fbts admissibles pour les petites et moyennes entreprises (PME) canadiennes. Le financement maximal par projet est de 1 million de dollars canadiens, mais un financement suppl\u00e9mentaire peut \u00eatre envisag\u00e9 si la port\u00e9e et la complexit\u00e9 technique du projet justifient un budget plus \u00e9lev\u00e9.<\/p>\n\n\n\n<h2 class=\"wp-block-heading\">Comment postuler<\/h2>\n\n\n\n<p>Le processus de candidature comprend deux \u00e9tapes cl\u00e9s : une lettre d&rsquo;intention (LOI), suivie d&rsquo;une invitation adress\u00e9e aux candidats s\u00e9lectionn\u00e9s \u00e0 soumettre une proposition compl\u00e8te. Nous acceptons les propositions au fur et \u00e0 mesure, les candidatures seront \u00e9valu\u00e9es individuellement et les subventions seront accord\u00e9es jusqu&rsquo;\u00e0 \u00e9puisement des fonds disponibles. <strong>Les lettres d&rsquo;intention et les propositions doivent \u00eatre soumises via notre portail de gestion des subventions en ligne, accessible via le lien ci-dessous.<\/strong><\/p>\n\n\n\n<div class=\"wp-block-buttons is-layout-flex wp-block-buttons-is-layout-flex\">\n<div class=\"wp-block-button\"><a class=\"wp-block-button__link wp-element-button\" href=\"https:\/\/conscience.secure-platform.com\/site\/home\/home\"><strong>Soumettez votre demande ici<\/strong><\/a><\/div>\n<\/div>\n\n\n\n<h3 class=\"wp-block-heading\">Ressources Pertinents<\/h3>\n\n\n\n<p><strong><a href=\"https:\/\/conscience.ca\/open-science-policy-for-developing-medicines-through-open-science-program\/\" target=\"_blank\" rel=\"noreferrer noopener\"><\/a><\/strong><a href=\"https:\/\/conscience.ca\/fr\/politique-de-science-ouverte-pour-le-programme-developper-des-medicaments-en-science-ouverte\/\" target=\"_blank\" rel=\"noreferrer noopener\"><strong>Politique de science ouverte<\/strong><\/a><\/p>\n\n\n\n<div class=\"wp-block-file\"><a id=\"wp-block-file--media-a2fcb5e4-daa6-45f5-b892-2008f85a1af4\" href=\"https:\/\/conscience.ca\/wp-content\/uploads\/2026\/03\/Details-du-programme-MIA_FR.pdf\"><strong>De\u0301tails du programme MIA_FR<\/strong><\/a><a href=\"https:\/\/conscience.ca\/wp-content\/uploads\/2026\/03\/Details-du-programme-MIA_FR.pdf\" class=\"wp-block-file__button wp-element-button\" download aria-describedby=\"wp-block-file--media-a2fcb5e4-daa6-45f5-b892-2008f85a1af4\">Download<\/a><\/div>\n\n\n\n<p><\/p>\n","protected":false},"excerpt":{"rendered":"<p>\u00c0 propos de MIA Le programme \u00ab M\u00e9dicaments assist\u00e9s par l&rsquo;IA \u00bb (MIA) vise \u00e0 stimuler la recherche transformatrice qui exploite des m\u00e9thodes et des outils informatiques ou num\u00e9riques pour relever les d\u00e9fis critiques et concrets li\u00e9s \u00e0 la d\u00e9couverte et au d\u00e9veloppement de m\u00e9dicaments accessibles et abordables. Cette initiative se concentre sur le soutien [&hellip;]<\/p>\n","protected":false},"author":5,"featured_media":0,"parent":0,"menu_order":0,"comment_status":"closed","ping_status":"closed","template":"","meta":{"_acf_changed":false,"footnotes":""},"class_list":["post-5017","page","type-page","status-publish","hentry"],"acf":[],"yoast_head":"<!-- This site is optimized with the Yoast SEO plugin v27.3 - https:\/\/yoast.com\/product\/yoast-seo-wordpress\/ -->\n<title>M\u00e9dicaments assist\u00e9s par l&#039;IA (MIA) - Conscience<\/title>\n<meta name=\"robots\" content=\"index, follow, max-snippet:-1, max-image-preview:large, max-video-preview:-1\" \/>\n<link rel=\"canonical\" href=\"https:\/\/conscience.ca\/fr\/medicaments-assistes-par-lia-mia\/\" \/>\n<meta property=\"og:locale\" content=\"fr_FR\" \/>\n<meta property=\"og:type\" content=\"article\" \/>\n<meta property=\"og:title\" content=\"M\u00e9dicaments assist\u00e9s par l&#039;IA (MIA) - Conscience\" \/>\n<meta property=\"og:description\" content=\"\u00c0 propos de MIA Le programme \u00ab M\u00e9dicaments assist\u00e9s par l&rsquo;IA \u00bb (MIA) vise \u00e0 stimuler la recherche transformatrice qui exploite des m\u00e9thodes et des outils informatiques ou num\u00e9riques pour relever les d\u00e9fis critiques et concrets li\u00e9s \u00e0 la d\u00e9couverte et au d\u00e9veloppement de m\u00e9dicaments accessibles et abordables. Cette initiative se concentre sur le soutien [&hellip;]\" \/>\n<meta property=\"og:url\" content=\"https:\/\/conscience.ca\/fr\/medicaments-assistes-par-lia-mia\/\" \/>\n<meta property=\"og:site_name\" content=\"Conscience\" \/>\n<meta property=\"article:modified_time\" content=\"2026-04-01T14:26:42+00:00\" \/>\n<meta property=\"og:image\" content=\"https:\/\/conscience.ca\/wp-content\/uploads\/2026\/03\/eggfz5x2lna.jpg\" \/>\n\t<meta property=\"og:image:width\" content=\"1440\" \/>\n\t<meta property=\"og:image:height\" content=\"1200\" \/>\n\t<meta property=\"og:image:type\" content=\"image\/jpeg\" \/>\n<meta name=\"twitter:card\" content=\"summary_large_image\" \/>\n<meta name=\"twitter:label1\" content=\"Dur\u00e9e de lecture estim\u00e9e\" \/>\n\t<meta name=\"twitter:data1\" content=\"4 minutes\" \/>\n<script type=\"application\/ld+json\" class=\"yoast-schema-graph\">{\"@context\":\"https:\\\/\\\/schema.org\",\"@graph\":[{\"@type\":\"WebPage\",\"@id\":\"https:\\\/\\\/conscience.ca\\\/fr\\\/medicaments-assistes-par-lia-mia\\\/\",\"url\":\"https:\\\/\\\/conscience.ca\\\/fr\\\/medicaments-assistes-par-lia-mia\\\/\",\"name\":\"M\u00e9dicaments assist\u00e9s par l'IA (MIA) - Conscience\",\"isPartOf\":{\"@id\":\"https:\\\/\\\/conscience.dev.affinitybridge.com\\\/#website\"},\"primaryImageOfPage\":{\"@id\":\"https:\\\/\\\/conscience.ca\\\/fr\\\/medicaments-assistes-par-lia-mia\\\/#primaryimage\"},\"image\":{\"@id\":\"https:\\\/\\\/conscience.ca\\\/fr\\\/medicaments-assistes-par-lia-mia\\\/#primaryimage\"},\"thumbnailUrl\":\"https:\\\/\\\/conscience.ca\\\/wp-content\\\/uploads\\\/2026\\\/03\\\/eggfz5x2lna.jpg\",\"datePublished\":\"2026-03-30T11:00:00+00:00\",\"dateModified\":\"2026-04-01T14:26:42+00:00\",\"breadcrumb\":{\"@id\":\"https:\\\/\\\/conscience.ca\\\/fr\\\/medicaments-assistes-par-lia-mia\\\/#breadcrumb\"},\"inLanguage\":\"fr-FR\",\"potentialAction\":[{\"@type\":\"ReadAction\",\"target\":[\"https:\\\/\\\/conscience.ca\\\/fr\\\/medicaments-assistes-par-lia-mia\\\/\"]}]},{\"@type\":\"ImageObject\",\"inLanguage\":\"fr-FR\",\"@id\":\"https:\\\/\\\/conscience.ca\\\/fr\\\/medicaments-assistes-par-lia-mia\\\/#primaryimage\",\"url\":\"https:\\\/\\\/conscience.ca\\\/wp-content\\\/uploads\\\/2026\\\/03\\\/eggfz5x2lna.jpg\",\"contentUrl\":\"https:\\\/\\\/conscience.ca\\\/wp-content\\\/uploads\\\/2026\\\/03\\\/eggfz5x2lna.jpg\"},{\"@type\":\"BreadcrumbList\",\"@id\":\"https:\\\/\\\/conscience.ca\\\/fr\\\/medicaments-assistes-par-lia-mia\\\/#breadcrumb\",\"itemListElement\":[{\"@type\":\"ListItem\",\"position\":1,\"name\":\"Home\",\"item\":\"https:\\\/\\\/conscience.ca\\\/fr\\\/accueil\\\/\"},{\"@type\":\"ListItem\",\"position\":2,\"name\":\"M\u00e9dicaments assist\u00e9s par l&#8217;IA (MIA)\"}]},{\"@type\":\"WebSite\",\"@id\":\"https:\\\/\\\/conscience.dev.affinitybridge.com\\\/#website\",\"url\":\"https:\\\/\\\/conscience.dev.affinitybridge.com\\\/\",\"name\":\"Conscience\",\"description\":\"\",\"publisher\":{\"@id\":\"https:\\\/\\\/conscience.dev.affinitybridge.com\\\/#organization\"},\"potentialAction\":[{\"@type\":\"SearchAction\",\"target\":{\"@type\":\"EntryPoint\",\"urlTemplate\":\"https:\\\/\\\/conscience.dev.affinitybridge.com\\\/?s={search_term_string}\"},\"query-input\":{\"@type\":\"PropertyValueSpecification\",\"valueRequired\":true,\"valueName\":\"search_term_string\"}}],\"inLanguage\":\"fr-FR\"},{\"@type\":\"Organization\",\"@id\":\"https:\\\/\\\/conscience.dev.affinitybridge.com\\\/#organization\",\"name\":\"Conscience\",\"url\":\"https:\\\/\\\/conscience.dev.affinitybridge.com\\\/\",\"logo\":{\"@type\":\"ImageObject\",\"inLanguage\":\"fr-FR\",\"@id\":\"https:\\\/\\\/conscience.dev.affinitybridge.com\\\/#\\\/schema\\\/logo\\\/image\\\/\",\"url\":\"https:\\\/\\\/conscience.ca\\\/wp-content\\\/uploads\\\/2024\\\/02\\\/header-logo.svg\",\"contentUrl\":\"https:\\\/\\\/conscience.ca\\\/wp-content\\\/uploads\\\/2024\\\/02\\\/header-logo.svg\",\"caption\":\"Conscience\"},\"image\":{\"@id\":\"https:\\\/\\\/conscience.dev.affinitybridge.com\\\/#\\\/schema\\\/logo\\\/image\\\/\"}}]}<\/script>\n<!-- \/ Yoast SEO plugin. -->","yoast_head_json":{"title":"M\u00e9dicaments assist\u00e9s par l'IA (MIA) - Conscience","robots":{"index":"index","follow":"follow","max-snippet":"max-snippet:-1","max-image-preview":"max-image-preview:large","max-video-preview":"max-video-preview:-1"},"canonical":"https:\/\/conscience.ca\/fr\/medicaments-assistes-par-lia-mia\/","og_locale":"fr_FR","og_type":"article","og_title":"M\u00e9dicaments assist\u00e9s par l'IA (MIA) - Conscience","og_description":"\u00c0 propos de MIA Le programme \u00ab M\u00e9dicaments assist\u00e9s par l&rsquo;IA \u00bb (MIA) vise \u00e0 stimuler la recherche transformatrice qui exploite des m\u00e9thodes et des outils informatiques ou num\u00e9riques pour relever les d\u00e9fis critiques et concrets li\u00e9s \u00e0 la d\u00e9couverte et au d\u00e9veloppement de m\u00e9dicaments accessibles et abordables. Cette initiative se concentre sur le soutien [&hellip;]","og_url":"https:\/\/conscience.ca\/fr\/medicaments-assistes-par-lia-mia\/","og_site_name":"Conscience","article_modified_time":"2026-04-01T14:26:42+00:00","og_image":[{"width":1440,"height":1200,"url":"https:\/\/conscience.ca\/wp-content\/uploads\/2026\/03\/eggfz5x2lna.jpg","type":"image\/jpeg"}],"twitter_card":"summary_large_image","twitter_misc":{"Dur\u00e9e de lecture estim\u00e9e":"4 minutes"},"schema":{"@context":"https:\/\/schema.org","@graph":[{"@type":"WebPage","@id":"https:\/\/conscience.ca\/fr\/medicaments-assistes-par-lia-mia\/","url":"https:\/\/conscience.ca\/fr\/medicaments-assistes-par-lia-mia\/","name":"M\u00e9dicaments assist\u00e9s par l'IA (MIA) - Conscience","isPartOf":{"@id":"https:\/\/conscience.dev.affinitybridge.com\/#website"},"primaryImageOfPage":{"@id":"https:\/\/conscience.ca\/fr\/medicaments-assistes-par-lia-mia\/#primaryimage"},"image":{"@id":"https:\/\/conscience.ca\/fr\/medicaments-assistes-par-lia-mia\/#primaryimage"},"thumbnailUrl":"https:\/\/conscience.ca\/wp-content\/uploads\/2026\/03\/eggfz5x2lna.jpg","datePublished":"2026-03-30T11:00:00+00:00","dateModified":"2026-04-01T14:26:42+00:00","breadcrumb":{"@id":"https:\/\/conscience.ca\/fr\/medicaments-assistes-par-lia-mia\/#breadcrumb"},"inLanguage":"fr-FR","potentialAction":[{"@type":"ReadAction","target":["https:\/\/conscience.ca\/fr\/medicaments-assistes-par-lia-mia\/"]}]},{"@type":"ImageObject","inLanguage":"fr-FR","@id":"https:\/\/conscience.ca\/fr\/medicaments-assistes-par-lia-mia\/#primaryimage","url":"https:\/\/conscience.ca\/wp-content\/uploads\/2026\/03\/eggfz5x2lna.jpg","contentUrl":"https:\/\/conscience.ca\/wp-content\/uploads\/2026\/03\/eggfz5x2lna.jpg"},{"@type":"BreadcrumbList","@id":"https:\/\/conscience.ca\/fr\/medicaments-assistes-par-lia-mia\/#breadcrumb","itemListElement":[{"@type":"ListItem","position":1,"name":"Home","item":"https:\/\/conscience.ca\/fr\/accueil\/"},{"@type":"ListItem","position":2,"name":"M\u00e9dicaments assist\u00e9s par l&#8217;IA (MIA)"}]},{"@type":"WebSite","@id":"https:\/\/conscience.dev.affinitybridge.com\/#website","url":"https:\/\/conscience.dev.affinitybridge.com\/","name":"Conscience","description":"","publisher":{"@id":"https:\/\/conscience.dev.affinitybridge.com\/#organization"},"potentialAction":[{"@type":"SearchAction","target":{"@type":"EntryPoint","urlTemplate":"https:\/\/conscience.dev.affinitybridge.com\/?s={search_term_string}"},"query-input":{"@type":"PropertyValueSpecification","valueRequired":true,"valueName":"search_term_string"}}],"inLanguage":"fr-FR"},{"@type":"Organization","@id":"https:\/\/conscience.dev.affinitybridge.com\/#organization","name":"Conscience","url":"https:\/\/conscience.dev.affinitybridge.com\/","logo":{"@type":"ImageObject","inLanguage":"fr-FR","@id":"https:\/\/conscience.dev.affinitybridge.com\/#\/schema\/logo\/image\/","url":"https:\/\/conscience.ca\/wp-content\/uploads\/2024\/02\/header-logo.svg","contentUrl":"https:\/\/conscience.ca\/wp-content\/uploads\/2024\/02\/header-logo.svg","caption":"Conscience"},"image":{"@id":"https:\/\/conscience.dev.affinitybridge.com\/#\/schema\/logo\/image\/"}}]}},"jetpack_sharing_enabled":true,"_links":{"self":[{"href":"https:\/\/conscience.ca\/fr\/wp-json\/wp\/v2\/pages\/5017","targetHints":{"allow":["GET"]}}],"collection":[{"href":"https:\/\/conscience.ca\/fr\/wp-json\/wp\/v2\/pages"}],"about":[{"href":"https:\/\/conscience.ca\/fr\/wp-json\/wp\/v2\/types\/page"}],"author":[{"embeddable":true,"href":"https:\/\/conscience.ca\/fr\/wp-json\/wp\/v2\/users\/5"}],"replies":[{"embeddable":true,"href":"https:\/\/conscience.ca\/fr\/wp-json\/wp\/v2\/comments?post=5017"}],"version-history":[{"count":3,"href":"https:\/\/conscience.ca\/fr\/wp-json\/wp\/v2\/pages\/5017\/revisions"}],"predecessor-version":[{"id":5123,"href":"https:\/\/conscience.ca\/fr\/wp-json\/wp\/v2\/pages\/5017\/revisions\/5123"}],"wp:attachment":[{"href":"https:\/\/conscience.ca\/fr\/wp-json\/wp\/v2\/media?parent=5017"}],"curies":[{"name":"wp","href":"https:\/\/api.w.org\/{rel}","templated":true}]}}