{"id":5141,"date":"2026-04-09T10:27:01","date_gmt":"2026-04-09T14:27:01","guid":{"rendered":"https:\/\/conscience.ca\/?page_id=5141"},"modified":"2026-04-09T10:43:12","modified_gmt":"2026-04-09T14:43:12","slug":"rapports","status":"publish","type":"page","link":"https:\/\/conscience.ca\/fr\/rapports\/","title":{"rendered":"Rapports"},"content":{"rendered":"\n<h2 class=\"wp-block-heading\">Rapports annuels de Conscience<\/h2>\n\n\n\n<h4 class=\"wp-block-heading\">2025<\/h4>\n\n\n\n<p>Le premier rapport annuel de Conscience met en lumi\u00e8re nos progr\u00e8s dans la promotion d&rsquo;une recherche pharmaceutique ouverte, depuis les premi\u00e8res phases de recherche jusqu&rsquo;\u00e0 la mise en \u0153uvre clinique, tout en renfor\u00e7ant les fondements d&rsquo;une innovation responsable et collaborative. Il pr\u00e9sente \u00e9galement nos programmes en pleine expansion, nos partenariats et l&rsquo;impact que nous souhaitons avoir dans les ann\u00e9es \u00e0 venir.<br><br>Si vous souhaitez obtenir une version en fran\u00e7ais de ce document, veuillez nous contacter.<\/p>\n\n\n\n<div data-wp-interactive=\"core\/file\" class=\"wp-block-file\"><object data-wp-bind--hidden=\"!state.hasPdfPreview\" hidden class=\"wp-block-file__embed\" data=\"https:\/\/conscience.ca\/wp-content\/uploads\/2026\/04\/Conscience-Annual-Report-2025.pdf\" type=\"application\/pdf\" style=\"width:100%;height:1040px\" aria-label=\"Contenu embarqu\u00e9 Conscience Annual Report 2025.\"><\/object><a id=\"wp-block-file--media-968e5849-4796-48ca-8ea4-b22ad09d9c9d\" href=\"https:\/\/conscience.ca\/wp-content\/uploads\/2026\/04\/Conscience-Annual-Report-2025.pdf\">Conscience Annual Report 2025<\/a><a href=\"https:\/\/conscience.ca\/wp-content\/uploads\/2026\/04\/Conscience-Annual-Report-2025.pdf\" class=\"wp-block-file__button wp-element-button\" download aria-describedby=\"wp-block-file--media-968e5849-4796-48ca-8ea4-b22ad09d9c9d\">Download<\/a><\/div>\n\n\n\n<div style=\"height:53px\" aria-hidden=\"true\" class=\"wp-block-spacer\"><\/div>\n\n\n\n<h2 class=\"wp-block-heading\">Rapports sur les services de consultation<\/h2>\n\n\n\n<h4 class=\"wp-block-heading\"><a href=\"https:\/\/zenodo.org\/records\/19240518\">\u00ab&nbsp;<\/a><a href=\"https:\/\/zenodo.org\/records\/19240518\">Assessing Needs of the Synthetic Cell Community for Open Coordination<\/a>&nbsp;\u00bb <strong>(en anglais)<\/strong><\/h4>\n\n\n\n<p>Document r\u00e9dig\u00e9 pour b.next afin de r\u00e9sumer les r\u00e9sultats d\u2019une \u00e9tude qualitative visant \u00e0 examiner le r\u00f4le de la science ouverte au sein de la communaut\u00e9 des chercheurs en cellules synth\u00e9tiques<\/p>\n","protected":false},"excerpt":{"rendered":"<p>Rapports annuels de Conscience 2025 Le premier rapport annuel de Conscience met en lumi\u00e8re nos progr\u00e8s dans la promotion d&rsquo;une recherche pharmaceutique ouverte, depuis les premi\u00e8res phases de recherche jusqu&rsquo;\u00e0 la mise en \u0153uvre clinique, tout en renfor\u00e7ant les fondements d&rsquo;une innovation responsable et collaborative. Il pr\u00e9sente \u00e9galement nos programmes en pleine expansion, nos partenariats [&hellip;]<\/p>\n","protected":false},"author":5,"featured_media":0,"parent":0,"menu_order":0,"comment_status":"closed","ping_status":"closed","template":"","meta":{"_acf_changed":false,"footnotes":""},"class_list":["post-5141","page","type-page","status-publish","hentry"],"acf":[],"yoast_head":"<!-- This site is optimized with the Yoast SEO plugin v27.3 - https:\/\/yoast.com\/product\/yoast-seo-wordpress\/ -->\n<title>Rapports - Conscience<\/title>\n<meta name=\"robots\" content=\"index, follow, max-snippet:-1, max-image-preview:large, max-video-preview:-1\" \/>\n<link rel=\"canonical\" href=\"https:\/\/conscience.ca\/fr\/rapports\/\" \/>\n<meta property=\"og:locale\" content=\"fr_FR\" \/>\n<meta property=\"og:type\" content=\"article\" \/>\n<meta property=\"og:title\" content=\"Rapports - Conscience\" \/>\n<meta property=\"og:description\" content=\"Rapports annuels de Conscience 2025 Le premier rapport annuel de Conscience met en lumi\u00e8re nos progr\u00e8s dans la promotion d&rsquo;une recherche pharmaceutique ouverte, depuis les premi\u00e8res phases de recherche jusqu&rsquo;\u00e0 la mise en \u0153uvre clinique, tout en renfor\u00e7ant les fondements d&rsquo;une innovation responsable et collaborative. Il pr\u00e9sente \u00e9galement nos programmes en pleine expansion, nos partenariats [&hellip;]\" \/>\n<meta property=\"og:url\" content=\"https:\/\/conscience.ca\/fr\/rapports\/\" \/>\n<meta property=\"og:site_name\" content=\"Conscience\" \/>\n<meta property=\"article:modified_time\" content=\"2026-04-09T14:43:12+00:00\" \/>\n<meta property=\"og:image\" content=\"https:\/\/conscience.ca\/wp-content\/uploads\/2024\/03\/Conscience-1200x627-LinkedIn.png\" \/>\n\t<meta property=\"og:image:width\" content=\"1200\" \/>\n\t<meta property=\"og:image:height\" content=\"627\" \/>\n\t<meta property=\"og:image:type\" content=\"image\/png\" \/>\n<meta name=\"twitter:card\" content=\"summary_large_image\" \/>\n<meta name=\"twitter:label1\" content=\"Dur\u00e9e de lecture estim\u00e9e\" \/>\n\t<meta name=\"twitter:data1\" content=\"1 minute\" \/>\n<script type=\"application\/ld+json\" class=\"yoast-schema-graph\">{\"@context\":\"https:\\\/\\\/schema.org\",\"@graph\":[{\"@type\":\"WebPage\",\"@id\":\"https:\\\/\\\/conscience.ca\\\/fr\\\/rapports\\\/\",\"url\":\"https:\\\/\\\/conscience.ca\\\/fr\\\/rapports\\\/\",\"name\":\"Rapports - Conscience\",\"isPartOf\":{\"@id\":\"https:\\\/\\\/conscience.dev.affinitybridge.com\\\/#website\"},\"datePublished\":\"2026-04-09T14:27:01+00:00\",\"dateModified\":\"2026-04-09T14:43:12+00:00\",\"breadcrumb\":{\"@id\":\"https:\\\/\\\/conscience.ca\\\/fr\\\/rapports\\\/#breadcrumb\"},\"inLanguage\":\"fr-FR\",\"potentialAction\":[{\"@type\":\"ReadAction\",\"target\":[\"https:\\\/\\\/conscience.ca\\\/fr\\\/rapports\\\/\"]}]},{\"@type\":\"BreadcrumbList\",\"@id\":\"https:\\\/\\\/conscience.ca\\\/fr\\\/rapports\\\/#breadcrumb\",\"itemListElement\":[{\"@type\":\"ListItem\",\"position\":1,\"name\":\"Home\",\"item\":\"https:\\\/\\\/conscience.ca\\\/fr\\\/\"},{\"@type\":\"ListItem\",\"position\":2,\"name\":\"Rapports\"}]},{\"@type\":\"WebSite\",\"@id\":\"https:\\\/\\\/conscience.dev.affinitybridge.com\\\/#website\",\"url\":\"https:\\\/\\\/conscience.dev.affinitybridge.com\\\/\",\"name\":\"Conscience\",\"description\":\"\",\"publisher\":{\"@id\":\"https:\\\/\\\/conscience.dev.affinitybridge.com\\\/#organization\"},\"potentialAction\":[{\"@type\":\"SearchAction\",\"target\":{\"@type\":\"EntryPoint\",\"urlTemplate\":\"https:\\\/\\\/conscience.dev.affinitybridge.com\\\/?s={search_term_string}\"},\"query-input\":{\"@type\":\"PropertyValueSpecification\",\"valueRequired\":true,\"valueName\":\"search_term_string\"}}],\"inLanguage\":\"fr-FR\"},{\"@type\":\"Organization\",\"@id\":\"https:\\\/\\\/conscience.dev.affinitybridge.com\\\/#organization\",\"name\":\"Conscience\",\"url\":\"https:\\\/\\\/conscience.dev.affinitybridge.com\\\/\",\"logo\":{\"@type\":\"ImageObject\",\"inLanguage\":\"fr-FR\",\"@id\":\"https:\\\/\\\/conscience.dev.affinitybridge.com\\\/#\\\/schema\\\/logo\\\/image\\\/\",\"url\":\"https:\\\/\\\/conscience.ca\\\/wp-content\\\/uploads\\\/2024\\\/02\\\/header-logo.svg\",\"contentUrl\":\"https:\\\/\\\/conscience.ca\\\/wp-content\\\/uploads\\\/2024\\\/02\\\/header-logo.svg\",\"caption\":\"Conscience\"},\"image\":{\"@id\":\"https:\\\/\\\/conscience.dev.affinitybridge.com\\\/#\\\/schema\\\/logo\\\/image\\\/\"}}]}<\/script>\n<!-- \/ Yoast SEO plugin. -->","yoast_head_json":{"title":"Rapports - Conscience","robots":{"index":"index","follow":"follow","max-snippet":"max-snippet:-1","max-image-preview":"max-image-preview:large","max-video-preview":"max-video-preview:-1"},"canonical":"https:\/\/conscience.ca\/fr\/rapports\/","og_locale":"fr_FR","og_type":"article","og_title":"Rapports - Conscience","og_description":"Rapports annuels de Conscience 2025 Le premier rapport annuel de Conscience met en lumi\u00e8re nos progr\u00e8s dans la promotion d&rsquo;une recherche pharmaceutique ouverte, depuis les premi\u00e8res phases de recherche jusqu&rsquo;\u00e0 la mise en \u0153uvre clinique, tout en renfor\u00e7ant les fondements d&rsquo;une innovation responsable et collaborative. Il pr\u00e9sente \u00e9galement nos programmes en pleine expansion, nos partenariats [&hellip;]","og_url":"https:\/\/conscience.ca\/fr\/rapports\/","og_site_name":"Conscience","article_modified_time":"2026-04-09T14:43:12+00:00","og_image":[{"width":1200,"height":627,"url":"https:\/\/conscience.ca\/wp-content\/uploads\/2024\/03\/Conscience-1200x627-LinkedIn.png","type":"image\/png"}],"twitter_card":"summary_large_image","twitter_misc":{"Dur\u00e9e de lecture estim\u00e9e":"1 minute"},"schema":{"@context":"https:\/\/schema.org","@graph":[{"@type":"WebPage","@id":"https:\/\/conscience.ca\/fr\/rapports\/","url":"https:\/\/conscience.ca\/fr\/rapports\/","name":"Rapports - Conscience","isPartOf":{"@id":"https:\/\/conscience.dev.affinitybridge.com\/#website"},"datePublished":"2026-04-09T14:27:01+00:00","dateModified":"2026-04-09T14:43:12+00:00","breadcrumb":{"@id":"https:\/\/conscience.ca\/fr\/rapports\/#breadcrumb"},"inLanguage":"fr-FR","potentialAction":[{"@type":"ReadAction","target":["https:\/\/conscience.ca\/fr\/rapports\/"]}]},{"@type":"BreadcrumbList","@id":"https:\/\/conscience.ca\/fr\/rapports\/#breadcrumb","itemListElement":[{"@type":"ListItem","position":1,"name":"Home","item":"https:\/\/conscience.ca\/fr\/"},{"@type":"ListItem","position":2,"name":"Rapports"}]},{"@type":"WebSite","@id":"https:\/\/conscience.dev.affinitybridge.com\/#website","url":"https:\/\/conscience.dev.affinitybridge.com\/","name":"Conscience","description":"","publisher":{"@id":"https:\/\/conscience.dev.affinitybridge.com\/#organization"},"potentialAction":[{"@type":"SearchAction","target":{"@type":"EntryPoint","urlTemplate":"https:\/\/conscience.dev.affinitybridge.com\/?s={search_term_string}"},"query-input":{"@type":"PropertyValueSpecification","valueRequired":true,"valueName":"search_term_string"}}],"inLanguage":"fr-FR"},{"@type":"Organization","@id":"https:\/\/conscience.dev.affinitybridge.com\/#organization","name":"Conscience","url":"https:\/\/conscience.dev.affinitybridge.com\/","logo":{"@type":"ImageObject","inLanguage":"fr-FR","@id":"https:\/\/conscience.dev.affinitybridge.com\/#\/schema\/logo\/image\/","url":"https:\/\/conscience.ca\/wp-content\/uploads\/2024\/02\/header-logo.svg","contentUrl":"https:\/\/conscience.ca\/wp-content\/uploads\/2024\/02\/header-logo.svg","caption":"Conscience"},"image":{"@id":"https:\/\/conscience.dev.affinitybridge.com\/#\/schema\/logo\/image\/"}}]}},"jetpack_sharing_enabled":true,"_links":{"self":[{"href":"https:\/\/conscience.ca\/fr\/wp-json\/wp\/v2\/pages\/5141","targetHints":{"allow":["GET"]}}],"collection":[{"href":"https:\/\/conscience.ca\/fr\/wp-json\/wp\/v2\/pages"}],"about":[{"href":"https:\/\/conscience.ca\/fr\/wp-json\/wp\/v2\/types\/page"}],"author":[{"embeddable":true,"href":"https:\/\/conscience.ca\/fr\/wp-json\/wp\/v2\/users\/5"}],"replies":[{"embeddable":true,"href":"https:\/\/conscience.ca\/fr\/wp-json\/wp\/v2\/comments?post=5141"}],"version-history":[{"count":3,"href":"https:\/\/conscience.ca\/fr\/wp-json\/wp\/v2\/pages\/5141\/revisions"}],"predecessor-version":[{"id":5151,"href":"https:\/\/conscience.ca\/fr\/wp-json\/wp\/v2\/pages\/5141\/revisions\/5151"}],"wp:attachment":[{"href":"https:\/\/conscience.ca\/fr\/wp-json\/wp\/v2\/media?parent=5141"}],"curies":[{"name":"wp","href":"https:\/\/api.w.org\/{rel}","templated":true}]}}